{"id":6245,"date":"2017-07-14T14:11:51","date_gmt":"2017-07-14T18:11:51","guid":{"rendered":"https:\/\/staging.al-anon.org\/?page_id=6245\/"},"modified":"2025-03-14T16:16:49","modified_gmt":"2025-03-14T20:16:49","slug":"sondage-effectue-aupres-des-membres","status":"publish","type":"page","link":"https:\/\/staging.al-anon.org\/fr\/ressources-pour-les-professionnels\/sondage-effectue-aupres-des-membres\/","title":{"rendered":"Sondage effectu\u00e9 aupr\u00e8s des membres"},"content":{"rendered":"<div class=\"fusion-fullwidth fullwidth-box fusion-builder-row-1 nonhundred-percent-fullwidth non-hundred-percent-height-scrolling\" style=\"--awb-background-position:left top;--awb-border-sizes-top:0px;--awb-border-sizes-bottom:0px;--awb-border-sizes-left:0px;--awb-border-sizes-right:0px;--awb-border-radius-top-left:0px;--awb-border-radius-top-right:0px;--awb-border-radius-bottom-right:0px;--awb-border-radius-bottom-left:0px;--awb-padding-top:20px;--awb-padding-bottom:20px;--awb-flex-wrap:wrap;\" ><div class=\"fusion-builder-row fusion-row\"><div class=\"fusion-layout-column fusion_builder_column fusion-builder-column-0 fusion_builder_column_1_1 1_1 fusion-one-full fusion-column-first fusion-column-last\" style=\"--awb-bg-size:cover;\"><div class=\"fusion-column-wrapper fusion-flex-column-wrapper-legacy\"><div class=\"fusion-title title fusion-title-1 fusion-sep-none fusion-title-center fusion-title-text fusion-title-size-three\" style=\"--awb-margin-top-small:0px;--awb-margin-right-small:0px;--awb-margin-bottom-small:20px;--awb-margin-left-small:0px;\"><h3 class=\"fusion-title-heading title-heading-center fusion-responsive-typography-calculated\" style=\"margin:0;--fontSize:26;line-height:1.62;\"><p>Sondage effectu\u00e9 aupr\u00e8s des membres des Groupes Familiaux Al-Anon<\/p>\n<p>&nbsp;<\/p><\/h3><\/div><div class=\"fusion-text fusion-text-1\"><p>Depuis 1984, le Bureau des Services Mondiaux des Groupes Familiaux Al-Anon (BSM) effectue un sondage tous les trois ans. Le dernier \u2013 et le plus r\u00e9cent \u2013 a \u00e9t\u00e9 r\u00e9alis\u00e9 en 2015.<\/p>\n<p>Les r\u00e9sultats de ce sondage sont fournis pour aider les professionnels, les chercheurs, les \u00e9tudiants, les m\u00e9dias, ou toute personne recherchant de l\u2019information concernant les Groupes Familiaux Al-Anon.<\/p>\n<p>Le sondage explique \u00e9galement les bienfaits d\u2019Al-Anon du point de vue des membres qui ont remarqu\u00e9 une am\u00e9lioration de leur qualit\u00e9 de vie apr\u00e8s avoir particip\u00e9 au programme Al-Anon.<\/p>\n<p>Certains des objectifs sp\u00e9cifiques de l\u2019\u00e9tude sont les suivants:<\/p>\n<p>&nbsp;<\/p>\n<ul>\n<li>D\u00e9terminer le profil d\u00e9mographique et sociographique des membres des Groupes Familiaux Al-Anon.<\/li>\n<li>Identifier la relation du membre Al-Anon et de l\u2019alcoolique.<\/li>\n<li>Mesurer l\u2019impact qu\u2019un alcoolique a eu dans la vie du membre Al-Anon.<\/li>\n<li>D\u00e9terminer l\u2019impact que le programme des Groupes Familiaux Al-Anon a sur la qualit\u00e9 de vie des membres.<\/li>\n<\/ul>\n<\/div><div class=\"fusion-button-wrapper fusion-aligncenter\"><a class=\"fusion-button button-3d fusion-button-default-size button-default fusion-button-default button-1 fusion-button-span-no \" style=\"--button-border-radius-top-left:50px;--button-border-radius-top-right:50px;--button-border-radius-bottom-right:50px;--button-border-radius-bottom-left:50px;\" target=\"_self\" href=\"\/pdf\/2024-Membership-Survey.pdf\"><span class=\"fusion-button-text awb-button__text awb-button__text--default\">Sondage 2024 effectu\u00e9 aupr\u00e8s des membres<\/span><\/a><\/div><div class=\"fusion-clearfix\"><\/div><\/div><\/div><\/div><\/div>\n","protected":false},"excerpt":{"rendered":"","protected":false},"author":36,"featured_media":21095,"parent":6005,"menu_order":0,"comment_status":"closed","ping_status":"closed","template":"","meta":{"footnotes":""},"class_list":["post-6245","page","type-page","status-publish","has-post-thumbnail","hentry"],"yoast_head":"<!-- This site is optimized with the Yoast SEO plugin v27.4 - https:\/\/yoast.com\/product\/yoast-seo-wordpress\/ -->\n<title>Sondage effectu\u00e9 aupr\u00e8s des membres - Al-Anon Family Groups<\/title>\n<meta name=\"robots\" content=\"index, follow, max-snippet:-1, max-image-preview:large, max-video-preview:-1\" \/>\n<link rel=\"canonical\" href=\"https:\/\/staging.al-anon.org\/fr\/ressources-pour-les-professionnels\/sondage-effectue-aupres-des-membres\/\" \/>\n<meta property=\"og:locale\" content=\"fr_FR\" \/>\n<meta property=\"og:type\" content=\"article\" \/>\n<meta property=\"og:title\" content=\"Sondage effectu\u00e9 aupr\u00e8s des membres - Al-Anon Family Groups\" \/>\n<meta property=\"og:url\" content=\"https:\/\/staging.al-anon.org\/fr\/ressources-pour-les-professionnels\/sondage-effectue-aupres-des-membres\/\" \/>\n<meta property=\"og:site_name\" content=\"Al-Anon Family Groups\" \/>\n<meta property=\"article:publisher\" content=\"http:\/\/www.facebook.com\/AlAnonFamilyGroupsWSO\" \/>\n<meta property=\"article:modified_time\" content=\"2025-03-14T20:16:49+00:00\" \/>\n<meta property=\"og:image\" content=\"https:\/\/staging.al-anon.org\/wp-content\/uploads\/20_questions-2.jpg\" \/>\n\t<meta property=\"og:image:width\" content=\"1200\" \/>\n\t<meta property=\"og:image:height\" content=\"450\" \/>\n\t<meta property=\"og:image:type\" content=\"image\/jpeg\" \/>\n<meta name=\"twitter:card\" content=\"summary_large_image\" \/>\n<meta name=\"twitter:site\" content=\"@AlAnon_WSO\" \/>\n<meta name=\"twitter:label1\" content=\"Dur\u00e9e de lecture estim\u00e9e\" \/>\n\t<meta name=\"twitter:data1\" content=\"1 minute\" \/>\n<script type=\"application\/ld+json\" class=\"yoast-schema-graph\">{\"@context\":\"https:\\\/\\\/schema.org\",\"@graph\":[{\"@type\":\"WebPage\",\"@id\":\"https:\\\/\\\/staging.al-anon.org\\\/fr\\\/ressources-pour-les-professionnels\\\/sondage-effectue-aupres-des-membres\\\/\",\"url\":\"https:\\\/\\\/staging.al-anon.org\\\/fr\\\/ressources-pour-les-professionnels\\\/sondage-effectue-aupres-des-membres\\\/\",\"name\":\"Sondage effectu\u00e9 aupr\u00e8s des membres - Al-Anon Family Groups\",\"isPartOf\":{\"@id\":\"https:\\\/\\\/staging.al-anon.org\\\/fr\\\/#website\"},\"primaryImageOfPage\":{\"@id\":\"https:\\\/\\\/staging.al-anon.org\\\/fr\\\/ressources-pour-les-professionnels\\\/sondage-effectue-aupres-des-membres\\\/#primaryimage\"},\"image\":{\"@id\":\"https:\\\/\\\/staging.al-anon.org\\\/fr\\\/ressources-pour-les-professionnels\\\/sondage-effectue-aupres-des-membres\\\/#primaryimage\"},\"thumbnailUrl\":\"https:\\\/\\\/staging.al-anon.org\\\/wp-content\\\/uploads\\\/20_questions-2.jpg\",\"datePublished\":\"2017-07-14T18:11:51+00:00\",\"dateModified\":\"2025-03-14T20:16:49+00:00\",\"breadcrumb\":{\"@id\":\"https:\\\/\\\/staging.al-anon.org\\\/fr\\\/ressources-pour-les-professionnels\\\/sondage-effectue-aupres-des-membres\\\/#breadcrumb\"},\"inLanguage\":\"fr-FR\",\"potentialAction\":[{\"@type\":\"ReadAction\",\"target\":[\"https:\\\/\\\/staging.al-anon.org\\\/fr\\\/ressources-pour-les-professionnels\\\/sondage-effectue-aupres-des-membres\\\/\"]}]},{\"@type\":\"ImageObject\",\"inLanguage\":\"fr-FR\",\"@id\":\"https:\\\/\\\/staging.al-anon.org\\\/fr\\\/ressources-pour-les-professionnels\\\/sondage-effectue-aupres-des-membres\\\/#primaryimage\",\"url\":\"https:\\\/\\\/staging.al-anon.org\\\/wp-content\\\/uploads\\\/20_questions-2.jpg\",\"contentUrl\":\"https:\\\/\\\/staging.al-anon.org\\\/wp-content\\\/uploads\\\/20_questions-2.jpg\",\"width\":1200,\"height\":450},{\"@type\":\"BreadcrumbList\",\"@id\":\"https:\\\/\\\/staging.al-anon.org\\\/fr\\\/ressources-pour-les-professionnels\\\/sondage-effectue-aupres-des-membres\\\/#breadcrumb\",\"itemListElement\":[{\"@type\":\"ListItem\",\"position\":1,\"name\":\"Ressources pour les professionnels\",\"item\":\"https:\\\/\\\/staging.al-anon.org\\\/fr\\\/ressources-pour-les-professionnels\\\/\"},{\"@type\":\"ListItem\",\"position\":2,\"name\":\"Sondage effectu\u00e9 aupr\u00e8s des membres\"}]},{\"@type\":\"WebSite\",\"@id\":\"https:\\\/\\\/staging.al-anon.org\\\/fr\\\/#website\",\"url\":\"https:\\\/\\\/staging.al-anon.org\\\/fr\\\/\",\"name\":\"Al-Anon Family Groups\",\"description\":\"Help and hope for families and friends of alcoholics\",\"publisher\":{\"@id\":\"https:\\\/\\\/staging.al-anon.org\\\/fr\\\/#organization\"},\"potentialAction\":[{\"@type\":\"SearchAction\",\"target\":{\"@type\":\"EntryPoint\",\"urlTemplate\":\"https:\\\/\\\/staging.al-anon.org\\\/fr\\\/?s={search_term_string}\"},\"query-input\":{\"@type\":\"PropertyValueSpecification\",\"valueRequired\":true,\"valueName\":\"search_term_string\"}}],\"inLanguage\":\"fr-FR\"},{\"@type\":\"Organization\",\"@id\":\"https:\\\/\\\/staging.al-anon.org\\\/fr\\\/#organization\",\"name\":\"Al-Anon Family Group Headquarters, Inc.\",\"url\":\"https:\\\/\\\/staging.al-anon.org\\\/fr\\\/\",\"logo\":{\"@type\":\"ImageObject\",\"inLanguage\":\"fr-FR\",\"@id\":\"https:\\\/\\\/staging.al-anon.org\\\/fr\\\/#\\\/schema\\\/logo\\\/image\\\/\",\"url\":\"https:\\\/\\\/staging.al-anon.org\\\/wp-content\\\/uploads\\\/2017\\\/04\\\/AFGlogo-e1492189694634.jpg\",\"contentUrl\":\"https:\\\/\\\/staging.al-anon.org\\\/wp-content\\\/uploads\\\/2017\\\/04\\\/AFGlogo-e1492189694634.jpg\",\"width\":167,\"height\":50,\"caption\":\"Al-Anon Family Group Headquarters, Inc.\"},\"image\":{\"@id\":\"https:\\\/\\\/staging.al-anon.org\\\/fr\\\/#\\\/schema\\\/logo\\\/image\\\/\"},\"sameAs\":[\"http:\\\/\\\/www.facebook.com\\\/AlAnonFamilyGroupsWSO\",\"https:\\\/\\\/x.com\\\/AlAnon_WSO\",\"http:\\\/\\\/www.instagram.com\\\/alanon_wso\",\"https:\\\/\\\/www.linkedin.com\\\/company\\\/al-anon-wso\\\/\",\"https:\\\/\\\/www.youtube.com\\\/user\\\/AlAnonFamilyGroupHQ\\\/\"]}]}<\/script>\n<!-- \/ Yoast SEO plugin. -->","yoast_head_json":{"title":"Sondage effectu\u00e9 aupr\u00e8s des membres - Al-Anon Family Groups","robots":{"index":"index","follow":"follow","max-snippet":"max-snippet:-1","max-image-preview":"max-image-preview:large","max-video-preview":"max-video-preview:-1"},"canonical":"https:\/\/staging.al-anon.org\/fr\/ressources-pour-les-professionnels\/sondage-effectue-aupres-des-membres\/","og_locale":"fr_FR","og_type":"article","og_title":"Sondage effectu\u00e9 aupr\u00e8s des membres - Al-Anon Family Groups","og_url":"https:\/\/staging.al-anon.org\/fr\/ressources-pour-les-professionnels\/sondage-effectue-aupres-des-membres\/","og_site_name":"Al-Anon Family Groups","article_publisher":"http:\/\/www.facebook.com\/AlAnonFamilyGroupsWSO","article_modified_time":"2025-03-14T20:16:49+00:00","og_image":[{"width":1200,"height":450,"url":"https:\/\/staging.al-anon.org\/wp-content\/uploads\/20_questions-2.jpg","type":"image\/jpeg"}],"twitter_card":"summary_large_image","twitter_site":"@AlAnon_WSO","twitter_misc":{"Dur\u00e9e de lecture estim\u00e9e":"1 minute"},"schema":{"@context":"https:\/\/schema.org","@graph":[{"@type":"WebPage","@id":"https:\/\/staging.al-anon.org\/fr\/ressources-pour-les-professionnels\/sondage-effectue-aupres-des-membres\/","url":"https:\/\/staging.al-anon.org\/fr\/ressources-pour-les-professionnels\/sondage-effectue-aupres-des-membres\/","name":"Sondage effectu\u00e9 aupr\u00e8s des membres - Al-Anon Family Groups","isPartOf":{"@id":"https:\/\/staging.al-anon.org\/fr\/#website"},"primaryImageOfPage":{"@id":"https:\/\/staging.al-anon.org\/fr\/ressources-pour-les-professionnels\/sondage-effectue-aupres-des-membres\/#primaryimage"},"image":{"@id":"https:\/\/staging.al-anon.org\/fr\/ressources-pour-les-professionnels\/sondage-effectue-aupres-des-membres\/#primaryimage"},"thumbnailUrl":"https:\/\/staging.al-anon.org\/wp-content\/uploads\/20_questions-2.jpg","datePublished":"2017-07-14T18:11:51+00:00","dateModified":"2025-03-14T20:16:49+00:00","breadcrumb":{"@id":"https:\/\/staging.al-anon.org\/fr\/ressources-pour-les-professionnels\/sondage-effectue-aupres-des-membres\/#breadcrumb"},"inLanguage":"fr-FR","potentialAction":[{"@type":"ReadAction","target":["https:\/\/staging.al-anon.org\/fr\/ressources-pour-les-professionnels\/sondage-effectue-aupres-des-membres\/"]}]},{"@type":"ImageObject","inLanguage":"fr-FR","@id":"https:\/\/staging.al-anon.org\/fr\/ressources-pour-les-professionnels\/sondage-effectue-aupres-des-membres\/#primaryimage","url":"https:\/\/staging.al-anon.org\/wp-content\/uploads\/20_questions-2.jpg","contentUrl":"https:\/\/staging.al-anon.org\/wp-content\/uploads\/20_questions-2.jpg","width":1200,"height":450},{"@type":"BreadcrumbList","@id":"https:\/\/staging.al-anon.org\/fr\/ressources-pour-les-professionnels\/sondage-effectue-aupres-des-membres\/#breadcrumb","itemListElement":[{"@type":"ListItem","position":1,"name":"Ressources pour les professionnels","item":"https:\/\/staging.al-anon.org\/fr\/ressources-pour-les-professionnels\/"},{"@type":"ListItem","position":2,"name":"Sondage effectu\u00e9 aupr\u00e8s des membres"}]},{"@type":"WebSite","@id":"https:\/\/staging.al-anon.org\/fr\/#website","url":"https:\/\/staging.al-anon.org\/fr\/","name":"Al-Anon Family Groups","description":"Help and hope for families and friends of alcoholics","publisher":{"@id":"https:\/\/staging.al-anon.org\/fr\/#organization"},"potentialAction":[{"@type":"SearchAction","target":{"@type":"EntryPoint","urlTemplate":"https:\/\/staging.al-anon.org\/fr\/?s={search_term_string}"},"query-input":{"@type":"PropertyValueSpecification","valueRequired":true,"valueName":"search_term_string"}}],"inLanguage":"fr-FR"},{"@type":"Organization","@id":"https:\/\/staging.al-anon.org\/fr\/#organization","name":"Al-Anon Family Group Headquarters, Inc.","url":"https:\/\/staging.al-anon.org\/fr\/","logo":{"@type":"ImageObject","inLanguage":"fr-FR","@id":"https:\/\/staging.al-anon.org\/fr\/#\/schema\/logo\/image\/","url":"https:\/\/staging.al-anon.org\/wp-content\/uploads\/2017\/04\/AFGlogo-e1492189694634.jpg","contentUrl":"https:\/\/staging.al-anon.org\/wp-content\/uploads\/2017\/04\/AFGlogo-e1492189694634.jpg","width":167,"height":50,"caption":"Al-Anon Family Group Headquarters, Inc."},"image":{"@id":"https:\/\/staging.al-anon.org\/fr\/#\/schema\/logo\/image\/"},"sameAs":["http:\/\/www.facebook.com\/AlAnonFamilyGroupsWSO","https:\/\/x.com\/AlAnon_WSO","http:\/\/www.instagram.com\/alanon_wso","https:\/\/www.linkedin.com\/company\/al-anon-wso\/","https:\/\/www.youtube.com\/user\/AlAnonFamilyGroupHQ\/"]}]}},"_links":{"self":[{"href":"https:\/\/staging.al-anon.org\/fr\/wp-json\/wp\/v2\/pages\/6245","targetHints":{"allow":["GET"]}}],"collection":[{"href":"https:\/\/staging.al-anon.org\/fr\/wp-json\/wp\/v2\/pages"}],"about":[{"href":"https:\/\/staging.al-anon.org\/fr\/wp-json\/wp\/v2\/types\/page"}],"author":[{"embeddable":true,"href":"https:\/\/staging.al-anon.org\/fr\/wp-json\/wp\/v2\/users\/36"}],"replies":[{"embeddable":true,"href":"https:\/\/staging.al-anon.org\/fr\/wp-json\/wp\/v2\/comments?post=6245"}],"version-history":[{"count":8,"href":"https:\/\/staging.al-anon.org\/fr\/wp-json\/wp\/v2\/pages\/6245\/revisions"}],"predecessor-version":[{"id":44771,"href":"https:\/\/staging.al-anon.org\/fr\/wp-json\/wp\/v2\/pages\/6245\/revisions\/44771"}],"up":[{"embeddable":true,"href":"https:\/\/staging.al-anon.org\/fr\/wp-json\/wp\/v2\/pages\/6005"}],"wp:featuredmedia":[{"embeddable":true,"href":"https:\/\/staging.al-anon.org\/fr\/wp-json\/wp\/v2\/media\/21095"}],"wp:attachment":[{"href":"https:\/\/staging.al-anon.org\/fr\/wp-json\/wp\/v2\/media?parent=6245"}],"curies":[{"name":"wp","href":"https:\/\/api.w.org\/{rel}","templated":true}]}}