{"id":5614,"date":"2017-06-26T10:41:17","date_gmt":"2017-06-26T14:41:17","guid":{"rendered":"https:\/\/staging.al-anon.org\/nouveaux-venus\/quest-ce-qual-anon-et-alateen\/"},"modified":"2017-07-21T07:59:26","modified_gmt":"2017-07-21T11:59:26","slug":"quest-ce-qual-anon-et-alateen","status":"publish","type":"page","link":"https:\/\/staging.al-anon.org\/fr\/nouveaux-venus\/quest-ce-qual-anon-et-alateen\/","title":{"rendered":"Qu&rsquo;est-ce qu&rsquo;Al-Anon et Alateen?"},"content":{"rendered":"<div class=\"fusion-fullwidth fullwidth-box fusion-builder-row-1 nonhundred-percent-fullwidth non-hundred-percent-height-scrolling\" style=\"--awb-background-position:left top;--awb-border-radius-top-left:0px;--awb-border-radius-top-right:0px;--awb-border-radius-bottom-right:0px;--awb-border-radius-bottom-left:0px;--awb-padding-top:20px;--awb-padding-bottom:20px;--awb-border-sizes-top:0px;--awb-border-sizes-bottom:0px;--awb-flex-wrap:wrap;\" ><div class=\"fusion-builder-row fusion-row\"><div class=\"fusion-layout-column fusion_builder_column fusion-builder-column-0 fusion_builder_column_1_1 1_1 fusion-one-full fusion-column-first fusion-column-last\" style=\"--awb-bg-size:cover;\"><div class=\"fusion-column-wrapper fusion-flex-column-wrapper-legacy\"><div class=\"fusion-title title fusion-title-1 fusion-sep-none fusion-title-center fusion-title-text fusion-title-size-two\" style=\"--awb-margin-top-small:0px;--awb-margin-right-small:0px;--awb-margin-bottom-small:20px;--awb-margin-left-small:0px;\"><h2 class=\"fusion-title-heading title-heading-center fusion-responsive-typography-calculated\" style=\"margin:0;--fontSize:35;line-height:1.29;\">Qu&rsquo;est-ce qu&rsquo;Al-Anon et Alateen?<\/p><\/h2><\/div><div class=\"fusion-text fusion-text-1\"><p>Al-Anon est un programme de soutien pour les personnes qui ont \u00e9t\u00e9 touch\u00e9es par la consommation de quelqu&rsquo;un d&rsquo;autre. En partageant des exp\u00e9riences communes et en appliquant les principes d&rsquo;Al-Anon, les familles et les amis des alcooliques peuvent apporter des changements positifs \u00e0 leurs situations individuelles, que l&rsquo;alcoolique admet ou non un probl\u00e8me d&rsquo;alcool ou cherche de l&rsquo;aide.<\/p>\n<p><a href=\"https:\/\/staging.al-anon.org\/newcomers\/teen-corner-alateen\/\">Alateen<\/a>,\u00a0lequel fait partie des Groupes Familiaux Al-Anon, est une fraternit\u00e9 compos\u00e9e de jeunes membres Al-Anon (principalement des adolescents) dont la vie a \u00e9t\u00e9 affect\u00e9e par la consommation d\u2019alcool d\u2019une autre personne, que cette personne fasse partie de votre vie ou soit un buveur en phase active ou non. En assistant \u00e0 des r\u00e9unions Alateen, les adolescents rencontrent d\u2019autres adolescents qui sont dans des situations similaires. Alateen n\u2019est pas un programme religieux et il n\u2019y a pas de frais ou de cotisations pour en faire partie.<\/p>\n<\/div><div class=\"fusion-clearfix\"><\/div><\/div><\/div><div class=\"fusion-layout-column fusion_builder_column fusion-builder-column-1 fusion_builder_column_1_2 1_2 fusion-one-half fusion-column-first\" style=\"--awb-padding-bottom:10px;--awb-bg-size:cover;width:50%;width:calc(50% - ( ( 4% ) * 0.5 ) );margin-right: 4%;\"><div class=\"fusion-column-wrapper fusion-flex-column-wrapper-legacy\"><div class=\"fusion-button-wrapper fusion-aligncenter\"><a class=\"fusion-button button-flat fusion-button-default-size button-default fusion-button-default button-1 fusion-button-span-no fusion-button-default-type\" style=\"--button-border-radius-top-left:25px;--button-border-radius-top-right:25px;--button-border-radius-bottom-right:25px;--button-border-radius-bottom-left:25px;\" target=\"_self\" href=\"\/fr\/nouveaux-venus\/faq\/\"><span class=\"fusion-button-text awb-button__text awb-button__text--default\">Questions fr\u00e9quemment pos\u00e9es<\/span><\/a><\/div><div class=\"fusion-clearfix\"><\/div><\/div><\/div><div class=\"fusion-layout-column fusion_builder_column fusion-builder-column-2 fusion_builder_column_1_2 1_2 fusion-one-half fusion-column-last\" style=\"--awb-bg-size:cover;width:50%;width:calc(50% - ( ( 4% ) * 0.5 ) );\"><div class=\"fusion-column-wrapper fusion-flex-column-wrapper-legacy\"><div class=\"fusion-button-wrapper fusion-aligncenter\"><a class=\"fusion-button button-flat fusion-button-default-size button-default fusion-button-default button-2 fusion-button-span-no fusion-button-default-type\" style=\"--button-border-radius-top-left:25px;--button-border-radius-top-right:25px;--button-border-radius-bottom-right:25px;--button-border-radius-bottom-left:25px;\" target=\"_self\" href=\"\/fr\/nouveaux-venus\/comment-puis-je-aider\/\"><span class=\"fusion-button-text awb-button__text awb-button__text--default\">Comment puis-je aider mon &#8230;<\/span><\/a><\/div><div class=\"fusion-clearfix\"><\/div><\/div><\/div><\/div><\/div>\n","protected":false},"excerpt":{"rendered":"","protected":false},"author":36,"featured_media":20834,"parent":5537,"menu_order":2,"comment_status":"closed","ping_status":"closed","template":"","meta":{"footnotes":""},"class_list":["post-5614","page","type-page","status-publish","has-post-thumbnail","hentry"],"yoast_head":"<!-- This site is optimized with the Yoast SEO plugin v27.4 - https:\/\/yoast.com\/product\/yoast-seo-wordpress\/ -->\n<title>Qu&#039;est-ce que Al-Anon et Alateen et sont-ils bons pour moi?<\/title>\n<meta name=\"description\" content=\"Al-Anon Family Groups est une communaut\u00e9 de parents et d&#039;amis d&#039;alcooliques. Alateen s&#039;adresse aux adolescents dont la vie a \u00e9t\u00e9 affect\u00e9e par la consommation de quelqu&#039;un d&#039;autre.\" \/>\n<meta name=\"robots\" content=\"index, follow, max-snippet:-1, max-image-preview:large, max-video-preview:-1\" \/>\n<link rel=\"canonical\" href=\"https:\/\/staging.al-anon.org\/fr\/nouveaux-venus\/quest-ce-qual-anon-et-alateen\/\" \/>\n<meta property=\"og:locale\" content=\"fr_FR\" \/>\n<meta property=\"og:type\" content=\"article\" \/>\n<meta property=\"og:title\" content=\"Qu&#039;est-ce que Al-Anon et Alateen et sont-ils bons pour moi?\" \/>\n<meta property=\"og:description\" content=\"Al-Anon Family Groups est une communaut\u00e9 de parents et d&#039;amis d&#039;alcooliques. Alateen s&#039;adresse aux adolescents dont la vie a \u00e9t\u00e9 affect\u00e9e par la consommation de quelqu&#039;un d&#039;autre.\" \/>\n<meta property=\"og:url\" content=\"https:\/\/staging.al-anon.org\/fr\/nouveaux-venus\/quest-ce-qual-anon-et-alateen\/\" \/>\n<meta property=\"og:site_name\" content=\"Al-Anon Family Groups\" \/>\n<meta property=\"article:publisher\" content=\"http:\/\/www.facebook.com\/AlAnonFamilyGroupsWSO\" \/>\n<meta property=\"article:modified_time\" content=\"2017-07-21T11:59:26+00:00\" \/>\n<meta property=\"og:image\" content=\"https:\/\/staging.al-anon.org\/wp-content\/uploads\/professionals-2.jpg\" \/>\n\t<meta property=\"og:image:width\" content=\"1200\" \/>\n\t<meta property=\"og:image:height\" content=\"450\" \/>\n\t<meta property=\"og:image:type\" content=\"image\/jpeg\" \/>\n<meta name=\"twitter:card\" content=\"summary_large_image\" \/>\n<meta name=\"twitter:site\" content=\"@AlAnon_WSO\" \/>\n<meta name=\"twitter:label1\" content=\"Dur\u00e9e de lecture estim\u00e9e\" \/>\n\t<meta name=\"twitter:data1\" content=\"3 minutes\" \/>\n<script type=\"application\/ld+json\" class=\"yoast-schema-graph\">{\"@context\":\"https:\\\/\\\/schema.org\",\"@graph\":[{\"@type\":\"WebPage\",\"@id\":\"https:\\\/\\\/staging.al-anon.org\\\/fr\\\/nouveaux-venus\\\/quest-ce-qual-anon-et-alateen\\\/\",\"url\":\"https:\\\/\\\/staging.al-anon.org\\\/fr\\\/nouveaux-venus\\\/quest-ce-qual-anon-et-alateen\\\/\",\"name\":\"Qu'est-ce que Al-Anon et Alateen et sont-ils bons pour moi?\",\"isPartOf\":{\"@id\":\"https:\\\/\\\/staging.al-anon.org\\\/fr\\\/#website\"},\"primaryImageOfPage\":{\"@id\":\"https:\\\/\\\/staging.al-anon.org\\\/fr\\\/nouveaux-venus\\\/quest-ce-qual-anon-et-alateen\\\/#primaryimage\"},\"image\":{\"@id\":\"https:\\\/\\\/staging.al-anon.org\\\/fr\\\/nouveaux-venus\\\/quest-ce-qual-anon-et-alateen\\\/#primaryimage\"},\"thumbnailUrl\":\"https:\\\/\\\/staging.al-anon.org\\\/wp-content\\\/uploads\\\/professionals-2.jpg\",\"datePublished\":\"2017-06-26T14:41:17+00:00\",\"dateModified\":\"2017-07-21T11:59:26+00:00\",\"description\":\"Al-Anon Family Groups est une communaut\u00e9 de parents et d'amis d'alcooliques. Alateen s'adresse aux adolescents dont la vie a \u00e9t\u00e9 affect\u00e9e par la consommation de quelqu'un d'autre.\",\"breadcrumb\":{\"@id\":\"https:\\\/\\\/staging.al-anon.org\\\/fr\\\/nouveaux-venus\\\/quest-ce-qual-anon-et-alateen\\\/#breadcrumb\"},\"inLanguage\":\"fr-FR\",\"potentialAction\":[{\"@type\":\"ReadAction\",\"target\":[\"https:\\\/\\\/staging.al-anon.org\\\/fr\\\/nouveaux-venus\\\/quest-ce-qual-anon-et-alateen\\\/\"]}]},{\"@type\":\"ImageObject\",\"inLanguage\":\"fr-FR\",\"@id\":\"https:\\\/\\\/staging.al-anon.org\\\/fr\\\/nouveaux-venus\\\/quest-ce-qual-anon-et-alateen\\\/#primaryimage\",\"url\":\"https:\\\/\\\/staging.al-anon.org\\\/wp-content\\\/uploads\\\/professionals-2.jpg\",\"contentUrl\":\"https:\\\/\\\/staging.al-anon.org\\\/wp-content\\\/uploads\\\/professionals-2.jpg\",\"width\":1200,\"height\":450},{\"@type\":\"BreadcrumbList\",\"@id\":\"https:\\\/\\\/staging.al-anon.org\\\/fr\\\/nouveaux-venus\\\/quest-ce-qual-anon-et-alateen\\\/#breadcrumb\",\"itemListElement\":[{\"@type\":\"ListItem\",\"position\":1,\"name\":\"Nouveaux venus\",\"item\":\"https:\\\/\\\/staging.al-anon.org\\\/fr\\\/nouveaux-venus\\\/\"},{\"@type\":\"ListItem\",\"position\":2,\"name\":\"Qu&rsquo;est-ce qu&rsquo;Al-Anon et Alateen?\"}]},{\"@type\":\"WebSite\",\"@id\":\"https:\\\/\\\/staging.al-anon.org\\\/fr\\\/#website\",\"url\":\"https:\\\/\\\/staging.al-anon.org\\\/fr\\\/\",\"name\":\"Al-Anon Family Groups\",\"description\":\"Help and hope for families and friends of alcoholics\",\"publisher\":{\"@id\":\"https:\\\/\\\/staging.al-anon.org\\\/fr\\\/#organization\"},\"potentialAction\":[{\"@type\":\"SearchAction\",\"target\":{\"@type\":\"EntryPoint\",\"urlTemplate\":\"https:\\\/\\\/staging.al-anon.org\\\/fr\\\/?s={search_term_string}\"},\"query-input\":{\"@type\":\"PropertyValueSpecification\",\"valueRequired\":true,\"valueName\":\"search_term_string\"}}],\"inLanguage\":\"fr-FR\"},{\"@type\":\"Organization\",\"@id\":\"https:\\\/\\\/staging.al-anon.org\\\/fr\\\/#organization\",\"name\":\"Al-Anon Family Group Headquarters, Inc.\",\"url\":\"https:\\\/\\\/staging.al-anon.org\\\/fr\\\/\",\"logo\":{\"@type\":\"ImageObject\",\"inLanguage\":\"fr-FR\",\"@id\":\"https:\\\/\\\/staging.al-anon.org\\\/fr\\\/#\\\/schema\\\/logo\\\/image\\\/\",\"url\":\"https:\\\/\\\/staging.al-anon.org\\\/wp-content\\\/uploads\\\/2017\\\/04\\\/AFGlogo-e1492189694634.jpg\",\"contentUrl\":\"https:\\\/\\\/staging.al-anon.org\\\/wp-content\\\/uploads\\\/2017\\\/04\\\/AFGlogo-e1492189694634.jpg\",\"width\":167,\"height\":50,\"caption\":\"Al-Anon Family Group Headquarters, Inc.\"},\"image\":{\"@id\":\"https:\\\/\\\/staging.al-anon.org\\\/fr\\\/#\\\/schema\\\/logo\\\/image\\\/\"},\"sameAs\":[\"http:\\\/\\\/www.facebook.com\\\/AlAnonFamilyGroupsWSO\",\"https:\\\/\\\/x.com\\\/AlAnon_WSO\",\"http:\\\/\\\/www.instagram.com\\\/alanon_wso\",\"https:\\\/\\\/www.linkedin.com\\\/company\\\/al-anon-wso\\\/\",\"https:\\\/\\\/www.youtube.com\\\/user\\\/AlAnonFamilyGroupHQ\\\/\"]}]}<\/script>\n<!-- \/ Yoast SEO plugin. -->","yoast_head_json":{"title":"Qu'est-ce que Al-Anon et Alateen et sont-ils bons pour moi?","description":"Al-Anon Family Groups est une communaut\u00e9 de parents et d'amis d'alcooliques. Alateen s'adresse aux adolescents dont la vie a \u00e9t\u00e9 affect\u00e9e par la consommation de quelqu'un d'autre.","robots":{"index":"index","follow":"follow","max-snippet":"max-snippet:-1","max-image-preview":"max-image-preview:large","max-video-preview":"max-video-preview:-1"},"canonical":"https:\/\/staging.al-anon.org\/fr\/nouveaux-venus\/quest-ce-qual-anon-et-alateen\/","og_locale":"fr_FR","og_type":"article","og_title":"Qu'est-ce que Al-Anon et Alateen et sont-ils bons pour moi?","og_description":"Al-Anon Family Groups est une communaut\u00e9 de parents et d'amis d'alcooliques. Alateen s'adresse aux adolescents dont la vie a \u00e9t\u00e9 affect\u00e9e par la consommation de quelqu'un d'autre.","og_url":"https:\/\/staging.al-anon.org\/fr\/nouveaux-venus\/quest-ce-qual-anon-et-alateen\/","og_site_name":"Al-Anon Family Groups","article_publisher":"http:\/\/www.facebook.com\/AlAnonFamilyGroupsWSO","article_modified_time":"2017-07-21T11:59:26+00:00","og_image":[{"width":1200,"height":450,"url":"https:\/\/staging.al-anon.org\/wp-content\/uploads\/professionals-2.jpg","type":"image\/jpeg"}],"twitter_card":"summary_large_image","twitter_site":"@AlAnon_WSO","twitter_misc":{"Dur\u00e9e de lecture estim\u00e9e":"3 minutes"},"schema":{"@context":"https:\/\/schema.org","@graph":[{"@type":"WebPage","@id":"https:\/\/staging.al-anon.org\/fr\/nouveaux-venus\/quest-ce-qual-anon-et-alateen\/","url":"https:\/\/staging.al-anon.org\/fr\/nouveaux-venus\/quest-ce-qual-anon-et-alateen\/","name":"Qu'est-ce que Al-Anon et Alateen et sont-ils bons pour moi?","isPartOf":{"@id":"https:\/\/staging.al-anon.org\/fr\/#website"},"primaryImageOfPage":{"@id":"https:\/\/staging.al-anon.org\/fr\/nouveaux-venus\/quest-ce-qual-anon-et-alateen\/#primaryimage"},"image":{"@id":"https:\/\/staging.al-anon.org\/fr\/nouveaux-venus\/quest-ce-qual-anon-et-alateen\/#primaryimage"},"thumbnailUrl":"https:\/\/staging.al-anon.org\/wp-content\/uploads\/professionals-2.jpg","datePublished":"2017-06-26T14:41:17+00:00","dateModified":"2017-07-21T11:59:26+00:00","description":"Al-Anon Family Groups est une communaut\u00e9 de parents et d'amis d'alcooliques. Alateen s'adresse aux adolescents dont la vie a \u00e9t\u00e9 affect\u00e9e par la consommation de quelqu'un d'autre.","breadcrumb":{"@id":"https:\/\/staging.al-anon.org\/fr\/nouveaux-venus\/quest-ce-qual-anon-et-alateen\/#breadcrumb"},"inLanguage":"fr-FR","potentialAction":[{"@type":"ReadAction","target":["https:\/\/staging.al-anon.org\/fr\/nouveaux-venus\/quest-ce-qual-anon-et-alateen\/"]}]},{"@type":"ImageObject","inLanguage":"fr-FR","@id":"https:\/\/staging.al-anon.org\/fr\/nouveaux-venus\/quest-ce-qual-anon-et-alateen\/#primaryimage","url":"https:\/\/staging.al-anon.org\/wp-content\/uploads\/professionals-2.jpg","contentUrl":"https:\/\/staging.al-anon.org\/wp-content\/uploads\/professionals-2.jpg","width":1200,"height":450},{"@type":"BreadcrumbList","@id":"https:\/\/staging.al-anon.org\/fr\/nouveaux-venus\/quest-ce-qual-anon-et-alateen\/#breadcrumb","itemListElement":[{"@type":"ListItem","position":1,"name":"Nouveaux venus","item":"https:\/\/staging.al-anon.org\/fr\/nouveaux-venus\/"},{"@type":"ListItem","position":2,"name":"Qu&rsquo;est-ce qu&rsquo;Al-Anon et Alateen?"}]},{"@type":"WebSite","@id":"https:\/\/staging.al-anon.org\/fr\/#website","url":"https:\/\/staging.al-anon.org\/fr\/","name":"Al-Anon Family Groups","description":"Help and hope for families and friends of alcoholics","publisher":{"@id":"https:\/\/staging.al-anon.org\/fr\/#organization"},"potentialAction":[{"@type":"SearchAction","target":{"@type":"EntryPoint","urlTemplate":"https:\/\/staging.al-anon.org\/fr\/?s={search_term_string}"},"query-input":{"@type":"PropertyValueSpecification","valueRequired":true,"valueName":"search_term_string"}}],"inLanguage":"fr-FR"},{"@type":"Organization","@id":"https:\/\/staging.al-anon.org\/fr\/#organization","name":"Al-Anon Family Group Headquarters, Inc.","url":"https:\/\/staging.al-anon.org\/fr\/","logo":{"@type":"ImageObject","inLanguage":"fr-FR","@id":"https:\/\/staging.al-anon.org\/fr\/#\/schema\/logo\/image\/","url":"https:\/\/staging.al-anon.org\/wp-content\/uploads\/2017\/04\/AFGlogo-e1492189694634.jpg","contentUrl":"https:\/\/staging.al-anon.org\/wp-content\/uploads\/2017\/04\/AFGlogo-e1492189694634.jpg","width":167,"height":50,"caption":"Al-Anon Family Group Headquarters, Inc."},"image":{"@id":"https:\/\/staging.al-anon.org\/fr\/#\/schema\/logo\/image\/"},"sameAs":["http:\/\/www.facebook.com\/AlAnonFamilyGroupsWSO","https:\/\/x.com\/AlAnon_WSO","http:\/\/www.instagram.com\/alanon_wso","https:\/\/www.linkedin.com\/company\/al-anon-wso\/","https:\/\/www.youtube.com\/user\/AlAnonFamilyGroupHQ\/"]}]}},"_links":{"self":[{"href":"https:\/\/staging.al-anon.org\/fr\/wp-json\/wp\/v2\/pages\/5614","targetHints":{"allow":["GET"]}}],"collection":[{"href":"https:\/\/staging.al-anon.org\/fr\/wp-json\/wp\/v2\/pages"}],"about":[{"href":"https:\/\/staging.al-anon.org\/fr\/wp-json\/wp\/v2\/types\/page"}],"author":[{"embeddable":true,"href":"https:\/\/staging.al-anon.org\/fr\/wp-json\/wp\/v2\/users\/36"}],"replies":[{"embeddable":true,"href":"https:\/\/staging.al-anon.org\/fr\/wp-json\/wp\/v2\/comments?post=5614"}],"version-history":[{"count":0,"href":"https:\/\/staging.al-anon.org\/fr\/wp-json\/wp\/v2\/pages\/5614\/revisions"}],"up":[{"embeddable":true,"href":"https:\/\/staging.al-anon.org\/fr\/wp-json\/wp\/v2\/pages\/5537"}],"wp:featuredmedia":[{"embeddable":true,"href":"https:\/\/staging.al-anon.org\/fr\/wp-json\/wp\/v2\/media\/20834"}],"wp:attachment":[{"href":"https:\/\/staging.al-anon.org\/fr\/wp-json\/wp\/v2\/media?parent=5614"}],"curies":[{"name":"wp","href":"https:\/\/api.w.org\/{rel}","templated":true}]}}