{"id":5475,"date":"2016-07-20T12:38:28","date_gmt":"2016-07-20T17:38:28","guid":{"rendered":"https:\/\/staging.al-anon.org\/le-coin-des-adolescents\/clavardage-alateen\/"},"modified":"2022-01-05T13:14:36","modified_gmt":"2022-01-05T18:14:36","slug":"reunion-electronique-alateen","status":"publish","type":"page","link":"https:\/\/staging.al-anon.org\/fr\/nouveaux-venus\/le-coin-des-adolescents\/reunion-electronique-alateen\/","title":{"rendered":"Clavardage Alateen"},"content":{"rendered":"<p><div class=\"fusion-fullwidth fullwidth-box fusion-builder-row-1 nonhundred-percent-fullwidth non-hundred-percent-height-scrolling\" style=\"--awb-background-position:left top;--awb-border-sizes-top:0px;--awb-border-sizes-bottom:0px;--awb-border-sizes-left:0px;--awb-border-sizes-right:0px;--awb-border-radius-top-left:0px;--awb-border-radius-top-right:0px;--awb-border-radius-bottom-right:0px;--awb-border-radius-bottom-left:0px;--awb-padding-top:0px;--awb-padding-right:15%;--awb-padding-bottom:20px;--awb-padding-left:15%;--awb-flex-wrap:wrap;\" ><div class=\"fusion-builder-row fusion-row\"><div class=\"fusion-layout-column fusion_builder_column fusion-builder-column-0 fusion_builder_column_1_1 1_1 fusion-one-full fusion-column-first fusion-column-last\" style=\"--awb-bg-size:cover;\"><div class=\"fusion-column-wrapper fusion-flex-column-wrapper-legacy\"><div class=\"fusion-title title fusion-title-1 fusion-sep-none fusion-title-center fusion-title-text fusion-title-size-two\" style=\"--awb-margin-top-small:0px;--awb-margin-right-small:0px;--awb-margin-bottom-small:20px;--awb-margin-left-small:0px;\"><h2 class=\"fusion-title-heading title-heading-center fusion-responsive-typography-calculated\" style=\"margin:0;--fontSize:35;line-height:1.29;\"><p style=\"text-align: center;\">Essaie une r\u00e9union \u00e9lectronique Alateen sur l\u2019application mobile Groupes Familiaux Al\u2011Anon!<\/p><\/h2><\/div><div class=\"fusion-text fusion-text-1\"><p>Les r\u00e9unions Alateen sur l\u2019application mobile sont pour les adolescents \u00e2g\u00e9s de 13 \u00e0 18 ans qui ont \u00e9t\u00e9 affect\u00e9s par la consommation d\u2019alcool d\u2019une autre personne. Nous sommes invit\u00e9s \u00e0 partager notre exp\u00e9rience, notre force et notre espoir avec d\u2019autres adolescents.<\/p>\n<p>Les r\u00e9unions Alateen sur l\u2019application mobile sont mod\u00e9r\u00e9es. Ces r\u00e9unions sont r\u00e9serv\u00e9es aux membres Alateen et ont lieu lorsque l\u2019adulte qui est le Guide de groupe Alateen assign\u00e9 \u00e0 la r\u00e9union est pr\u00e9sent. Pr\u00e9sentement, les r\u00e9unions \u00e9lectroniques Alateen sont uniquement accessibles sur l\u2019application Groupes Familiaux Al\u2011Anon.<\/p>\n<\/div><div class=\"fusion-title title fusion-title-2 fusion-sep-none fusion-title-center fusion-title-text fusion-title-size-three\" style=\"--awb-margin-top-small:0px;--awb-margin-right-small:0px;--awb-margin-bottom-small:20px;--awb-margin-left-small:0px;\"><h3 class=\"fusion-title-heading title-heading-center fusion-responsive-typography-calculated\" style=\"margin:0;--fontSize:26;line-height:1.62;\"><h4 style=\"text-align: center;\"><strong data-redactor-tag=\"strong\">Horaires des r\u00e9unions Alateen sur l\u2019application mobile<\/strong><\/h4>\n<h5 style=\"text-align: center;\">(les r\u00e9unions seront affich\u00e9es sur votre application mobile \u00e0 l\u2019heure locale)<\/h5><\/h3><\/div><div class=\"fusion-clearfix\"><\/div><\/div><\/div><\/div><\/div><div class=\"fusion-fullwidth fullwidth-box fusion-builder-row-2 nonhundred-percent-fullwidth non-hundred-percent-height-scrolling\" style=\"--awb-background-position:left top;--awb-border-sizes-top:0px;--awb-border-sizes-bottom:0px;--awb-border-sizes-left:0px;--awb-border-sizes-right:0px;--awb-border-radius-top-left:0px;--awb-border-radius-top-right:0px;--awb-border-radius-bottom-right:0px;--awb-border-radius-bottom-left:0px;--awb-padding-top:0px;--awb-padding-right:15%;--awb-padding-bottom:20px;--awb-padding-left:15%;--awb-flex-wrap:wrap;\" ><div class=\"fusion-builder-row fusion-row\"><div class=\"fusion-layout-column fusion_builder_column fusion-builder-column-1 fusion_builder_column_1_3 1_3 fusion-one-third fusion-column-first\" style=\"--awb-bg-size:cover;width:30.6666%; margin-right: 4%;\"><div class=\"fusion-column-wrapper fusion-column-has-shadow fusion-flex-column-wrapper-legacy\"><div class=\"fusion-column-content-centered\"><div class=\"fusion-column-content\"><div class=\"fusion-text fusion-text-2\"><p style=\"text-align: center;\">Lundi 18 h\u00a0ET<\/p>\n<\/div><div class=\"fusion-text fusion-text-3\"><p style=\"text-align: center;\">Lundi 22 h\u00a0ET<\/p>\n<\/div><\/div><\/div><div class=\"fusion-clearfix\"><\/div><\/div><\/div><div class=\"fusion-layout-column fusion_builder_column fusion-builder-column-2 fusion_builder_column_1_3 1_3 fusion-one-third\" style=\"--awb-bg-size:cover;width:30.6666%; margin-right: 4%;\"><div class=\"fusion-column-wrapper fusion-column-has-shadow fusion-flex-column-wrapper-legacy\"><div class=\"fusion-column-content-centered\"><div class=\"fusion-column-content\"><div class=\"fusion-text fusion-text-4\"><p style=\"text-align: center;\">Mercredi 19 h\u00a0ET<\/p>\n<\/div><div class=\"fusion-text fusion-text-5\"><p style=\"text-align: center;\">Mercredi 21 h 30 ET<\/p>\n<\/div><\/div><\/div><div class=\"fusion-clearfix\"><\/div><\/div><\/div><div class=\"fusion-layout-column fusion_builder_column fusion-builder-column-3 fusion_builder_column_1_3 1_3 fusion-one-third fusion-column-last\" style=\"--awb-bg-size:cover;width:30.6666%;\"><div class=\"fusion-column-wrapper fusion-column-has-shadow fusion-flex-column-wrapper-legacy\"><div class=\"fusion-column-content-centered\"><div class=\"fusion-column-content\"><div class=\"fusion-text fusion-text-6\"><p style=\"text-align: center;\">Jeudi 19 h 30\u00a0ET<\/p>\n<\/div><\/div><\/div><div class=\"fusion-clearfix\"><\/div><\/div><\/div><\/div><\/div><div class=\"fusion-fullwidth fullwidth-box fusion-builder-row-3 nonhundred-percent-fullwidth non-hundred-percent-height-scrolling\" style=\"--awb-background-position:left top;--awb-border-sizes-top:0px;--awb-border-sizes-bottom:0px;--awb-border-sizes-left:0px;--awb-border-sizes-right:0px;--awb-border-radius-top-left:0px;--awb-border-radius-top-right:0px;--awb-border-radius-bottom-right:0px;--awb-border-radius-bottom-left:0px;--awb-padding-top:0px;--awb-padding-right:15%;--awb-padding-bottom:20px;--awb-padding-left:15%;--awb-flex-wrap:wrap;\" ><div class=\"fusion-builder-row fusion-row\"><div class=\"fusion-layout-column fusion_builder_column fusion-builder-column-4 fusion_builder_column_1_1 1_1 fusion-one-full fusion-column-first fusion-column-last\" style=\"--awb-bg-size:cover;\"><div class=\"fusion-column-wrapper fusion-flex-column-wrapper-legacy\"><div class=\"fusion-text fusion-text-7\"><p style=\"text-align: center;\">T\u00e9l\u00e9chargez l\u2019application mobile <a href=\"\/fr\/pour-les-membres\/ressources-pour-les-membres\/application-mobile\/\"><em>Groupes Familiaux Al\u2011Anon<\/em><\/a> pour assister aux r\u00e9unions \u00e9lectroniques Alateen. <a href=\"\/fr\/pour-les-membres\/ressources-pour-les-membres\/application-mobile\/guide-de-application-mobile\/\">Cliquez ici pour voir des instructions d\u00e9taill\u00e9es<\/a>.<\/p>\n<\/div><div class=\"fusion-clearfix\"><\/div><\/div><\/div><div class=\"fusion-layout-column fusion_builder_column fusion-builder-column-5 fusion_builder_column_1_1 1_1 fusion-one-full fusion-column-first fusion-column-last\" style=\"--awb-bg-size:cover;\"><div class=\"fusion-column-wrapper fusion-flex-column-wrapper-legacy\"><div class=\"fusion-title title fusion-title-3 fusion-sep-none fusion-title-center fusion-title-text fusion-title-size-three\" style=\"--awb-margin-top-small:0px;--awb-margin-right-small:0px;--awb-margin-bottom-small:20px;--awb-margin-left-small:0px;\"><h3 class=\"fusion-title-heading title-heading-center fusion-responsive-typography-calculated\" style=\"margin:0;--fontSize:26;line-height:1.62;\"><strong data-redactor-tag=\"strong\">S\u00e9curit\u00e9 Alateen<\/strong><\/h3><\/div><div class=\"fusion-text fusion-text-8\" style=\"--awb-text-transform:none;\"><p>Les r\u00e9unions Alateen sur l\u2019application mobile sont administr\u00e9es par Al\u2011Anon Family Group Headquarters, Inc. et sont anim\u00e9es par les Circonscriptions (\u00e9tats\/provinces) dans notre structure aux \u00c9tats\u2011Unis et au Canada, ou Bureaux de Services G\u00e9n\u00e9raux internationaux officiels. Ces r\u00e9unions sont les seules r\u00e9unions Alateen en ligne \u00e0 pouvoir utiliser le nom Alateen. Pr\u00e9sentement, les r\u00e9unions Alateen sont disponibles en anglais seulement.<\/p>\n<p>Les adolescents \u00e2g\u00e9s de 13 \u00e0 18 ans peuvent t\u00e9l\u00e9charger l\u2019application mobile pour participer aux r\u00e9unions Alateen.<\/p>\n<p>Une fois dans la salle de r\u00e9union, les adolescents peuvent, s\u2019ils le d\u00e9sirent, changer leur nom d\u2019utilisateur afin d\u2019\u00eatre reconnus par les autres membres Alateen et les Guides de groupe.<\/p>\n<p>Une fois qu\u2019ils ont t\u00e9l\u00e9charg\u00e9 l\u2019application mobile, les adolescents pourront avoir acc\u00e8s \u00e0 toutes les fonctionnalit\u00e9s et r\u00e9unions Alateen et Al\u2011Anon de l\u2019application mobile. L\u2019application mobile peut \u00eatre t\u00e9l\u00e9charg\u00e9e en fran\u00e7ais, en anglais ou en espagnol, mais les r\u00e9unions sont uniquement disponibles en anglais pour le moment.<\/p>\n<p>Au moins deux Guides de groupe Alateen sont pr\u00e9sents pour chaque r\u00e9union.<\/p>\n<\/div><div class=\"fusion-clearfix\"><\/div><\/div><\/div><\/div><\/div><\/p>\n","protected":false},"excerpt":{"rendered":"","protected":false},"author":36,"featured_media":20840,"parent":5412,"menu_order":4,"comment_status":"closed","ping_status":"closed","template":"","meta":{"footnotes":""},"class_list":["post-5475","page","type-page","status-publish","has-post-thumbnail","hentry"],"yoast_head":"<!-- This site is optimized with the Yoast SEO plugin v27.4 - https:\/\/yoast.com\/product\/yoast-seo-wordpress\/ -->\n<title>Essaie une r\u00e9union Alateen \u00e9lectronique!<\/title>\n<meta name=\"description\" content=\"Les r\u00e9unions Alateen sur l\u2019application mobile sont pour les adolescents \u00e2g\u00e9s de 13 \u00e0 18 ans qui ont \u00e9t\u00e9 affect\u00e9s par la consommation d\u2019alcool d\u2019une autre personne. Nous sommes invit\u00e9s \u00e0 partager notre exp\u00e9rience, notre force et notre espoir avec d\u2019autres adolescents.\" \/>\n<meta name=\"robots\" content=\"index, follow, max-snippet:-1, max-image-preview:large, max-video-preview:-1\" \/>\n<link rel=\"canonical\" href=\"https:\/\/staging.al-anon.org\/fr\/nouveaux-venus\/le-coin-des-adolescents\/reunion-electronique-alateen\/\" \/>\n<meta property=\"og:locale\" content=\"fr_FR\" \/>\n<meta property=\"og:type\" content=\"article\" \/>\n<meta property=\"og:title\" content=\"Essaie une r\u00e9union Alateen \u00e9lectronique!\" \/>\n<meta property=\"og:description\" content=\"Les r\u00e9unions Alateen sur l\u2019application mobile sont pour les adolescents \u00e2g\u00e9s de 13 \u00e0 18 ans qui ont \u00e9t\u00e9 affect\u00e9s par la consommation d\u2019alcool d\u2019une autre personne. Nous sommes invit\u00e9s \u00e0 partager notre exp\u00e9rience, notre force et notre espoir avec d\u2019autres adolescents.\" \/>\n<meta property=\"og:url\" content=\"https:\/\/staging.al-anon.org\/fr\/nouveaux-venus\/le-coin-des-adolescents\/reunion-electronique-alateen\/\" \/>\n<meta property=\"og:site_name\" content=\"Al-Anon Family Groups\" \/>\n<meta property=\"article:publisher\" content=\"http:\/\/www.facebook.com\/AlAnonFamilyGroupsWSO\" \/>\n<meta property=\"article:modified_time\" content=\"2022-01-05T18:14:36+00:00\" \/>\n<meta property=\"og:image\" content=\"https:\/\/staging.al-anon.org\/wp-content\/uploads\/ala_chat.jpg\" \/>\n\t<meta property=\"og:image:width\" content=\"1200\" \/>\n\t<meta property=\"og:image:height\" content=\"450\" \/>\n\t<meta property=\"og:image:type\" content=\"image\/jpeg\" \/>\n<meta name=\"twitter:card\" content=\"summary_large_image\" \/>\n<meta name=\"twitter:site\" content=\"@AlAnon_WSO\" \/>\n<meta name=\"twitter:label1\" content=\"Dur\u00e9e de lecture estim\u00e9e\" \/>\n\t<meta name=\"twitter:data1\" content=\"17 minutes\" \/>\n<script type=\"application\/ld+json\" class=\"yoast-schema-graph\">{\"@context\":\"https:\\\/\\\/schema.org\",\"@graph\":[{\"@type\":\"WebPage\",\"@id\":\"https:\\\/\\\/staging.al-anon.org\\\/fr\\\/nouveaux-venus\\\/le-coin-des-adolescents\\\/reunion-electronique-alateen\\\/\",\"url\":\"https:\\\/\\\/staging.al-anon.org\\\/fr\\\/nouveaux-venus\\\/le-coin-des-adolescents\\\/reunion-electronique-alateen\\\/\",\"name\":\"Essaie une r\u00e9union Alateen \u00e9lectronique!\",\"isPartOf\":{\"@id\":\"https:\\\/\\\/staging.al-anon.org\\\/fr\\\/#website\"},\"primaryImageOfPage\":{\"@id\":\"https:\\\/\\\/staging.al-anon.org\\\/fr\\\/nouveaux-venus\\\/le-coin-des-adolescents\\\/reunion-electronique-alateen\\\/#primaryimage\"},\"image\":{\"@id\":\"https:\\\/\\\/staging.al-anon.org\\\/fr\\\/nouveaux-venus\\\/le-coin-des-adolescents\\\/reunion-electronique-alateen\\\/#primaryimage\"},\"thumbnailUrl\":\"https:\\\/\\\/staging.al-anon.org\\\/wp-content\\\/uploads\\\/ala_chat.jpg\",\"datePublished\":\"2016-07-20T17:38:28+00:00\",\"dateModified\":\"2022-01-05T18:14:36+00:00\",\"description\":\"Les r\u00e9unions Alateen sur l\u2019application mobile sont pour les adolescents \u00e2g\u00e9s de 13 \u00e0 18 ans qui ont \u00e9t\u00e9 affect\u00e9s par la consommation d\u2019alcool d\u2019une autre personne. Nous sommes invit\u00e9s \u00e0 partager notre exp\u00e9rience, notre force et notre espoir avec d\u2019autres adolescents.\",\"breadcrumb\":{\"@id\":\"https:\\\/\\\/staging.al-anon.org\\\/fr\\\/nouveaux-venus\\\/le-coin-des-adolescents\\\/reunion-electronique-alateen\\\/#breadcrumb\"},\"inLanguage\":\"fr-FR\",\"potentialAction\":[{\"@type\":\"ReadAction\",\"target\":[\"https:\\\/\\\/staging.al-anon.org\\\/fr\\\/nouveaux-venus\\\/le-coin-des-adolescents\\\/reunion-electronique-alateen\\\/\"]}]},{\"@type\":\"ImageObject\",\"inLanguage\":\"fr-FR\",\"@id\":\"https:\\\/\\\/staging.al-anon.org\\\/fr\\\/nouveaux-venus\\\/le-coin-des-adolescents\\\/reunion-electronique-alateen\\\/#primaryimage\",\"url\":\"https:\\\/\\\/staging.al-anon.org\\\/wp-content\\\/uploads\\\/ala_chat.jpg\",\"contentUrl\":\"https:\\\/\\\/staging.al-anon.org\\\/wp-content\\\/uploads\\\/ala_chat.jpg\",\"width\":1200,\"height\":450},{\"@type\":\"BreadcrumbList\",\"@id\":\"https:\\\/\\\/staging.al-anon.org\\\/fr\\\/nouveaux-venus\\\/le-coin-des-adolescents\\\/reunion-electronique-alateen\\\/#breadcrumb\",\"itemListElement\":[{\"@type\":\"ListItem\",\"position\":1,\"name\":\"Nouveaux venus\",\"item\":\"https:\\\/\\\/staging.al-anon.org\\\/fr\\\/nouveaux-venus\\\/\"},{\"@type\":\"ListItem\",\"position\":2,\"name\":\"Le coin des adolescents\",\"item\":\"https:\\\/\\\/staging.al-anon.org\\\/fr\\\/nouveaux-venus\\\/le-coin-des-adolescents\\\/\"},{\"@type\":\"ListItem\",\"position\":3,\"name\":\"Clavardage Alateen\"}]},{\"@type\":\"WebSite\",\"@id\":\"https:\\\/\\\/staging.al-anon.org\\\/fr\\\/#website\",\"url\":\"https:\\\/\\\/staging.al-anon.org\\\/fr\\\/\",\"name\":\"Al-Anon Family Groups\",\"description\":\"Help and hope for families and friends of alcoholics\",\"publisher\":{\"@id\":\"https:\\\/\\\/staging.al-anon.org\\\/fr\\\/#organization\"},\"potentialAction\":[{\"@type\":\"SearchAction\",\"target\":{\"@type\":\"EntryPoint\",\"urlTemplate\":\"https:\\\/\\\/staging.al-anon.org\\\/fr\\\/?s={search_term_string}\"},\"query-input\":{\"@type\":\"PropertyValueSpecification\",\"valueRequired\":true,\"valueName\":\"search_term_string\"}}],\"inLanguage\":\"fr-FR\"},{\"@type\":\"Organization\",\"@id\":\"https:\\\/\\\/staging.al-anon.org\\\/fr\\\/#organization\",\"name\":\"Al-Anon Family Group Headquarters, Inc.\",\"url\":\"https:\\\/\\\/staging.al-anon.org\\\/fr\\\/\",\"logo\":{\"@type\":\"ImageObject\",\"inLanguage\":\"fr-FR\",\"@id\":\"https:\\\/\\\/staging.al-anon.org\\\/fr\\\/#\\\/schema\\\/logo\\\/image\\\/\",\"url\":\"https:\\\/\\\/staging.al-anon.org\\\/wp-content\\\/uploads\\\/2017\\\/04\\\/AFGlogo-e1492189694634.jpg\",\"contentUrl\":\"https:\\\/\\\/staging.al-anon.org\\\/wp-content\\\/uploads\\\/2017\\\/04\\\/AFGlogo-e1492189694634.jpg\",\"width\":167,\"height\":50,\"caption\":\"Al-Anon Family Group Headquarters, Inc.\"},\"image\":{\"@id\":\"https:\\\/\\\/staging.al-anon.org\\\/fr\\\/#\\\/schema\\\/logo\\\/image\\\/\"},\"sameAs\":[\"http:\\\/\\\/www.facebook.com\\\/AlAnonFamilyGroupsWSO\",\"https:\\\/\\\/x.com\\\/AlAnon_WSO\",\"http:\\\/\\\/www.instagram.com\\\/alanon_wso\",\"https:\\\/\\\/www.linkedin.com\\\/company\\\/al-anon-wso\\\/\",\"https:\\\/\\\/www.youtube.com\\\/user\\\/AlAnonFamilyGroupHQ\\\/\"]}]}<\/script>\n<!-- \/ Yoast SEO plugin. -->","yoast_head_json":{"title":"Essaie une r\u00e9union Alateen \u00e9lectronique!","description":"Les r\u00e9unions Alateen sur l\u2019application mobile sont pour les adolescents \u00e2g\u00e9s de 13 \u00e0 18 ans qui ont \u00e9t\u00e9 affect\u00e9s par la consommation d\u2019alcool d\u2019une autre personne. Nous sommes invit\u00e9s \u00e0 partager notre exp\u00e9rience, notre force et notre espoir avec d\u2019autres adolescents.","robots":{"index":"index","follow":"follow","max-snippet":"max-snippet:-1","max-image-preview":"max-image-preview:large","max-video-preview":"max-video-preview:-1"},"canonical":"https:\/\/staging.al-anon.org\/fr\/nouveaux-venus\/le-coin-des-adolescents\/reunion-electronique-alateen\/","og_locale":"fr_FR","og_type":"article","og_title":"Essaie une r\u00e9union Alateen \u00e9lectronique!","og_description":"Les r\u00e9unions Alateen sur l\u2019application mobile sont pour les adolescents \u00e2g\u00e9s de 13 \u00e0 18 ans qui ont \u00e9t\u00e9 affect\u00e9s par la consommation d\u2019alcool d\u2019une autre personne. Nous sommes invit\u00e9s \u00e0 partager notre exp\u00e9rience, notre force et notre espoir avec d\u2019autres adolescents.","og_url":"https:\/\/staging.al-anon.org\/fr\/nouveaux-venus\/le-coin-des-adolescents\/reunion-electronique-alateen\/","og_site_name":"Al-Anon Family Groups","article_publisher":"http:\/\/www.facebook.com\/AlAnonFamilyGroupsWSO","article_modified_time":"2022-01-05T18:14:36+00:00","og_image":[{"width":1200,"height":450,"url":"https:\/\/staging.al-anon.org\/wp-content\/uploads\/ala_chat.jpg","type":"image\/jpeg"}],"twitter_card":"summary_large_image","twitter_site":"@AlAnon_WSO","twitter_misc":{"Dur\u00e9e de lecture estim\u00e9e":"17 minutes"},"schema":{"@context":"https:\/\/schema.org","@graph":[{"@type":"WebPage","@id":"https:\/\/staging.al-anon.org\/fr\/nouveaux-venus\/le-coin-des-adolescents\/reunion-electronique-alateen\/","url":"https:\/\/staging.al-anon.org\/fr\/nouveaux-venus\/le-coin-des-adolescents\/reunion-electronique-alateen\/","name":"Essaie une r\u00e9union Alateen \u00e9lectronique!","isPartOf":{"@id":"https:\/\/staging.al-anon.org\/fr\/#website"},"primaryImageOfPage":{"@id":"https:\/\/staging.al-anon.org\/fr\/nouveaux-venus\/le-coin-des-adolescents\/reunion-electronique-alateen\/#primaryimage"},"image":{"@id":"https:\/\/staging.al-anon.org\/fr\/nouveaux-venus\/le-coin-des-adolescents\/reunion-electronique-alateen\/#primaryimage"},"thumbnailUrl":"https:\/\/staging.al-anon.org\/wp-content\/uploads\/ala_chat.jpg","datePublished":"2016-07-20T17:38:28+00:00","dateModified":"2022-01-05T18:14:36+00:00","description":"Les r\u00e9unions Alateen sur l\u2019application mobile sont pour les adolescents \u00e2g\u00e9s de 13 \u00e0 18 ans qui ont \u00e9t\u00e9 affect\u00e9s par la consommation d\u2019alcool d\u2019une autre personne. Nous sommes invit\u00e9s \u00e0 partager notre exp\u00e9rience, notre force et notre espoir avec d\u2019autres adolescents.","breadcrumb":{"@id":"https:\/\/staging.al-anon.org\/fr\/nouveaux-venus\/le-coin-des-adolescents\/reunion-electronique-alateen\/#breadcrumb"},"inLanguage":"fr-FR","potentialAction":[{"@type":"ReadAction","target":["https:\/\/staging.al-anon.org\/fr\/nouveaux-venus\/le-coin-des-adolescents\/reunion-electronique-alateen\/"]}]},{"@type":"ImageObject","inLanguage":"fr-FR","@id":"https:\/\/staging.al-anon.org\/fr\/nouveaux-venus\/le-coin-des-adolescents\/reunion-electronique-alateen\/#primaryimage","url":"https:\/\/staging.al-anon.org\/wp-content\/uploads\/ala_chat.jpg","contentUrl":"https:\/\/staging.al-anon.org\/wp-content\/uploads\/ala_chat.jpg","width":1200,"height":450},{"@type":"BreadcrumbList","@id":"https:\/\/staging.al-anon.org\/fr\/nouveaux-venus\/le-coin-des-adolescents\/reunion-electronique-alateen\/#breadcrumb","itemListElement":[{"@type":"ListItem","position":1,"name":"Nouveaux venus","item":"https:\/\/staging.al-anon.org\/fr\/nouveaux-venus\/"},{"@type":"ListItem","position":2,"name":"Le coin des adolescents","item":"https:\/\/staging.al-anon.org\/fr\/nouveaux-venus\/le-coin-des-adolescents\/"},{"@type":"ListItem","position":3,"name":"Clavardage Alateen"}]},{"@type":"WebSite","@id":"https:\/\/staging.al-anon.org\/fr\/#website","url":"https:\/\/staging.al-anon.org\/fr\/","name":"Al-Anon Family Groups","description":"Help and hope for families and friends of alcoholics","publisher":{"@id":"https:\/\/staging.al-anon.org\/fr\/#organization"},"potentialAction":[{"@type":"SearchAction","target":{"@type":"EntryPoint","urlTemplate":"https:\/\/staging.al-anon.org\/fr\/?s={search_term_string}"},"query-input":{"@type":"PropertyValueSpecification","valueRequired":true,"valueName":"search_term_string"}}],"inLanguage":"fr-FR"},{"@type":"Organization","@id":"https:\/\/staging.al-anon.org\/fr\/#organization","name":"Al-Anon Family Group Headquarters, Inc.","url":"https:\/\/staging.al-anon.org\/fr\/","logo":{"@type":"ImageObject","inLanguage":"fr-FR","@id":"https:\/\/staging.al-anon.org\/fr\/#\/schema\/logo\/image\/","url":"https:\/\/staging.al-anon.org\/wp-content\/uploads\/2017\/04\/AFGlogo-e1492189694634.jpg","contentUrl":"https:\/\/staging.al-anon.org\/wp-content\/uploads\/2017\/04\/AFGlogo-e1492189694634.jpg","width":167,"height":50,"caption":"Al-Anon Family Group Headquarters, Inc."},"image":{"@id":"https:\/\/staging.al-anon.org\/fr\/#\/schema\/logo\/image\/"},"sameAs":["http:\/\/www.facebook.com\/AlAnonFamilyGroupsWSO","https:\/\/x.com\/AlAnon_WSO","http:\/\/www.instagram.com\/alanon_wso","https:\/\/www.linkedin.com\/company\/al-anon-wso\/","https:\/\/www.youtube.com\/user\/AlAnonFamilyGroupHQ\/"]}]}},"_links":{"self":[{"href":"https:\/\/staging.al-anon.org\/fr\/wp-json\/wp\/v2\/pages\/5475","targetHints":{"allow":["GET"]}}],"collection":[{"href":"https:\/\/staging.al-anon.org\/fr\/wp-json\/wp\/v2\/pages"}],"about":[{"href":"https:\/\/staging.al-anon.org\/fr\/wp-json\/wp\/v2\/types\/page"}],"author":[{"embeddable":true,"href":"https:\/\/staging.al-anon.org\/fr\/wp-json\/wp\/v2\/users\/36"}],"replies":[{"embeddable":true,"href":"https:\/\/staging.al-anon.org\/fr\/wp-json\/wp\/v2\/comments?post=5475"}],"version-history":[{"count":18,"href":"https:\/\/staging.al-anon.org\/fr\/wp-json\/wp\/v2\/pages\/5475\/revisions"}],"predecessor-version":[{"id":30624,"href":"https:\/\/staging.al-anon.org\/fr\/wp-json\/wp\/v2\/pages\/5475\/revisions\/30624"}],"up":[{"embeddable":true,"href":"https:\/\/staging.al-anon.org\/fr\/wp-json\/wp\/v2\/pages\/5412"}],"wp:featuredmedia":[{"embeddable":true,"href":"https:\/\/staging.al-anon.org\/fr\/wp-json\/wp\/v2\/media\/20840"}],"wp:attachment":[{"href":"https:\/\/staging.al-anon.org\/fr\/wp-json\/wp\/v2\/media?parent=5475"}],"curies":[{"name":"wp","href":"https:\/\/api.w.org\/{rel}","templated":true}]}}