{"id":5464,"date":"2017-06-21T09:56:42","date_gmt":"2017-06-21T13:56:42","guid":{"rendered":"https:\/\/staging.al-anon.org\/le-coin-des-adolescents\/documentation-alateen\/"},"modified":"2025-09-03T14:31:05","modified_gmt":"2025-09-03T18:31:05","slug":"documentation-alateen","status":"publish","type":"page","link":"https:\/\/staging.al-anon.org\/fr\/nouveaux-venus\/le-coin-des-adolescents\/documentation-alateen\/","title":{"rendered":"Documentation Alateen"},"content":{"rendered":"<div class=\"fusion-fullwidth fullwidth-box fusion-builder-row-1 nonhundred-percent-fullwidth non-hundred-percent-height-scrolling\" style=\"--awb-background-position:left top;--awb-border-sizes-top:0px;--awb-border-sizes-bottom:0px;--awb-border-sizes-left:0px;--awb-border-sizes-right:0px;--awb-border-radius-top-left:0px;--awb-border-radius-top-right:0px;--awb-border-radius-bottom-right:0px;--awb-border-radius-bottom-left:0px;--awb-padding-top:20px;--awb-padding-bottom:20px;--awb-flex-wrap:wrap;\" ><div class=\"fusion-builder-row fusion-row\"><div class=\"fusion-layout-column fusion_builder_column fusion-builder-column-0 fusion_builder_column_1_1 1_1 fusion-one-full fusion-column-first fusion-column-last\" style=\"--awb-bg-size:cover;\"><div class=\"fusion-column-wrapper fusion-flex-column-wrapper-legacy\"><div class=\"fusion-title title fusion-title-1 fusion-sep-none fusion-title-center fusion-title-text fusion-title-size-two\" style=\"--awb-margin-top-small:0px;--awb-margin-right-small:0px;--awb-margin-bottom-small:20px;--awb-margin-left-small:0px;\"><h2 class=\"fusion-title-heading title-heading-center fusion-responsive-typography-calculated\" style=\"margin:0;--fontSize:35;line-height:1.29;\"><h2>Documentation Alateen disponible<\/h2><\/h2><\/div><div class=\"fusion-clearfix\"><\/div><\/div><\/div><div class=\"fusion-layout-column fusion_builder_column fusion-builder-column-1 fusion_builder_column_1_4 1_4 fusion-one-fourth fusion-column-first\" style=\"--awb-bg-size:cover;width:22%; margin-right: 4%;\"><div class=\"fusion-column-wrapper fusion-flex-column-wrapper-legacy\"><div class=\"fusion-title title fusion-title-2 fusion-sep-none fusion-title-center fusion-title-text fusion-title-size-five\" style=\"--awb-margin-top-small:0px;--awb-margin-right-small:0px;--awb-margin-bottom-small:20px;--awb-margin-left-small:0px;\"><h5 class=\"fusion-title-heading title-heading-center fusion-responsive-typography-calculated\" style=\"margin:0;--fontSize:16;--minFontSize:16;line-height:1.13;\"><h5><em><a href=\"\/fr\/nouveaux-venus\/le-coin-des-adolescents\/documentation-alateen\/la-transition-dalateen-a-al-anon\/\">La transition d\u2019Alateen \u00e0 Al\u2011Anon <\/a><\/em><a href=\"\/fr\/nouveaux-venus\/le-coin-des-adolescents\/documentation-alateen\/la-transition-dalateen-a-al-anon\/\">(FP-59)<\/a><\/h5><\/h5><\/div><div class=\"fusion-image-element fusion-image-align-center in-legacy-container\" style=\"text-align:center;--awb-caption-title-font-family:var(--h2_typography-font-family);--awb-caption-title-font-weight:var(--h2_typography-font-weight);--awb-caption-title-font-style:var(--h2_typography-font-style);--awb-caption-title-size:var(--h2_typography-font-size);--awb-caption-title-transform:var(--h2_typography-text-transform);--awb-caption-title-line-height:var(--h2_typography-line-height);--awb-caption-title-letter-spacing:var(--h2_typography-letter-spacing);\"><div class=\"imageframe-align-center\"><span class=\" fusion-imageframe imageframe-none imageframe-1 hover-type-none\"><a class=\"fusion-no-lightbox\" href=\"\/fr\/nouveaux-venus\/le-coin-des-adolescents\/documentation-alateen\/la-transition-dalateen-a-al-anon\/\" target=\"_self\" aria-label=\"FP-59-thmb\"><img decoding=\"async\" width=\"71\" height=\"170\" alt=\"Les anciens membres Alateen d\u00e9crivent leur transition vers Al-Anon alors qu\u2019ils poursuivent leur r\u00e9tablissement. 12 pages.\" src=\"https:\/\/staging.al-anon.org\/wp-content\/uploads\/FP-59-thmb.jpg\" class=\"img-responsive wp-image-42457\" srcset=\"https:\/\/staging.al-anon.org\/wp-content\/uploads\/FP-59-thmb-66x158.jpg 66w, https:\/\/staging.al-anon.org\/wp-content\/uploads\/FP-59-thmb.jpg 71w\" sizes=\"(max-width: 71px) 100vw, 71px\" \/><\/a><\/span><\/div><\/div><div class=\"fusion-sep-clear\"><\/div><div class=\"fusion-separator fusion-full-width-sep\" style=\"margin-left: auto;margin-right: auto;margin-top:10px;margin-bottom:10px;width:100%;\"><\/div><div class=\"fusion-sep-clear\"><\/div><div class=\"fusion-button-wrapper fusion-aligncenter\"><a class=\"fusion-button button-3d button-medium button-default fusion-button-default button-1 fusion-button-span-no \" style=\"--button-border-radius-top-left:50px;--button-border-radius-top-right:50px;--button-border-radius-bottom-right:50px;--button-border-radius-bottom-left:50px;\" target=\"_self\" href=\"\/fr\/blog\/la-transition-alateen-a-al-anon\/\"><span class=\"fusion-button-text awb-button__text awb-button__text--default\"> LIRE UN EXTRAIT<\/span><\/a><\/div><div class=\"fusion-sep-clear\"><\/div><div class=\"fusion-separator fusion-full-width-sep\" style=\"margin-left: auto;margin-right: auto;margin-top:10px;margin-bottom:10px;width:100%;\"><\/div><div class=\"fusion-sep-clear\"><\/div><div class=\"fusion-clearfix\"><\/div><\/div><\/div><div class=\"fusion-layout-column fusion_builder_column fusion-builder-column-2 fusion_builder_column_1_4 1_4 fusion-one-fourth\" style=\"--awb-bg-size:cover;width:22%; margin-right: 4%;\"><div class=\"fusion-column-wrapper fusion-flex-column-wrapper-legacy\"><div class=\"fusion-title title fusion-title-3 fusion-sep-none fusion-title-center fusion-title-text fusion-title-size-five\" style=\"--awb-margin-top-small:0px;--awb-margin-right-small:0px;--awb-margin-bottom-small:20px;--awb-margin-left-small:0px;\"><h5 class=\"fusion-title-heading title-heading-center fusion-responsive-typography-calculated\" style=\"margin:0;--fontSize:16;--minFontSize:16;line-height:1.13;\"><h5><em><a href=\"\/fr\/nouveaux-venus\/le-coin-des-adolescents\/documentation-alateen\/alateen-4-etape-inventaire\/\">Alateen 4 \u00c9tape\u00a0: inventaire <\/a><\/em><a href=\"\/fr\/nouveaux-venus\/le-coin-des-adolescents\/documentation-alateen\/alateen-4-etape-inventaire\/\">(FP\u201164)<\/a><\/h5><\/h5><\/div><div class=\"fusion-image-element fusion-image-align-center in-legacy-container\" style=\"text-align:center;--awb-caption-title-font-family:var(--h2_typography-font-family);--awb-caption-title-font-weight:var(--h2_typography-font-weight);--awb-caption-title-font-style:var(--h2_typography-font-style);--awb-caption-title-size:var(--h2_typography-font-size);--awb-caption-title-transform:var(--h2_typography-text-transform);--awb-caption-title-line-height:var(--h2_typography-line-height);--awb-caption-title-letter-spacing:var(--h2_typography-letter-spacing);\"><div class=\"imageframe-align-center\"><span class=\" fusion-imageframe imageframe-none imageframe-2 hover-type-none\"><a class=\"fusion-no-lightbox\" href=\"\/fr\/nouveaux-venus\/le-coin-des-adolescents\/documentation-alateen\/alateen-4-etape-inventaire\/\" target=\"_self\" aria-label=\"FP-64-Thumb\"><img decoding=\"async\" width=\"116\" height=\"152\" alt=\"Alateen - 4e \u00c9tape Al-Anon : Inventaire (FP-64)\" src=\"https:\/\/staging.al-anon.org\/wp-content\/uploads\/FP-64-Thumb.png\" class=\"img-responsive wp-image-41749\"\/><\/a><\/span><\/div><\/div><div class=\"fusion-sep-clear\"><\/div><div class=\"fusion-separator fusion-full-width-sep\" style=\"margin-left: auto;margin-right: auto;margin-top:10px;margin-bottom:10px;width:100%;\"><\/div><div class=\"fusion-sep-clear\"><\/div><div class=\"fusion-button-wrapper fusion-aligncenter\"><a class=\"fusion-button button-3d button-medium button-default fusion-button-default button-2 fusion-button-span-no \" style=\"--button-border-radius-top-left:50px;--button-border-radius-top-right:50px;--button-border-radius-bottom-right:50px;--button-border-radius-bottom-left:50px;\" target=\"_self\" href=\"\/fr\/blog\/alateen-4-etape-inventaire\/\"><span class=\"fusion-button-text awb-button__text awb-button__text--default\"> LIRE UN EXTRAIT<\/span><\/a><\/div><div class=\"fusion-sep-clear\"><\/div><div class=\"fusion-separator fusion-full-width-sep\" style=\"margin-left: auto;margin-right: auto;margin-top:10px;margin-bottom:10px;width:100%;\"><\/div><div class=\"fusion-sep-clear\"><\/div><div class=\"fusion-clearfix\"><\/div><\/div><\/div><div class=\"fusion-layout-column fusion_builder_column fusion-builder-column-3 fusion_builder_column_1_4 1_4 fusion-one-fourth\" style=\"--awb-bg-size:cover;width:22%; margin-right: 4%;\"><div class=\"fusion-column-wrapper fusion-flex-column-wrapper-legacy\"><div class=\"fusion-title title fusion-title-4 fusion-sep-none fusion-title-center fusion-title-text fusion-title-size-five\" style=\"--awb-margin-top-small:0px;--awb-margin-right-small:0px;--awb-margin-bottom-small:20px;--awb-margin-left-small:0px;\"><h5 class=\"fusion-title-heading title-heading-center fusion-responsive-typography-calculated\" style=\"margin:0;--fontSize:16;--minFontSize:16;line-height:1.13;\"><h5><em><a href=\"\/fr\/nouveaux-venus\/le-coin-des-adolescents\/documentation-alateen\/alateen-un-espoir-pour-les-enfants-des-alcooliques-efb3\/\">Alateen&#8211;un espoir pour les enfants des alcooliques <\/a><\/em><a href=\"\/fr\/nouveaux-venus\/le-coin-des-adolescents\/documentation-alateen\/alateen-un-espoir-pour-les-enfants-des-alcooliques-efb3\/\">(FB\u20113)<\/a><\/h5><\/h5><\/div><div class=\"fusion-image-element fusion-image-align-center in-legacy-container\" style=\"text-align:center;--awb-caption-title-font-family:var(--h2_typography-font-family);--awb-caption-title-font-weight:var(--h2_typography-font-weight);--awb-caption-title-font-style:var(--h2_typography-font-style);--awb-caption-title-size:var(--h2_typography-font-size);--awb-caption-title-transform:var(--h2_typography-text-transform);--awb-caption-title-line-height:var(--h2_typography-line-height);--awb-caption-title-letter-spacing:var(--h2_typography-letter-spacing);\"><div class=\"imageframe-align-center\"><span class=\" fusion-imageframe imageframe-none imageframe-3 hover-type-none\"><a class=\"fusion-no-lightbox\" href=\"\/fr\/nouveaux-venus\/le-coin-des-adolescents\/documentation-alateen\/alateen-un-espoir-pour-les-enfants-des-alcooliques-efb3\/\" target=\"_blank\" aria-label=\"FB-3-Thumb\" rel=\"noopener noreferrer\"><img decoding=\"async\" width=\"115\" height=\"186\" alt=\"Alateen\u2013un espoir pour les enfants des alcooliques (FB-3)\" src=\"https:\/\/staging.al-anon.org\/wp-content\/uploads\/FB-3-Thumb.jpg\" class=\"img-responsive wp-image-41793\"\/><\/a><\/span><\/div><\/div><div class=\"fusion-sep-clear\"><\/div><div class=\"fusion-separator fusion-full-width-sep\" style=\"margin-left: auto;margin-right: auto;margin-top:10px;margin-bottom:10px;width:100%;\"><\/div><div class=\"fusion-sep-clear\"><\/div><div class=\"fusion-button-wrapper fusion-aligncenter\"><a class=\"fusion-button button-3d button-medium button-default fusion-button-default button-3 fusion-button-span-no \" style=\"--button-border-radius-top-left:50px;--button-border-radius-top-right:50px;--button-border-radius-bottom-right:50px;--button-border-radius-bottom-left:50px;\" target=\"_self\" href=\"\/fr\/blog\/alateen-un-espoir-pour-les-enfants-des-alcooliques\/\"><span class=\"fusion-button-text awb-button__text awb-button__text--default\"> LIRE UN EXTRAIT<\/span><\/a><\/div><div class=\"fusion-sep-clear\"><\/div><div class=\"fusion-separator fusion-full-width-sep\" style=\"margin-left: auto;margin-right: auto;margin-top:10px;margin-bottom:10px;width:100%;\"><\/div><div class=\"fusion-sep-clear\"><\/div><div class=\"fusion-clearfix\"><\/div><\/div><\/div><div class=\"fusion-layout-column fusion_builder_column fusion-builder-column-4 fusion_builder_column_1_4 1_4 fusion-one-fourth fusion-column-last\" style=\"--awb-bg-size:cover;width:22%;\"><div class=\"fusion-column-wrapper fusion-flex-column-wrapper-legacy\"><div class=\"fusion-title title fusion-title-5 fusion-sep-none fusion-title-center fusion-title-text fusion-title-size-five\" style=\"--awb-margin-top-small:0px;--awb-margin-right-small:0px;--awb-margin-bottom-small:20px;--awb-margin-left-small:0px;\"><h5 class=\"fusion-title-heading title-heading-center fusion-responsive-typography-calculated\" style=\"margin:0;--fontSize:16;--minFontSize:16;line-height:1.13;\"><h5><em><a href=\"https:\/\/ecomm.al-anon.org\/ItemDetail?iProductCode=FB10\">La transition d&rsquo;Alateen \u00e0 Al\u2011Anon <\/a><\/em><a href=\"https:\/\/ecomm.al-anon.org\/ItemDetail?iProductCode=FB10\">(FB\u201110)<\/a><\/h5><\/h5><\/div><div class=\"fusion-image-element fusion-image-align-center in-legacy-container\" style=\"text-align:center;--awb-caption-title-font-family:var(--h2_typography-font-family);--awb-caption-title-font-weight:var(--h2_typography-font-weight);--awb-caption-title-font-style:var(--h2_typography-font-style);--awb-caption-title-size:var(--h2_typography-font-size);--awb-caption-title-transform:var(--h2_typography-text-transform);--awb-caption-title-line-height:var(--h2_typography-line-height);--awb-caption-title-letter-spacing:var(--h2_typography-letter-spacing);\"><div class=\"imageframe-align-center\"><span class=\" fusion-imageframe imageframe-none imageframe-4 hover-type-none\"><a class=\"fusion-no-lightbox\" href=\"\/pdf\/2020_FS15.pdf\" target=\"_blank\" aria-label=\"FB-10-Thumb\" rel=\"noopener noreferrer\"><img decoding=\"async\" width=\"115\" height=\"195\" alt=\"Alateen\u2013un jour \u00e0 la fois (FB-10)\" src=\"https:\/\/staging.al-anon.org\/wp-content\/uploads\/FB-10-Thumb.jpg\" class=\"img-responsive wp-image-41790\"\/><\/a><\/span><\/div><\/div><div class=\"fusion-clearfix\"><\/div><\/div><\/div><\/div><\/div>\n","protected":false},"excerpt":{"rendered":"","protected":false},"author":36,"featured_media":20844,"parent":5412,"menu_order":2,"comment_status":"closed","ping_status":"closed","template":"","meta":{"footnotes":""},"class_list":["post-5464","page","type-page","status-publish","has-post-thumbnail","hentry"],"yoast_head":"<!-- This site is optimized with the Yoast SEO plugin v27.4 - https:\/\/yoast.com\/product\/yoast-seo-wordpress\/ -->\n<title>Documentation Alateen - Groupes Familiaux Al-Anon<\/title>\n<meta name=\"description\" content=\"Explorer la litt\u00e9rature Al-Anon, contenant des pens\u00e9es et des histoires de personnes touch\u00e9es par un aim\u00e9e son alcoolisme. Emportez-le avec vous n\u2019importe o\u00f9, n\u2019importe quand pour la prise en charge.\" \/>\n<meta name=\"robots\" content=\"index, follow, max-snippet:-1, max-image-preview:large, max-video-preview:-1\" \/>\n<link rel=\"canonical\" href=\"https:\/\/staging.al-anon.org\/fr\/nouveaux-venus\/le-coin-des-adolescents\/documentation-alateen\/\" \/>\n<meta property=\"og:locale\" content=\"fr_FR\" \/>\n<meta property=\"og:type\" content=\"article\" \/>\n<meta property=\"og:title\" content=\"Documentation Alateen - Groupes Familiaux Al-Anon\" \/>\n<meta property=\"og:description\" content=\"Explorer la litt\u00e9rature Al-Anon, contenant des pens\u00e9es et des histoires de personnes touch\u00e9es par un aim\u00e9e son alcoolisme. Emportez-le avec vous n\u2019importe o\u00f9, n\u2019importe quand pour la prise en charge.\" \/>\n<meta property=\"og:url\" content=\"https:\/\/staging.al-anon.org\/fr\/nouveaux-venus\/le-coin-des-adolescents\/documentation-alateen\/\" \/>\n<meta property=\"og:site_name\" content=\"Al-Anon Family Groups\" \/>\n<meta property=\"article:publisher\" content=\"http:\/\/www.facebook.com\/AlAnonFamilyGroupsWSO\" \/>\n<meta property=\"article:modified_time\" content=\"2025-09-03T18:31:05+00:00\" \/>\n<meta property=\"og:image\" content=\"https:\/\/staging.al-anon.org\/wp-content\/uploads\/literature.jpg\" \/>\n\t<meta property=\"og:image:width\" content=\"1200\" \/>\n\t<meta property=\"og:image:height\" content=\"450\" \/>\n\t<meta property=\"og:image:type\" content=\"image\/jpeg\" \/>\n<meta name=\"twitter:card\" content=\"summary_large_image\" \/>\n<meta name=\"twitter:site\" content=\"@AlAnon_WSO\" \/>\n<meta name=\"twitter:label1\" content=\"Dur\u00e9e de lecture estim\u00e9e\" \/>\n\t<meta name=\"twitter:data1\" content=\"2 minutes\" \/>\n<script type=\"application\/ld+json\" class=\"yoast-schema-graph\">{\"@context\":\"https:\\\/\\\/schema.org\",\"@graph\":[{\"@type\":\"WebPage\",\"@id\":\"https:\\\/\\\/staging.al-anon.org\\\/fr\\\/nouveaux-venus\\\/le-coin-des-adolescents\\\/documentation-alateen\\\/\",\"url\":\"https:\\\/\\\/staging.al-anon.org\\\/fr\\\/nouveaux-venus\\\/le-coin-des-adolescents\\\/documentation-alateen\\\/\",\"name\":\"Documentation Alateen - Groupes Familiaux Al-Anon\",\"isPartOf\":{\"@id\":\"https:\\\/\\\/staging.al-anon.org\\\/fr\\\/#website\"},\"primaryImageOfPage\":{\"@id\":\"https:\\\/\\\/staging.al-anon.org\\\/fr\\\/nouveaux-venus\\\/le-coin-des-adolescents\\\/documentation-alateen\\\/#primaryimage\"},\"image\":{\"@id\":\"https:\\\/\\\/staging.al-anon.org\\\/fr\\\/nouveaux-venus\\\/le-coin-des-adolescents\\\/documentation-alateen\\\/#primaryimage\"},\"thumbnailUrl\":\"https:\\\/\\\/staging.al-anon.org\\\/wp-content\\\/uploads\\\/literature.jpg\",\"datePublished\":\"2017-06-21T13:56:42+00:00\",\"dateModified\":\"2025-09-03T18:31:05+00:00\",\"description\":\"Explorer la litt\u00e9rature Al-Anon, contenant des pens\u00e9es et des histoires de personnes touch\u00e9es par un aim\u00e9e son alcoolisme. Emportez-le avec vous n\u2019importe o\u00f9, n\u2019importe quand pour la prise en charge.\",\"breadcrumb\":{\"@id\":\"https:\\\/\\\/staging.al-anon.org\\\/fr\\\/nouveaux-venus\\\/le-coin-des-adolescents\\\/documentation-alateen\\\/#breadcrumb\"},\"inLanguage\":\"fr-FR\",\"potentialAction\":[{\"@type\":\"ReadAction\",\"target\":[\"https:\\\/\\\/staging.al-anon.org\\\/fr\\\/nouveaux-venus\\\/le-coin-des-adolescents\\\/documentation-alateen\\\/\"]}]},{\"@type\":\"ImageObject\",\"inLanguage\":\"fr-FR\",\"@id\":\"https:\\\/\\\/staging.al-anon.org\\\/fr\\\/nouveaux-venus\\\/le-coin-des-adolescents\\\/documentation-alateen\\\/#primaryimage\",\"url\":\"https:\\\/\\\/staging.al-anon.org\\\/wp-content\\\/uploads\\\/literature.jpg\",\"contentUrl\":\"https:\\\/\\\/staging.al-anon.org\\\/wp-content\\\/uploads\\\/literature.jpg\",\"width\":1200,\"height\":450},{\"@type\":\"BreadcrumbList\",\"@id\":\"https:\\\/\\\/staging.al-anon.org\\\/fr\\\/nouveaux-venus\\\/le-coin-des-adolescents\\\/documentation-alateen\\\/#breadcrumb\",\"itemListElement\":[{\"@type\":\"ListItem\",\"position\":1,\"name\":\"Nouveaux venus\",\"item\":\"https:\\\/\\\/staging.al-anon.org\\\/fr\\\/nouveaux-venus\\\/\"},{\"@type\":\"ListItem\",\"position\":2,\"name\":\"Le coin des adolescents\",\"item\":\"https:\\\/\\\/staging.al-anon.org\\\/fr\\\/nouveaux-venus\\\/le-coin-des-adolescents\\\/\"},{\"@type\":\"ListItem\",\"position\":3,\"name\":\"Documentation Alateen\"}]},{\"@type\":\"WebSite\",\"@id\":\"https:\\\/\\\/staging.al-anon.org\\\/fr\\\/#website\",\"url\":\"https:\\\/\\\/staging.al-anon.org\\\/fr\\\/\",\"name\":\"Al-Anon Family Groups\",\"description\":\"Help and hope for families and friends of alcoholics\",\"publisher\":{\"@id\":\"https:\\\/\\\/staging.al-anon.org\\\/fr\\\/#organization\"},\"potentialAction\":[{\"@type\":\"SearchAction\",\"target\":{\"@type\":\"EntryPoint\",\"urlTemplate\":\"https:\\\/\\\/staging.al-anon.org\\\/fr\\\/?s={search_term_string}\"},\"query-input\":{\"@type\":\"PropertyValueSpecification\",\"valueRequired\":true,\"valueName\":\"search_term_string\"}}],\"inLanguage\":\"fr-FR\"},{\"@type\":\"Organization\",\"@id\":\"https:\\\/\\\/staging.al-anon.org\\\/fr\\\/#organization\",\"name\":\"Al-Anon Family Group Headquarters, Inc.\",\"url\":\"https:\\\/\\\/staging.al-anon.org\\\/fr\\\/\",\"logo\":{\"@type\":\"ImageObject\",\"inLanguage\":\"fr-FR\",\"@id\":\"https:\\\/\\\/staging.al-anon.org\\\/fr\\\/#\\\/schema\\\/logo\\\/image\\\/\",\"url\":\"https:\\\/\\\/staging.al-anon.org\\\/wp-content\\\/uploads\\\/2017\\\/04\\\/AFGlogo-e1492189694634.jpg\",\"contentUrl\":\"https:\\\/\\\/staging.al-anon.org\\\/wp-content\\\/uploads\\\/2017\\\/04\\\/AFGlogo-e1492189694634.jpg\",\"width\":167,\"height\":50,\"caption\":\"Al-Anon Family Group Headquarters, Inc.\"},\"image\":{\"@id\":\"https:\\\/\\\/staging.al-anon.org\\\/fr\\\/#\\\/schema\\\/logo\\\/image\\\/\"},\"sameAs\":[\"http:\\\/\\\/www.facebook.com\\\/AlAnonFamilyGroupsWSO\",\"https:\\\/\\\/x.com\\\/AlAnon_WSO\",\"http:\\\/\\\/www.instagram.com\\\/alanon_wso\",\"https:\\\/\\\/www.linkedin.com\\\/company\\\/al-anon-wso\\\/\",\"https:\\\/\\\/www.youtube.com\\\/user\\\/AlAnonFamilyGroupHQ\\\/\"]}]}<\/script>\n<!-- \/ Yoast SEO plugin. -->","yoast_head_json":{"title":"Documentation Alateen - Groupes Familiaux Al-Anon","description":"Explorer la litt\u00e9rature Al-Anon, contenant des pens\u00e9es et des histoires de personnes touch\u00e9es par un aim\u00e9e son alcoolisme. Emportez-le avec vous n\u2019importe o\u00f9, n\u2019importe quand pour la prise en charge.","robots":{"index":"index","follow":"follow","max-snippet":"max-snippet:-1","max-image-preview":"max-image-preview:large","max-video-preview":"max-video-preview:-1"},"canonical":"https:\/\/staging.al-anon.org\/fr\/nouveaux-venus\/le-coin-des-adolescents\/documentation-alateen\/","og_locale":"fr_FR","og_type":"article","og_title":"Documentation Alateen - Groupes Familiaux Al-Anon","og_description":"Explorer la litt\u00e9rature Al-Anon, contenant des pens\u00e9es et des histoires de personnes touch\u00e9es par un aim\u00e9e son alcoolisme. Emportez-le avec vous n\u2019importe o\u00f9, n\u2019importe quand pour la prise en charge.","og_url":"https:\/\/staging.al-anon.org\/fr\/nouveaux-venus\/le-coin-des-adolescents\/documentation-alateen\/","og_site_name":"Al-Anon Family Groups","article_publisher":"http:\/\/www.facebook.com\/AlAnonFamilyGroupsWSO","article_modified_time":"2025-09-03T18:31:05+00:00","og_image":[{"width":1200,"height":450,"url":"https:\/\/staging.al-anon.org\/wp-content\/uploads\/literature.jpg","type":"image\/jpeg"}],"twitter_card":"summary_large_image","twitter_site":"@AlAnon_WSO","twitter_misc":{"Dur\u00e9e de lecture estim\u00e9e":"2 minutes"},"schema":{"@context":"https:\/\/schema.org","@graph":[{"@type":"WebPage","@id":"https:\/\/staging.al-anon.org\/fr\/nouveaux-venus\/le-coin-des-adolescents\/documentation-alateen\/","url":"https:\/\/staging.al-anon.org\/fr\/nouveaux-venus\/le-coin-des-adolescents\/documentation-alateen\/","name":"Documentation Alateen - Groupes Familiaux Al-Anon","isPartOf":{"@id":"https:\/\/staging.al-anon.org\/fr\/#website"},"primaryImageOfPage":{"@id":"https:\/\/staging.al-anon.org\/fr\/nouveaux-venus\/le-coin-des-adolescents\/documentation-alateen\/#primaryimage"},"image":{"@id":"https:\/\/staging.al-anon.org\/fr\/nouveaux-venus\/le-coin-des-adolescents\/documentation-alateen\/#primaryimage"},"thumbnailUrl":"https:\/\/staging.al-anon.org\/wp-content\/uploads\/literature.jpg","datePublished":"2017-06-21T13:56:42+00:00","dateModified":"2025-09-03T18:31:05+00:00","description":"Explorer la litt\u00e9rature Al-Anon, contenant des pens\u00e9es et des histoires de personnes touch\u00e9es par un aim\u00e9e son alcoolisme. Emportez-le avec vous n\u2019importe o\u00f9, n\u2019importe quand pour la prise en charge.","breadcrumb":{"@id":"https:\/\/staging.al-anon.org\/fr\/nouveaux-venus\/le-coin-des-adolescents\/documentation-alateen\/#breadcrumb"},"inLanguage":"fr-FR","potentialAction":[{"@type":"ReadAction","target":["https:\/\/staging.al-anon.org\/fr\/nouveaux-venus\/le-coin-des-adolescents\/documentation-alateen\/"]}]},{"@type":"ImageObject","inLanguage":"fr-FR","@id":"https:\/\/staging.al-anon.org\/fr\/nouveaux-venus\/le-coin-des-adolescents\/documentation-alateen\/#primaryimage","url":"https:\/\/staging.al-anon.org\/wp-content\/uploads\/literature.jpg","contentUrl":"https:\/\/staging.al-anon.org\/wp-content\/uploads\/literature.jpg","width":1200,"height":450},{"@type":"BreadcrumbList","@id":"https:\/\/staging.al-anon.org\/fr\/nouveaux-venus\/le-coin-des-adolescents\/documentation-alateen\/#breadcrumb","itemListElement":[{"@type":"ListItem","position":1,"name":"Nouveaux venus","item":"https:\/\/staging.al-anon.org\/fr\/nouveaux-venus\/"},{"@type":"ListItem","position":2,"name":"Le coin des adolescents","item":"https:\/\/staging.al-anon.org\/fr\/nouveaux-venus\/le-coin-des-adolescents\/"},{"@type":"ListItem","position":3,"name":"Documentation Alateen"}]},{"@type":"WebSite","@id":"https:\/\/staging.al-anon.org\/fr\/#website","url":"https:\/\/staging.al-anon.org\/fr\/","name":"Al-Anon Family Groups","description":"Help and hope for families and friends of alcoholics","publisher":{"@id":"https:\/\/staging.al-anon.org\/fr\/#organization"},"potentialAction":[{"@type":"SearchAction","target":{"@type":"EntryPoint","urlTemplate":"https:\/\/staging.al-anon.org\/fr\/?s={search_term_string}"},"query-input":{"@type":"PropertyValueSpecification","valueRequired":true,"valueName":"search_term_string"}}],"inLanguage":"fr-FR"},{"@type":"Organization","@id":"https:\/\/staging.al-anon.org\/fr\/#organization","name":"Al-Anon Family Group Headquarters, Inc.","url":"https:\/\/staging.al-anon.org\/fr\/","logo":{"@type":"ImageObject","inLanguage":"fr-FR","@id":"https:\/\/staging.al-anon.org\/fr\/#\/schema\/logo\/image\/","url":"https:\/\/staging.al-anon.org\/wp-content\/uploads\/2017\/04\/AFGlogo-e1492189694634.jpg","contentUrl":"https:\/\/staging.al-anon.org\/wp-content\/uploads\/2017\/04\/AFGlogo-e1492189694634.jpg","width":167,"height":50,"caption":"Al-Anon Family Group Headquarters, Inc."},"image":{"@id":"https:\/\/staging.al-anon.org\/fr\/#\/schema\/logo\/image\/"},"sameAs":["http:\/\/www.facebook.com\/AlAnonFamilyGroupsWSO","https:\/\/x.com\/AlAnon_WSO","http:\/\/www.instagram.com\/alanon_wso","https:\/\/www.linkedin.com\/company\/al-anon-wso\/","https:\/\/www.youtube.com\/user\/AlAnonFamilyGroupHQ\/"]}]}},"_links":{"self":[{"href":"https:\/\/staging.al-anon.org\/fr\/wp-json\/wp\/v2\/pages\/5464","targetHints":{"allow":["GET"]}}],"collection":[{"href":"https:\/\/staging.al-anon.org\/fr\/wp-json\/wp\/v2\/pages"}],"about":[{"href":"https:\/\/staging.al-anon.org\/fr\/wp-json\/wp\/v2\/types\/page"}],"author":[{"embeddable":true,"href":"https:\/\/staging.al-anon.org\/fr\/wp-json\/wp\/v2\/users\/36"}],"replies":[{"embeddable":true,"href":"https:\/\/staging.al-anon.org\/fr\/wp-json\/wp\/v2\/comments?post=5464"}],"version-history":[{"count":19,"href":"https:\/\/staging.al-anon.org\/fr\/wp-json\/wp\/v2\/pages\/5464\/revisions"}],"predecessor-version":[{"id":45915,"href":"https:\/\/staging.al-anon.org\/fr\/wp-json\/wp\/v2\/pages\/5464\/revisions\/45915"}],"up":[{"embeddable":true,"href":"https:\/\/staging.al-anon.org\/fr\/wp-json\/wp\/v2\/pages\/5412"}],"wp:featuredmedia":[{"embeddable":true,"href":"https:\/\/staging.al-anon.org\/fr\/wp-json\/wp\/v2\/media\/20844"}],"wp:attachment":[{"href":"https:\/\/staging.al-anon.org\/fr\/wp-json\/wp\/v2\/media?parent=5464"}],"curies":[{"name":"wp","href":"https:\/\/api.w.org\/{rel}","templated":true}]}}