{"id":5336,"date":"2017-06-19T14:27:40","date_gmt":"2017-06-19T18:27:40","guid":{"rendered":"https:\/\/staging.al-anon.org\/decouvrez-si-al-anonalateen-peut-vous-aider\/avez-vous-grandi-aupres-dun-buveur-probleme\/"},"modified":"2023-08-09T10:10:47","modified_gmt":"2023-08-09T14:10:47","slug":"avez-vous-grandi-aupres-dun-buveur-probleme","status":"publish","type":"page","link":"https:\/\/staging.al-anon.org\/fr\/nouveaux-venus\/decouvrez-si-al-anonalateen-peut-vous-aider\/avez-vous-grandi-aupres-dun-buveur-probleme\/","title":{"rendered":"Avez-vous grandi aupr\u00e8s d\u2019un buveur probl\u00e8me?"},"content":{"rendered":"<div class=\"fusion-fullwidth fullwidth-box fusion-builder-row-1 nonhundred-percent-fullwidth non-hundred-percent-height-scrolling\" style=\"--awb-background-position:left top;--awb-border-sizes-top:0px;--awb-border-sizes-bottom:0px;--awb-border-sizes-left:0px;--awb-border-sizes-right:0px;--awb-border-radius-top-left:0px;--awb-border-radius-top-right:0px;--awb-border-radius-bottom-right:0px;--awb-border-radius-bottom-left:0px;--awb-padding-top:20px;--awb-padding-bottom:20px;--awb-flex-wrap:wrap;\" ><div class=\"fusion-builder-row fusion-row\"><div class=\"fusion-layout-column fusion_builder_column fusion-builder-column-0 fusion_builder_column_1_1 1_1 fusion-one-full fusion-column-first fusion-column-last\" style=\"--awb-bg-size:cover;\"><div class=\"fusion-column-wrapper fusion-flex-column-wrapper-legacy\"><div class=\"fusion-title title fusion-title-1 fusion-sep-none fusion-title-center fusion-title-text fusion-title-size-two\" style=\"--awb-margin-top-small:0px;--awb-margin-right-small:0px;--awb-margin-bottom-small:20px;--awb-margin-left-small:0px;\"><h2 class=\"fusion-title-heading title-heading-center fusion-responsive-typography-calculated\" style=\"margin:0;--fontSize:35;line-height:1.29;\">Avez-vous grandi aupr\u00e8s d\u2019un buveur probl\u00e8me?<\/p><\/h2><\/div><div class=\"fusion-clearfix\"><\/div><\/div><\/div><div class=\"fusion-layout-column fusion_builder_column fusion-builder-column-1 fusion_builder_column_1_6 1_6 fusion-one-sixth fusion-column-first\" style=\"--awb-bg-size:cover;width:13.3333%; margin-right: 4%;\"><div class=\"fusion-column-wrapper fusion-flex-column-wrapper-legacy\"><div class=\"fusion-clearfix\"><\/div><\/div><\/div><div class=\"fusion-layout-column fusion_builder_column fusion-builder-column-2 fusion_builder_column_2_3 2_3 fusion-two-third\" style=\"--awb-bg-size:cover;width:65.3333%; margin-right: 4%;\"><div class=\"fusion-column-wrapper fusion-flex-column-wrapper-legacy\"><div class=\"fusion-text fusion-text-1\"><p>Si une personne de votre entourage, tel qu\u2019un membre de votre famille, un ami, un coll\u00e8gue de travail ou un voisin a \u2013 ou a eu \u2013 un probl\u00e8me de consommation d\u2019alcool, les questions suivantes peuvent vous aider \u00e0 d\u00e9terminer si Al-Anon est pour vous.<\/p>\n<ol>\n<li>Recherchez&#8209;vous constamment l\u2019approbation et l\u2019assentiment d\u2019autrui?<\/li>\n<li>\u00cates-vous incapable de reconna\u00eetre vos talents?<\/li>\n<li>Avez-vous peur de la critique?<\/li>\n<li>Avez-vous tendance \u00e0 faire plus que votre part?<\/li>\n<li>Avez-vous eu des ennuis avec votre propre comportement compulsif?<\/li>\n<li>Recherchez-vous la perfection?<\/li>\n<li>\u00cates-vous anxieux quand tout va bien dans votre vie, anticipant continuellement des difficult\u00e9s?<\/li>\n<li>Vous sentez-vous plus alerte au milieu d\u2019une situation de crise?<\/li>\n<li>Vous sentez-vous encore responsable des autres, comme vous le faisiez avec l\u2019alcoolique dans votre vie?<\/li>\n<li>Vous inqui\u00e9tez-vous facilement des autres, tout en trouvant difficile de vous occuper de vous-m\u00eame?<\/li>\n<li>Vous isolez\u2011vous des autres?<\/li>\n<li>Avez-vous peur devant des personnes en col\u00e8re ou faisant figure d\u2019autorit\u00e9?<\/li>\n<li>Avez-vous l\u2019impression que les gens et la soci\u00e9t\u00e9 en g\u00e9n\u00e9ral abusent de vous?<\/li>\n<li>Avez-vous des ennuis avec vos relations personnelles intimes?<\/li>\n<li>Confondez-vous la piti\u00e9 et l\u2019amour, comme vous le faisiez avec l\u2019alcoolique?<\/li>\n<li>Attirez-vous et\/ou recherchez-vous les gens qui ont un comportement compulsif et\/ou abusif?<\/li>\n<li>Vous agrippez-vous \u00e0 vos amis parce que vous avez peur d\u2019\u00eatre seul?<\/li>\n<li>Vous arrive-t-il souvent de vous m\u00e9fier de vos propres sentiments et de ceux exprim\u00e9s par les autres?<\/li>\n<li>Avez&#8209;vous de la difficult\u00e9 \u00e0 identifier et \u00e0 exprimer vos sentiments?<\/li>\n<li>Croyez-vous que la consommation d\u2019alcool de vos parents peut vous avoir affect\u00e9?<\/li>\n<\/ol>\n<p><strong data-redactor-tag=\"strong\">Si vous avez r\u00e9pondu <em data-redactor-tag=\"em\">oui<\/em> \u00e0 certaines ou \u00e0 toutes ces questions, Al-Anon peut vous aider.<\/strong><\/p>\n<p>L\u2019alcoolisme est un mal familial. Ceux d\u2019entre nous qui ont grandi dans le contexte de cette maladie \u00e9tant enfants \u00e9prouvent parfois des probl\u00e8mes que le programme Al&#8209;Anon peut nous aider \u00e0 r\u00e9soudre.<\/p>\n<\/div><div class=\"fusion-button-wrapper fusion-aligncenter\"><a class=\"fusion-button button-flat fusion-button-default-size button-default fusion-button-default button-1 fusion-button-span-no fusion-button-default-type\" style=\"--button-border-radius-top-left:25px;--button-border-radius-top-right:25px;--button-border-radius-bottom-right:25px;--button-border-radius-bottom-left:25px;\" target=\"_blank\" rel=\"noopener noreferrer\" href=\"\/fr\/reunions-al-anon\/outil-de-recherche-pour-les-reunions-al-anon\/\"><span class=\"fusion-button-text awb-button__text awb-button__text--default\">Trouver une r\u00e9union Al-Anon<\/span><\/a><\/div><div class=\"fusion-clearfix\"><\/div><\/div><\/div><div class=\"fusion-layout-column fusion_builder_column fusion-builder-column-3 fusion_builder_column_1_6 1_6 fusion-one-sixth fusion-column-last\" style=\"--awb-bg-size:cover;width:13.3333%;\"><div class=\"fusion-column-wrapper fusion-flex-column-wrapper-legacy\"><div class=\"fusion-clearfix\"><\/div><\/div><\/div><\/div><\/div>\n","protected":false},"excerpt":{"rendered":"","protected":false},"author":36,"featured_media":20830,"parent":5266,"menu_order":1,"comment_status":"closed","ping_status":"closed","template":"","meta":{"footnotes":""},"class_list":["post-5336","page","type-page","status-publish","has-post-thumbnail","hentry"],"yoast_head":"<!-- This site is optimized with the Yoast SEO plugin v27.4 - https:\/\/yoast.com\/product\/yoast-seo-wordpress\/ -->\n<title>L&#039;adulte s&#039;est enrichi d&#039;un Quiz Alcoolique | Groupes familiaux Al-Anon<\/title>\n<meta name=\"description\" content=\"Al-Anon peut aider \u00e0 am\u00e9liorer sa vie. Pour les r\u00e9unions locales d&#039;Al-Anon, composez le 888-425-2666.\" \/>\n<meta name=\"robots\" content=\"index, follow, max-snippet:-1, max-image-preview:large, max-video-preview:-1\" \/>\n<link rel=\"canonical\" href=\"https:\/\/staging.al-anon.org\/fr\/nouveaux-venus\/decouvrez-si-al-anonalateen-peut-vous-aider\/avez-vous-grandi-aupres-dun-buveur-probleme\/\" \/>\n<meta property=\"og:locale\" content=\"fr_FR\" \/>\n<meta property=\"og:type\" content=\"article\" \/>\n<meta property=\"og:title\" content=\"L&#039;adulte s&#039;est enrichi d&#039;un Quiz Alcoolique | Groupes familiaux Al-Anon\" \/>\n<meta property=\"og:description\" content=\"Al-Anon peut aider \u00e0 am\u00e9liorer sa vie. Pour les r\u00e9unions locales d&#039;Al-Anon, composez le 888-425-2666.\" \/>\n<meta property=\"og:url\" content=\"https:\/\/staging.al-anon.org\/fr\/nouveaux-venus\/decouvrez-si-al-anonalateen-peut-vous-aider\/avez-vous-grandi-aupres-dun-buveur-probleme\/\" \/>\n<meta property=\"og:site_name\" content=\"Al-Anon Family Groups\" \/>\n<meta property=\"article:publisher\" content=\"http:\/\/www.facebook.com\/AlAnonFamilyGroupsWSO\" \/>\n<meta property=\"article:modified_time\" content=\"2023-08-09T14:10:47+00:00\" \/>\n<meta property=\"og:image\" content=\"https:\/\/staging.al-anon.org\/wp-content\/uploads\/adult_child.jpg\" \/>\n\t<meta property=\"og:image:width\" content=\"1200\" \/>\n\t<meta property=\"og:image:height\" content=\"450\" \/>\n\t<meta property=\"og:image:type\" content=\"image\/jpeg\" \/>\n<meta name=\"twitter:card\" content=\"summary_large_image\" \/>\n<meta name=\"twitter:site\" content=\"@AlAnon_WSO\" \/>\n<meta name=\"twitter:label1\" content=\"Dur\u00e9e de lecture estim\u00e9e\" \/>\n\t<meta name=\"twitter:data1\" content=\"3 minutes\" \/>\n<script type=\"application\/ld+json\" class=\"yoast-schema-graph\">{\"@context\":\"https:\\\/\\\/schema.org\",\"@graph\":[{\"@type\":\"WebPage\",\"@id\":\"https:\\\/\\\/staging.al-anon.org\\\/fr\\\/nouveaux-venus\\\/decouvrez-si-al-anonalateen-peut-vous-aider\\\/avez-vous-grandi-aupres-dun-buveur-probleme\\\/\",\"url\":\"https:\\\/\\\/staging.al-anon.org\\\/fr\\\/nouveaux-venus\\\/decouvrez-si-al-anonalateen-peut-vous-aider\\\/avez-vous-grandi-aupres-dun-buveur-probleme\\\/\",\"name\":\"L'adulte s'est enrichi d'un Quiz Alcoolique | Groupes familiaux Al-Anon\",\"isPartOf\":{\"@id\":\"https:\\\/\\\/staging.al-anon.org\\\/fr\\\/#website\"},\"primaryImageOfPage\":{\"@id\":\"https:\\\/\\\/staging.al-anon.org\\\/fr\\\/nouveaux-venus\\\/decouvrez-si-al-anonalateen-peut-vous-aider\\\/avez-vous-grandi-aupres-dun-buveur-probleme\\\/#primaryimage\"},\"image\":{\"@id\":\"https:\\\/\\\/staging.al-anon.org\\\/fr\\\/nouveaux-venus\\\/decouvrez-si-al-anonalateen-peut-vous-aider\\\/avez-vous-grandi-aupres-dun-buveur-probleme\\\/#primaryimage\"},\"thumbnailUrl\":\"https:\\\/\\\/staging.al-anon.org\\\/wp-content\\\/uploads\\\/adult_child.jpg\",\"datePublished\":\"2017-06-19T18:27:40+00:00\",\"dateModified\":\"2023-08-09T14:10:47+00:00\",\"description\":\"Al-Anon peut aider \u00e0 am\u00e9liorer sa vie. Pour les r\u00e9unions locales d'Al-Anon, composez le 888-425-2666.\",\"breadcrumb\":{\"@id\":\"https:\\\/\\\/staging.al-anon.org\\\/fr\\\/nouveaux-venus\\\/decouvrez-si-al-anonalateen-peut-vous-aider\\\/avez-vous-grandi-aupres-dun-buveur-probleme\\\/#breadcrumb\"},\"inLanguage\":\"fr-FR\",\"potentialAction\":[{\"@type\":\"ReadAction\",\"target\":[\"https:\\\/\\\/staging.al-anon.org\\\/fr\\\/nouveaux-venus\\\/decouvrez-si-al-anonalateen-peut-vous-aider\\\/avez-vous-grandi-aupres-dun-buveur-probleme\\\/\"]}]},{\"@type\":\"ImageObject\",\"inLanguage\":\"fr-FR\",\"@id\":\"https:\\\/\\\/staging.al-anon.org\\\/fr\\\/nouveaux-venus\\\/decouvrez-si-al-anonalateen-peut-vous-aider\\\/avez-vous-grandi-aupres-dun-buveur-probleme\\\/#primaryimage\",\"url\":\"https:\\\/\\\/staging.al-anon.org\\\/wp-content\\\/uploads\\\/adult_child.jpg\",\"contentUrl\":\"https:\\\/\\\/staging.al-anon.org\\\/wp-content\\\/uploads\\\/adult_child.jpg\",\"width\":1200,\"height\":450},{\"@type\":\"BreadcrumbList\",\"@id\":\"https:\\\/\\\/staging.al-anon.org\\\/fr\\\/nouveaux-venus\\\/decouvrez-si-al-anonalateen-peut-vous-aider\\\/avez-vous-grandi-aupres-dun-buveur-probleme\\\/#breadcrumb\",\"itemListElement\":[{\"@type\":\"ListItem\",\"position\":1,\"name\":\"Nouveaux venus\",\"item\":\"https:\\\/\\\/staging.al-anon.org\\\/fr\\\/nouveaux-venus\\\/\"},{\"@type\":\"ListItem\",\"position\":2,\"name\":\"D\u00e9couvrez si Al-Anon\\\/Alateen peut vous aider\",\"item\":\"https:\\\/\\\/staging.al-anon.org\\\/fr\\\/nouveaux-venus\\\/decouvrez-si-al-anonalateen-peut-vous-aider\\\/\"},{\"@type\":\"ListItem\",\"position\":3,\"name\":\"Avez-vous grandi aupr\u00e8s d\u2019un buveur probl\u00e8me?\"}]},{\"@type\":\"WebSite\",\"@id\":\"https:\\\/\\\/staging.al-anon.org\\\/fr\\\/#website\",\"url\":\"https:\\\/\\\/staging.al-anon.org\\\/fr\\\/\",\"name\":\"Al-Anon Family Groups\",\"description\":\"Help and hope for families and friends of alcoholics\",\"publisher\":{\"@id\":\"https:\\\/\\\/staging.al-anon.org\\\/fr\\\/#organization\"},\"potentialAction\":[{\"@type\":\"SearchAction\",\"target\":{\"@type\":\"EntryPoint\",\"urlTemplate\":\"https:\\\/\\\/staging.al-anon.org\\\/fr\\\/?s={search_term_string}\"},\"query-input\":{\"@type\":\"PropertyValueSpecification\",\"valueRequired\":true,\"valueName\":\"search_term_string\"}}],\"inLanguage\":\"fr-FR\"},{\"@type\":\"Organization\",\"@id\":\"https:\\\/\\\/staging.al-anon.org\\\/fr\\\/#organization\",\"name\":\"Al-Anon Family Group Headquarters, Inc.\",\"url\":\"https:\\\/\\\/staging.al-anon.org\\\/fr\\\/\",\"logo\":{\"@type\":\"ImageObject\",\"inLanguage\":\"fr-FR\",\"@id\":\"https:\\\/\\\/staging.al-anon.org\\\/fr\\\/#\\\/schema\\\/logo\\\/image\\\/\",\"url\":\"https:\\\/\\\/staging.al-anon.org\\\/wp-content\\\/uploads\\\/2017\\\/04\\\/AFGlogo-e1492189694634.jpg\",\"contentUrl\":\"https:\\\/\\\/staging.al-anon.org\\\/wp-content\\\/uploads\\\/2017\\\/04\\\/AFGlogo-e1492189694634.jpg\",\"width\":167,\"height\":50,\"caption\":\"Al-Anon Family Group Headquarters, Inc.\"},\"image\":{\"@id\":\"https:\\\/\\\/staging.al-anon.org\\\/fr\\\/#\\\/schema\\\/logo\\\/image\\\/\"},\"sameAs\":[\"http:\\\/\\\/www.facebook.com\\\/AlAnonFamilyGroupsWSO\",\"https:\\\/\\\/x.com\\\/AlAnon_WSO\",\"http:\\\/\\\/www.instagram.com\\\/alanon_wso\",\"https:\\\/\\\/www.linkedin.com\\\/company\\\/al-anon-wso\\\/\",\"https:\\\/\\\/www.youtube.com\\\/user\\\/AlAnonFamilyGroupHQ\\\/\"]}]}<\/script>\n<!-- \/ Yoast SEO plugin. -->","yoast_head_json":{"title":"L'adulte s'est enrichi d'un Quiz Alcoolique | Groupes familiaux Al-Anon","description":"Al-Anon peut aider \u00e0 am\u00e9liorer sa vie. Pour les r\u00e9unions locales d'Al-Anon, composez le 888-425-2666.","robots":{"index":"index","follow":"follow","max-snippet":"max-snippet:-1","max-image-preview":"max-image-preview:large","max-video-preview":"max-video-preview:-1"},"canonical":"https:\/\/staging.al-anon.org\/fr\/nouveaux-venus\/decouvrez-si-al-anonalateen-peut-vous-aider\/avez-vous-grandi-aupres-dun-buveur-probleme\/","og_locale":"fr_FR","og_type":"article","og_title":"L'adulte s'est enrichi d'un Quiz Alcoolique | Groupes familiaux Al-Anon","og_description":"Al-Anon peut aider \u00e0 am\u00e9liorer sa vie. Pour les r\u00e9unions locales d'Al-Anon, composez le 888-425-2666.","og_url":"https:\/\/staging.al-anon.org\/fr\/nouveaux-venus\/decouvrez-si-al-anonalateen-peut-vous-aider\/avez-vous-grandi-aupres-dun-buveur-probleme\/","og_site_name":"Al-Anon Family Groups","article_publisher":"http:\/\/www.facebook.com\/AlAnonFamilyGroupsWSO","article_modified_time":"2023-08-09T14:10:47+00:00","og_image":[{"width":1200,"height":450,"url":"https:\/\/staging.al-anon.org\/wp-content\/uploads\/adult_child.jpg","type":"image\/jpeg"}],"twitter_card":"summary_large_image","twitter_site":"@AlAnon_WSO","twitter_misc":{"Dur\u00e9e de lecture estim\u00e9e":"3 minutes"},"schema":{"@context":"https:\/\/schema.org","@graph":[{"@type":"WebPage","@id":"https:\/\/staging.al-anon.org\/fr\/nouveaux-venus\/decouvrez-si-al-anonalateen-peut-vous-aider\/avez-vous-grandi-aupres-dun-buveur-probleme\/","url":"https:\/\/staging.al-anon.org\/fr\/nouveaux-venus\/decouvrez-si-al-anonalateen-peut-vous-aider\/avez-vous-grandi-aupres-dun-buveur-probleme\/","name":"L'adulte s'est enrichi d'un Quiz Alcoolique | Groupes familiaux Al-Anon","isPartOf":{"@id":"https:\/\/staging.al-anon.org\/fr\/#website"},"primaryImageOfPage":{"@id":"https:\/\/staging.al-anon.org\/fr\/nouveaux-venus\/decouvrez-si-al-anonalateen-peut-vous-aider\/avez-vous-grandi-aupres-dun-buveur-probleme\/#primaryimage"},"image":{"@id":"https:\/\/staging.al-anon.org\/fr\/nouveaux-venus\/decouvrez-si-al-anonalateen-peut-vous-aider\/avez-vous-grandi-aupres-dun-buveur-probleme\/#primaryimage"},"thumbnailUrl":"https:\/\/staging.al-anon.org\/wp-content\/uploads\/adult_child.jpg","datePublished":"2017-06-19T18:27:40+00:00","dateModified":"2023-08-09T14:10:47+00:00","description":"Al-Anon peut aider \u00e0 am\u00e9liorer sa vie. Pour les r\u00e9unions locales d'Al-Anon, composez le 888-425-2666.","breadcrumb":{"@id":"https:\/\/staging.al-anon.org\/fr\/nouveaux-venus\/decouvrez-si-al-anonalateen-peut-vous-aider\/avez-vous-grandi-aupres-dun-buveur-probleme\/#breadcrumb"},"inLanguage":"fr-FR","potentialAction":[{"@type":"ReadAction","target":["https:\/\/staging.al-anon.org\/fr\/nouveaux-venus\/decouvrez-si-al-anonalateen-peut-vous-aider\/avez-vous-grandi-aupres-dun-buveur-probleme\/"]}]},{"@type":"ImageObject","inLanguage":"fr-FR","@id":"https:\/\/staging.al-anon.org\/fr\/nouveaux-venus\/decouvrez-si-al-anonalateen-peut-vous-aider\/avez-vous-grandi-aupres-dun-buveur-probleme\/#primaryimage","url":"https:\/\/staging.al-anon.org\/wp-content\/uploads\/adult_child.jpg","contentUrl":"https:\/\/staging.al-anon.org\/wp-content\/uploads\/adult_child.jpg","width":1200,"height":450},{"@type":"BreadcrumbList","@id":"https:\/\/staging.al-anon.org\/fr\/nouveaux-venus\/decouvrez-si-al-anonalateen-peut-vous-aider\/avez-vous-grandi-aupres-dun-buveur-probleme\/#breadcrumb","itemListElement":[{"@type":"ListItem","position":1,"name":"Nouveaux venus","item":"https:\/\/staging.al-anon.org\/fr\/nouveaux-venus\/"},{"@type":"ListItem","position":2,"name":"D\u00e9couvrez si Al-Anon\/Alateen peut vous aider","item":"https:\/\/staging.al-anon.org\/fr\/nouveaux-venus\/decouvrez-si-al-anonalateen-peut-vous-aider\/"},{"@type":"ListItem","position":3,"name":"Avez-vous grandi aupr\u00e8s d\u2019un buveur probl\u00e8me?"}]},{"@type":"WebSite","@id":"https:\/\/staging.al-anon.org\/fr\/#website","url":"https:\/\/staging.al-anon.org\/fr\/","name":"Al-Anon Family Groups","description":"Help and hope for families and friends of alcoholics","publisher":{"@id":"https:\/\/staging.al-anon.org\/fr\/#organization"},"potentialAction":[{"@type":"SearchAction","target":{"@type":"EntryPoint","urlTemplate":"https:\/\/staging.al-anon.org\/fr\/?s={search_term_string}"},"query-input":{"@type":"PropertyValueSpecification","valueRequired":true,"valueName":"search_term_string"}}],"inLanguage":"fr-FR"},{"@type":"Organization","@id":"https:\/\/staging.al-anon.org\/fr\/#organization","name":"Al-Anon Family Group Headquarters, Inc.","url":"https:\/\/staging.al-anon.org\/fr\/","logo":{"@type":"ImageObject","inLanguage":"fr-FR","@id":"https:\/\/staging.al-anon.org\/fr\/#\/schema\/logo\/image\/","url":"https:\/\/staging.al-anon.org\/wp-content\/uploads\/2017\/04\/AFGlogo-e1492189694634.jpg","contentUrl":"https:\/\/staging.al-anon.org\/wp-content\/uploads\/2017\/04\/AFGlogo-e1492189694634.jpg","width":167,"height":50,"caption":"Al-Anon Family Group Headquarters, Inc."},"image":{"@id":"https:\/\/staging.al-anon.org\/fr\/#\/schema\/logo\/image\/"},"sameAs":["http:\/\/www.facebook.com\/AlAnonFamilyGroupsWSO","https:\/\/x.com\/AlAnon_WSO","http:\/\/www.instagram.com\/alanon_wso","https:\/\/www.linkedin.com\/company\/al-anon-wso\/","https:\/\/www.youtube.com\/user\/AlAnonFamilyGroupHQ\/"]}]}},"_links":{"self":[{"href":"https:\/\/staging.al-anon.org\/fr\/wp-json\/wp\/v2\/pages\/5336","targetHints":{"allow":["GET"]}}],"collection":[{"href":"https:\/\/staging.al-anon.org\/fr\/wp-json\/wp\/v2\/pages"}],"about":[{"href":"https:\/\/staging.al-anon.org\/fr\/wp-json\/wp\/v2\/types\/page"}],"author":[{"embeddable":true,"href":"https:\/\/staging.al-anon.org\/fr\/wp-json\/wp\/v2\/users\/36"}],"replies":[{"embeddable":true,"href":"https:\/\/staging.al-anon.org\/fr\/wp-json\/wp\/v2\/comments?post=5336"}],"version-history":[{"count":4,"href":"https:\/\/staging.al-anon.org\/fr\/wp-json\/wp\/v2\/pages\/5336\/revisions"}],"predecessor-version":[{"id":39825,"href":"https:\/\/staging.al-anon.org\/fr\/wp-json\/wp\/v2\/pages\/5336\/revisions\/39825"}],"up":[{"embeddable":true,"href":"https:\/\/staging.al-anon.org\/fr\/wp-json\/wp\/v2\/pages\/5266"}],"wp:featuredmedia":[{"embeddable":true,"href":"https:\/\/staging.al-anon.org\/fr\/wp-json\/wp\/v2\/media\/20830"}],"wp:attachment":[{"href":"https:\/\/staging.al-anon.org\/fr\/wp-json\/wp\/v2\/media?parent=5336"}],"curies":[{"name":"wp","href":"https:\/\/api.w.org\/{rel}","templated":true}]}}