{"id":5330,"date":"2017-06-19T14:14:16","date_gmt":"2017-06-19T18:14:16","guid":{"rendered":"https:\/\/staging.al-anon.org\/decouvrez-si-al-anonalateen-peut-vous-aider\/questionnaire-pour-les-adolescents\/"},"modified":"2017-07-24T13:22:49","modified_gmt":"2017-07-24T17:22:49","slug":"questionnaire-pour-les-adolescents","status":"publish","type":"page","link":"https:\/\/staging.al-anon.org\/fr\/nouveaux-venus\/decouvrez-si-al-anonalateen-peut-vous-aider\/questionnaire-pour-les-adolescents\/","title":{"rendered":"Questionnaire pour les adolescents"},"content":{"rendered":"<div class=\"fusion-fullwidth fullwidth-box fusion-builder-row-1 nonhundred-percent-fullwidth non-hundred-percent-height-scrolling\" style=\"--awb-background-position:left top;--awb-border-radius-top-left:0px;--awb-border-radius-top-right:0px;--awb-border-radius-bottom-right:0px;--awb-border-radius-bottom-left:0px;--awb-padding-top:20px;--awb-padding-bottom:20px;--awb-border-sizes-top:0px;--awb-border-sizes-bottom:0px;--awb-flex-wrap:wrap;\" ><div class=\"fusion-builder-row fusion-row\"><div class=\"fusion-layout-column fusion_builder_column fusion-builder-column-0 fusion_builder_column_1_1 1_1 fusion-one-full fusion-column-first fusion-column-last\" style=\"--awb-bg-size:cover;\"><div class=\"fusion-column-wrapper fusion-flex-column-wrapper-legacy\"><div class=\"fusion-title title fusion-title-1 fusion-sep-none fusion-title-center fusion-title-text fusion-title-size-two\" style=\"--awb-margin-top-small:0px;--awb-margin-right-small:0px;--awb-margin-bottom-small:20px;--awb-margin-left-small:0px;\"><h2 class=\"fusion-title-heading title-heading-center fusion-responsive-typography-calculated\" style=\"margin:0;--fontSize:35;line-height:1.29;\">Votre vie a-t-elle \u00e9t\u00e9 affect\u00e9e par la consommation d\u2019alcool d\u2019une autre personne?<\/p><\/h2><\/div><div class=\"fusion-clearfix\"><\/div><\/div><\/div><div class=\"fusion-layout-column fusion_builder_column fusion-builder-column-1 fusion_builder_column_1_6 1_6 fusion-one-sixth fusion-column-first\" style=\"--awb-bg-size:cover;width:13.3333%; margin-right: 4%;\"><div class=\"fusion-column-wrapper fusion-flex-column-wrapper-legacy\"><div class=\"fusion-clearfix\"><\/div><\/div><\/div><div class=\"fusion-layout-column fusion_builder_column fusion-builder-column-2 fusion_builder_column_2_3 2_3 fusion-two-third\" style=\"--awb-bg-size:cover;width:65.3333%; margin-right: 4%;\"><div class=\"fusion-column-wrapper fusion-flex-column-wrapper-legacy\"><div class=\"fusion-text fusion-text-1\"><p>Alateen est destin\u00e9 aux adolescents dont la vie a \u00e9t\u00e9 affect\u00e9e par la consommation d\u2019alcool d\u2019une autre personne. Parfois, la consommation a cess\u00e9, ou le buveur en phase active peut ne plus vivre avec nous. M\u00eame si l\u2019alcool a disparu, ou si l\u2019alcoolique est parti ou est en r\u00e9habilitation chez AA, nous sommes encore affect\u00e9s. Plusieurs parmi nous avons trouv\u00e9 de l\u2019aide dans Alateen ou Al-Anon. Les questions suivantes vous aideront \u00e0 d\u00e9terminer si Alateen est pour vous.<\/p>\n<p>1.Croyez-vous que personne ne peut comprendre ce que vous ressentez?<\/p>\n<p>2.Masquez-vous vos sentiments r\u00e9els en pr\u00e9tendant que cela ne vous touche pas?<\/p>\n<p>3.Croyez-vous que personne ne vous aime vraiment ni ne se soucie de ce qui vous arrive?<\/p>\n<p>4.Mentez-vous pour cacher la consommation d\u2019alcool de quelqu\u2019un d\u2019autre, ou pour cacher ce qui se passe \u00e0 la maison?<\/p>\n<p>5.Passez-vous le plus de temps possible \u00e0 l\u2019ext\u00e9rieur de chez vous parce que vous d\u00e9testez l\u2019atmosph\u00e8re qui y r\u00e8gne?<\/p>\n<p>Si vous avez r\u00e9pondu oui \u00e0 quelques-unes de ces questions, Alateen peut vous aider.<\/p>\n<\/div><div class=\"fusion-button-wrapper fusion-aligncenter\"><a class=\"fusion-button button-flat fusion-button-default-size button-default fusion-button-default button-1 fusion-button-span-no fusion-button-default-type\" style=\"--button-border-radius-top-left:25px;--button-border-radius-top-right:25px;--button-border-radius-bottom-right:25px;--button-border-radius-bottom-left:25px;\" target=\"_blank\" rel=\"noopener noreferrer\" href=\"\/fr\/reunions-al-anon\/outil-de-recherche-pour-les-reunions-alateen\/\"><span class=\"fusion-button-text awb-button__text awb-button__text--default\">Trouver une r\u00e9union Alateen<\/span><\/a><\/div><div class=\"fusion-clearfix\"><\/div><\/div><\/div><div class=\"fusion-layout-column fusion_builder_column fusion-builder-column-3 fusion_builder_column_1_6 1_6 fusion-one-sixth fusion-column-last\" style=\"--awb-bg-size:cover;width:13.3333%;\"><div class=\"fusion-column-wrapper fusion-flex-column-wrapper-legacy\"><div class=\"fusion-clearfix\"><\/div><\/div><\/div><\/div><\/div>\n","protected":false},"excerpt":{"rendered":"","protected":false},"author":36,"featured_media":20762,"parent":5266,"menu_order":2,"comment_status":"closed","ping_status":"closed","template":"","meta":{"footnotes":""},"class_list":["post-5330","page","type-page","status-publish","has-post-thumbnail","hentry"],"yoast_head":"<!-- This site is optimized with the Yoast SEO plugin v27.4 - https:\/\/yoast.com\/product\/yoast-seo-wordpress\/ -->\n<title>Prenez un Quiz et d\u00e9couvrez si Alateen pourrait \u00eatre pour vous<\/title>\n<meta name=\"description\" content=\"Ce bref questionnaire de 20 questions est con\u00e7u pour vous aider \u00e0 d\u00e9cider si oui ou non Alateen vous convient.\" \/>\n<meta name=\"robots\" content=\"index, follow, max-snippet:-1, max-image-preview:large, max-video-preview:-1\" \/>\n<link rel=\"canonical\" href=\"https:\/\/staging.al-anon.org\/fr\/nouveaux-venus\/decouvrez-si-al-anonalateen-peut-vous-aider\/questionnaire-pour-les-adolescents\/\" \/>\n<meta property=\"og:locale\" content=\"fr_FR\" \/>\n<meta property=\"og:type\" content=\"article\" \/>\n<meta property=\"og:title\" content=\"Prenez un Quiz et d\u00e9couvrez si Alateen pourrait \u00eatre pour vous\" \/>\n<meta property=\"og:description\" content=\"Ce bref questionnaire de 20 questions est con\u00e7u pour vous aider \u00e0 d\u00e9cider si oui ou non Alateen vous convient.\" \/>\n<meta property=\"og:url\" content=\"https:\/\/staging.al-anon.org\/fr\/nouveaux-venus\/decouvrez-si-al-anonalateen-peut-vous-aider\/questionnaire-pour-les-adolescents\/\" \/>\n<meta property=\"og:site_name\" content=\"Al-Anon Family Groups\" \/>\n<meta property=\"article:publisher\" content=\"http:\/\/www.facebook.com\/AlAnonFamilyGroupsWSO\" \/>\n<meta property=\"article:modified_time\" content=\"2017-07-24T17:22:49+00:00\" \/>\n<meta property=\"og:image\" content=\"https:\/\/staging.al-anon.org\/wp-content\/uploads\/alateen_questions.jpg\" \/>\n\t<meta property=\"og:image:width\" content=\"1200\" \/>\n\t<meta property=\"og:image:height\" content=\"450\" \/>\n\t<meta property=\"og:image:type\" content=\"image\/jpeg\" \/>\n<meta name=\"twitter:card\" content=\"summary_large_image\" \/>\n<meta name=\"twitter:site\" content=\"@AlAnon_WSO\" \/>\n<meta name=\"twitter:label1\" content=\"Dur\u00e9e de lecture estim\u00e9e\" \/>\n\t<meta name=\"twitter:data1\" content=\"3 minutes\" \/>\n<script type=\"application\/ld+json\" class=\"yoast-schema-graph\">{\"@context\":\"https:\\\/\\\/schema.org\",\"@graph\":[{\"@type\":\"WebPage\",\"@id\":\"https:\\\/\\\/staging.al-anon.org\\\/fr\\\/nouveaux-venus\\\/decouvrez-si-al-anonalateen-peut-vous-aider\\\/questionnaire-pour-les-adolescents\\\/\",\"url\":\"https:\\\/\\\/staging.al-anon.org\\\/fr\\\/nouveaux-venus\\\/decouvrez-si-al-anonalateen-peut-vous-aider\\\/questionnaire-pour-les-adolescents\\\/\",\"name\":\"Prenez un Quiz et d\u00e9couvrez si Alateen pourrait \u00eatre pour vous\",\"isPartOf\":{\"@id\":\"https:\\\/\\\/staging.al-anon.org\\\/fr\\\/#website\"},\"primaryImageOfPage\":{\"@id\":\"https:\\\/\\\/staging.al-anon.org\\\/fr\\\/nouveaux-venus\\\/decouvrez-si-al-anonalateen-peut-vous-aider\\\/questionnaire-pour-les-adolescents\\\/#primaryimage\"},\"image\":{\"@id\":\"https:\\\/\\\/staging.al-anon.org\\\/fr\\\/nouveaux-venus\\\/decouvrez-si-al-anonalateen-peut-vous-aider\\\/questionnaire-pour-les-adolescents\\\/#primaryimage\"},\"thumbnailUrl\":\"https:\\\/\\\/staging.al-anon.org\\\/wp-content\\\/uploads\\\/alateen_questions.jpg\",\"datePublished\":\"2017-06-19T18:14:16+00:00\",\"dateModified\":\"2017-07-24T17:22:49+00:00\",\"description\":\"Ce bref questionnaire de 20 questions est con\u00e7u pour vous aider \u00e0 d\u00e9cider si oui ou non Alateen vous convient.\",\"breadcrumb\":{\"@id\":\"https:\\\/\\\/staging.al-anon.org\\\/fr\\\/nouveaux-venus\\\/decouvrez-si-al-anonalateen-peut-vous-aider\\\/questionnaire-pour-les-adolescents\\\/#breadcrumb\"},\"inLanguage\":\"fr-FR\",\"potentialAction\":[{\"@type\":\"ReadAction\",\"target\":[\"https:\\\/\\\/staging.al-anon.org\\\/fr\\\/nouveaux-venus\\\/decouvrez-si-al-anonalateen-peut-vous-aider\\\/questionnaire-pour-les-adolescents\\\/\"]}]},{\"@type\":\"ImageObject\",\"inLanguage\":\"fr-FR\",\"@id\":\"https:\\\/\\\/staging.al-anon.org\\\/fr\\\/nouveaux-venus\\\/decouvrez-si-al-anonalateen-peut-vous-aider\\\/questionnaire-pour-les-adolescents\\\/#primaryimage\",\"url\":\"https:\\\/\\\/staging.al-anon.org\\\/wp-content\\\/uploads\\\/alateen_questions.jpg\",\"contentUrl\":\"https:\\\/\\\/staging.al-anon.org\\\/wp-content\\\/uploads\\\/alateen_questions.jpg\",\"width\":1200,\"height\":450},{\"@type\":\"BreadcrumbList\",\"@id\":\"https:\\\/\\\/staging.al-anon.org\\\/fr\\\/nouveaux-venus\\\/decouvrez-si-al-anonalateen-peut-vous-aider\\\/questionnaire-pour-les-adolescents\\\/#breadcrumb\",\"itemListElement\":[{\"@type\":\"ListItem\",\"position\":1,\"name\":\"Nouveaux venus\",\"item\":\"https:\\\/\\\/staging.al-anon.org\\\/fr\\\/nouveaux-venus\\\/\"},{\"@type\":\"ListItem\",\"position\":2,\"name\":\"D\u00e9couvrez si Al-Anon\\\/Alateen peut vous aider\",\"item\":\"https:\\\/\\\/staging.al-anon.org\\\/fr\\\/nouveaux-venus\\\/decouvrez-si-al-anonalateen-peut-vous-aider\\\/\"},{\"@type\":\"ListItem\",\"position\":3,\"name\":\"Questionnaire pour les adolescents\"}]},{\"@type\":\"WebSite\",\"@id\":\"https:\\\/\\\/staging.al-anon.org\\\/fr\\\/#website\",\"url\":\"https:\\\/\\\/staging.al-anon.org\\\/fr\\\/\",\"name\":\"Al-Anon Family Groups\",\"description\":\"Help and hope for families and friends of alcoholics\",\"publisher\":{\"@id\":\"https:\\\/\\\/staging.al-anon.org\\\/fr\\\/#organization\"},\"potentialAction\":[{\"@type\":\"SearchAction\",\"target\":{\"@type\":\"EntryPoint\",\"urlTemplate\":\"https:\\\/\\\/staging.al-anon.org\\\/fr\\\/?s={search_term_string}\"},\"query-input\":{\"@type\":\"PropertyValueSpecification\",\"valueRequired\":true,\"valueName\":\"search_term_string\"}}],\"inLanguage\":\"fr-FR\"},{\"@type\":\"Organization\",\"@id\":\"https:\\\/\\\/staging.al-anon.org\\\/fr\\\/#organization\",\"name\":\"Al-Anon Family Group Headquarters, Inc.\",\"url\":\"https:\\\/\\\/staging.al-anon.org\\\/fr\\\/\",\"logo\":{\"@type\":\"ImageObject\",\"inLanguage\":\"fr-FR\",\"@id\":\"https:\\\/\\\/staging.al-anon.org\\\/fr\\\/#\\\/schema\\\/logo\\\/image\\\/\",\"url\":\"https:\\\/\\\/staging.al-anon.org\\\/wp-content\\\/uploads\\\/2017\\\/04\\\/AFGlogo-e1492189694634.jpg\",\"contentUrl\":\"https:\\\/\\\/staging.al-anon.org\\\/wp-content\\\/uploads\\\/2017\\\/04\\\/AFGlogo-e1492189694634.jpg\",\"width\":167,\"height\":50,\"caption\":\"Al-Anon Family Group Headquarters, Inc.\"},\"image\":{\"@id\":\"https:\\\/\\\/staging.al-anon.org\\\/fr\\\/#\\\/schema\\\/logo\\\/image\\\/\"},\"sameAs\":[\"http:\\\/\\\/www.facebook.com\\\/AlAnonFamilyGroupsWSO\",\"https:\\\/\\\/x.com\\\/AlAnon_WSO\",\"http:\\\/\\\/www.instagram.com\\\/alanon_wso\",\"https:\\\/\\\/www.linkedin.com\\\/company\\\/al-anon-wso\\\/\",\"https:\\\/\\\/www.youtube.com\\\/user\\\/AlAnonFamilyGroupHQ\\\/\"]}]}<\/script>\n<!-- \/ Yoast SEO plugin. -->","yoast_head_json":{"title":"Prenez un Quiz et d\u00e9couvrez si Alateen pourrait \u00eatre pour vous","description":"Ce bref questionnaire de 20 questions est con\u00e7u pour vous aider \u00e0 d\u00e9cider si oui ou non Alateen vous convient.","robots":{"index":"index","follow":"follow","max-snippet":"max-snippet:-1","max-image-preview":"max-image-preview:large","max-video-preview":"max-video-preview:-1"},"canonical":"https:\/\/staging.al-anon.org\/fr\/nouveaux-venus\/decouvrez-si-al-anonalateen-peut-vous-aider\/questionnaire-pour-les-adolescents\/","og_locale":"fr_FR","og_type":"article","og_title":"Prenez un Quiz et d\u00e9couvrez si Alateen pourrait \u00eatre pour vous","og_description":"Ce bref questionnaire de 20 questions est con\u00e7u pour vous aider \u00e0 d\u00e9cider si oui ou non Alateen vous convient.","og_url":"https:\/\/staging.al-anon.org\/fr\/nouveaux-venus\/decouvrez-si-al-anonalateen-peut-vous-aider\/questionnaire-pour-les-adolescents\/","og_site_name":"Al-Anon Family Groups","article_publisher":"http:\/\/www.facebook.com\/AlAnonFamilyGroupsWSO","article_modified_time":"2017-07-24T17:22:49+00:00","og_image":[{"width":1200,"height":450,"url":"https:\/\/staging.al-anon.org\/wp-content\/uploads\/alateen_questions.jpg","type":"image\/jpeg"}],"twitter_card":"summary_large_image","twitter_site":"@AlAnon_WSO","twitter_misc":{"Dur\u00e9e de lecture estim\u00e9e":"3 minutes"},"schema":{"@context":"https:\/\/schema.org","@graph":[{"@type":"WebPage","@id":"https:\/\/staging.al-anon.org\/fr\/nouveaux-venus\/decouvrez-si-al-anonalateen-peut-vous-aider\/questionnaire-pour-les-adolescents\/","url":"https:\/\/staging.al-anon.org\/fr\/nouveaux-venus\/decouvrez-si-al-anonalateen-peut-vous-aider\/questionnaire-pour-les-adolescents\/","name":"Prenez un Quiz et d\u00e9couvrez si Alateen pourrait \u00eatre pour vous","isPartOf":{"@id":"https:\/\/staging.al-anon.org\/fr\/#website"},"primaryImageOfPage":{"@id":"https:\/\/staging.al-anon.org\/fr\/nouveaux-venus\/decouvrez-si-al-anonalateen-peut-vous-aider\/questionnaire-pour-les-adolescents\/#primaryimage"},"image":{"@id":"https:\/\/staging.al-anon.org\/fr\/nouveaux-venus\/decouvrez-si-al-anonalateen-peut-vous-aider\/questionnaire-pour-les-adolescents\/#primaryimage"},"thumbnailUrl":"https:\/\/staging.al-anon.org\/wp-content\/uploads\/alateen_questions.jpg","datePublished":"2017-06-19T18:14:16+00:00","dateModified":"2017-07-24T17:22:49+00:00","description":"Ce bref questionnaire de 20 questions est con\u00e7u pour vous aider \u00e0 d\u00e9cider si oui ou non Alateen vous convient.","breadcrumb":{"@id":"https:\/\/staging.al-anon.org\/fr\/nouveaux-venus\/decouvrez-si-al-anonalateen-peut-vous-aider\/questionnaire-pour-les-adolescents\/#breadcrumb"},"inLanguage":"fr-FR","potentialAction":[{"@type":"ReadAction","target":["https:\/\/staging.al-anon.org\/fr\/nouveaux-venus\/decouvrez-si-al-anonalateen-peut-vous-aider\/questionnaire-pour-les-adolescents\/"]}]},{"@type":"ImageObject","inLanguage":"fr-FR","@id":"https:\/\/staging.al-anon.org\/fr\/nouveaux-venus\/decouvrez-si-al-anonalateen-peut-vous-aider\/questionnaire-pour-les-adolescents\/#primaryimage","url":"https:\/\/staging.al-anon.org\/wp-content\/uploads\/alateen_questions.jpg","contentUrl":"https:\/\/staging.al-anon.org\/wp-content\/uploads\/alateen_questions.jpg","width":1200,"height":450},{"@type":"BreadcrumbList","@id":"https:\/\/staging.al-anon.org\/fr\/nouveaux-venus\/decouvrez-si-al-anonalateen-peut-vous-aider\/questionnaire-pour-les-adolescents\/#breadcrumb","itemListElement":[{"@type":"ListItem","position":1,"name":"Nouveaux venus","item":"https:\/\/staging.al-anon.org\/fr\/nouveaux-venus\/"},{"@type":"ListItem","position":2,"name":"D\u00e9couvrez si Al-Anon\/Alateen peut vous aider","item":"https:\/\/staging.al-anon.org\/fr\/nouveaux-venus\/decouvrez-si-al-anonalateen-peut-vous-aider\/"},{"@type":"ListItem","position":3,"name":"Questionnaire pour les adolescents"}]},{"@type":"WebSite","@id":"https:\/\/staging.al-anon.org\/fr\/#website","url":"https:\/\/staging.al-anon.org\/fr\/","name":"Al-Anon Family Groups","description":"Help and hope for families and friends of alcoholics","publisher":{"@id":"https:\/\/staging.al-anon.org\/fr\/#organization"},"potentialAction":[{"@type":"SearchAction","target":{"@type":"EntryPoint","urlTemplate":"https:\/\/staging.al-anon.org\/fr\/?s={search_term_string}"},"query-input":{"@type":"PropertyValueSpecification","valueRequired":true,"valueName":"search_term_string"}}],"inLanguage":"fr-FR"},{"@type":"Organization","@id":"https:\/\/staging.al-anon.org\/fr\/#organization","name":"Al-Anon Family Group Headquarters, Inc.","url":"https:\/\/staging.al-anon.org\/fr\/","logo":{"@type":"ImageObject","inLanguage":"fr-FR","@id":"https:\/\/staging.al-anon.org\/fr\/#\/schema\/logo\/image\/","url":"https:\/\/staging.al-anon.org\/wp-content\/uploads\/2017\/04\/AFGlogo-e1492189694634.jpg","contentUrl":"https:\/\/staging.al-anon.org\/wp-content\/uploads\/2017\/04\/AFGlogo-e1492189694634.jpg","width":167,"height":50,"caption":"Al-Anon Family Group Headquarters, Inc."},"image":{"@id":"https:\/\/staging.al-anon.org\/fr\/#\/schema\/logo\/image\/"},"sameAs":["http:\/\/www.facebook.com\/AlAnonFamilyGroupsWSO","https:\/\/x.com\/AlAnon_WSO","http:\/\/www.instagram.com\/alanon_wso","https:\/\/www.linkedin.com\/company\/al-anon-wso\/","https:\/\/www.youtube.com\/user\/AlAnonFamilyGroupHQ\/"]}]}},"_links":{"self":[{"href":"https:\/\/staging.al-anon.org\/fr\/wp-json\/wp\/v2\/pages\/5330","targetHints":{"allow":["GET"]}}],"collection":[{"href":"https:\/\/staging.al-anon.org\/fr\/wp-json\/wp\/v2\/pages"}],"about":[{"href":"https:\/\/staging.al-anon.org\/fr\/wp-json\/wp\/v2\/types\/page"}],"author":[{"embeddable":true,"href":"https:\/\/staging.al-anon.org\/fr\/wp-json\/wp\/v2\/users\/36"}],"replies":[{"embeddable":true,"href":"https:\/\/staging.al-anon.org\/fr\/wp-json\/wp\/v2\/comments?post=5330"}],"version-history":[{"count":0,"href":"https:\/\/staging.al-anon.org\/fr\/wp-json\/wp\/v2\/pages\/5330\/revisions"}],"up":[{"embeddable":true,"href":"https:\/\/staging.al-anon.org\/fr\/wp-json\/wp\/v2\/pages\/5266"}],"wp:featuredmedia":[{"embeddable":true,"href":"https:\/\/staging.al-anon.org\/fr\/wp-json\/wp\/v2\/media\/20762"}],"wp:attachment":[{"href":"https:\/\/staging.al-anon.org\/fr\/wp-json\/wp\/v2\/media?parent=5330"}],"curies":[{"name":"wp","href":"https:\/\/api.w.org\/{rel}","templated":true}]}}