{"id":5258,"date":"2017-06-19T12:25:50","date_gmt":"2017-06-19T16:25:50","guid":{"rendered":"https:\/\/staging.al-anon.org\/offres-demploi-a-al-anon\/"},"modified":"2020-07-06T16:48:46","modified_gmt":"2020-07-06T20:48:46","slug":"offres-demploi-a-al-anon","status":"publish","type":"page","link":"https:\/\/staging.al-anon.org\/fr\/offres-demploi-a-al-anon\/","title":{"rendered":"Offres d\u2019emploi \u00e0 Al-Anon"},"content":{"rendered":"<div class=\"fusion-fullwidth fullwidth-box fusion-builder-row-1 nonhundred-percent-fullwidth non-hundred-percent-height-scrolling\" style=\"--awb-background-position:left top;--awb-border-radius-top-left:0px;--awb-border-radius-top-right:0px;--awb-border-radius-bottom-right:0px;--awb-border-radius-bottom-left:0px;--awb-padding-top:20px;--awb-padding-right:15%;--awb-padding-bottom:20px;--awb-padding-left:15%;--awb-border-sizes-top:0px;--awb-border-sizes-bottom:0px;--awb-flex-wrap:wrap;\" ><div class=\"fusion-builder-row fusion-row\"><div class=\"fusion-layout-column fusion_builder_column fusion-builder-column-0 fusion_builder_column_1_1 1_1 fusion-one-full fusion-column-first fusion-column-last fusion-column-no-min-height\" style=\"--awb-bg-size:cover;\"><div class=\"fusion-column-wrapper fusion-flex-column-wrapper-legacy\"><div class=\"fusion-title title fusion-title-1 fusion-sep-none fusion-title-center fusion-title-text fusion-title-size-two\" style=\"--awb-margin-top-small:0px;--awb-margin-right-small:0px;--awb-margin-bottom-small:20px;--awb-margin-left-small:0px;\"><h2 class=\"fusion-title-heading title-heading-center fusion-responsive-typography-calculated\" style=\"margin:0;--fontSize:35;line-height:1.29;\">Offres d\u2019emploi<\/p><\/h2><\/div><div class=\"fusion-text fusion-text-1\"><p>Nous consid\u00e9rons que les employ\u00e9s d\u2019Al-Anon Family Group Headquarters, Inc. sont une de nos ressources les plus estimables. Le travail et l\u2019opinion de nos employ\u00e9s comptent beaucoup. Nous avons aussi une grande confiance que la bonne volont\u00e9 de chaque employ\u00e9 de travailler dans l\u2019harmonie avec les autres et en \u00e9quipe permettra au BSM de continuer de fournir les services que notre fraternit\u00e9 attend de nous.<\/p>\n<p>Il existe divers types d&#8217;emplois au BSM. Certains sont r\u00e9serv\u00e9s aux personnes qui ont \u00e9t\u00e9 des membres actifs d&rsquo;Al-Anon. Ces postes sont g\u00e9n\u00e9ralement li\u00e9s aux postes de service de communications avec le public, la documentation, les services aux membres et les services de groupe. Les autres postes sont ouverts \u00e0 tous et comprennent les fonctions administratives, les de traduction, de service \u00e0 la client\u00e8le, d&rsquo;exp\u00e9dition et d&rsquo;entreposage, de marketing et de services digitaux.<\/p>\n<p><strong data-redactor-tag=\"strong\">Nous avons confiance que les nouveaux employ\u00e9s trouveront que notre organisation est un lieu de travail dynamique et gratifiant. Notre but est d\u2019avoir une association productive et prosp\u00e8re.<\/strong><\/p>\n<p>Nous offrons des avantages sociaux concurrentiels, comprenant une assurance m\u00e9dicale, une assurance dentaire, une assurance vie, des prestations d\u2019invalidit\u00e9 \u00e0 court et long terme et un plan d\u2019\u00e9pargne retraite 401K.<\/p>\n<p>\u00a0<\/p>\n<p style=\"text-align: center;\"><strong>Nous n\u2019avons pr\u00e9sentement aucun poste vacant; veuillez consulter la page plus tard.<\/strong><\/p>\n<\/div><div class=\"fusion-clearfix\"><\/div><\/div><\/div><\/div><\/div>\n","protected":false},"excerpt":{"rendered":"","protected":false},"author":36,"featured_media":36420,"parent":0,"menu_order":14,"comment_status":"closed","ping_status":"closed","template":"","meta":{"footnotes":""},"class_list":["post-5258","page","type-page","status-publish","has-post-thumbnail","hentry"],"yoast_head":"<!-- This site is optimized with the Yoast SEO plugin v27.4 - https:\/\/yoast.com\/product\/yoast-seo-wordpress\/ -->\n<title>Emploi chez Al-Anon | Groupes Familiaux Al-Anon<\/title>\n<meta name=\"description\" content=\"Nous consid\u00e9rons que les employ\u00e9s de Al-Anon Family Group Headquarters, Inc. sont une de nos ressources les plus estimables. Consultez nos offres d&#039;emplois actuelles.\" \/>\n<meta name=\"robots\" content=\"index, follow, max-snippet:-1, max-image-preview:large, max-video-preview:-1\" \/>\n<link rel=\"canonical\" href=\"https:\/\/staging.al-anon.org\/fr\/offres-demploi-a-al-anon\/\" \/>\n<meta property=\"og:locale\" content=\"fr_FR\" \/>\n<meta property=\"og:type\" content=\"article\" \/>\n<meta property=\"og:title\" content=\"Emploi chez Al-Anon | Groupes Familiaux Al-Anon\" \/>\n<meta property=\"og:description\" content=\"Nous consid\u00e9rons que les employ\u00e9s de Al-Anon Family Group Headquarters, Inc. sont une de nos ressources les plus estimables. Consultez nos offres d&#039;emplois actuelles.\" \/>\n<meta property=\"og:url\" content=\"https:\/\/staging.al-anon.org\/fr\/offres-demploi-a-al-anon\/\" \/>\n<meta property=\"og:site_name\" content=\"Al-Anon Family Groups\" \/>\n<meta property=\"article:publisher\" content=\"http:\/\/www.facebook.com\/AlAnonFamilyGroupsWSO\" \/>\n<meta property=\"article:modified_time\" content=\"2020-07-06T20:48:46+00:00\" \/>\n<meta property=\"og:image\" content=\"https:\/\/staging.al-anon.org\/wp-content\/uploads\/1300x230_IntAdPosition.jpg\" \/>\n\t<meta property=\"og:image:width\" content=\"1300\" \/>\n\t<meta property=\"og:image:height\" content=\"230\" \/>\n\t<meta property=\"og:image:type\" content=\"image\/jpeg\" \/>\n<meta name=\"twitter:card\" content=\"summary_large_image\" \/>\n<meta name=\"twitter:site\" content=\"@AlAnon_WSO\" \/>\n<meta name=\"twitter:label1\" content=\"Dur\u00e9e de lecture estim\u00e9e\" \/>\n\t<meta name=\"twitter:data1\" content=\"2 minutes\" \/>\n<script type=\"application\/ld+json\" class=\"yoast-schema-graph\">{\"@context\":\"https:\\\/\\\/schema.org\",\"@graph\":[{\"@type\":\"WebPage\",\"@id\":\"https:\\\/\\\/staging.al-anon.org\\\/fr\\\/offres-demploi-a-al-anon\\\/\",\"url\":\"https:\\\/\\\/staging.al-anon.org\\\/fr\\\/offres-demploi-a-al-anon\\\/\",\"name\":\"Emploi chez Al-Anon | Groupes Familiaux Al-Anon\",\"isPartOf\":{\"@id\":\"https:\\\/\\\/staging.al-anon.org\\\/fr\\\/#website\"},\"primaryImageOfPage\":{\"@id\":\"https:\\\/\\\/staging.al-anon.org\\\/fr\\\/offres-demploi-a-al-anon\\\/#primaryimage\"},\"image\":{\"@id\":\"https:\\\/\\\/staging.al-anon.org\\\/fr\\\/offres-demploi-a-al-anon\\\/#primaryimage\"},\"thumbnailUrl\":\"https:\\\/\\\/staging.al-anon.org\\\/wp-content\\\/uploads\\\/1300x230_IntAdPosition.jpg\",\"datePublished\":\"2017-06-19T16:25:50+00:00\",\"dateModified\":\"2020-07-06T20:48:46+00:00\",\"description\":\"Nous consid\u00e9rons que les employ\u00e9s de Al-Anon Family Group Headquarters, Inc. sont une de nos ressources les plus estimables. Consultez nos offres d'emplois actuelles.\",\"inLanguage\":\"fr-FR\",\"potentialAction\":[{\"@type\":\"ReadAction\",\"target\":[\"https:\\\/\\\/staging.al-anon.org\\\/fr\\\/offres-demploi-a-al-anon\\\/\"]}]},{\"@type\":\"ImageObject\",\"inLanguage\":\"fr-FR\",\"@id\":\"https:\\\/\\\/staging.al-anon.org\\\/fr\\\/offres-demploi-a-al-anon\\\/#primaryimage\",\"url\":\"https:\\\/\\\/staging.al-anon.org\\\/wp-content\\\/uploads\\\/1300x230_IntAdPosition.jpg\",\"contentUrl\":\"https:\\\/\\\/staging.al-anon.org\\\/wp-content\\\/uploads\\\/1300x230_IntAdPosition.jpg\",\"width\":1300,\"height\":230,\"caption\":\"Two individuals sitting down at a desk, conducting an interview, and shaking hands.\"},{\"@type\":\"WebSite\",\"@id\":\"https:\\\/\\\/staging.al-anon.org\\\/fr\\\/#website\",\"url\":\"https:\\\/\\\/staging.al-anon.org\\\/fr\\\/\",\"name\":\"Al-Anon Family Groups\",\"description\":\"Help and hope for families and friends of alcoholics\",\"publisher\":{\"@id\":\"https:\\\/\\\/staging.al-anon.org\\\/fr\\\/#organization\"},\"potentialAction\":[{\"@type\":\"SearchAction\",\"target\":{\"@type\":\"EntryPoint\",\"urlTemplate\":\"https:\\\/\\\/staging.al-anon.org\\\/fr\\\/?s={search_term_string}\"},\"query-input\":{\"@type\":\"PropertyValueSpecification\",\"valueRequired\":true,\"valueName\":\"search_term_string\"}}],\"inLanguage\":\"fr-FR\"},{\"@type\":\"Organization\",\"@id\":\"https:\\\/\\\/staging.al-anon.org\\\/fr\\\/#organization\",\"name\":\"Al-Anon Family Group Headquarters, Inc.\",\"url\":\"https:\\\/\\\/staging.al-anon.org\\\/fr\\\/\",\"logo\":{\"@type\":\"ImageObject\",\"inLanguage\":\"fr-FR\",\"@id\":\"https:\\\/\\\/staging.al-anon.org\\\/fr\\\/#\\\/schema\\\/logo\\\/image\\\/\",\"url\":\"https:\\\/\\\/staging.al-anon.org\\\/wp-content\\\/uploads\\\/2017\\\/04\\\/AFGlogo-e1492189694634.jpg\",\"contentUrl\":\"https:\\\/\\\/staging.al-anon.org\\\/wp-content\\\/uploads\\\/2017\\\/04\\\/AFGlogo-e1492189694634.jpg\",\"width\":167,\"height\":50,\"caption\":\"Al-Anon Family Group Headquarters, Inc.\"},\"image\":{\"@id\":\"https:\\\/\\\/staging.al-anon.org\\\/fr\\\/#\\\/schema\\\/logo\\\/image\\\/\"},\"sameAs\":[\"http:\\\/\\\/www.facebook.com\\\/AlAnonFamilyGroupsWSO\",\"https:\\\/\\\/x.com\\\/AlAnon_WSO\",\"http:\\\/\\\/www.instagram.com\\\/alanon_wso\",\"https:\\\/\\\/www.linkedin.com\\\/company\\\/al-anon-wso\\\/\",\"https:\\\/\\\/www.youtube.com\\\/user\\\/AlAnonFamilyGroupHQ\\\/\"]}]}<\/script>\n<!-- \/ Yoast SEO plugin. -->","yoast_head_json":{"title":"Emploi chez Al-Anon | Groupes Familiaux Al-Anon","description":"Nous consid\u00e9rons que les employ\u00e9s de Al-Anon Family Group Headquarters, Inc. sont une de nos ressources les plus estimables. Consultez nos offres d'emplois actuelles.","robots":{"index":"index","follow":"follow","max-snippet":"max-snippet:-1","max-image-preview":"max-image-preview:large","max-video-preview":"max-video-preview:-1"},"canonical":"https:\/\/staging.al-anon.org\/fr\/offres-demploi-a-al-anon\/","og_locale":"fr_FR","og_type":"article","og_title":"Emploi chez Al-Anon | Groupes Familiaux Al-Anon","og_description":"Nous consid\u00e9rons que les employ\u00e9s de Al-Anon Family Group Headquarters, Inc. sont une de nos ressources les plus estimables. Consultez nos offres d'emplois actuelles.","og_url":"https:\/\/staging.al-anon.org\/fr\/offres-demploi-a-al-anon\/","og_site_name":"Al-Anon Family Groups","article_publisher":"http:\/\/www.facebook.com\/AlAnonFamilyGroupsWSO","article_modified_time":"2020-07-06T20:48:46+00:00","og_image":[{"width":1300,"height":230,"url":"https:\/\/staging.al-anon.org\/wp-content\/uploads\/1300x230_IntAdPosition.jpg","type":"image\/jpeg"}],"twitter_card":"summary_large_image","twitter_site":"@AlAnon_WSO","twitter_misc":{"Dur\u00e9e de lecture estim\u00e9e":"2 minutes"},"schema":{"@context":"https:\/\/schema.org","@graph":[{"@type":"WebPage","@id":"https:\/\/staging.al-anon.org\/fr\/offres-demploi-a-al-anon\/","url":"https:\/\/staging.al-anon.org\/fr\/offres-demploi-a-al-anon\/","name":"Emploi chez Al-Anon | Groupes Familiaux Al-Anon","isPartOf":{"@id":"https:\/\/staging.al-anon.org\/fr\/#website"},"primaryImageOfPage":{"@id":"https:\/\/staging.al-anon.org\/fr\/offres-demploi-a-al-anon\/#primaryimage"},"image":{"@id":"https:\/\/staging.al-anon.org\/fr\/offres-demploi-a-al-anon\/#primaryimage"},"thumbnailUrl":"https:\/\/staging.al-anon.org\/wp-content\/uploads\/1300x230_IntAdPosition.jpg","datePublished":"2017-06-19T16:25:50+00:00","dateModified":"2020-07-06T20:48:46+00:00","description":"Nous consid\u00e9rons que les employ\u00e9s de Al-Anon Family Group Headquarters, Inc. sont une de nos ressources les plus estimables. Consultez nos offres d'emplois actuelles.","inLanguage":"fr-FR","potentialAction":[{"@type":"ReadAction","target":["https:\/\/staging.al-anon.org\/fr\/offres-demploi-a-al-anon\/"]}]},{"@type":"ImageObject","inLanguage":"fr-FR","@id":"https:\/\/staging.al-anon.org\/fr\/offres-demploi-a-al-anon\/#primaryimage","url":"https:\/\/staging.al-anon.org\/wp-content\/uploads\/1300x230_IntAdPosition.jpg","contentUrl":"https:\/\/staging.al-anon.org\/wp-content\/uploads\/1300x230_IntAdPosition.jpg","width":1300,"height":230,"caption":"Two individuals sitting down at a desk, conducting an interview, and shaking hands."},{"@type":"WebSite","@id":"https:\/\/staging.al-anon.org\/fr\/#website","url":"https:\/\/staging.al-anon.org\/fr\/","name":"Al-Anon Family Groups","description":"Help and hope for families and friends of alcoholics","publisher":{"@id":"https:\/\/staging.al-anon.org\/fr\/#organization"},"potentialAction":[{"@type":"SearchAction","target":{"@type":"EntryPoint","urlTemplate":"https:\/\/staging.al-anon.org\/fr\/?s={search_term_string}"},"query-input":{"@type":"PropertyValueSpecification","valueRequired":true,"valueName":"search_term_string"}}],"inLanguage":"fr-FR"},{"@type":"Organization","@id":"https:\/\/staging.al-anon.org\/fr\/#organization","name":"Al-Anon Family Group Headquarters, Inc.","url":"https:\/\/staging.al-anon.org\/fr\/","logo":{"@type":"ImageObject","inLanguage":"fr-FR","@id":"https:\/\/staging.al-anon.org\/fr\/#\/schema\/logo\/image\/","url":"https:\/\/staging.al-anon.org\/wp-content\/uploads\/2017\/04\/AFGlogo-e1492189694634.jpg","contentUrl":"https:\/\/staging.al-anon.org\/wp-content\/uploads\/2017\/04\/AFGlogo-e1492189694634.jpg","width":167,"height":50,"caption":"Al-Anon Family Group Headquarters, Inc."},"image":{"@id":"https:\/\/staging.al-anon.org\/fr\/#\/schema\/logo\/image\/"},"sameAs":["http:\/\/www.facebook.com\/AlAnonFamilyGroupsWSO","https:\/\/x.com\/AlAnon_WSO","http:\/\/www.instagram.com\/alanon_wso","https:\/\/www.linkedin.com\/company\/al-anon-wso\/","https:\/\/www.youtube.com\/user\/AlAnonFamilyGroupHQ\/"]}]}},"_links":{"self":[{"href":"https:\/\/staging.al-anon.org\/fr\/wp-json\/wp\/v2\/pages\/5258","targetHints":{"allow":["GET"]}}],"collection":[{"href":"https:\/\/staging.al-anon.org\/fr\/wp-json\/wp\/v2\/pages"}],"about":[{"href":"https:\/\/staging.al-anon.org\/fr\/wp-json\/wp\/v2\/types\/page"}],"author":[{"embeddable":true,"href":"https:\/\/staging.al-anon.org\/fr\/wp-json\/wp\/v2\/users\/36"}],"replies":[{"embeddable":true,"href":"https:\/\/staging.al-anon.org\/fr\/wp-json\/wp\/v2\/comments?post=5258"}],"version-history":[{"count":5,"href":"https:\/\/staging.al-anon.org\/fr\/wp-json\/wp\/v2\/pages\/5258\/revisions"}],"predecessor-version":[{"id":29030,"href":"https:\/\/staging.al-anon.org\/fr\/wp-json\/wp\/v2\/pages\/5258\/revisions\/29030"}],"wp:featuredmedia":[{"embeddable":true,"href":"https:\/\/staging.al-anon.org\/fr\/wp-json\/wp\/v2\/media\/36420"}],"wp:attachment":[{"href":"https:\/\/staging.al-anon.org\/fr\/wp-json\/wp\/v2\/media?parent=5258"}],"curies":[{"name":"wp","href":"https:\/\/api.w.org\/{rel}","templated":true}]}}