{"id":5102,"date":"2017-06-16T11:40:07","date_gmt":"2017-06-16T15:40:07","guid":{"rendered":"https:\/\/staging.al-anon.org\/reunions-al-anon\/"},"modified":"2024-04-22T09:47:55","modified_gmt":"2024-04-22T13:47:55","slug":"reunions-al-anon","status":"publish","type":"page","link":"https:\/\/staging.al-anon.org\/fr\/reunions-al-anon\/","title":{"rendered":"R\u00e9unions Al-Anon"},"content":{"rendered":"<div class=\"fusion-fullwidth fullwidth-box fusion-builder-row-1 nonhundred-percent-fullwidth non-hundred-percent-height-scrolling\" style=\"--awb-background-position:left top;--awb-border-sizes-top:0px;--awb-border-sizes-bottom:0px;--awb-border-sizes-left:0px;--awb-border-sizes-right:0px;--awb-border-radius-top-left:0px;--awb-border-radius-top-right:0px;--awb-border-radius-bottom-right:0px;--awb-border-radius-bottom-left:0px;--awb-padding-top:20px;--awb-padding-bottom:20px;--awb-flex-wrap:wrap;\" ><div class=\"fusion-builder-row fusion-row\"><div class=\"fusion-layout-column fusion_builder_column fusion-builder-column-0 fusion_builder_column_1_2 1_2 fusion-one-half fusion-column-first\" style=\"--awb-bg-size:cover;width:50%;width:calc(50% - ( ( 4% ) * 0.5 ) );margin-right: 4%;\"><div class=\"fusion-column-wrapper fusion-flex-column-wrapper-legacy\"><div class=\"fusion-title title fusion-title-1 fusion-sep-none fusion-title-center fusion-title-text fusion-title-size-three\" style=\"--awb-margin-top-small:0px;--awb-margin-right-small:0px;--awb-margin-bottom-small:20px;--awb-margin-left-small:0px;\"><h3 class=\"fusion-title-heading title-heading-center fusion-responsive-typography-calculated\" style=\"margin:0;--fontSize:26;line-height:1.62;\">R\u00e9unions Al-Anon<\/p><\/h3><\/div><div class=\"fusion-text fusion-text-1\"><p>Al-Anon est un groupe de soutien mutuel de personnes qui partagent leur exp\u00e9rience en appliquant les principes Al-Anon aux probl\u00e8mes li\u00e9s aux cons\u00e9quences de la consommation d\u2019alcool d\u2019un buveur probl\u00e8me dans leur vie.<\/p>\n<\/div><div class=\"fusion-button-wrapper fusion-aligncenter\"><a class=\"fusion-button button-3d fusion-button-default-size button-default fusion-button-default button-1 fusion-button-span-no \" style=\"--button-border-radius-top-left:25px;--button-border-radius-top-right:25px;--button-border-radius-bottom-right:25px;--button-border-radius-bottom-left:25px;\" target=\"_self\" href=\"\/fr\/reunions-al-anon\/outil-de-recherche-pour-les-reunions-al-anon\/\"><span class=\"fusion-button-text awb-button__text awb-button__text--default\">Trouver une r\u00e9union Al-Anon<\/span><\/a><\/div><div class=\"fusion-sep-clear\"><\/div><div class=\"fusion-separator fusion-full-width-sep\" style=\"margin-left: auto;margin-right: auto;margin-top:10px;margin-bottom:10px;width:100%;\"><\/div><div class=\"fusion-sep-clear\"><\/div><div class=\"fusion-clearfix\"><\/div><\/div><\/div><div class=\"fusion-layout-column fusion_builder_column fusion-builder-column-1 fusion_builder_column_1_2 1_2 fusion-one-half fusion-column-last\" style=\"--awb-bg-size:cover;width:50%;width:calc(50% - ( ( 4% ) * 0.5 ) );\"><div class=\"fusion-column-wrapper fusion-flex-column-wrapper-legacy\"><div class=\"fusion-title title fusion-title-2 fusion-sep-none fusion-title-center fusion-title-text fusion-title-size-three\" style=\"--awb-margin-top-small:0px;--awb-margin-right-small:0px;--awb-margin-bottom-small:20px;--awb-margin-left-small:0px;\"><h3 class=\"fusion-title-heading title-heading-center fusion-responsive-typography-calculated\" style=\"margin:0;--fontSize:26;line-height:1.62;\">R\u00e9unions Alateen<\/p><\/h3><\/div><div class=\"fusion-text fusion-text-2\"><p>Alateen est un groupe de soutien pour les adolescents qui font face aux cons\u00e9quences de la vie aupr\u00e8s d\u2019une personne qui a un probl\u00e8me de consommation d\u2019alcool.<\/p>\n<\/div><div class=\"fusion-button-wrapper fusion-aligncenter\"><a class=\"fusion-button button-3d fusion-button-default-size button-default fusion-button-default button-2 fusion-button-span-no \" style=\"--button-border-radius-top-left:25px;--button-border-radius-top-right:25px;--button-border-radius-bottom-right:25px;--button-border-radius-bottom-left:25px;\" target=\"_blank\" rel=\"noopener noreferrer\" href=\"https:\/\/meetings.al-anon.org\/electronic-meeting-page\/?formats=Phone\"><span class=\"fusion-button-text awb-button__text awb-button__text--default\">Trouver une r\u00e9union Alateen<\/span><\/a><\/div><div class=\"fusion-sep-clear\"><\/div><div class=\"fusion-separator fusion-full-width-sep\" style=\"margin-left: auto;margin-right: auto;margin-top:10px;margin-bottom:10px;width:100%;\"><\/div><div class=\"fusion-sep-clear\"><\/div><div class=\"fusion-clearfix\"><\/div><\/div><\/div><div class=\"fusion-layout-column fusion_builder_column fusion-builder-column-2 fusion_builder_column_1_1 1_1 fusion-one-full fusion-column-first fusion-column-last\" style=\"--awb-bg-size:cover;\"><div class=\"fusion-column-wrapper fusion-flex-column-wrapper-legacy\"><div class=\"fusion-sep-clear\"><\/div><div class=\"fusion-separator fusion-full-width-sep\" style=\"margin-left: auto;margin-right: auto;margin-top:10px;margin-bottom:10px;width:100%;\"><\/div><div class=\"fusion-sep-clear\"><\/div><div class=\"fusion-clearfix\"><\/div><\/div><\/div><div class=\"fusion-layout-column fusion_builder_column fusion-builder-column-3 fusion_builder_column_1_2 1_2 fusion-one-half fusion-column-first\" style=\"--awb-bg-size:cover;width:50%;width:calc(50% - ( ( 4% ) * 0.5 ) );margin-right: 4%;\"><div class=\"fusion-column-wrapper fusion-flex-column-wrapper-legacy\"><div class=\"fusion-title title fusion-title-3 fusion-sep-none fusion-title-center fusion-title-text fusion-title-size-three\" style=\"--awb-margin-top-small:0px;--awb-margin-right-small:0px;--awb-margin-bottom-small:20px;--awb-margin-left-small:0px;\"><h3 class=\"fusion-title-heading title-heading-center fusion-responsive-typography-calculated\" style=\"margin:0;--fontSize:26;line-height:1.62;\">R\u00e9unions \u00e9lectroniques<\/h3><\/div><div class=\"fusion-text fusion-text-3\"><p>Les r\u00e9unions Al-Anon \u00e9lectroniques se tiennent en ligne et par t\u00e9l\u00e9phone. Les formats des r\u00e9unions en ligne sont les suivants : babillard \u00e9lectronique, courriel, m\u00e9dias sociaux et Skype.<\/p>\n<\/div><div class=\"fusion-builder-row fusion-builder-row-inner fusion-row\"><div class=\"fusion-layout-column fusion_builder_column_inner fusion-builder-nested-column-0 fusion_builder_column_inner_1_2 1_2 fusion-one-half fusion-column-first\" style=\"--awb-padding-top:10px;--awb-bg-size:cover;width:50%;width:calc(50% - ( ( 4% ) * 0.5 ) );margin-right: 4%;\"><div class=\"fusion-column-wrapper fusion-column-has-shadow fusion-flex-column-wrapper-legacy\"><div class=\"fusion-button-wrapper fusion-aligncenter\"><a class=\"fusion-button button-3d fusion-button-default-size button-default fusion-button-default button-3 fusion-button-span-no \" style=\"--button-border-radius-top-left:50px;--button-border-radius-top-right:50px;--button-border-radius-bottom-right:50px;--button-border-radius-bottom-left:50px;\" target=\"_blank\" rel=\"noopener noreferrer\" href=\"https:\/\/meetings.al-anon.org\/fr\/electronic-meeting-page\/\"><span class=\"fusion-button-text awb-button__text awb-button__text--default\">Trouver une r\u00e9union \u00e9lectronique<\/span><\/a><\/div><div class=\"fusion-clearfix\"><\/div><\/div><\/div><div class=\"fusion-layout-column fusion_builder_column_inner fusion-builder-nested-column-1 fusion_builder_column_inner_1_2 1_2 fusion-one-half fusion-column-last\" style=\"--awb-padding-top:10px;--awb-bg-size:cover;width:50%;width:calc(50% - ( ( 4% ) * 0.5 ) );\"><div class=\"fusion-column-wrapper fusion-column-has-shadow fusion-flex-column-wrapper-legacy\"><div class=\"fusion-button-wrapper fusion-aligncenter\"><a class=\"fusion-button button-3d fusion-button-default-size button-default fusion-button-default button-4 fusion-button-span-no \" style=\"--button-border-radius-top-left:50px;--button-border-radius-top-right:50px;--button-border-radius-bottom-right:50px;--button-border-radius-bottom-left:50px;\" target=\"_blank\" rel=\"noopener noreferrer\" href=\"https:\/\/meetings.al-anon.org\/electronic-meeting-page\/?formats=Phone\"><span class=\"fusion-button-text awb-button__text awb-button__text--default\">R\u00e9unions Al-Anon t\u00e9l\u00e9phoniques<\/span><\/a><\/div><div class=\"fusion-clearfix\"><\/div><\/div><\/div><\/div><div class=\"fusion-sep-clear\"><\/div><div class=\"fusion-separator fusion-full-width-sep\" style=\"margin-left: auto;margin-right: auto;margin-top:20px;margin-bottom:20px;width:100%;\"><\/div><div class=\"fusion-sep-clear\"><\/div><div class=\"fusion-clearfix\"><\/div><\/div><\/div><div class=\"fusion-layout-column fusion_builder_column fusion-builder-column-4 fusion_builder_column_1_2 1_2 fusion-one-half fusion-column-last\" style=\"--awb-bg-size:cover;width:50%;width:calc(50% - ( ( 4% ) * 0.5 ) );\"><div class=\"fusion-column-wrapper fusion-flex-column-wrapper-legacy\"><div class=\"fusion-title title fusion-title-4 fusion-sep-none fusion-title-center fusion-title-text fusion-title-size-three\" style=\"--awb-margin-top-small:0px;--awb-margin-right-small:0px;--awb-margin-bottom-small:20px;--awb-margin-left-small:0px;\"><h3 class=\"fusion-title-heading title-heading-center fusion-responsive-typography-calculated\" style=\"margin:0;--fontSize:26;line-height:1.62;\">Contacts Al-Anon \u00e0 travers le monde<\/p><\/h3><\/div><div class=\"fusion-text fusion-text-4\"><p>Annuaire mondial des bureaux des Groupes Familiaux Al-Anon aux \u00c9tats-Unis, au Canada et \u00e0 travers le monde permettant d\u2019obtenir de l\u2019information concernant les r\u00e9unions et autres services offerts.<\/p>\n<\/div><div class=\"fusion-button-wrapper fusion-aligncenter\"><a class=\"fusion-button button-3d fusion-button-default-size button-default fusion-button-default button-5 fusion-button-span-no \" style=\"--button-border-radius-top-left:25px;--button-border-radius-top-right:25px;--button-border-radius-bottom-right:25px;--button-border-radius-bottom-left:25px;\" target=\"_self\" href=\"\/fr\/reunions-al-anon\/contacts-al-anon-a-travers-le-monde\/\"><span class=\"fusion-button-text awb-button__text awb-button__text--default\">Trouver une r\u00e9union \u00e0 travers le monde<\/span><\/a><\/div><div class=\"fusion-sep-clear\"><\/div><div class=\"fusion-separator fusion-full-width-sep\" style=\"margin-left: auto;margin-right: auto;margin-top:20px;margin-bottom:20px;width:100%;\"><\/div><div class=\"fusion-sep-clear\"><\/div><div class=\"fusion-clearfix\"><\/div><\/div><\/div><div class=\"fusion-layout-column fusion_builder_column fusion-builder-column-5 fusion_builder_column_1_1 1_1 fusion-one-full fusion-column-first fusion-column-last\" style=\"--awb-bg-size:cover;\"><div class=\"fusion-column-wrapper fusion-flex-column-wrapper-legacy\"><div class=\"fusion-sep-clear\"><\/div><div class=\"fusion-separator fusion-full-width-sep\" style=\"margin-left: auto;margin-right: auto;margin-top:20px;margin-bottom:20px;width:100%;\"><\/div><div class=\"fusion-sep-clear\"><\/div><div class=\"fusion-text fusion-text-5\"><h3 style=\"text-align: center;\">Certaines choses \u00e0 garder \u00e0 l\u2019esprit \u00e0 votre premi\u00e8re r\u00e9union<\/h3>\n<ul>\n<li>Si vous \u00eates pr\u00e9occup\u00e9 par la consommation d&rsquo;alcool d&rsquo;une personne, <u>vous pouvez assister \u00e0 <strong>N&rsquo;IMPORTE QUELLE<\/strong> r\u00e9union Al\u2011Anon.<\/u> Bien que certains groupes choisissent de s\u00e9lectionner certains participants, ils accueilleront toute personne recherchant de l&rsquo;aide.<\/li>\n<li>Al\u2011Anon est un groupe de soutien mutuel. \u00c0 la r\u00e9union, tous les membres donnent leur t\u00e9moignage en tant qu\u2019\u00e9gaux. Aucun membre n\u2019est habilit\u00e9 \u00e0 offrir des conseils ou des directives \u00e0 un autre membre. Chacun \u00e0 la r\u00e9union a eu un probl\u00e8me avec la consommation d\u2019alcool d\u2019une autre personne.<\/li>\n<li>Vous \u00eates libres de poser des questions ou de parler de votre situation. Si vous pr\u00e9f\u00e9rez simplement \u00e9couter, vous pouvez dire : \u00ab Je passe \u00bb, ou dire que vous pr\u00e9f\u00e9reriez \u00e9couter.<\/li>\n<li>Chaque r\u00e9union est diff\u00e9rente et peut \u00eatre anim\u00e9e \u00e0 la discr\u00e9tion de ses membres en suivant les directives \u00e9tablies pour promouvoir l\u2019unit\u00e9 Al\u2011Anon. Al\u2011Anon recommande d\u2019essayer un minimum de six r\u00e9unions diff\u00e9rentes.<\/li>\n<li>Al\u2011Anon n\u2019est pas un programme religieux. M\u00eame lorsque la r\u00e9union se tient dans un centre religieux, le groupe Al\u2011Anon local paie un loyer \u00e0 ce centre et n\u2019est aucunement affili\u00e9 \u00e0 aucun groupe religieux. Vos croyances religieuses \u2013 ou l\u2019absence de ces derni\u00e8res \u2013 n\u2019ont pas lieu d\u2019\u00eatre mentionn\u00e9es aux r\u00e9unions Al\u2011Anon, lesquelles mettent uniquement l\u2019accent sur la vie et les cons\u00e9quences de la consommation d\u2019alcool d\u2019une autre personne.<\/li>\n<li>Bien comprendre le sens de l\u2019anonymat dans le programme Al\u2011Anon peut prendre quelque temps. Mais \u00e0 la base, l\u2019anonymat signifie que les membres respecteront la confidentialit\u00e9 de ce que vous partagez \u00e0 la r\u00e9union et ne vous approcherons pas en dehors de la r\u00e9union d\u2019une fa\u00e7on susceptible de compromettre votre confidentialit\u00e9 ou celle de quiconque aurait assist\u00e9 \u00e0 une r\u00e9union Al\u2011Anon.<\/li>\n<li>Il est fort probable que la r\u00e9union d\u00e9bute avec la lecture des Douze \u00c9tapes d\u2019Al\u2011Anon. Il vous faudra un peu de temps pour comprendre clairement comment les Douze \u00c9tapes peuvent \u00eatre un outil essentiel \u00e0 votre r\u00e9tablissement des cons\u00e9quences de la consommation d\u2019alcool d\u2019une autre personne. Toutefois, Al\u2011Anon vous permet de progresser \u00e0 votre propre rythme.<\/li>\n<\/ul>\n<\/div><div class=\"fusion-clearfix\"><\/div><\/div><\/div><\/div><\/div>\n","protected":false},"excerpt":{"rendered":"","protected":false},"author":36,"featured_media":34789,"parent":0,"menu_order":6,"comment_status":"closed","ping_status":"closed","template":"","meta":{"footnotes":""},"class_list":["post-5102","page","type-page","status-publish","has-post-thumbnail","hentry"],"yoast_head":"<!-- This site is optimized with the Yoast SEO plugin v27.4 - https:\/\/yoast.com\/product\/yoast-seo-wordpress\/ -->\n<title>Trouver une rencontre face \u00e0 face, t\u00e9l\u00e9phone ou en ligne d&#039;Al-Anon ou Alateen<\/title>\n<meta name=\"description\" content=\"Si vous \u00eates pr\u00e9occup\u00e9 par la consommation d&#039;alcool d&#039;une personne, vous pouvez assister \u00e0 N&#039;IMPORTE QUELLE r\u00e9union Al-Anon. Bien que certains groupes choisissent de s\u00e9lectionner certains participants, ils accueilleront toute personne recherchant de l&#039;aide.\" \/>\n<meta name=\"robots\" content=\"index, follow, max-snippet:-1, max-image-preview:large, max-video-preview:-1\" \/>\n<link rel=\"canonical\" href=\"https:\/\/staging.al-anon.org\/fr\/reunions-al-anon\/\" \/>\n<meta property=\"og:locale\" content=\"fr_FR\" \/>\n<meta property=\"og:type\" content=\"article\" \/>\n<meta property=\"og:title\" content=\"Trouver une rencontre face \u00e0 face, t\u00e9l\u00e9phone ou en ligne d&#039;Al-Anon ou Alateen\" \/>\n<meta property=\"og:description\" content=\"Si vous \u00eates pr\u00e9occup\u00e9 par la consommation d&#039;alcool d&#039;une personne, vous pouvez assister \u00e0 N&#039;IMPORTE QUELLE r\u00e9union Al-Anon. Bien que certains groupes choisissent de s\u00e9lectionner certains participants, ils accueilleront toute personne recherchant de l&#039;aide.\" \/>\n<meta property=\"og:url\" content=\"https:\/\/staging.al-anon.org\/fr\/reunions-al-anon\/\" \/>\n<meta property=\"og:site_name\" content=\"Al-Anon Family Groups\" \/>\n<meta property=\"article:publisher\" content=\"http:\/\/www.facebook.com\/AlAnonFamilyGroupsWSO\" \/>\n<meta property=\"article:modified_time\" content=\"2024-04-22T13:47:55+00:00\" \/>\n<meta property=\"og:image\" content=\"https:\/\/staging.al-anon.org\/wp-content\/uploads\/AlAnonMeetings_Fr.jpg\" \/>\n\t<meta property=\"og:image:width\" content=\"1200\" \/>\n\t<meta property=\"og:image:height\" content=\"350\" \/>\n\t<meta property=\"og:image:type\" content=\"image\/jpeg\" \/>\n<meta name=\"twitter:card\" content=\"summary_large_image\" \/>\n<meta name=\"twitter:site\" content=\"@AlAnon_WSO\" \/>\n<meta name=\"twitter:label1\" content=\"Dur\u00e9e de lecture estim\u00e9e\" \/>\n\t<meta name=\"twitter:data1\" content=\"3 minutes\" \/>\n<script type=\"application\/ld+json\" class=\"yoast-schema-graph\">{\"@context\":\"https:\\\/\\\/schema.org\",\"@graph\":[{\"@type\":\"WebPage\",\"@id\":\"https:\\\/\\\/staging.al-anon.org\\\/fr\\\/reunions-al-anon\\\/\",\"url\":\"https:\\\/\\\/staging.al-anon.org\\\/fr\\\/reunions-al-anon\\\/\",\"name\":\"Trouver une rencontre face \u00e0 face, t\u00e9l\u00e9phone ou en ligne d'Al-Anon ou Alateen\",\"isPartOf\":{\"@id\":\"https:\\\/\\\/staging.al-anon.org\\\/fr\\\/#website\"},\"primaryImageOfPage\":{\"@id\":\"https:\\\/\\\/staging.al-anon.org\\\/fr\\\/reunions-al-anon\\\/#primaryimage\"},\"image\":{\"@id\":\"https:\\\/\\\/staging.al-anon.org\\\/fr\\\/reunions-al-anon\\\/#primaryimage\"},\"thumbnailUrl\":\"https:\\\/\\\/staging.al-anon.org\\\/wp-content\\\/uploads\\\/AlAnonMeetings_Fr.jpg\",\"datePublished\":\"2017-06-16T15:40:07+00:00\",\"dateModified\":\"2024-04-22T13:47:55+00:00\",\"description\":\"Si vous \u00eates pr\u00e9occup\u00e9 par la consommation d'alcool d'une personne, vous pouvez assister \u00e0 N'IMPORTE QUELLE r\u00e9union Al-Anon. Bien que certains groupes choisissent de s\u00e9lectionner certains participants, ils accueilleront toute personne recherchant de l'aide.\",\"inLanguage\":\"fr-FR\",\"potentialAction\":[{\"@type\":\"ReadAction\",\"target\":[\"https:\\\/\\\/staging.al-anon.org\\\/fr\\\/reunions-al-anon\\\/\"]}]},{\"@type\":\"ImageObject\",\"inLanguage\":\"fr-FR\",\"@id\":\"https:\\\/\\\/staging.al-anon.org\\\/fr\\\/reunions-al-anon\\\/#primaryimage\",\"url\":\"https:\\\/\\\/staging.al-anon.org\\\/wp-content\\\/uploads\\\/AlAnonMeetings_Fr.jpg\",\"contentUrl\":\"https:\\\/\\\/staging.al-anon.org\\\/wp-content\\\/uploads\\\/AlAnonMeetings_Fr.jpg\",\"width\":1200,\"height\":350,\"caption\":\"R\u00e9unions Al-Anon\"},{\"@type\":\"WebSite\",\"@id\":\"https:\\\/\\\/staging.al-anon.org\\\/fr\\\/#website\",\"url\":\"https:\\\/\\\/staging.al-anon.org\\\/fr\\\/\",\"name\":\"Al-Anon Family Groups\",\"description\":\"Help and hope for families and friends of alcoholics\",\"publisher\":{\"@id\":\"https:\\\/\\\/staging.al-anon.org\\\/fr\\\/#organization\"},\"potentialAction\":[{\"@type\":\"SearchAction\",\"target\":{\"@type\":\"EntryPoint\",\"urlTemplate\":\"https:\\\/\\\/staging.al-anon.org\\\/fr\\\/?s={search_term_string}\"},\"query-input\":{\"@type\":\"PropertyValueSpecification\",\"valueRequired\":true,\"valueName\":\"search_term_string\"}}],\"inLanguage\":\"fr-FR\"},{\"@type\":\"Organization\",\"@id\":\"https:\\\/\\\/staging.al-anon.org\\\/fr\\\/#organization\",\"name\":\"Al-Anon Family Group Headquarters, Inc.\",\"url\":\"https:\\\/\\\/staging.al-anon.org\\\/fr\\\/\",\"logo\":{\"@type\":\"ImageObject\",\"inLanguage\":\"fr-FR\",\"@id\":\"https:\\\/\\\/staging.al-anon.org\\\/fr\\\/#\\\/schema\\\/logo\\\/image\\\/\",\"url\":\"https:\\\/\\\/staging.al-anon.org\\\/wp-content\\\/uploads\\\/2017\\\/04\\\/AFGlogo-e1492189694634.jpg\",\"contentUrl\":\"https:\\\/\\\/staging.al-anon.org\\\/wp-content\\\/uploads\\\/2017\\\/04\\\/AFGlogo-e1492189694634.jpg\",\"width\":167,\"height\":50,\"caption\":\"Al-Anon Family Group Headquarters, Inc.\"},\"image\":{\"@id\":\"https:\\\/\\\/staging.al-anon.org\\\/fr\\\/#\\\/schema\\\/logo\\\/image\\\/\"},\"sameAs\":[\"http:\\\/\\\/www.facebook.com\\\/AlAnonFamilyGroupsWSO\",\"https:\\\/\\\/x.com\\\/AlAnon_WSO\",\"http:\\\/\\\/www.instagram.com\\\/alanon_wso\",\"https:\\\/\\\/www.linkedin.com\\\/company\\\/al-anon-wso\\\/\",\"https:\\\/\\\/www.youtube.com\\\/user\\\/AlAnonFamilyGroupHQ\\\/\"]}]}<\/script>\n<!-- \/ Yoast SEO plugin. -->","yoast_head_json":{"title":"Trouver une rencontre face \u00e0 face, t\u00e9l\u00e9phone ou en ligne d'Al-Anon ou Alateen","description":"Si vous \u00eates pr\u00e9occup\u00e9 par la consommation d'alcool d'une personne, vous pouvez assister \u00e0 N'IMPORTE QUELLE r\u00e9union Al-Anon. Bien que certains groupes choisissent de s\u00e9lectionner certains participants, ils accueilleront toute personne recherchant de l'aide.","robots":{"index":"index","follow":"follow","max-snippet":"max-snippet:-1","max-image-preview":"max-image-preview:large","max-video-preview":"max-video-preview:-1"},"canonical":"https:\/\/staging.al-anon.org\/fr\/reunions-al-anon\/","og_locale":"fr_FR","og_type":"article","og_title":"Trouver une rencontre face \u00e0 face, t\u00e9l\u00e9phone ou en ligne d'Al-Anon ou Alateen","og_description":"Si vous \u00eates pr\u00e9occup\u00e9 par la consommation d'alcool d'une personne, vous pouvez assister \u00e0 N'IMPORTE QUELLE r\u00e9union Al-Anon. Bien que certains groupes choisissent de s\u00e9lectionner certains participants, ils accueilleront toute personne recherchant de l'aide.","og_url":"https:\/\/staging.al-anon.org\/fr\/reunions-al-anon\/","og_site_name":"Al-Anon Family Groups","article_publisher":"http:\/\/www.facebook.com\/AlAnonFamilyGroupsWSO","article_modified_time":"2024-04-22T13:47:55+00:00","og_image":[{"width":1200,"height":350,"url":"https:\/\/staging.al-anon.org\/wp-content\/uploads\/AlAnonMeetings_Fr.jpg","type":"image\/jpeg"}],"twitter_card":"summary_large_image","twitter_site":"@AlAnon_WSO","twitter_misc":{"Dur\u00e9e de lecture estim\u00e9e":"3 minutes"},"schema":{"@context":"https:\/\/schema.org","@graph":[{"@type":"WebPage","@id":"https:\/\/staging.al-anon.org\/fr\/reunions-al-anon\/","url":"https:\/\/staging.al-anon.org\/fr\/reunions-al-anon\/","name":"Trouver une rencontre face \u00e0 face, t\u00e9l\u00e9phone ou en ligne d'Al-Anon ou Alateen","isPartOf":{"@id":"https:\/\/staging.al-anon.org\/fr\/#website"},"primaryImageOfPage":{"@id":"https:\/\/staging.al-anon.org\/fr\/reunions-al-anon\/#primaryimage"},"image":{"@id":"https:\/\/staging.al-anon.org\/fr\/reunions-al-anon\/#primaryimage"},"thumbnailUrl":"https:\/\/staging.al-anon.org\/wp-content\/uploads\/AlAnonMeetings_Fr.jpg","datePublished":"2017-06-16T15:40:07+00:00","dateModified":"2024-04-22T13:47:55+00:00","description":"Si vous \u00eates pr\u00e9occup\u00e9 par la consommation d'alcool d'une personne, vous pouvez assister \u00e0 N'IMPORTE QUELLE r\u00e9union Al-Anon. Bien que certains groupes choisissent de s\u00e9lectionner certains participants, ils accueilleront toute personne recherchant de l'aide.","inLanguage":"fr-FR","potentialAction":[{"@type":"ReadAction","target":["https:\/\/staging.al-anon.org\/fr\/reunions-al-anon\/"]}]},{"@type":"ImageObject","inLanguage":"fr-FR","@id":"https:\/\/staging.al-anon.org\/fr\/reunions-al-anon\/#primaryimage","url":"https:\/\/staging.al-anon.org\/wp-content\/uploads\/AlAnonMeetings_Fr.jpg","contentUrl":"https:\/\/staging.al-anon.org\/wp-content\/uploads\/AlAnonMeetings_Fr.jpg","width":1200,"height":350,"caption":"R\u00e9unions Al-Anon"},{"@type":"WebSite","@id":"https:\/\/staging.al-anon.org\/fr\/#website","url":"https:\/\/staging.al-anon.org\/fr\/","name":"Al-Anon Family Groups","description":"Help and hope for families and friends of alcoholics","publisher":{"@id":"https:\/\/staging.al-anon.org\/fr\/#organization"},"potentialAction":[{"@type":"SearchAction","target":{"@type":"EntryPoint","urlTemplate":"https:\/\/staging.al-anon.org\/fr\/?s={search_term_string}"},"query-input":{"@type":"PropertyValueSpecification","valueRequired":true,"valueName":"search_term_string"}}],"inLanguage":"fr-FR"},{"@type":"Organization","@id":"https:\/\/staging.al-anon.org\/fr\/#organization","name":"Al-Anon Family Group Headquarters, Inc.","url":"https:\/\/staging.al-anon.org\/fr\/","logo":{"@type":"ImageObject","inLanguage":"fr-FR","@id":"https:\/\/staging.al-anon.org\/fr\/#\/schema\/logo\/image\/","url":"https:\/\/staging.al-anon.org\/wp-content\/uploads\/2017\/04\/AFGlogo-e1492189694634.jpg","contentUrl":"https:\/\/staging.al-anon.org\/wp-content\/uploads\/2017\/04\/AFGlogo-e1492189694634.jpg","width":167,"height":50,"caption":"Al-Anon Family Group Headquarters, Inc."},"image":{"@id":"https:\/\/staging.al-anon.org\/fr\/#\/schema\/logo\/image\/"},"sameAs":["http:\/\/www.facebook.com\/AlAnonFamilyGroupsWSO","https:\/\/x.com\/AlAnon_WSO","http:\/\/www.instagram.com\/alanon_wso","https:\/\/www.linkedin.com\/company\/al-anon-wso\/","https:\/\/www.youtube.com\/user\/AlAnonFamilyGroupHQ\/"]}]}},"_links":{"self":[{"href":"https:\/\/staging.al-anon.org\/fr\/wp-json\/wp\/v2\/pages\/5102","targetHints":{"allow":["GET"]}}],"collection":[{"href":"https:\/\/staging.al-anon.org\/fr\/wp-json\/wp\/v2\/pages"}],"about":[{"href":"https:\/\/staging.al-anon.org\/fr\/wp-json\/wp\/v2\/types\/page"}],"author":[{"embeddable":true,"href":"https:\/\/staging.al-anon.org\/fr\/wp-json\/wp\/v2\/users\/36"}],"replies":[{"embeddable":true,"href":"https:\/\/staging.al-anon.org\/fr\/wp-json\/wp\/v2\/comments?post=5102"}],"version-history":[{"count":19,"href":"https:\/\/staging.al-anon.org\/fr\/wp-json\/wp\/v2\/pages\/5102\/revisions"}],"predecessor-version":[{"id":42012,"href":"https:\/\/staging.al-anon.org\/fr\/wp-json\/wp\/v2\/pages\/5102\/revisions\/42012"}],"wp:featuredmedia":[{"embeddable":true,"href":"https:\/\/staging.al-anon.org\/fr\/wp-json\/wp\/v2\/media\/34789"}],"wp:attachment":[{"href":"https:\/\/staging.al-anon.org\/fr\/wp-json\/wp\/v2\/media?parent=5102"}],"curies":[{"name":"wp","href":"https:\/\/api.w.org\/{rel}","templated":true}]}}