{"id":43341,"date":"2024-09-16T13:53:57","date_gmt":"2024-09-16T17:53:57","guid":{"rendered":"https:\/\/staging.al-anon.org\/?page_id=43341"},"modified":"2024-09-16T13:55:52","modified_gmt":"2024-09-16T17:55:52","slug":"de-nombreuses-voix-un-voyage","status":"publish","type":"page","link":"https:\/\/staging.al-anon.org\/fr\/pour-les-membres\/ressources-pour-les-membres\/documentation\/litterature-al-anon-et-alateen\/de-nombreuses-voix-un-voyage\/","title":{"rendered":"De nombreuses voix, un voyage"},"content":{"rendered":"<p><div class=\"fusion-fullwidth fullwidth-box fusion-builder-row-1 nonhundred-percent-fullwidth non-hundred-percent-height-scrolling\" style=\"--awb-border-radius-top-left:0px;--awb-border-radius-top-right:0px;--awb-border-radius-bottom-right:0px;--awb-border-radius-bottom-left:0px;--awb-flex-wrap:wrap;\" ><div class=\"fusion-builder-row fusion-row\"><div class=\"fusion-layout-column fusion_builder_column fusion-builder-column-0 fusion_builder_column_1_6 1_6 fusion-one-sixth fusion-column-first\" style=\"--awb-bg-size:cover;width:16.666666666667%;width:calc(16.666666666667% - ( ( 4% + 4% ) * 0.16666666666667 ) );margin-right: 4%;\"><div class=\"fusion-column-wrapper fusion-column-has-shadow fusion-flex-column-wrapper-legacy\"><div class=\"fusion-column-content-centered\"><div class=\"fusion-column-content\"><\/div><\/div><div class=\"fusion-clearfix\"><\/div><\/div><\/div><div class=\"fusion-layout-column fusion_builder_column fusion-builder-column-1 fusion_builder_column_1_5 1_5 fusion-one-fifth\" style=\"--awb-bg-size:cover;width:20%;width:calc(20% - ( ( 4% + 4% ) * 0.2 ) );margin-right: 4%;\"><div class=\"fusion-column-wrapper fusion-column-has-shadow fusion-flex-column-wrapper-legacy\"><div class=\"fusion-column-content-centered\"><div class=\"fusion-column-content\"><div class=\"fusion-sep-clear\"><\/div><div class=\"fusion-separator fusion-full-width-sep\" style=\"margin-left: auto;margin-right: auto;margin-top:10px;margin-bottom:10px;width:100%;\"><\/div><div class=\"fusion-sep-clear\"><\/div><div class=\"fusion-image-element fusion-image-align-center in-legacy-container\" style=\"text-align:center;--awb-caption-title-font-family:var(--h2_typography-font-family);--awb-caption-title-font-weight:var(--h2_typography-font-weight);--awb-caption-title-font-style:var(--h2_typography-font-style);--awb-caption-title-size:var(--h2_typography-font-size);--awb-caption-title-transform:var(--h2_typography-text-transform);--awb-caption-title-line-height:var(--h2_typography-line-height);--awb-caption-title-letter-spacing:var(--h2_typography-letter-spacing);\"><div class=\"imageframe-align-center\"><span class=\" fusion-imageframe imageframe-none imageframe-1 hover-type-none\" style=\"border:1px solid #000000;\"><a class=\"fusion-no-lightbox\" href=\"\/fr\/blog\/de-nombreuses-voix-un-voyage\/\" target=\"_self\" aria-label=\"FB-31-featured\"><img decoding=\"async\" width=\"198\" height=\"307\" alt=\"L\u2019histoire de la croissance et du r\u00e9tablissement d\u2019Al-Anon vue \u00e0 travers l\u2019exp\u00e9rience individuelle des membres et de la fraternit\u00e9 dans son ensemble au cours des premi\u00e8res soixante ann\u00e9es d\u2019Al-Anon. Reliure souple avec index, 426 pages.\" src=\"http:\/\/al-anon.org\/wp-content\/uploads\/FB-31-featured.jpg\" class=\"img-responsive wp-image-43344\" srcset=\"https:\/\/staging.al-anon.org\/wp-content\/uploads\/FB-31-featured-193x300.jpg 193w, https:\/\/staging.al-anon.org\/wp-content\/uploads\/FB-31-featured.jpg 198w\" sizes=\"(max-width: 198px) 100vw, 198px\" \/><\/a><\/span><\/div><\/div><div class=\"fusion-sep-clear\"><\/div><div class=\"fusion-separator fusion-full-width-sep\" style=\"margin-left: auto;margin-right: auto;margin-top:10px;margin-bottom:10px;width:100%;\"><\/div><div class=\"fusion-sep-clear\"><\/div><\/div><\/div><div class=\"fusion-clearfix\"><\/div><\/div><\/div><div class=\"fusion-layout-column fusion_builder_column fusion-builder-column-2 fusion_builder_column_3_5 3_5 fusion-three-fifth fusion-column-last\" style=\"--awb-bg-size:cover;width:60%;width:calc(60% - ( ( 4% + 4% ) * 0.6 ) );\"><div class=\"fusion-column-wrapper fusion-column-has-shadow fusion-flex-column-wrapper-legacy\"><div class=\"fusion-title title fusion-title-1 fusion-sep-none fusion-title-center fusion-title-text fusion-title-size-three\" style=\"--awb-margin-top-small:0px;--awb-margin-right-small:0px;--awb-margin-bottom-small:20px;--awb-margin-left-small:0px;\"><h3 class=\"fusion-title-heading title-heading-center fusion-responsive-typography-calculated\" style=\"margin:0;--fontSize:26;line-height:1.62;\"><em>De nombreuses voix, un voyage<\/em> (FB\u201131)<\/h3><\/div><div class=\"fusion-sep-clear\"><\/div><div class=\"fusion-separator fusion-full-width-sep\" style=\"margin-left: auto;margin-right: auto;margin-top:10px;margin-bottom:10px;width:100%;\"><\/div><div class=\"fusion-sep-clear\"><\/div><div class=\"fusion-text fusion-text-1\"><p>L\u2019histoire de la croissance et du r\u00e9tablissement d\u2019Al\u2011Anon vue \u00e0 travers l\u2019exp\u00e9rience individuelle des membres et de la fraternit\u00e9 dans son ensemble au cours des premi\u00e8res soixante ann\u00e9es d\u2019Al\u2011Anon. Reliure souple avec index, 426 pages.<\/p>\n<\/div><div class=\"fusion-sep-clear\"><\/div><div class=\"fusion-separator fusion-full-width-sep\" style=\"margin-left: auto;margin-right: auto;margin-top:10px;margin-bottom:10px;width:100%;\"><\/div><div class=\"fusion-sep-clear\"><\/div><div class=\"fusion-button-wrapper fusion-aligncenter\"><a class=\"fusion-button button-3d button-medium button-default fusion-button-default button-1 fusion-button-span-no \" style=\"--button-border-radius-top-left:50px;--button-border-radius-top-right:50px;--button-border-radius-bottom-right:50px;--button-border-radius-bottom-left:50px;\" target=\"_self\" href=\"\/fr\/blog\/de-nombreuses-voix-un-voyage\/\"><span class=\"fusion-button-text awb-button__text awb-button__text--default\">LIRE UN EXTRAIT<\/span><\/a><\/div><div class=\"fusion-sep-clear\"><\/div><div class=\"fusion-separator fusion-full-width-sep\" style=\"margin-left: auto;margin-right: auto;margin-top:10px;margin-bottom:10px;width:100%;\"><\/div><div class=\"fusion-sep-clear\"><\/div><div class=\"fusion-clearfix\"><\/div><\/div><\/div><\/div><\/div><div class=\"fusion-fullwidth fullwidth-box fusion-builder-row-2 nonhundred-percent-fullwidth non-hundred-percent-height-scrolling\" style=\"--awb-border-radius-top-left:0px;--awb-border-radius-top-right:0px;--awb-border-radius-bottom-right:0px;--awb-border-radius-bottom-left:0px;--awb-flex-wrap:wrap;\" ><div class=\"fusion-builder-row fusion-row\"><div class=\"fusion-layout-column fusion_builder_column fusion-builder-column-3 fusion_builder_column_1_1 1_1 fusion-one-full fusion-column-first fusion-column-last\" style=\"--awb-bg-size:cover;\"><div class=\"fusion-column-wrapper fusion-column-has-shadow fusion-flex-column-wrapper-legacy\"><div class=\"fusion-tabs fusion-tabs-1 classic nav-is-justified horizontal-tabs icon-position-left mobile-mode-accordion\" style=\"--awb-title-border-radius-top-left:0px;--awb-title-border-radius-top-right:0px;--awb-title-border-radius-bottom-right:0px;--awb-title-border-radius-bottom-left:0px;--awb-alignment:start;--awb-inactive-color:rgba(0,32,102,0.44);--awb-background-color:#f4f4f4;--awb-border-color:#000000;--awb-active-border-color:#3f7ccd;\"><div class=\"nav\"><ul class=\"nav-tabs nav-justified\" role=\"tablist\" aria-orientation=\"horizontal\"><li class=\"active\" role=\"presentation\"><a class=\"tab-link\" data-toggle=\"tab\" role=\"tab\" aria-controls=\"tab-ef8edabb2d3f414bb6c\" aria-selected=\"true\" tabindex=\"0\" id=\"fusion-tab-ef8edabb2d3f414bb6c\" href=\"#tab-ef8edabb2d3f414bb6c\"><h4 class=\"fusion-tab-heading\">\u00c9dition imprim\u00e9e<\/h4><\/a><\/li><\/ul><\/div><div class=\"tab-content\"><div class=\"nav fusion-mobile-tab-nav\"><ul class=\"nav-tabs nav-justified\" role=\"tablist\" aria-orientation=\"horizontal\"><li class=\"active\" role=\"presentation\"><a class=\"tab-link\" data-toggle=\"tab\" role=\"tab\" aria-controls=\"tab-ef8edabb2d3f414bb6c\" aria-selected=\"true\" tabindex=\"0\" id=\"mobile-fusion-tab-ef8edabb2d3f414bb6c\" href=\"#tab-ef8edabb2d3f414bb6c\"><h4 class=\"fusion-tab-heading\">\u00c9dition imprim\u00e9e<\/h4><\/a><\/li><\/ul><\/div><div class=\"tab-pane fade fusion-clearfix in active\" role=\"tabpanel\" tabindex=\"0\" aria-labelledby=\"fusion-tab-ef8edabb2d3f414bb6c\" id=\"tab-ef8edabb2d3f414bb6c\">\n<p><a href=\"https:\/\/ecomm.al-anon.org\/ItemDetail?iProductCode=FB31\"><img decoding=\"async\" class=\"size-full wp-image-39865 aligncenter\" src=\"\/wp-content\/uploads\/OnLineLibrary_button_Fr.png\" alt=\"Librairie en ligne\" width=\"200\" height=\"65\" srcset=\"https:\/\/staging.al-anon.org\/wp-content\/uploads\/OnLineLibrary_button_Fr-177x57.png 177w, https:\/\/staging.al-anon.org\/wp-content\/uploads\/OnLineLibrary_button_Fr.png 200w\" sizes=\"(max-width: 200px) 100vw, 200px\" \/><\/a><\/p>\n<\/div><\/div><\/div><div class=\"fusion-clearfix\"><\/div><\/div><\/div><\/div><\/div><\/p>\n","protected":false},"excerpt":{"rendered":"","protected":false},"author":36,"featured_media":0,"parent":5153,"menu_order":0,"comment_status":"closed","ping_status":"closed","template":"","meta":{"footnotes":""},"class_list":["post-43341","page","type-page","status-publish","hentry"],"yoast_head":"<!-- This site is optimized with the Yoast SEO plugin v27.6 - https:\/\/yoast.com\/product\/yoast-seo-wordpress\/ -->\n<title>De nombreuses voix, un voyage - Al-Anon Family Groups<\/title>\n<meta name=\"description\" content=\"L\u2019histoire de la croissance et du r\u00e9tablissement d\u2019Al-Anon vue \u00e0 travers l\u2019exp\u00e9rience individuelle des membres et de la fraternit\u00e9 dans son ensemble au cours des premi\u00e8res soixante ann\u00e9es d\u2019Al-Anon. Reliure souple avec index, 426 pages.\" \/>\n<meta name=\"robots\" content=\"index, follow, max-snippet:-1, max-image-preview:large, max-video-preview:-1\" \/>\n<link rel=\"canonical\" href=\"https:\/\/staging.al-anon.org\/fr\/pour-les-membres\/ressources-pour-les-membres\/documentation\/litterature-al-anon-et-alateen\/de-nombreuses-voix-un-voyage\/\" \/>\n<meta property=\"og:locale\" content=\"fr_FR\" \/>\n<meta property=\"og:type\" content=\"article\" \/>\n<meta property=\"og:title\" content=\"De nombreuses voix, un voyage - Al-Anon Family Groups\" \/>\n<meta property=\"og:description\" content=\"L\u2019histoire de la croissance et du r\u00e9tablissement d\u2019Al-Anon vue \u00e0 travers l\u2019exp\u00e9rience individuelle des membres et de la fraternit\u00e9 dans son ensemble au cours des premi\u00e8res soixante ann\u00e9es d\u2019Al-Anon. Reliure souple avec index, 426 pages.\" \/>\n<meta property=\"og:url\" content=\"https:\/\/staging.al-anon.org\/fr\/pour-les-membres\/ressources-pour-les-membres\/documentation\/litterature-al-anon-et-alateen\/de-nombreuses-voix-un-voyage\/\" \/>\n<meta property=\"og:site_name\" content=\"Al-Anon Family Groups\" \/>\n<meta property=\"article:publisher\" content=\"http:\/\/www.facebook.com\/AlAnonFamilyGroupsWSO\" \/>\n<meta property=\"article:modified_time\" content=\"2024-09-16T17:55:52+00:00\" \/>\n<meta name=\"twitter:card\" content=\"summary_large_image\" \/>\n<meta name=\"twitter:site\" content=\"@AlAnon_WSO\" \/>\n<meta name=\"twitter:label1\" content=\"Dur\u00e9e de lecture estim\u00e9e\" \/>\n\t<meta name=\"twitter:data1\" content=\"1 minute\" \/>\n<script type=\"application\/ld+json\" class=\"yoast-schema-graph\">{\"@context\":\"https:\\\/\\\/schema.org\",\"@graph\":[{\"@type\":\"WebPage\",\"@id\":\"https:\\\/\\\/staging.al-anon.org\\\/fr\\\/pour-les-membres\\\/ressources-pour-les-membres\\\/documentation\\\/litterature-al-anon-et-alateen\\\/de-nombreuses-voix-un-voyage\\\/\",\"url\":\"https:\\\/\\\/staging.al-anon.org\\\/fr\\\/pour-les-membres\\\/ressources-pour-les-membres\\\/documentation\\\/litterature-al-anon-et-alateen\\\/de-nombreuses-voix-un-voyage\\\/\",\"name\":\"De nombreuses voix, un voyage - Al-Anon Family Groups\",\"isPartOf\":{\"@id\":\"https:\\\/\\\/staging.al-anon.org\\\/fr\\\/#website\"},\"datePublished\":\"2024-09-16T17:53:57+00:00\",\"dateModified\":\"2024-09-16T17:55:52+00:00\",\"description\":\"L\u2019histoire de la croissance et du r\u00e9tablissement d\u2019Al-Anon vue \u00e0 travers l\u2019exp\u00e9rience individuelle des membres et de la fraternit\u00e9 dans son ensemble au cours des premi\u00e8res soixante ann\u00e9es d\u2019Al-Anon. Reliure souple avec index, 426 pages.\",\"breadcrumb\":{\"@id\":\"https:\\\/\\\/staging.al-anon.org\\\/fr\\\/pour-les-membres\\\/ressources-pour-les-membres\\\/documentation\\\/litterature-al-anon-et-alateen\\\/de-nombreuses-voix-un-voyage\\\/#breadcrumb\"},\"inLanguage\":\"fr-FR\",\"potentialAction\":[{\"@type\":\"ReadAction\",\"target\":[\"https:\\\/\\\/staging.al-anon.org\\\/fr\\\/pour-les-membres\\\/ressources-pour-les-membres\\\/documentation\\\/litterature-al-anon-et-alateen\\\/de-nombreuses-voix-un-voyage\\\/\"]}]},{\"@type\":\"BreadcrumbList\",\"@id\":\"https:\\\/\\\/staging.al-anon.org\\\/fr\\\/pour-les-membres\\\/ressources-pour-les-membres\\\/documentation\\\/litterature-al-anon-et-alateen\\\/de-nombreuses-voix-un-voyage\\\/#breadcrumb\",\"itemListElement\":[{\"@type\":\"ListItem\",\"position\":1,\"name\":\"Pour les membres\",\"item\":\"https:\\\/\\\/staging.al-anon.org\\\/fr\\\/pour-les-membres\\\/\"},{\"@type\":\"ListItem\",\"position\":2,\"name\":\"Ressources pour les membres\",\"item\":\"https:\\\/\\\/staging.al-anon.org\\\/fr\\\/pour-les-membres\\\/ressources-pour-les-membres\\\/\"},{\"@type\":\"ListItem\",\"position\":3,\"name\":\"Documentation\",\"item\":\"https:\\\/\\\/staging.al-anon.org\\\/fr\\\/pour-les-membres\\\/ressources-pour-les-membres\\\/documentation\\\/\"},{\"@type\":\"ListItem\",\"position\":4,\"name\":\"Documentation Approuv\u00e9e par la Conf\u00e9rence (DAC)\",\"item\":\"https:\\\/\\\/staging.al-anon.org\\\/fr\\\/pour-les-membres\\\/ressources-pour-les-membres\\\/documentation\\\/litterature-al-anon-et-alateen\\\/\"},{\"@type\":\"ListItem\",\"position\":5,\"name\":\"De nombreuses voix, un voyage\"}]},{\"@type\":\"WebSite\",\"@id\":\"https:\\\/\\\/staging.al-anon.org\\\/fr\\\/#website\",\"url\":\"https:\\\/\\\/staging.al-anon.org\\\/fr\\\/\",\"name\":\"Al-Anon Family Groups\",\"description\":\"Help and hope for families and friends of alcoholics\",\"publisher\":{\"@id\":\"https:\\\/\\\/staging.al-anon.org\\\/fr\\\/#organization\"},\"potentialAction\":[{\"@type\":\"SearchAction\",\"target\":{\"@type\":\"EntryPoint\",\"urlTemplate\":\"https:\\\/\\\/staging.al-anon.org\\\/fr\\\/?s={search_term_string}\"},\"query-input\":{\"@type\":\"PropertyValueSpecification\",\"valueRequired\":true,\"valueName\":\"search_term_string\"}}],\"inLanguage\":\"fr-FR\"},{\"@type\":\"Organization\",\"@id\":\"https:\\\/\\\/staging.al-anon.org\\\/fr\\\/#organization\",\"name\":\"Al-Anon Family Group Headquarters, Inc.\",\"url\":\"https:\\\/\\\/staging.al-anon.org\\\/fr\\\/\",\"logo\":{\"@type\":\"ImageObject\",\"inLanguage\":\"fr-FR\",\"@id\":\"https:\\\/\\\/staging.al-anon.org\\\/fr\\\/#\\\/schema\\\/logo\\\/image\\\/\",\"url\":\"https:\\\/\\\/staging.al-anon.org\\\/wp-content\\\/uploads\\\/2017\\\/04\\\/AFGlogo-e1492189694634.jpg\",\"contentUrl\":\"https:\\\/\\\/staging.al-anon.org\\\/wp-content\\\/uploads\\\/2017\\\/04\\\/AFGlogo-e1492189694634.jpg\",\"width\":167,\"height\":50,\"caption\":\"Al-Anon Family Group Headquarters, Inc.\"},\"image\":{\"@id\":\"https:\\\/\\\/staging.al-anon.org\\\/fr\\\/#\\\/schema\\\/logo\\\/image\\\/\"},\"sameAs\":[\"http:\\\/\\\/www.facebook.com\\\/AlAnonFamilyGroupsWSO\",\"https:\\\/\\\/x.com\\\/AlAnon_WSO\",\"http:\\\/\\\/www.instagram.com\\\/alanon_wso\",\"https:\\\/\\\/www.linkedin.com\\\/company\\\/al-anon-wso\\\/\",\"https:\\\/\\\/www.youtube.com\\\/user\\\/AlAnonFamilyGroupHQ\\\/\"]}]}<\/script>\n<!-- \/ Yoast SEO plugin. -->","yoast_head_json":{"title":"De nombreuses voix, un voyage - Al-Anon Family Groups","description":"L\u2019histoire de la croissance et du r\u00e9tablissement d\u2019Al-Anon vue \u00e0 travers l\u2019exp\u00e9rience individuelle des membres et de la fraternit\u00e9 dans son ensemble au cours des premi\u00e8res soixante ann\u00e9es d\u2019Al-Anon. Reliure souple avec index, 426 pages.","robots":{"index":"index","follow":"follow","max-snippet":"max-snippet:-1","max-image-preview":"max-image-preview:large","max-video-preview":"max-video-preview:-1"},"canonical":"https:\/\/staging.al-anon.org\/fr\/pour-les-membres\/ressources-pour-les-membres\/documentation\/litterature-al-anon-et-alateen\/de-nombreuses-voix-un-voyage\/","og_locale":"fr_FR","og_type":"article","og_title":"De nombreuses voix, un voyage - Al-Anon Family Groups","og_description":"L\u2019histoire de la croissance et du r\u00e9tablissement d\u2019Al-Anon vue \u00e0 travers l\u2019exp\u00e9rience individuelle des membres et de la fraternit\u00e9 dans son ensemble au cours des premi\u00e8res soixante ann\u00e9es d\u2019Al-Anon. Reliure souple avec index, 426 pages.","og_url":"https:\/\/staging.al-anon.org\/fr\/pour-les-membres\/ressources-pour-les-membres\/documentation\/litterature-al-anon-et-alateen\/de-nombreuses-voix-un-voyage\/","og_site_name":"Al-Anon Family Groups","article_publisher":"http:\/\/www.facebook.com\/AlAnonFamilyGroupsWSO","article_modified_time":"2024-09-16T17:55:52+00:00","twitter_card":"summary_large_image","twitter_site":"@AlAnon_WSO","twitter_misc":{"Dur\u00e9e de lecture estim\u00e9e":"1 minute"},"schema":{"@context":"https:\/\/schema.org","@graph":[{"@type":"WebPage","@id":"https:\/\/staging.al-anon.org\/fr\/pour-les-membres\/ressources-pour-les-membres\/documentation\/litterature-al-anon-et-alateen\/de-nombreuses-voix-un-voyage\/","url":"https:\/\/staging.al-anon.org\/fr\/pour-les-membres\/ressources-pour-les-membres\/documentation\/litterature-al-anon-et-alateen\/de-nombreuses-voix-un-voyage\/","name":"De nombreuses voix, un voyage - Al-Anon Family Groups","isPartOf":{"@id":"https:\/\/staging.al-anon.org\/fr\/#website"},"datePublished":"2024-09-16T17:53:57+00:00","dateModified":"2024-09-16T17:55:52+00:00","description":"L\u2019histoire de la croissance et du r\u00e9tablissement d\u2019Al-Anon vue \u00e0 travers l\u2019exp\u00e9rience individuelle des membres et de la fraternit\u00e9 dans son ensemble au cours des premi\u00e8res soixante ann\u00e9es d\u2019Al-Anon. Reliure souple avec index, 426 pages.","breadcrumb":{"@id":"https:\/\/staging.al-anon.org\/fr\/pour-les-membres\/ressources-pour-les-membres\/documentation\/litterature-al-anon-et-alateen\/de-nombreuses-voix-un-voyage\/#breadcrumb"},"inLanguage":"fr-FR","potentialAction":[{"@type":"ReadAction","target":["https:\/\/staging.al-anon.org\/fr\/pour-les-membres\/ressources-pour-les-membres\/documentation\/litterature-al-anon-et-alateen\/de-nombreuses-voix-un-voyage\/"]}]},{"@type":"BreadcrumbList","@id":"https:\/\/staging.al-anon.org\/fr\/pour-les-membres\/ressources-pour-les-membres\/documentation\/litterature-al-anon-et-alateen\/de-nombreuses-voix-un-voyage\/#breadcrumb","itemListElement":[{"@type":"ListItem","position":1,"name":"Pour les membres","item":"https:\/\/staging.al-anon.org\/fr\/pour-les-membres\/"},{"@type":"ListItem","position":2,"name":"Ressources pour les membres","item":"https:\/\/staging.al-anon.org\/fr\/pour-les-membres\/ressources-pour-les-membres\/"},{"@type":"ListItem","position":3,"name":"Documentation","item":"https:\/\/staging.al-anon.org\/fr\/pour-les-membres\/ressources-pour-les-membres\/documentation\/"},{"@type":"ListItem","position":4,"name":"Documentation Approuv\u00e9e par la Conf\u00e9rence (DAC)","item":"https:\/\/staging.al-anon.org\/fr\/pour-les-membres\/ressources-pour-les-membres\/documentation\/litterature-al-anon-et-alateen\/"},{"@type":"ListItem","position":5,"name":"De nombreuses voix, un voyage"}]},{"@type":"WebSite","@id":"https:\/\/staging.al-anon.org\/fr\/#website","url":"https:\/\/staging.al-anon.org\/fr\/","name":"Al-Anon Family Groups","description":"Help and hope for families and friends of alcoholics","publisher":{"@id":"https:\/\/staging.al-anon.org\/fr\/#organization"},"potentialAction":[{"@type":"SearchAction","target":{"@type":"EntryPoint","urlTemplate":"https:\/\/staging.al-anon.org\/fr\/?s={search_term_string}"},"query-input":{"@type":"PropertyValueSpecification","valueRequired":true,"valueName":"search_term_string"}}],"inLanguage":"fr-FR"},{"@type":"Organization","@id":"https:\/\/staging.al-anon.org\/fr\/#organization","name":"Al-Anon Family Group Headquarters, Inc.","url":"https:\/\/staging.al-anon.org\/fr\/","logo":{"@type":"ImageObject","inLanguage":"fr-FR","@id":"https:\/\/staging.al-anon.org\/fr\/#\/schema\/logo\/image\/","url":"https:\/\/staging.al-anon.org\/wp-content\/uploads\/2017\/04\/AFGlogo-e1492189694634.jpg","contentUrl":"https:\/\/staging.al-anon.org\/wp-content\/uploads\/2017\/04\/AFGlogo-e1492189694634.jpg","width":167,"height":50,"caption":"Al-Anon Family Group Headquarters, Inc."},"image":{"@id":"https:\/\/staging.al-anon.org\/fr\/#\/schema\/logo\/image\/"},"sameAs":["http:\/\/www.facebook.com\/AlAnonFamilyGroupsWSO","https:\/\/x.com\/AlAnon_WSO","http:\/\/www.instagram.com\/alanon_wso","https:\/\/www.linkedin.com\/company\/al-anon-wso\/","https:\/\/www.youtube.com\/user\/AlAnonFamilyGroupHQ\/"]}]}},"_links":{"self":[{"href":"https:\/\/staging.al-anon.org\/fr\/wp-json\/wp\/v2\/pages\/43341","targetHints":{"allow":["GET"]}}],"collection":[{"href":"https:\/\/staging.al-anon.org\/fr\/wp-json\/wp\/v2\/pages"}],"about":[{"href":"https:\/\/staging.al-anon.org\/fr\/wp-json\/wp\/v2\/types\/page"}],"author":[{"embeddable":true,"href":"https:\/\/staging.al-anon.org\/fr\/wp-json\/wp\/v2\/users\/36"}],"replies":[{"embeddable":true,"href":"https:\/\/staging.al-anon.org\/fr\/wp-json\/wp\/v2\/comments?post=43341"}],"version-history":[{"count":5,"href":"https:\/\/staging.al-anon.org\/fr\/wp-json\/wp\/v2\/pages\/43341\/revisions"}],"predecessor-version":[{"id":43349,"href":"https:\/\/staging.al-anon.org\/fr\/wp-json\/wp\/v2\/pages\/43341\/revisions\/43349"}],"up":[{"embeddable":true,"href":"https:\/\/staging.al-anon.org\/fr\/wp-json\/wp\/v2\/pages\/5153"}],"wp:attachment":[{"href":"https:\/\/staging.al-anon.org\/fr\/wp-json\/wp\/v2\/media?parent=43341"}],"curies":[{"name":"wp","href":"https:\/\/api.w.org\/{rel}","templated":true}]}}