{"id":38525,"date":"2023-03-03T16:03:45","date_gmt":"2023-03-03T21:03:45","guid":{"rendered":"https:\/\/staging.al-anon.org\/?page_id=38525"},"modified":"2023-03-03T16:14:41","modified_gmt":"2023-03-03T21:14:41","slug":"transfert-dun-la-circonscription-electronique-mondiale-a-une-circonscription-geographique","status":"publish","type":"page","link":"https:\/\/staging.al-anon.org\/fr\/pour-les-membres\/ressources-pour-le-groupe\/fichiers-groupes\/demande-de-transfert-de-circonscription-dun-groupe-electronique-al-anon\/transfert-dun-la-circonscription-electronique-mondiale-a-une-circonscription-geographique\/","title":{"rendered":"Transfert d\u2019un la Circonscription \u00e9lectronique mondiale \u00e0 une Circonscription g\u00e9ographique"},"content":{"rendered":"<div class=\"fusion-fullwidth fullwidth-box fusion-builder-row-1 fusion-flex-container has-pattern-background has-mask-background nonhundred-percent-fullwidth non-hundred-percent-height-scrolling\" style=\"--awb-border-radius-top-left:0px;--awb-border-radius-top-right:0px;--awb-border-radius-bottom-right:0px;--awb-border-radius-bottom-left:0px;--awb-flex-wrap:wrap;\" ><div class=\"fusion-builder-row fusion-row fusion-flex-align-items-flex-start fusion-flex-content-wrap\" style=\"max-width:1456px;margin-left: calc(-4% \/ 2 );margin-right: calc(-4% \/ 2 );\"><div class=\"fusion-layout-column fusion_builder_column fusion-builder-column-0 fusion_builder_column_1_1 1_1 fusion-flex-column\" style=\"--awb-bg-size:cover;--awb-width-large:100%;--awb-margin-top-large:0px;--awb-spacing-right-large:1.92%;--awb-margin-bottom-large:0px;--awb-spacing-left-large:1.92%;--awb-width-medium:100%;--awb-order-medium:0;--awb-spacing-right-medium:1.92%;--awb-spacing-left-medium:1.92%;--awb-width-small:100%;--awb-order-small:0;--awb-spacing-right-small:1.92%;--awb-spacing-left-small:1.92%;\"><div class=\"fusion-column-wrapper fusion-column-has-shadow fusion-flex-justify-content-flex-start fusion-content-layout-column\"><script type=\"text\/javascript\" src=\"https:\/\/form.jotform.com\/jsform\/222794698625170\"><\/script><\/div><\/div><\/div><\/div>\n","protected":false},"excerpt":{"rendered":"","protected":false},"author":36,"featured_media":0,"parent":38545,"menu_order":0,"comment_status":"closed","ping_status":"closed","template":"","meta":{"footnotes":""},"class_list":["post-38525","page","type-page","status-publish","hentry"],"yoast_head":"<!-- This site is optimized with the Yoast SEO plugin v27.3 - https:\/\/yoast.com\/product\/yoast-seo-wordpress\/ -->\n<title>Transfert d\u2019un la Circonscription \u00e9lectronique mondiale \u00e0 une Circonscription g\u00e9ographique - Al-Anon Family Groups<\/title>\n<meta name=\"robots\" content=\"index, follow, max-snippet:-1, max-image-preview:large, max-video-preview:-1\" \/>\n<link rel=\"canonical\" href=\"https:\/\/staging.al-anon.org\/fr\/pour-les-membres\/ressources-pour-le-groupe\/fichiers-groupes\/demande-de-transfert-de-circonscription-dun-groupe-electronique-al-anon\/transfert-dun-la-circonscription-electronique-mondiale-a-une-circonscription-geographique\/\" \/>\n<meta property=\"og:locale\" content=\"fr_FR\" \/>\n<meta property=\"og:type\" content=\"article\" \/>\n<meta property=\"og:title\" content=\"Transfert d\u2019un la Circonscription \u00e9lectronique mondiale \u00e0 une Circonscription g\u00e9ographique - Al-Anon Family Groups\" \/>\n<meta property=\"og:url\" content=\"https:\/\/staging.al-anon.org\/fr\/pour-les-membres\/ressources-pour-le-groupe\/fichiers-groupes\/demande-de-transfert-de-circonscription-dun-groupe-electronique-al-anon\/transfert-dun-la-circonscription-electronique-mondiale-a-une-circonscription-geographique\/\" \/>\n<meta property=\"og:site_name\" content=\"Al-Anon Family Groups\" \/>\n<meta property=\"article:publisher\" content=\"http:\/\/www.facebook.com\/AlAnonFamilyGroupsWSO\" \/>\n<meta property=\"article:modified_time\" content=\"2023-03-03T21:14:41+00:00\" \/>\n<meta name=\"twitter:card\" content=\"summary_large_image\" \/>\n<meta name=\"twitter:site\" content=\"@AlAnon_WSO\" \/>\n<meta name=\"twitter:label1\" content=\"Dur\u00e9e de lecture estim\u00e9e\" \/>\n\t<meta name=\"twitter:data1\" content=\"2 minutes\" \/>\n<script type=\"application\/ld+json\" class=\"yoast-schema-graph\">{\"@context\":\"https:\\\/\\\/schema.org\",\"@graph\":[{\"@type\":\"WebPage\",\"@id\":\"https:\\\/\\\/staging.al-anon.org\\\/fr\\\/pour-les-membres\\\/ressources-pour-le-groupe\\\/fichiers-groupes\\\/demande-de-transfert-de-circonscription-dun-groupe-electronique-al-anon\\\/transfert-dun-la-circonscription-electronique-mondiale-a-une-circonscription-geographique\\\/\",\"url\":\"https:\\\/\\\/staging.al-anon.org\\\/fr\\\/pour-les-membres\\\/ressources-pour-le-groupe\\\/fichiers-groupes\\\/demande-de-transfert-de-circonscription-dun-groupe-electronique-al-anon\\\/transfert-dun-la-circonscription-electronique-mondiale-a-une-circonscription-geographique\\\/\",\"name\":\"Transfert d\u2019un la Circonscription \u00e9lectronique mondiale \u00e0 une Circonscription g\u00e9ographique - Al-Anon Family Groups\",\"isPartOf\":{\"@id\":\"https:\\\/\\\/staging.al-anon.org\\\/fr\\\/#website\"},\"datePublished\":\"2023-03-03T21:03:45+00:00\",\"dateModified\":\"2023-03-03T21:14:41+00:00\",\"breadcrumb\":{\"@id\":\"https:\\\/\\\/staging.al-anon.org\\\/fr\\\/pour-les-membres\\\/ressources-pour-le-groupe\\\/fichiers-groupes\\\/demande-de-transfert-de-circonscription-dun-groupe-electronique-al-anon\\\/transfert-dun-la-circonscription-electronique-mondiale-a-une-circonscription-geographique\\\/#breadcrumb\"},\"inLanguage\":\"fr-FR\",\"potentialAction\":[{\"@type\":\"ReadAction\",\"target\":[\"https:\\\/\\\/staging.al-anon.org\\\/fr\\\/pour-les-membres\\\/ressources-pour-le-groupe\\\/fichiers-groupes\\\/demande-de-transfert-de-circonscription-dun-groupe-electronique-al-anon\\\/transfert-dun-la-circonscription-electronique-mondiale-a-une-circonscription-geographique\\\/\"]}]},{\"@type\":\"BreadcrumbList\",\"@id\":\"https:\\\/\\\/staging.al-anon.org\\\/fr\\\/pour-les-membres\\\/ressources-pour-le-groupe\\\/fichiers-groupes\\\/demande-de-transfert-de-circonscription-dun-groupe-electronique-al-anon\\\/transfert-dun-la-circonscription-electronique-mondiale-a-une-circonscription-geographique\\\/#breadcrumb\",\"itemListElement\":[{\"@type\":\"ListItem\",\"position\":1,\"name\":\"Pour les membres\",\"item\":\"https:\\\/\\\/staging.al-anon.org\\\/fr\\\/pour-les-membres\\\/\"},{\"@type\":\"ListItem\",\"position\":2,\"name\":\"Ressources pour le groupe\",\"item\":\"https:\\\/\\\/staging.al-anon.org\\\/fr\\\/pour-les-membres\\\/ressources-pour-le-groupe\\\/\"},{\"@type\":\"ListItem\",\"position\":3,\"name\":\"Fichiers groupes\",\"item\":\"https:\\\/\\\/staging.al-anon.org\\\/fr\\\/pour-les-membres\\\/ressources-pour-le-groupe\\\/fichiers-groupes\\\/\"},{\"@type\":\"ListItem\",\"position\":4,\"name\":\"Demande de transfert de Circonscription d\u2019un groupe \u00e9lectronique Al-Anon\",\"item\":\"https:\\\/\\\/staging.al-anon.org\\\/fr\\\/pour-les-membres\\\/ressources-pour-le-groupe\\\/fichiers-groupes\\\/demande-de-transfert-de-circonscription-dun-groupe-electronique-al-anon\\\/\"},{\"@type\":\"ListItem\",\"position\":5,\"name\":\"Transfert d\u2019un la Circonscription \u00e9lectronique mondiale \u00e0 une Circonscription g\u00e9ographique\"}]},{\"@type\":\"WebSite\",\"@id\":\"https:\\\/\\\/staging.al-anon.org\\\/fr\\\/#website\",\"url\":\"https:\\\/\\\/staging.al-anon.org\\\/fr\\\/\",\"name\":\"Al-Anon Family Groups\",\"description\":\"Help and hope for families and friends of alcoholics\",\"publisher\":{\"@id\":\"https:\\\/\\\/staging.al-anon.org\\\/fr\\\/#organization\"},\"potentialAction\":[{\"@type\":\"SearchAction\",\"target\":{\"@type\":\"EntryPoint\",\"urlTemplate\":\"https:\\\/\\\/staging.al-anon.org\\\/fr\\\/?s={search_term_string}\"},\"query-input\":{\"@type\":\"PropertyValueSpecification\",\"valueRequired\":true,\"valueName\":\"search_term_string\"}}],\"inLanguage\":\"fr-FR\"},{\"@type\":\"Organization\",\"@id\":\"https:\\\/\\\/staging.al-anon.org\\\/fr\\\/#organization\",\"name\":\"Al-Anon Family Group Headquarters, Inc.\",\"url\":\"https:\\\/\\\/staging.al-anon.org\\\/fr\\\/\",\"logo\":{\"@type\":\"ImageObject\",\"inLanguage\":\"fr-FR\",\"@id\":\"https:\\\/\\\/staging.al-anon.org\\\/fr\\\/#\\\/schema\\\/logo\\\/image\\\/\",\"url\":\"https:\\\/\\\/staging.al-anon.org\\\/wp-content\\\/uploads\\\/2017\\\/04\\\/AFGlogo-e1492189694634.jpg\",\"contentUrl\":\"https:\\\/\\\/staging.al-anon.org\\\/wp-content\\\/uploads\\\/2017\\\/04\\\/AFGlogo-e1492189694634.jpg\",\"width\":167,\"height\":50,\"caption\":\"Al-Anon Family Group Headquarters, Inc.\"},\"image\":{\"@id\":\"https:\\\/\\\/staging.al-anon.org\\\/fr\\\/#\\\/schema\\\/logo\\\/image\\\/\"},\"sameAs\":[\"http:\\\/\\\/www.facebook.com\\\/AlAnonFamilyGroupsWSO\",\"https:\\\/\\\/x.com\\\/AlAnon_WSO\",\"http:\\\/\\\/www.instagram.com\\\/alanon_wso\",\"https:\\\/\\\/www.linkedin.com\\\/company\\\/al-anon-wso\\\/\",\"https:\\\/\\\/www.youtube.com\\\/user\\\/AlAnonFamilyGroupHQ\\\/\"]}]}<\/script>\n<!-- \/ Yoast SEO plugin. -->","yoast_head_json":{"title":"Transfert d\u2019un la Circonscription \u00e9lectronique mondiale \u00e0 une Circonscription g\u00e9ographique - Al-Anon Family Groups","robots":{"index":"index","follow":"follow","max-snippet":"max-snippet:-1","max-image-preview":"max-image-preview:large","max-video-preview":"max-video-preview:-1"},"canonical":"https:\/\/staging.al-anon.org\/fr\/pour-les-membres\/ressources-pour-le-groupe\/fichiers-groupes\/demande-de-transfert-de-circonscription-dun-groupe-electronique-al-anon\/transfert-dun-la-circonscription-electronique-mondiale-a-une-circonscription-geographique\/","og_locale":"fr_FR","og_type":"article","og_title":"Transfert d\u2019un la Circonscription \u00e9lectronique mondiale \u00e0 une Circonscription g\u00e9ographique - Al-Anon Family Groups","og_url":"https:\/\/staging.al-anon.org\/fr\/pour-les-membres\/ressources-pour-le-groupe\/fichiers-groupes\/demande-de-transfert-de-circonscription-dun-groupe-electronique-al-anon\/transfert-dun-la-circonscription-electronique-mondiale-a-une-circonscription-geographique\/","og_site_name":"Al-Anon Family Groups","article_publisher":"http:\/\/www.facebook.com\/AlAnonFamilyGroupsWSO","article_modified_time":"2023-03-03T21:14:41+00:00","twitter_card":"summary_large_image","twitter_site":"@AlAnon_WSO","twitter_misc":{"Dur\u00e9e de lecture estim\u00e9e":"2 minutes"},"schema":{"@context":"https:\/\/schema.org","@graph":[{"@type":"WebPage","@id":"https:\/\/staging.al-anon.org\/fr\/pour-les-membres\/ressources-pour-le-groupe\/fichiers-groupes\/demande-de-transfert-de-circonscription-dun-groupe-electronique-al-anon\/transfert-dun-la-circonscription-electronique-mondiale-a-une-circonscription-geographique\/","url":"https:\/\/staging.al-anon.org\/fr\/pour-les-membres\/ressources-pour-le-groupe\/fichiers-groupes\/demande-de-transfert-de-circonscription-dun-groupe-electronique-al-anon\/transfert-dun-la-circonscription-electronique-mondiale-a-une-circonscription-geographique\/","name":"Transfert d\u2019un la Circonscription \u00e9lectronique mondiale \u00e0 une Circonscription g\u00e9ographique - Al-Anon Family Groups","isPartOf":{"@id":"https:\/\/staging.al-anon.org\/fr\/#website"},"datePublished":"2023-03-03T21:03:45+00:00","dateModified":"2023-03-03T21:14:41+00:00","breadcrumb":{"@id":"https:\/\/staging.al-anon.org\/fr\/pour-les-membres\/ressources-pour-le-groupe\/fichiers-groupes\/demande-de-transfert-de-circonscription-dun-groupe-electronique-al-anon\/transfert-dun-la-circonscription-electronique-mondiale-a-une-circonscription-geographique\/#breadcrumb"},"inLanguage":"fr-FR","potentialAction":[{"@type":"ReadAction","target":["https:\/\/staging.al-anon.org\/fr\/pour-les-membres\/ressources-pour-le-groupe\/fichiers-groupes\/demande-de-transfert-de-circonscription-dun-groupe-electronique-al-anon\/transfert-dun-la-circonscription-electronique-mondiale-a-une-circonscription-geographique\/"]}]},{"@type":"BreadcrumbList","@id":"https:\/\/staging.al-anon.org\/fr\/pour-les-membres\/ressources-pour-le-groupe\/fichiers-groupes\/demande-de-transfert-de-circonscription-dun-groupe-electronique-al-anon\/transfert-dun-la-circonscription-electronique-mondiale-a-une-circonscription-geographique\/#breadcrumb","itemListElement":[{"@type":"ListItem","position":1,"name":"Pour les membres","item":"https:\/\/staging.al-anon.org\/fr\/pour-les-membres\/"},{"@type":"ListItem","position":2,"name":"Ressources pour le groupe","item":"https:\/\/staging.al-anon.org\/fr\/pour-les-membres\/ressources-pour-le-groupe\/"},{"@type":"ListItem","position":3,"name":"Fichiers groupes","item":"https:\/\/staging.al-anon.org\/fr\/pour-les-membres\/ressources-pour-le-groupe\/fichiers-groupes\/"},{"@type":"ListItem","position":4,"name":"Demande de transfert de Circonscription d\u2019un groupe \u00e9lectronique Al-Anon","item":"https:\/\/staging.al-anon.org\/fr\/pour-les-membres\/ressources-pour-le-groupe\/fichiers-groupes\/demande-de-transfert-de-circonscription-dun-groupe-electronique-al-anon\/"},{"@type":"ListItem","position":5,"name":"Transfert d\u2019un la Circonscription \u00e9lectronique mondiale \u00e0 une Circonscription g\u00e9ographique"}]},{"@type":"WebSite","@id":"https:\/\/staging.al-anon.org\/fr\/#website","url":"https:\/\/staging.al-anon.org\/fr\/","name":"Al-Anon Family Groups","description":"Help and hope for families and friends of alcoholics","publisher":{"@id":"https:\/\/staging.al-anon.org\/fr\/#organization"},"potentialAction":[{"@type":"SearchAction","target":{"@type":"EntryPoint","urlTemplate":"https:\/\/staging.al-anon.org\/fr\/?s={search_term_string}"},"query-input":{"@type":"PropertyValueSpecification","valueRequired":true,"valueName":"search_term_string"}}],"inLanguage":"fr-FR"},{"@type":"Organization","@id":"https:\/\/staging.al-anon.org\/fr\/#organization","name":"Al-Anon Family Group Headquarters, Inc.","url":"https:\/\/staging.al-anon.org\/fr\/","logo":{"@type":"ImageObject","inLanguage":"fr-FR","@id":"https:\/\/staging.al-anon.org\/fr\/#\/schema\/logo\/image\/","url":"https:\/\/staging.al-anon.org\/wp-content\/uploads\/2017\/04\/AFGlogo-e1492189694634.jpg","contentUrl":"https:\/\/staging.al-anon.org\/wp-content\/uploads\/2017\/04\/AFGlogo-e1492189694634.jpg","width":167,"height":50,"caption":"Al-Anon Family Group Headquarters, Inc."},"image":{"@id":"https:\/\/staging.al-anon.org\/fr\/#\/schema\/logo\/image\/"},"sameAs":["http:\/\/www.facebook.com\/AlAnonFamilyGroupsWSO","https:\/\/x.com\/AlAnon_WSO","http:\/\/www.instagram.com\/alanon_wso","https:\/\/www.linkedin.com\/company\/al-anon-wso\/","https:\/\/www.youtube.com\/user\/AlAnonFamilyGroupHQ\/"]}]}},"_links":{"self":[{"href":"https:\/\/staging.al-anon.org\/fr\/wp-json\/wp\/v2\/pages\/38525","targetHints":{"allow":["GET"]}}],"collection":[{"href":"https:\/\/staging.al-anon.org\/fr\/wp-json\/wp\/v2\/pages"}],"about":[{"href":"https:\/\/staging.al-anon.org\/fr\/wp-json\/wp\/v2\/types\/page"}],"author":[{"embeddable":true,"href":"https:\/\/staging.al-anon.org\/fr\/wp-json\/wp\/v2\/users\/36"}],"replies":[{"embeddable":true,"href":"https:\/\/staging.al-anon.org\/fr\/wp-json\/wp\/v2\/comments?post=38525"}],"version-history":[{"count":3,"href":"https:\/\/staging.al-anon.org\/fr\/wp-json\/wp\/v2\/pages\/38525\/revisions"}],"predecessor-version":[{"id":38536,"href":"https:\/\/staging.al-anon.org\/fr\/wp-json\/wp\/v2\/pages\/38525\/revisions\/38536"}],"up":[{"embeddable":true,"href":"https:\/\/staging.al-anon.org\/fr\/wp-json\/wp\/v2\/pages\/38545"}],"wp:attachment":[{"href":"https:\/\/staging.al-anon.org\/fr\/wp-json\/wp\/v2\/media?parent=38525"}],"curies":[{"name":"wp","href":"https:\/\/api.w.org\/{rel}","templated":true}]}}