{"id":27952,"date":"2020-03-18T18:07:28","date_gmt":"2020-03-18T22:07:28","guid":{"rendered":"https:\/\/staging.al-anon.org\/?page_id=27952"},"modified":"2023-03-16T10:52:29","modified_gmt":"2023-03-16T14:52:29","slug":"mise-a-jour-sur-le-covid-19-coronavirus","status":"publish","type":"page","link":"https:\/\/staging.al-anon.org\/fr\/pour-les-membres\/bureau-des-services-mondiaux-bsm\/nouvelles-de-votre-bsm\/mise-a-jour-sur-le-covid-19-coronavirus\/","title":{"rendered":"Mise \u00e0 jour sur le COVID-19 (Coronavirus)"},"content":{"rendered":"<div class=\"fusion-fullwidth fullwidth-box fusion-builder-row-1 nonhundred-percent-fullwidth non-hundred-percent-height-scrolling\" style=\"--awb-background-position:left top;--awb-border-sizes-top:0px;--awb-border-sizes-bottom:0px;--awb-border-sizes-left:0px;--awb-border-sizes-right:0px;--awb-border-radius-top-left:0px;--awb-border-radius-top-right:0px;--awb-border-radius-bottom-right:0px;--awb-border-radius-bottom-left:0px;--awb-background-color:#eaeaea;--awb-flex-wrap:wrap;\" ><div class=\"fusion-builder-row fusion-row\"><div class=\"fusion-layout-column fusion_builder_column fusion-builder-column-0 fusion_builder_column_1_4 1_4 fusion-one-fourth fusion-column-first\" style=\"--awb-bg-position:center center;--awb-bg-size:cover;--awb-margin-bottom:45px;width:22%; margin-right: 4%;\"><div class=\"fusion-column-wrapper fusion-flex-column-wrapper-legacy\"><div class=\"fusion-column-content-centered\"><div class=\"fusion-column-content\"><\/div><\/div><div class=\"fusion-clearfix\"><\/div><\/div><\/div><div class=\"fusion-layout-column fusion_builder_column fusion-builder-column-1 fusion_builder_column_1_2 1_2 fusion-one-half\" style=\"--awb-bg-size:cover;width:48%; margin-right: 4%;\"><div class=\"fusion-column-wrapper fusion-flex-column-wrapper-legacy\"><div class=\"fusion-column-content-centered\"><div class=\"fusion-column-content\"><div class=\"fusion-text fusion-text-1\"><h3 class=\"sort-page-header\" style=\"text-align: center;\">Message \u00e0 la fraternit\u00e9 concernant la COVID\u201119<\/h3>\n<p>Le Bureau des Services Mondiaux (BSM) est conscient que de nombreux groupes Al\u2011Anon et Alateen continuent \u00e0 se r\u00e9unir virtuellement sur une base temporaire en raison des inqui\u00e9tudes que suscite la COVID\u201119 (le nouveau coronavirus) dans nos communaut\u00e9s. Le BSM soutient les d\u00e9cisions de ces groupes en publiant des informations relatives aux r\u00e9unions \u00e9lectroniques dans la section \u00ab\u00a0Instructions concernant la r\u00e9union\u00a0\u00bb pour lesdites r\u00e9unions. Par cons\u00e9quent, nous encourageons les personnes souhaitant assister \u00e0 une r\u00e9union <strong>\u00e0 v\u00e9rifier les instructions relatives au lieu de la r\u00e9union avant de se rendre \u00e0 une nouvelle r\u00e9union dans un lieu physique<\/strong>. Nous vous remercions de votre patience et de votre compr\u00e9hension alors que les groupes exercent leur autonomie concernant ces d\u00e9cisions, conform\u00e9ment \u00e0 la Quatri\u00e8me Tradition, sachant que celles\u2011ci n\u2019ont aucune incidence sur Al\u2011Anon dans son ensemble et que la situation \u00e9volue un jour \u00e0 la fois.<\/p>\n<\/div><\/div><\/div><div class=\"fusion-clearfix\"><\/div><\/div><\/div><div class=\"fusion-layout-column fusion_builder_column fusion-builder-column-2 fusion_builder_column_1_4 1_4 fusion-one-fourth fusion-column-last\" style=\"--awb-bg-position:center center;--awb-bg-size:cover;--awb-margin-bottom:45px;width:22%;\"><div class=\"fusion-column-wrapper fusion-flex-column-wrapper-legacy\"><div class=\"fusion-column-content-centered\"><div class=\"fusion-column-content\"><\/div><\/div><div class=\"fusion-clearfix\"><\/div><\/div><\/div><\/div><\/div>\n","protected":false},"excerpt":{"rendered":"","protected":false},"author":36,"featured_media":0,"parent":9173,"menu_order":0,"comment_status":"closed","ping_status":"closed","template":"","meta":{"footnotes":""},"class_list":["post-27952","page","type-page","status-publish","hentry"],"yoast_head":"<!-- This site is optimized with the Yoast SEO plugin v27.3 - https:\/\/yoast.com\/product\/yoast-seo-wordpress\/ -->\n<title>Mise \u00e0 jour sur le COVID-19 (Coronavirus) - Al-Anon Family Groups<\/title>\n<meta name=\"robots\" content=\"index, follow, max-snippet:-1, max-image-preview:large, max-video-preview:-1\" \/>\n<link rel=\"canonical\" href=\"https:\/\/staging.al-anon.org\/fr\/pour-les-membres\/bureau-des-services-mondiaux-bsm\/nouvelles-de-votre-bsm\/mise-a-jour-sur-le-covid-19-coronavirus\/\" \/>\n<meta property=\"og:locale\" content=\"fr_FR\" \/>\n<meta property=\"og:type\" content=\"article\" \/>\n<meta property=\"og:title\" content=\"Mise \u00e0 jour sur le COVID-19 (Coronavirus) - Al-Anon Family Groups\" \/>\n<meta property=\"og:url\" content=\"https:\/\/staging.al-anon.org\/fr\/pour-les-membres\/bureau-des-services-mondiaux-bsm\/nouvelles-de-votre-bsm\/mise-a-jour-sur-le-covid-19-coronavirus\/\" \/>\n<meta property=\"og:site_name\" content=\"Al-Anon Family Groups\" \/>\n<meta property=\"article:publisher\" content=\"http:\/\/www.facebook.com\/AlAnonFamilyGroupsWSO\" \/>\n<meta property=\"article:modified_time\" content=\"2023-03-16T14:52:29+00:00\" \/>\n<meta name=\"twitter:card\" content=\"summary_large_image\" \/>\n<meta name=\"twitter:site\" content=\"@AlAnon_WSO\" \/>\n<meta name=\"twitter:label1\" content=\"Dur\u00e9e de lecture estim\u00e9e\" \/>\n\t<meta name=\"twitter:data1\" content=\"2 minutes\" \/>\n<script type=\"application\/ld+json\" class=\"yoast-schema-graph\">{\"@context\":\"https:\\\/\\\/schema.org\",\"@graph\":[{\"@type\":\"WebPage\",\"@id\":\"https:\\\/\\\/staging.al-anon.org\\\/fr\\\/pour-les-membres\\\/bureau-des-services-mondiaux-bsm\\\/nouvelles-de-votre-bsm\\\/mise-a-jour-sur-le-covid-19-coronavirus\\\/\",\"url\":\"https:\\\/\\\/staging.al-anon.org\\\/fr\\\/pour-les-membres\\\/bureau-des-services-mondiaux-bsm\\\/nouvelles-de-votre-bsm\\\/mise-a-jour-sur-le-covid-19-coronavirus\\\/\",\"name\":\"Mise \u00e0 jour sur le COVID-19 (Coronavirus) - Al-Anon Family Groups\",\"isPartOf\":{\"@id\":\"https:\\\/\\\/staging.al-anon.org\\\/fr\\\/#website\"},\"datePublished\":\"2020-03-18T22:07:28+00:00\",\"dateModified\":\"2023-03-16T14:52:29+00:00\",\"breadcrumb\":{\"@id\":\"https:\\\/\\\/staging.al-anon.org\\\/fr\\\/pour-les-membres\\\/bureau-des-services-mondiaux-bsm\\\/nouvelles-de-votre-bsm\\\/mise-a-jour-sur-le-covid-19-coronavirus\\\/#breadcrumb\"},\"inLanguage\":\"fr-FR\",\"potentialAction\":[{\"@type\":\"ReadAction\",\"target\":[\"https:\\\/\\\/staging.al-anon.org\\\/fr\\\/pour-les-membres\\\/bureau-des-services-mondiaux-bsm\\\/nouvelles-de-votre-bsm\\\/mise-a-jour-sur-le-covid-19-coronavirus\\\/\"]}]},{\"@type\":\"BreadcrumbList\",\"@id\":\"https:\\\/\\\/staging.al-anon.org\\\/fr\\\/pour-les-membres\\\/bureau-des-services-mondiaux-bsm\\\/nouvelles-de-votre-bsm\\\/mise-a-jour-sur-le-covid-19-coronavirus\\\/#breadcrumb\",\"itemListElement\":[{\"@type\":\"ListItem\",\"position\":1,\"name\":\"Pour les membres\",\"item\":\"https:\\\/\\\/staging.al-anon.org\\\/fr\\\/pour-les-membres\\\/\"},{\"@type\":\"ListItem\",\"position\":2,\"name\":\"Bureau des Services Mondiaux (BSM)\",\"item\":\"https:\\\/\\\/staging.al-anon.org\\\/fr\\\/pour-les-membres\\\/bureau-des-services-mondiaux-bsm\\\/\"},{\"@type\":\"ListItem\",\"position\":3,\"name\":\"Nouvelles de votre BSM\",\"item\":\"https:\\\/\\\/staging.al-anon.org\\\/fr\\\/pour-les-membres\\\/bureau-des-services-mondiaux-bsm\\\/nouvelles-de-votre-bsm\\\/\"},{\"@type\":\"ListItem\",\"position\":4,\"name\":\"Mise \u00e0 jour sur le COVID-19 (Coronavirus)\"}]},{\"@type\":\"WebSite\",\"@id\":\"https:\\\/\\\/staging.al-anon.org\\\/fr\\\/#website\",\"url\":\"https:\\\/\\\/staging.al-anon.org\\\/fr\\\/\",\"name\":\"Al-Anon Family Groups\",\"description\":\"Help and hope for families and friends of alcoholics\",\"publisher\":{\"@id\":\"https:\\\/\\\/staging.al-anon.org\\\/fr\\\/#organization\"},\"potentialAction\":[{\"@type\":\"SearchAction\",\"target\":{\"@type\":\"EntryPoint\",\"urlTemplate\":\"https:\\\/\\\/staging.al-anon.org\\\/fr\\\/?s={search_term_string}\"},\"query-input\":{\"@type\":\"PropertyValueSpecification\",\"valueRequired\":true,\"valueName\":\"search_term_string\"}}],\"inLanguage\":\"fr-FR\"},{\"@type\":\"Organization\",\"@id\":\"https:\\\/\\\/staging.al-anon.org\\\/fr\\\/#organization\",\"name\":\"Al-Anon Family Group Headquarters, Inc.\",\"url\":\"https:\\\/\\\/staging.al-anon.org\\\/fr\\\/\",\"logo\":{\"@type\":\"ImageObject\",\"inLanguage\":\"fr-FR\",\"@id\":\"https:\\\/\\\/staging.al-anon.org\\\/fr\\\/#\\\/schema\\\/logo\\\/image\\\/\",\"url\":\"https:\\\/\\\/staging.al-anon.org\\\/wp-content\\\/uploads\\\/2017\\\/04\\\/AFGlogo-e1492189694634.jpg\",\"contentUrl\":\"https:\\\/\\\/staging.al-anon.org\\\/wp-content\\\/uploads\\\/2017\\\/04\\\/AFGlogo-e1492189694634.jpg\",\"width\":167,\"height\":50,\"caption\":\"Al-Anon Family Group Headquarters, Inc.\"},\"image\":{\"@id\":\"https:\\\/\\\/staging.al-anon.org\\\/fr\\\/#\\\/schema\\\/logo\\\/image\\\/\"},\"sameAs\":[\"http:\\\/\\\/www.facebook.com\\\/AlAnonFamilyGroupsWSO\",\"https:\\\/\\\/x.com\\\/AlAnon_WSO\",\"http:\\\/\\\/www.instagram.com\\\/alanon_wso\",\"https:\\\/\\\/www.linkedin.com\\\/company\\\/al-anon-wso\\\/\",\"https:\\\/\\\/www.youtube.com\\\/user\\\/AlAnonFamilyGroupHQ\\\/\"]}]}<\/script>\n<!-- \/ Yoast SEO plugin. -->","yoast_head_json":{"title":"Mise \u00e0 jour sur le COVID-19 (Coronavirus) - Al-Anon Family Groups","robots":{"index":"index","follow":"follow","max-snippet":"max-snippet:-1","max-image-preview":"max-image-preview:large","max-video-preview":"max-video-preview:-1"},"canonical":"https:\/\/staging.al-anon.org\/fr\/pour-les-membres\/bureau-des-services-mondiaux-bsm\/nouvelles-de-votre-bsm\/mise-a-jour-sur-le-covid-19-coronavirus\/","og_locale":"fr_FR","og_type":"article","og_title":"Mise \u00e0 jour sur le COVID-19 (Coronavirus) - Al-Anon Family Groups","og_url":"https:\/\/staging.al-anon.org\/fr\/pour-les-membres\/bureau-des-services-mondiaux-bsm\/nouvelles-de-votre-bsm\/mise-a-jour-sur-le-covid-19-coronavirus\/","og_site_name":"Al-Anon Family Groups","article_publisher":"http:\/\/www.facebook.com\/AlAnonFamilyGroupsWSO","article_modified_time":"2023-03-16T14:52:29+00:00","twitter_card":"summary_large_image","twitter_site":"@AlAnon_WSO","twitter_misc":{"Dur\u00e9e de lecture estim\u00e9e":"2 minutes"},"schema":{"@context":"https:\/\/schema.org","@graph":[{"@type":"WebPage","@id":"https:\/\/staging.al-anon.org\/fr\/pour-les-membres\/bureau-des-services-mondiaux-bsm\/nouvelles-de-votre-bsm\/mise-a-jour-sur-le-covid-19-coronavirus\/","url":"https:\/\/staging.al-anon.org\/fr\/pour-les-membres\/bureau-des-services-mondiaux-bsm\/nouvelles-de-votre-bsm\/mise-a-jour-sur-le-covid-19-coronavirus\/","name":"Mise \u00e0 jour sur le COVID-19 (Coronavirus) - Al-Anon Family Groups","isPartOf":{"@id":"https:\/\/staging.al-anon.org\/fr\/#website"},"datePublished":"2020-03-18T22:07:28+00:00","dateModified":"2023-03-16T14:52:29+00:00","breadcrumb":{"@id":"https:\/\/staging.al-anon.org\/fr\/pour-les-membres\/bureau-des-services-mondiaux-bsm\/nouvelles-de-votre-bsm\/mise-a-jour-sur-le-covid-19-coronavirus\/#breadcrumb"},"inLanguage":"fr-FR","potentialAction":[{"@type":"ReadAction","target":["https:\/\/staging.al-anon.org\/fr\/pour-les-membres\/bureau-des-services-mondiaux-bsm\/nouvelles-de-votre-bsm\/mise-a-jour-sur-le-covid-19-coronavirus\/"]}]},{"@type":"BreadcrumbList","@id":"https:\/\/staging.al-anon.org\/fr\/pour-les-membres\/bureau-des-services-mondiaux-bsm\/nouvelles-de-votre-bsm\/mise-a-jour-sur-le-covid-19-coronavirus\/#breadcrumb","itemListElement":[{"@type":"ListItem","position":1,"name":"Pour les membres","item":"https:\/\/staging.al-anon.org\/fr\/pour-les-membres\/"},{"@type":"ListItem","position":2,"name":"Bureau des Services Mondiaux (BSM)","item":"https:\/\/staging.al-anon.org\/fr\/pour-les-membres\/bureau-des-services-mondiaux-bsm\/"},{"@type":"ListItem","position":3,"name":"Nouvelles de votre BSM","item":"https:\/\/staging.al-anon.org\/fr\/pour-les-membres\/bureau-des-services-mondiaux-bsm\/nouvelles-de-votre-bsm\/"},{"@type":"ListItem","position":4,"name":"Mise \u00e0 jour sur le COVID-19 (Coronavirus)"}]},{"@type":"WebSite","@id":"https:\/\/staging.al-anon.org\/fr\/#website","url":"https:\/\/staging.al-anon.org\/fr\/","name":"Al-Anon Family Groups","description":"Help and hope for families and friends of alcoholics","publisher":{"@id":"https:\/\/staging.al-anon.org\/fr\/#organization"},"potentialAction":[{"@type":"SearchAction","target":{"@type":"EntryPoint","urlTemplate":"https:\/\/staging.al-anon.org\/fr\/?s={search_term_string}"},"query-input":{"@type":"PropertyValueSpecification","valueRequired":true,"valueName":"search_term_string"}}],"inLanguage":"fr-FR"},{"@type":"Organization","@id":"https:\/\/staging.al-anon.org\/fr\/#organization","name":"Al-Anon Family Group Headquarters, Inc.","url":"https:\/\/staging.al-anon.org\/fr\/","logo":{"@type":"ImageObject","inLanguage":"fr-FR","@id":"https:\/\/staging.al-anon.org\/fr\/#\/schema\/logo\/image\/","url":"https:\/\/staging.al-anon.org\/wp-content\/uploads\/2017\/04\/AFGlogo-e1492189694634.jpg","contentUrl":"https:\/\/staging.al-anon.org\/wp-content\/uploads\/2017\/04\/AFGlogo-e1492189694634.jpg","width":167,"height":50,"caption":"Al-Anon Family Group Headquarters, Inc."},"image":{"@id":"https:\/\/staging.al-anon.org\/fr\/#\/schema\/logo\/image\/"},"sameAs":["http:\/\/www.facebook.com\/AlAnonFamilyGroupsWSO","https:\/\/x.com\/AlAnon_WSO","http:\/\/www.instagram.com\/alanon_wso","https:\/\/www.linkedin.com\/company\/al-anon-wso\/","https:\/\/www.youtube.com\/user\/AlAnonFamilyGroupHQ\/"]}]}},"_links":{"self":[{"href":"https:\/\/staging.al-anon.org\/fr\/wp-json\/wp\/v2\/pages\/27952","targetHints":{"allow":["GET"]}}],"collection":[{"href":"https:\/\/staging.al-anon.org\/fr\/wp-json\/wp\/v2\/pages"}],"about":[{"href":"https:\/\/staging.al-anon.org\/fr\/wp-json\/wp\/v2\/types\/page"}],"author":[{"embeddable":true,"href":"https:\/\/staging.al-anon.org\/fr\/wp-json\/wp\/v2\/users\/36"}],"replies":[{"embeddable":true,"href":"https:\/\/staging.al-anon.org\/fr\/wp-json\/wp\/v2\/comments?post=27952"}],"version-history":[{"count":10,"href":"https:\/\/staging.al-anon.org\/fr\/wp-json\/wp\/v2\/pages\/27952\/revisions"}],"predecessor-version":[{"id":38750,"href":"https:\/\/staging.al-anon.org\/fr\/wp-json\/wp\/v2\/pages\/27952\/revisions\/38750"}],"up":[{"embeddable":true,"href":"https:\/\/staging.al-anon.org\/fr\/wp-json\/wp\/v2\/pages\/9173"}],"wp:attachment":[{"href":"https:\/\/staging.al-anon.org\/fr\/wp-json\/wp\/v2\/media?parent=27952"}],"curies":[{"name":"wp","href":"https:\/\/api.w.org\/{rel}","templated":true}]}}