{"id":15901,"date":"2018-04-13T16:24:17","date_gmt":"2018-04-13T20:24:17","guid":{"rendered":"https:\/\/staging.al-anon.org\/?page_id=15901\/"},"modified":"2024-08-01T12:32:21","modified_gmt":"2024-08-01T16:32:21","slug":"al-anon-face-a-lalcoolisme-magazines","status":"publish","type":"page","link":"https:\/\/staging.al-anon.org\/fr\/pour-les-membres\/ressources-pour-les-membres\/documentation\/magazines\/al-anon-face-a-lalcoolisme-magazines\/","title":{"rendered":"Al-Anon face \u00e0 l\u2019alcoolisme Magazines"},"content":{"rendered":"<p><div class=\"fusion-fullwidth fullwidth-box fusion-builder-row-1 nonhundred-percent-fullwidth non-hundred-percent-height-scrolling\" style=\"--awb-border-radius-top-left:0px;--awb-border-radius-top-right:0px;--awb-border-radius-bottom-right:0px;--awb-border-radius-bottom-left:0px;--awb-flex-wrap:wrap;\" ><div class=\"fusion-builder-row fusion-row\"><div class=\"fusion-layout-column fusion_builder_column fusion-builder-column-0 fusion_builder_column_1_1 1_1 fusion-one-full fusion-column-first fusion-column-last\" style=\"--awb-bg-size:cover;\"><div class=\"fusion-column-wrapper fusion-flex-column-wrapper-legacy\"><iframe style='width:100%;height:700px' src='https:\/\/online.pubhtml5.com\/aisa\/jjsz\/'  seamless='seamless' scrolling='no' frameborder='0' allowtransparency='true' allowfullscreen='true' ><\/iframe><div class=\"fusion-sep-clear\"><\/div><div class=\"fusion-separator fusion-full-width-sep\" style=\"margin-left: auto;margin-right: auto;margin-top:10px;margin-bottom:10px;width:100%;\"><\/div><div class=\"fusion-sep-clear\"><\/div><div class=\"fusion-clearfix\"><\/div><\/div><\/div><\/div><\/div><div class=\"fusion-fullwidth fullwidth-box fusion-builder-row-2 nonhundred-percent-fullwidth non-hundred-percent-height-scrolling\" style=\"--awb-border-radius-top-left:0px;--awb-border-radius-top-right:0px;--awb-border-radius-bottom-right:0px;--awb-border-radius-bottom-left:0px;--awb-flex-wrap:wrap;\" ><div class=\"fusion-builder-row fusion-row\"><div class=\"fusion-layout-column fusion_builder_column fusion-builder-column-1 fusion_builder_column_1_3 1_3 fusion-one-third fusion-column-first\" style=\"--awb-bg-size:cover;width:33.333333333333%;width:calc(33.333333333333% - ( ( 4% + 4% ) * 0.33333333333333 ) );margin-right: 4%;\"><div class=\"fusion-column-wrapper fusion-flex-column-wrapper-legacy\"><div class=\"fusion-button-wrapper fusion-aligncenter\"><a class=\"fusion-button button-3d button-medium button-default fusion-button-default button-1 fusion-button-span-no \" style=\"--button-border-radius-top-left:50px;--button-border-radius-top-right:50px;--button-border-radius-bottom-right:50px;--button-border-radius-bottom-left:50px;\" target=\"_self\" href=\"\/pdf\/AFA-Francais.pdf\"><span class=\"fusion-button-text awb-button__text awb-button__text--default\">T\u00e9l\u00e9charger Al-Anon face \u00e0 l\u2019alcoolisme<\/span><\/a><\/div><div class=\"fusion-sep-clear\"><\/div><div class=\"fusion-separator fusion-full-width-sep\" style=\"margin-left: auto;margin-right: auto;margin-top:10px;margin-bottom:10px;width:100%;\"><\/div><div class=\"fusion-sep-clear\"><\/div><div class=\"fusion-clearfix\"><\/div><\/div><\/div><div class=\"fusion-layout-column fusion_builder_column fusion-builder-column-2 fusion_builder_column_1_3 1_3 fusion-one-third\" style=\"--awb-bg-size:cover;width:33.333333333333%;width:calc(33.333333333333% - ( ( 4% + 4% ) * 0.33333333333333 ) );margin-right: 4%;\"><div class=\"fusion-column-wrapper fusion-flex-column-wrapper-legacy\"><div class=\"fusion-button-wrapper fusion-aligncenter\"><a class=\"fusion-button button-3d button-medium button-default fusion-button-default button-2 fusion-button-span-no \" style=\"--button-border-radius-top-left:50px;--button-border-radius-top-right:50px;--button-border-radius-bottom-right:50px;--button-border-radius-bottom-left:50px;\" target=\"_self\" href=\"\/fr\/blog\/afa-une-nouvelle-passerelle-vers-lespoir\/\"><span class=\"fusion-button-text awb-button__text awb-button__text--default\">AFA \u2013 Une nouvelle passerelle vers l\u2019espoir<\/span><\/a><\/div><div class=\"fusion-sep-clear\"><\/div><div class=\"fusion-separator fusion-full-width-sep\" style=\"margin-left: auto;margin-right: auto;margin-top:10px;margin-bottom:10px;width:100%;\"><\/div><div class=\"fusion-sep-clear\"><\/div><div class=\"fusion-clearfix\"><\/div><\/div><\/div><div class=\"fusion-layout-column fusion_builder_column fusion-builder-column-3 fusion_builder_column_1_3 1_3 fusion-one-third fusion-column-last\" style=\"--awb-bg-size:cover;width:33.333333333333%;width:calc(33.333333333333% - ( ( 4% + 4% ) * 0.33333333333333 ) );\"><div class=\"fusion-column-wrapper fusion-flex-column-wrapper-legacy\"><div class=\"fusion-button-wrapper fusion-aligncenter\"><a class=\"fusion-button button-3d button-medium button-default fusion-button-default button-3 fusion-button-span-no \" style=\"--button-border-radius-top-left:50px;--button-border-radius-top-right:50px;--button-border-radius-bottom-right:50px;--button-border-radius-bottom-left:50px;\" target=\"_self\" href=\"https:\/\/ecomm.al-anon.org\/fr\/ItemDetail?iProductCode=FAFAM\"><span class=\"fusion-button-text awb-button__text awb-button__text--default\">Acheter Al-Anon face \u00e0 l\u2019alcoolisme en ligne<\/span><\/a><\/div><div class=\"fusion-sep-clear\"><\/div><div class=\"fusion-separator fusion-full-width-sep\" style=\"margin-left: auto;margin-right: auto;margin-top:10px;margin-bottom:10px;width:100%;\"><\/div><div class=\"fusion-sep-clear\"><\/div><div class=\"fusion-clearfix\"><\/div><\/div><\/div><\/div><\/div><\/p>\n","protected":false},"excerpt":{"rendered":"","protected":false},"author":36,"featured_media":0,"parent":13739,"menu_order":0,"comment_status":"closed","ping_status":"closed","template":"","meta":{"footnotes":""},"class_list":["post-15901","page","type-page","status-publish","hentry"],"yoast_head":"<!-- This site is optimized with the Yoast SEO plugin v27.6 - https:\/\/yoast.com\/product\/yoast-seo-wordpress\/ -->\n<title>Al-Anon face \u00e0 l\u2019alcoolisme Magazines - Al-Anon Family Groups<\/title>\n<meta name=\"robots\" content=\"index, follow, max-snippet:-1, max-image-preview:large, max-video-preview:-1\" \/>\n<link rel=\"canonical\" href=\"https:\/\/staging.al-anon.org\/fr\/pour-les-membres\/ressources-pour-les-membres\/documentation\/magazines\/al-anon-face-a-lalcoolisme-magazines\/\" \/>\n<meta property=\"og:locale\" content=\"fr_FR\" \/>\n<meta property=\"og:type\" content=\"article\" \/>\n<meta property=\"og:title\" content=\"Al-Anon face \u00e0 l\u2019alcoolisme Magazines - Al-Anon Family Groups\" \/>\n<meta property=\"og:url\" content=\"https:\/\/staging.al-anon.org\/fr\/pour-les-membres\/ressources-pour-les-membres\/documentation\/magazines\/al-anon-face-a-lalcoolisme-magazines\/\" \/>\n<meta property=\"og:site_name\" content=\"Al-Anon Family Groups\" \/>\n<meta property=\"article:publisher\" content=\"http:\/\/www.facebook.com\/AlAnonFamilyGroupsWSO\" \/>\n<meta property=\"article:modified_time\" content=\"2024-08-01T16:32:21+00:00\" \/>\n<meta name=\"twitter:card\" content=\"summary_large_image\" \/>\n<meta name=\"twitter:site\" content=\"@AlAnon_WSO\" \/>\n<meta name=\"twitter:label1\" content=\"Dur\u00e9e de lecture estim\u00e9e\" \/>\n\t<meta name=\"twitter:data1\" content=\"1 minute\" \/>\n<script type=\"application\/ld+json\" class=\"yoast-schema-graph\">{\"@context\":\"https:\\\/\\\/schema.org\",\"@graph\":[{\"@type\":\"WebPage\",\"@id\":\"https:\\\/\\\/staging.al-anon.org\\\/fr\\\/pour-les-membres\\\/ressources-pour-les-membres\\\/documentation\\\/magazines\\\/al-anon-face-a-lalcoolisme-magazines\\\/\",\"url\":\"https:\\\/\\\/staging.al-anon.org\\\/fr\\\/pour-les-membres\\\/ressources-pour-les-membres\\\/documentation\\\/magazines\\\/al-anon-face-a-lalcoolisme-magazines\\\/\",\"name\":\"Al-Anon face \u00e0 l\u2019alcoolisme Magazines - Al-Anon Family Groups\",\"isPartOf\":{\"@id\":\"https:\\\/\\\/staging.al-anon.org\\\/fr\\\/#website\"},\"datePublished\":\"2018-04-13T20:24:17+00:00\",\"dateModified\":\"2024-08-01T16:32:21+00:00\",\"breadcrumb\":{\"@id\":\"https:\\\/\\\/staging.al-anon.org\\\/fr\\\/pour-les-membres\\\/ressources-pour-les-membres\\\/documentation\\\/magazines\\\/al-anon-face-a-lalcoolisme-magazines\\\/#breadcrumb\"},\"inLanguage\":\"fr-FR\",\"potentialAction\":[{\"@type\":\"ReadAction\",\"target\":[\"https:\\\/\\\/staging.al-anon.org\\\/fr\\\/pour-les-membres\\\/ressources-pour-les-membres\\\/documentation\\\/magazines\\\/al-anon-face-a-lalcoolisme-magazines\\\/\"]}]},{\"@type\":\"BreadcrumbList\",\"@id\":\"https:\\\/\\\/staging.al-anon.org\\\/fr\\\/pour-les-membres\\\/ressources-pour-les-membres\\\/documentation\\\/magazines\\\/al-anon-face-a-lalcoolisme-magazines\\\/#breadcrumb\",\"itemListElement\":[{\"@type\":\"ListItem\",\"position\":1,\"name\":\"Pour les membres\",\"item\":\"https:\\\/\\\/staging.al-anon.org\\\/fr\\\/pour-les-membres\\\/\"},{\"@type\":\"ListItem\",\"position\":2,\"name\":\"Ressources pour les membres\",\"item\":\"https:\\\/\\\/staging.al-anon.org\\\/fr\\\/pour-les-membres\\\/ressources-pour-les-membres\\\/\"},{\"@type\":\"ListItem\",\"position\":3,\"name\":\"Documentation\",\"item\":\"https:\\\/\\\/staging.al-anon.org\\\/fr\\\/pour-les-membres\\\/ressources-pour-les-membres\\\/documentation\\\/\"},{\"@type\":\"ListItem\",\"position\":4,\"name\":\"Magazines\",\"item\":\"https:\\\/\\\/staging.al-anon.org\\\/fr\\\/pour-les-membres\\\/ressources-pour-les-membres\\\/documentation\\\/magazines\\\/\"},{\"@type\":\"ListItem\",\"position\":5,\"name\":\"Al-Anon face \u00e0 l\u2019alcoolisme Magazines\"}]},{\"@type\":\"WebSite\",\"@id\":\"https:\\\/\\\/staging.al-anon.org\\\/fr\\\/#website\",\"url\":\"https:\\\/\\\/staging.al-anon.org\\\/fr\\\/\",\"name\":\"Al-Anon Family Groups\",\"description\":\"Help and hope for families and friends of alcoholics\",\"publisher\":{\"@id\":\"https:\\\/\\\/staging.al-anon.org\\\/fr\\\/#organization\"},\"potentialAction\":[{\"@type\":\"SearchAction\",\"target\":{\"@type\":\"EntryPoint\",\"urlTemplate\":\"https:\\\/\\\/staging.al-anon.org\\\/fr\\\/?s={search_term_string}\"},\"query-input\":{\"@type\":\"PropertyValueSpecification\",\"valueRequired\":true,\"valueName\":\"search_term_string\"}}],\"inLanguage\":\"fr-FR\"},{\"@type\":\"Organization\",\"@id\":\"https:\\\/\\\/staging.al-anon.org\\\/fr\\\/#organization\",\"name\":\"Al-Anon Family Group Headquarters, Inc.\",\"url\":\"https:\\\/\\\/staging.al-anon.org\\\/fr\\\/\",\"logo\":{\"@type\":\"ImageObject\",\"inLanguage\":\"fr-FR\",\"@id\":\"https:\\\/\\\/staging.al-anon.org\\\/fr\\\/#\\\/schema\\\/logo\\\/image\\\/\",\"url\":\"https:\\\/\\\/staging.al-anon.org\\\/wp-content\\\/uploads\\\/2017\\\/04\\\/AFGlogo-e1492189694634.jpg\",\"contentUrl\":\"https:\\\/\\\/staging.al-anon.org\\\/wp-content\\\/uploads\\\/2017\\\/04\\\/AFGlogo-e1492189694634.jpg\",\"width\":167,\"height\":50,\"caption\":\"Al-Anon Family Group Headquarters, Inc.\"},\"image\":{\"@id\":\"https:\\\/\\\/staging.al-anon.org\\\/fr\\\/#\\\/schema\\\/logo\\\/image\\\/\"},\"sameAs\":[\"http:\\\/\\\/www.facebook.com\\\/AlAnonFamilyGroupsWSO\",\"https:\\\/\\\/x.com\\\/AlAnon_WSO\",\"http:\\\/\\\/www.instagram.com\\\/alanon_wso\",\"https:\\\/\\\/www.linkedin.com\\\/company\\\/al-anon-wso\\\/\",\"https:\\\/\\\/www.youtube.com\\\/user\\\/AlAnonFamilyGroupHQ\\\/\"]}]}<\/script>\n<!-- \/ Yoast SEO plugin. -->","yoast_head_json":{"title":"Al-Anon face \u00e0 l\u2019alcoolisme Magazines - Al-Anon Family Groups","robots":{"index":"index","follow":"follow","max-snippet":"max-snippet:-1","max-image-preview":"max-image-preview:large","max-video-preview":"max-video-preview:-1"},"canonical":"https:\/\/staging.al-anon.org\/fr\/pour-les-membres\/ressources-pour-les-membres\/documentation\/magazines\/al-anon-face-a-lalcoolisme-magazines\/","og_locale":"fr_FR","og_type":"article","og_title":"Al-Anon face \u00e0 l\u2019alcoolisme Magazines - Al-Anon Family Groups","og_url":"https:\/\/staging.al-anon.org\/fr\/pour-les-membres\/ressources-pour-les-membres\/documentation\/magazines\/al-anon-face-a-lalcoolisme-magazines\/","og_site_name":"Al-Anon Family Groups","article_publisher":"http:\/\/www.facebook.com\/AlAnonFamilyGroupsWSO","article_modified_time":"2024-08-01T16:32:21+00:00","twitter_card":"summary_large_image","twitter_site":"@AlAnon_WSO","twitter_misc":{"Dur\u00e9e de lecture estim\u00e9e":"1 minute"},"schema":{"@context":"https:\/\/schema.org","@graph":[{"@type":"WebPage","@id":"https:\/\/staging.al-anon.org\/fr\/pour-les-membres\/ressources-pour-les-membres\/documentation\/magazines\/al-anon-face-a-lalcoolisme-magazines\/","url":"https:\/\/staging.al-anon.org\/fr\/pour-les-membres\/ressources-pour-les-membres\/documentation\/magazines\/al-anon-face-a-lalcoolisme-magazines\/","name":"Al-Anon face \u00e0 l\u2019alcoolisme Magazines - Al-Anon Family Groups","isPartOf":{"@id":"https:\/\/staging.al-anon.org\/fr\/#website"},"datePublished":"2018-04-13T20:24:17+00:00","dateModified":"2024-08-01T16:32:21+00:00","breadcrumb":{"@id":"https:\/\/staging.al-anon.org\/fr\/pour-les-membres\/ressources-pour-les-membres\/documentation\/magazines\/al-anon-face-a-lalcoolisme-magazines\/#breadcrumb"},"inLanguage":"fr-FR","potentialAction":[{"@type":"ReadAction","target":["https:\/\/staging.al-anon.org\/fr\/pour-les-membres\/ressources-pour-les-membres\/documentation\/magazines\/al-anon-face-a-lalcoolisme-magazines\/"]}]},{"@type":"BreadcrumbList","@id":"https:\/\/staging.al-anon.org\/fr\/pour-les-membres\/ressources-pour-les-membres\/documentation\/magazines\/al-anon-face-a-lalcoolisme-magazines\/#breadcrumb","itemListElement":[{"@type":"ListItem","position":1,"name":"Pour les membres","item":"https:\/\/staging.al-anon.org\/fr\/pour-les-membres\/"},{"@type":"ListItem","position":2,"name":"Ressources pour les membres","item":"https:\/\/staging.al-anon.org\/fr\/pour-les-membres\/ressources-pour-les-membres\/"},{"@type":"ListItem","position":3,"name":"Documentation","item":"https:\/\/staging.al-anon.org\/fr\/pour-les-membres\/ressources-pour-les-membres\/documentation\/"},{"@type":"ListItem","position":4,"name":"Magazines","item":"https:\/\/staging.al-anon.org\/fr\/pour-les-membres\/ressources-pour-les-membres\/documentation\/magazines\/"},{"@type":"ListItem","position":5,"name":"Al-Anon face \u00e0 l\u2019alcoolisme Magazines"}]},{"@type":"WebSite","@id":"https:\/\/staging.al-anon.org\/fr\/#website","url":"https:\/\/staging.al-anon.org\/fr\/","name":"Al-Anon Family Groups","description":"Help and hope for families and friends of alcoholics","publisher":{"@id":"https:\/\/staging.al-anon.org\/fr\/#organization"},"potentialAction":[{"@type":"SearchAction","target":{"@type":"EntryPoint","urlTemplate":"https:\/\/staging.al-anon.org\/fr\/?s={search_term_string}"},"query-input":{"@type":"PropertyValueSpecification","valueRequired":true,"valueName":"search_term_string"}}],"inLanguage":"fr-FR"},{"@type":"Organization","@id":"https:\/\/staging.al-anon.org\/fr\/#organization","name":"Al-Anon Family Group Headquarters, Inc.","url":"https:\/\/staging.al-anon.org\/fr\/","logo":{"@type":"ImageObject","inLanguage":"fr-FR","@id":"https:\/\/staging.al-anon.org\/fr\/#\/schema\/logo\/image\/","url":"https:\/\/staging.al-anon.org\/wp-content\/uploads\/2017\/04\/AFGlogo-e1492189694634.jpg","contentUrl":"https:\/\/staging.al-anon.org\/wp-content\/uploads\/2017\/04\/AFGlogo-e1492189694634.jpg","width":167,"height":50,"caption":"Al-Anon Family Group Headquarters, Inc."},"image":{"@id":"https:\/\/staging.al-anon.org\/fr\/#\/schema\/logo\/image\/"},"sameAs":["http:\/\/www.facebook.com\/AlAnonFamilyGroupsWSO","https:\/\/x.com\/AlAnon_WSO","http:\/\/www.instagram.com\/alanon_wso","https:\/\/www.linkedin.com\/company\/al-anon-wso\/","https:\/\/www.youtube.com\/user\/AlAnonFamilyGroupHQ\/"]}]}},"_links":{"self":[{"href":"https:\/\/staging.al-anon.org\/fr\/wp-json\/wp\/v2\/pages\/15901","targetHints":{"allow":["GET"]}}],"collection":[{"href":"https:\/\/staging.al-anon.org\/fr\/wp-json\/wp\/v2\/pages"}],"about":[{"href":"https:\/\/staging.al-anon.org\/fr\/wp-json\/wp\/v2\/types\/page"}],"author":[{"embeddable":true,"href":"https:\/\/staging.al-anon.org\/fr\/wp-json\/wp\/v2\/users\/36"}],"replies":[{"embeddable":true,"href":"https:\/\/staging.al-anon.org\/fr\/wp-json\/wp\/v2\/comments?post=15901"}],"version-history":[{"count":12,"href":"https:\/\/staging.al-anon.org\/fr\/wp-json\/wp\/v2\/pages\/15901\/revisions"}],"predecessor-version":[{"id":42899,"href":"https:\/\/staging.al-anon.org\/fr\/wp-json\/wp\/v2\/pages\/15901\/revisions\/42899"}],"up":[{"embeddable":true,"href":"https:\/\/staging.al-anon.org\/fr\/wp-json\/wp\/v2\/pages\/13739"}],"wp:attachment":[{"href":"https:\/\/staging.al-anon.org\/fr\/wp-json\/wp\/v2\/media?parent=15901"}],"curies":[{"name":"wp","href":"https:\/\/api.w.org\/{rel}","templated":true}]}}