{"id":11458,"date":"2017-10-31T10:15:36","date_gmt":"2017-10-31T14:15:36","guid":{"rendered":"https:\/\/staging.al-anon.org\/?page_id=11458\/"},"modified":"2019-05-14T15:49:20","modified_gmt":"2019-05-14T19:49:20","slug":"pays-ayant-une-structure-de-service-national-ou-un-bureau-des-services-mondiaux","status":"publish","type":"page","link":"https:\/\/staging.al-anon.org\/fr\/pour-les-membres\/international\/pays-ayant-une-structure-de-service-national-ou-un-bureau-des-services-mondiaux\/","title":{"rendered":"Pays ayant une structure de service national ou un Bureau des Services Mondiaux"},"content":{"rendered":"<div class=\"fusion-fullwidth fullwidth-box fusion-builder-row-1 nonhundred-percent-fullwidth non-hundred-percent-height-scrolling\" style=\"--awb-border-radius-top-left:0px;--awb-border-radius-top-right:0px;--awb-border-radius-bottom-right:0px;--awb-border-radius-bottom-left:0px;--awb-flex-wrap:wrap;\" ><div class=\"fusion-builder-row fusion-row\"><div class=\"fusion-layout-column fusion_builder_column fusion-builder-column-0 fusion_builder_column_1_1 1_1 fusion-one-full fusion-column-first fusion-column-last\" style=\"--awb-bg-size:cover;\"><div class=\"fusion-column-wrapper fusion-flex-column-wrapper-legacy\"><div class=\"fusion-text fusion-text-1\"><h3 style=\"text-align: center;\">Pays ayant une structure de service national ou un Bureau des Services Mondiaux<\/h3>\n<\/div><div class=\"fusion-text fusion-text-2\"><p>Le terme Bureau des Services G\u00e9n\u00e9raux (BSG) est donn\u00e9 \u00e0 une structure nationale de service dans un pays en dehors de la structure de la Conf\u00e9rence des Services Mondiaux. Les Bureaux des Services G\u00e9n\u00e9raux sont li\u00e9s au Bureau des Services Mondiaux par l\u2019interm\u00e9diaire du Comit\u00e9 de Coordination Internationale.<\/p>\n<p>Les membres vivant dans les pays ayant des structures en voie de d\u00e9veloppement devraient contacter leur structure s\u2019ils ont des questions relatives au service. Afin d\u2019obtenir les coordonn\u00e9es de votre structure de service, visitez le lien\u00a0\u00ab Contacts Al-Anon \u00e0 travers le monde\u00a0\u00bb sur le site Web du Bureau des Services Mondiaux.<\/p>\n<p>Trouvez ci\u2011apr\u00e8s des liens utiles pour des pays cherchant \u00e0 cr\u00e9er un Service d\u2019Information Al\u2011Anon :<\/p>\n<p>\u2022 <a href=\"\/pdf\/FP2427_2014.pdf\"><em>Manuel de Service Al\u2011Anon\/Alateen<\/em> (FP\u201124\/27)<\/a><br \/>\n\u2022 <a href=\"https:\/\/staging.al-anon.org\/fr\/pour-les-membres\/international\/reunion-internationale-des-services-generaux-al-anon-risga\/\">Sommaire de la R\u00e9union Internationale des Service G\u00e9n\u00e9raux d\u2019Al\u2011Anon (RISGA) (anglais seulement)<\/a><br \/>\n\u2022 <a href=\"\/member-resources\/world-service-conference-summary\/\">Sommaire de la Conf\u00e9rence des Services Mondiaux (CSM) (anglais seulement)<\/a><\/p>\n<p>Si vous souhaitez obtenir plus d\u2019information, veuillez envoyer un courriel au BSM \u00e0 <a href=\"mailto:wso@al-anon.org?subject=International\">wso@al-anon.org<\/a>.<\/p>\n<\/div><div class=\"fusion-clearfix\"><\/div><\/div><\/div><\/div><\/div>\n","protected":false},"excerpt":{"rendered":"","protected":false},"author":36,"featured_media":0,"parent":11451,"menu_order":0,"comment_status":"closed","ping_status":"closed","template":"","meta":{"footnotes":""},"class_list":["post-11458","page","type-page","status-publish","hentry"],"yoast_head":"<!-- This site is optimized with the Yoast SEO plugin v27.4 - https:\/\/yoast.com\/product\/yoast-seo-wordpress\/ -->\n<title>Pays ayant une structure de service national ou un Bureau des Services Mondiaux - Al-Anon Family Groups<\/title>\n<meta name=\"robots\" content=\"index, follow, max-snippet:-1, max-image-preview:large, max-video-preview:-1\" \/>\n<link rel=\"canonical\" href=\"https:\/\/staging.al-anon.org\/fr\/pour-les-membres\/international\/pays-ayant-une-structure-de-service-national-ou-un-bureau-des-services-mondiaux\/\" \/>\n<meta property=\"og:locale\" content=\"fr_FR\" \/>\n<meta property=\"og:type\" content=\"article\" \/>\n<meta property=\"og:title\" content=\"Pays ayant une structure de service national ou un Bureau des Services Mondiaux - Al-Anon Family Groups\" \/>\n<meta property=\"og:url\" content=\"https:\/\/staging.al-anon.org\/fr\/pour-les-membres\/international\/pays-ayant-une-structure-de-service-national-ou-un-bureau-des-services-mondiaux\/\" \/>\n<meta property=\"og:site_name\" content=\"Al-Anon Family Groups\" \/>\n<meta property=\"article:publisher\" content=\"http:\/\/www.facebook.com\/AlAnonFamilyGroupsWSO\" \/>\n<meta property=\"article:modified_time\" content=\"2019-05-14T19:49:20+00:00\" \/>\n<meta name=\"twitter:card\" content=\"summary_large_image\" \/>\n<meta name=\"twitter:site\" content=\"@AlAnon_WSO\" \/>\n<meta name=\"twitter:label1\" content=\"Dur\u00e9e de lecture estim\u00e9e\" \/>\n\t<meta name=\"twitter:data1\" content=\"2 minutes\" \/>\n<script type=\"application\/ld+json\" class=\"yoast-schema-graph\">{\"@context\":\"https:\\\/\\\/schema.org\",\"@graph\":[{\"@type\":\"WebPage\",\"@id\":\"https:\\\/\\\/staging.al-anon.org\\\/fr\\\/pour-les-membres\\\/international\\\/pays-ayant-une-structure-de-service-national-ou-un-bureau-des-services-mondiaux\\\/\",\"url\":\"https:\\\/\\\/staging.al-anon.org\\\/fr\\\/pour-les-membres\\\/international\\\/pays-ayant-une-structure-de-service-national-ou-un-bureau-des-services-mondiaux\\\/\",\"name\":\"Pays ayant une structure de service national ou un Bureau des Services Mondiaux - Al-Anon Family Groups\",\"isPartOf\":{\"@id\":\"https:\\\/\\\/staging.al-anon.org\\\/fr\\\/#website\"},\"datePublished\":\"2017-10-31T14:15:36+00:00\",\"dateModified\":\"2019-05-14T19:49:20+00:00\",\"breadcrumb\":{\"@id\":\"https:\\\/\\\/staging.al-anon.org\\\/fr\\\/pour-les-membres\\\/international\\\/pays-ayant-une-structure-de-service-national-ou-un-bureau-des-services-mondiaux\\\/#breadcrumb\"},\"inLanguage\":\"fr-FR\",\"potentialAction\":[{\"@type\":\"ReadAction\",\"target\":[\"https:\\\/\\\/staging.al-anon.org\\\/fr\\\/pour-les-membres\\\/international\\\/pays-ayant-une-structure-de-service-national-ou-un-bureau-des-services-mondiaux\\\/\"]}]},{\"@type\":\"BreadcrumbList\",\"@id\":\"https:\\\/\\\/staging.al-anon.org\\\/fr\\\/pour-les-membres\\\/international\\\/pays-ayant-une-structure-de-service-national-ou-un-bureau-des-services-mondiaux\\\/#breadcrumb\",\"itemListElement\":[{\"@type\":\"ListItem\",\"position\":1,\"name\":\"Pour les membres\",\"item\":\"https:\\\/\\\/staging.al-anon.org\\\/fr\\\/pour-les-membres\\\/\"},{\"@type\":\"ListItem\",\"position\":2,\"name\":\"International\",\"item\":\"https:\\\/\\\/staging.al-anon.org\\\/fr\\\/pour-les-membres\\\/international\\\/\"},{\"@type\":\"ListItem\",\"position\":3,\"name\":\"Pays ayant une structure de service national ou un Bureau des Services Mondiaux\"}]},{\"@type\":\"WebSite\",\"@id\":\"https:\\\/\\\/staging.al-anon.org\\\/fr\\\/#website\",\"url\":\"https:\\\/\\\/staging.al-anon.org\\\/fr\\\/\",\"name\":\"Al-Anon Family Groups\",\"description\":\"Help and hope for families and friends of alcoholics\",\"publisher\":{\"@id\":\"https:\\\/\\\/staging.al-anon.org\\\/fr\\\/#organization\"},\"potentialAction\":[{\"@type\":\"SearchAction\",\"target\":{\"@type\":\"EntryPoint\",\"urlTemplate\":\"https:\\\/\\\/staging.al-anon.org\\\/fr\\\/?s={search_term_string}\"},\"query-input\":{\"@type\":\"PropertyValueSpecification\",\"valueRequired\":true,\"valueName\":\"search_term_string\"}}],\"inLanguage\":\"fr-FR\"},{\"@type\":\"Organization\",\"@id\":\"https:\\\/\\\/staging.al-anon.org\\\/fr\\\/#organization\",\"name\":\"Al-Anon Family Group Headquarters, Inc.\",\"url\":\"https:\\\/\\\/staging.al-anon.org\\\/fr\\\/\",\"logo\":{\"@type\":\"ImageObject\",\"inLanguage\":\"fr-FR\",\"@id\":\"https:\\\/\\\/staging.al-anon.org\\\/fr\\\/#\\\/schema\\\/logo\\\/image\\\/\",\"url\":\"https:\\\/\\\/staging.al-anon.org\\\/wp-content\\\/uploads\\\/2017\\\/04\\\/AFGlogo-e1492189694634.jpg\",\"contentUrl\":\"https:\\\/\\\/staging.al-anon.org\\\/wp-content\\\/uploads\\\/2017\\\/04\\\/AFGlogo-e1492189694634.jpg\",\"width\":167,\"height\":50,\"caption\":\"Al-Anon Family Group Headquarters, Inc.\"},\"image\":{\"@id\":\"https:\\\/\\\/staging.al-anon.org\\\/fr\\\/#\\\/schema\\\/logo\\\/image\\\/\"},\"sameAs\":[\"http:\\\/\\\/www.facebook.com\\\/AlAnonFamilyGroupsWSO\",\"https:\\\/\\\/x.com\\\/AlAnon_WSO\",\"http:\\\/\\\/www.instagram.com\\\/alanon_wso\",\"https:\\\/\\\/www.linkedin.com\\\/company\\\/al-anon-wso\\\/\",\"https:\\\/\\\/www.youtube.com\\\/user\\\/AlAnonFamilyGroupHQ\\\/\"]}]}<\/script>\n<!-- \/ Yoast SEO plugin. -->","yoast_head_json":{"title":"Pays ayant une structure de service national ou un Bureau des Services Mondiaux - Al-Anon Family Groups","robots":{"index":"index","follow":"follow","max-snippet":"max-snippet:-1","max-image-preview":"max-image-preview:large","max-video-preview":"max-video-preview:-1"},"canonical":"https:\/\/staging.al-anon.org\/fr\/pour-les-membres\/international\/pays-ayant-une-structure-de-service-national-ou-un-bureau-des-services-mondiaux\/","og_locale":"fr_FR","og_type":"article","og_title":"Pays ayant une structure de service national ou un Bureau des Services Mondiaux - Al-Anon Family Groups","og_url":"https:\/\/staging.al-anon.org\/fr\/pour-les-membres\/international\/pays-ayant-une-structure-de-service-national-ou-un-bureau-des-services-mondiaux\/","og_site_name":"Al-Anon Family Groups","article_publisher":"http:\/\/www.facebook.com\/AlAnonFamilyGroupsWSO","article_modified_time":"2019-05-14T19:49:20+00:00","twitter_card":"summary_large_image","twitter_site":"@AlAnon_WSO","twitter_misc":{"Dur\u00e9e de lecture estim\u00e9e":"2 minutes"},"schema":{"@context":"https:\/\/schema.org","@graph":[{"@type":"WebPage","@id":"https:\/\/staging.al-anon.org\/fr\/pour-les-membres\/international\/pays-ayant-une-structure-de-service-national-ou-un-bureau-des-services-mondiaux\/","url":"https:\/\/staging.al-anon.org\/fr\/pour-les-membres\/international\/pays-ayant-une-structure-de-service-national-ou-un-bureau-des-services-mondiaux\/","name":"Pays ayant une structure de service national ou un Bureau des Services Mondiaux - Al-Anon Family Groups","isPartOf":{"@id":"https:\/\/staging.al-anon.org\/fr\/#website"},"datePublished":"2017-10-31T14:15:36+00:00","dateModified":"2019-05-14T19:49:20+00:00","breadcrumb":{"@id":"https:\/\/staging.al-anon.org\/fr\/pour-les-membres\/international\/pays-ayant-une-structure-de-service-national-ou-un-bureau-des-services-mondiaux\/#breadcrumb"},"inLanguage":"fr-FR","potentialAction":[{"@type":"ReadAction","target":["https:\/\/staging.al-anon.org\/fr\/pour-les-membres\/international\/pays-ayant-une-structure-de-service-national-ou-un-bureau-des-services-mondiaux\/"]}]},{"@type":"BreadcrumbList","@id":"https:\/\/staging.al-anon.org\/fr\/pour-les-membres\/international\/pays-ayant-une-structure-de-service-national-ou-un-bureau-des-services-mondiaux\/#breadcrumb","itemListElement":[{"@type":"ListItem","position":1,"name":"Pour les membres","item":"https:\/\/staging.al-anon.org\/fr\/pour-les-membres\/"},{"@type":"ListItem","position":2,"name":"International","item":"https:\/\/staging.al-anon.org\/fr\/pour-les-membres\/international\/"},{"@type":"ListItem","position":3,"name":"Pays ayant une structure de service national ou un Bureau des Services Mondiaux"}]},{"@type":"WebSite","@id":"https:\/\/staging.al-anon.org\/fr\/#website","url":"https:\/\/staging.al-anon.org\/fr\/","name":"Al-Anon Family Groups","description":"Help and hope for families and friends of alcoholics","publisher":{"@id":"https:\/\/staging.al-anon.org\/fr\/#organization"},"potentialAction":[{"@type":"SearchAction","target":{"@type":"EntryPoint","urlTemplate":"https:\/\/staging.al-anon.org\/fr\/?s={search_term_string}"},"query-input":{"@type":"PropertyValueSpecification","valueRequired":true,"valueName":"search_term_string"}}],"inLanguage":"fr-FR"},{"@type":"Organization","@id":"https:\/\/staging.al-anon.org\/fr\/#organization","name":"Al-Anon Family Group Headquarters, Inc.","url":"https:\/\/staging.al-anon.org\/fr\/","logo":{"@type":"ImageObject","inLanguage":"fr-FR","@id":"https:\/\/staging.al-anon.org\/fr\/#\/schema\/logo\/image\/","url":"https:\/\/staging.al-anon.org\/wp-content\/uploads\/2017\/04\/AFGlogo-e1492189694634.jpg","contentUrl":"https:\/\/staging.al-anon.org\/wp-content\/uploads\/2017\/04\/AFGlogo-e1492189694634.jpg","width":167,"height":50,"caption":"Al-Anon Family Group Headquarters, Inc."},"image":{"@id":"https:\/\/staging.al-anon.org\/fr\/#\/schema\/logo\/image\/"},"sameAs":["http:\/\/www.facebook.com\/AlAnonFamilyGroupsWSO","https:\/\/x.com\/AlAnon_WSO","http:\/\/www.instagram.com\/alanon_wso","https:\/\/www.linkedin.com\/company\/al-anon-wso\/","https:\/\/www.youtube.com\/user\/AlAnonFamilyGroupHQ\/"]}]}},"_links":{"self":[{"href":"https:\/\/staging.al-anon.org\/fr\/wp-json\/wp\/v2\/pages\/11458","targetHints":{"allow":["GET"]}}],"collection":[{"href":"https:\/\/staging.al-anon.org\/fr\/wp-json\/wp\/v2\/pages"}],"about":[{"href":"https:\/\/staging.al-anon.org\/fr\/wp-json\/wp\/v2\/types\/page"}],"author":[{"embeddable":true,"href":"https:\/\/staging.al-anon.org\/fr\/wp-json\/wp\/v2\/users\/36"}],"replies":[{"embeddable":true,"href":"https:\/\/staging.al-anon.org\/fr\/wp-json\/wp\/v2\/comments?post=11458"}],"version-history":[{"count":10,"href":"https:\/\/staging.al-anon.org\/fr\/wp-json\/wp\/v2\/pages\/11458\/revisions"}],"predecessor-version":[{"id":24968,"href":"https:\/\/staging.al-anon.org\/fr\/wp-json\/wp\/v2\/pages\/11458\/revisions\/24968"}],"up":[{"embeddable":true,"href":"https:\/\/staging.al-anon.org\/fr\/wp-json\/wp\/v2\/pages\/11451"}],"wp:attachment":[{"href":"https:\/\/staging.al-anon.org\/fr\/wp-json\/wp\/v2\/media?parent=11458"}],"curies":[{"name":"wp","href":"https:\/\/api.w.org\/{rel}","templated":true}]}}