{"id":11304,"date":"2017-10-26T10:11:32","date_gmt":"2017-10-26T14:11:32","guid":{"rendered":"https:\/\/staging.al-anon.org\/?page_id=11304\/"},"modified":"2026-02-03T08:58:40","modified_gmt":"2026-02-03T13:58:40","slug":"changements-pour-un-groupe-al-anon-deja-etabli","status":"publish","type":"page","link":"https:\/\/staging.al-anon.org\/fr\/pour-les-membres\/ressources-pour-le-groupe\/fichiers-groupes\/changements-pour-un-groupe-al-anon-deja-etabli\/","title":{"rendered":"Changements pour un groupe Al\u2011Anon d\u00e9j\u00e0 \u00e9tabli"},"content":{"rendered":"<p><div class=\"fusion-fullwidth fullwidth-box fusion-builder-row-1 nonhundred-percent-fullwidth non-hundred-percent-height-scrolling\" style=\"--awb-border-radius-top-left:0px;--awb-border-radius-top-right:0px;--awb-border-radius-bottom-right:0px;--awb-border-radius-bottom-left:0px;--awb-flex-wrap:wrap;\" ><div class=\"fusion-builder-row fusion-row\"><div class=\"fusion-layout-column fusion_builder_column fusion-builder-column-0 fusion_builder_column_1_1 1_1 fusion-one-full fusion-column-first fusion-column-last\" style=\"--awb-bg-size:cover;\"><div class=\"fusion-column-wrapper fusion-flex-column-wrapper-legacy\"><div class=\"fusion-title title fusion-title-1 fusion-sep-none fusion-title-center fusion-title-text fusion-title-size-two\" style=\"--awb-margin-top-small:0px;--awb-margin-right-small:0px;--awb-margin-bottom-small:20px;--awb-margin-left-small:0px;\"><h2 class=\"fusion-title-heading title-heading-center fusion-responsive-typography-calculated\" style=\"margin:0;--fontSize:35;line-height:1.29;\"><h2>Changements pour un groupe Al\u2011Anon d\u00e9j\u00e0 \u00e9tabli<\/h2><\/h2><\/div><div class=\"fusion-text fusion-text-1\"><p>Certaines Circonscriptions demandent que tous les changements soient soumis en suivant la proc\u00e9dure de la Circonscription. Afin de rapidement proc\u00e9der au traitement de ces changements, les groupes sont encourag\u00e9s \u00e0 se renseigner aupr\u00e8s de leur Repr\u00e9sentant de District (RD) ou du Coordonnateur de groupe de leur Circonscription en ce qui concerne la proc\u00e9dure de la Circonscription. Les changements peuvent \u00e9galement \u00eatre directement envoy\u00e9s au BSM.<\/p>\n<\/div><div class=\"fusion-clearfix\"><\/div><\/div><\/div><\/div><\/div><div class=\"fusion-fullwidth fullwidth-box fusion-builder-row-2 nonhundred-percent-fullwidth non-hundred-percent-height-scrolling\" style=\"--awb-background-position:left top;--awb-border-sizes-top:0px;--awb-border-sizes-bottom:0px;--awb-border-sizes-left:0px;--awb-border-sizes-right:0px;--awb-border-radius-top-left:0px;--awb-border-radius-top-right:0px;--awb-border-radius-bottom-right:0px;--awb-border-radius-bottom-left:0px;--awb-padding-top:20px;--awb-padding-bottom:20px;--awb-flex-wrap:wrap;\" ><div class=\"fusion-builder-row fusion-row\"><div class=\"fusion-layout-column fusion_builder_column fusion-builder-column-1 fusion_builder_column_1_1 1_1 fusion-one-full fusion-column-first fusion-column-last\" style=\"--awb-bg-size:cover;\"><div class=\"fusion-column-wrapper fusion-flex-column-wrapper-legacy\"><div class=\"fusion-button-wrapper fusion-aligncenter\"><a class=\"fusion-button button-3d fusion-button-default-size button-default fusion-button-default button-1 fusion-button-span-no \" style=\"--button-border-radius-top-left:25px;--button-border-radius-top-right:25px;--button-border-radius-bottom-right:25px;--button-border-radius-bottom-left:25px;\" target=\"_self\" href=\"\/fr\/pour-les-membres\/ressources-pour-le-groupe\/fichiers-groupes\/changements-pour-un-groupe-al-anon-deja-etabli\/formulaire-de-en-ligne-des-fichiers-de-groupes-al-anon\/\"><span class=\"fusion-button-text awb-button__text awb-button__text--default\">Mise \u00e0 jour en ligne<\/span><\/a><\/div><div class=\"fusion-clearfix\"><\/div><\/div><\/div><\/div><\/div><div class=\"fusion-fullwidth fullwidth-box fusion-builder-row-3 nonhundred-percent-fullwidth non-hundred-percent-height-scrolling\" style=\"--awb-background-position:left top;--awb-border-sizes-top:0px;--awb-border-sizes-bottom:0px;--awb-border-sizes-left:0px;--awb-border-sizes-right:0px;--awb-border-radius-top-left:0px;--awb-border-radius-top-right:0px;--awb-border-radius-bottom-right:0px;--awb-border-radius-bottom-left:0px;--awb-padding-top:20px;--awb-padding-bottom:20px;--awb-flex-wrap:wrap;\" ><div class=\"fusion-builder-row fusion-row\"><div class=\"fusion-layout-column fusion_builder_column fusion-builder-column-2 fusion_builder_column_1_1 1_1 fusion-one-full fusion-column-first fusion-column-last\" style=\"--awb-bg-size:cover;\"><div class=\"fusion-column-wrapper fusion-flex-column-wrapper-legacy\"><div class=\"fusion-clearfix\"><\/div><\/div><\/div><div class=\"fusion-layout-column fusion_builder_column fusion-builder-column-3 fusion_builder_column_1_3 1_3 fusion-one-third fusion-column-first\" style=\"--awb-bg-size:cover;width:30.6666%; margin-right: 4%;\"><div class=\"fusion-column-wrapper fusion-flex-column-wrapper-legacy\"><div class=\"fusion-title title fusion-title-2 fusion-sep-none fusion-title-center fusion-title-text fusion-title-size-three\" style=\"--awb-margin-top-small:0px;--awb-margin-right-small:0px;--awb-margin-bottom-small:20px;--awb-margin-left-small:0px;\"><h3 class=\"fusion-title-heading title-heading-center fusion-responsive-typography-calculated\" style=\"margin:0;--fontSize:26;line-height:1.62;\"><h3><a href=\"\/pdf\/Group-Records-Change-FR.pdf\">Formulaire imprim\u00e9<\/a><\/h3><\/h3><\/div><div class=\"fusion-clearfix\"><\/div><\/div><\/div><div class=\"fusion-layout-column fusion_builder_column fusion-builder-column-4 fusion_builder_column_1_3 1_3 fusion-one-third\" style=\"--awb-bg-size:cover;width:30.6666%; margin-right: 4%;\"><div class=\"fusion-column-wrapper fusion-flex-column-wrapper-legacy\"><div class=\"fusion-title title fusion-title-3 fusion-sep-none fusion-title-center fusion-title-text fusion-title-size-three\" style=\"--awb-margin-top-small:0px;--awb-margin-right-small:0px;--awb-margin-bottom-small:20px;--awb-margin-left-small:0px;\"><h3 class=\"fusion-title-heading title-heading-center fusion-responsive-typography-calculated\" style=\"margin:0;--fontSize:26;line-height:1.62;\"><h3><a href=\"\/pdf\/Group-Change-Instructions-FR.pdf\">Instructions<\/a><\/h3>\n<h3><\/h3><\/h3><\/div><div class=\"fusion-clearfix\"><\/div><\/div><\/div><div class=\"fusion-layout-column fusion_builder_column fusion-builder-column-5 fusion_builder_column_1_3 1_3 fusion-one-third fusion-column-last\" style=\"--awb-bg-size:cover;width:30.6666%;\"><div class=\"fusion-column-wrapper fusion-flex-column-wrapper-legacy\"><div class=\"fusion-title title fusion-title-4 fusion-sep-none fusion-title-center fusion-title-text fusion-title-size-three\" style=\"--awb-margin-top-small:0px;--awb-margin-right-small:0px;--awb-margin-bottom-small:20px;--awb-margin-left-small:0px;\"><h3 class=\"fusion-title-heading title-heading-center fusion-responsive-typography-calculated\" style=\"margin:0;--fontSize:26;line-height:1.62;\"><h3><a href=\"\/pdf\/Annual-Update-Instructions-FR.pdf\">Instructions pour la mise \u00e0 jour annuelle<\/a><\/h3>\n<h4>Pour les groupes ayant un lieu de rencontre physique<\/h4><\/h3><\/div><div class=\"fusion-clearfix\"><\/div><\/div><\/div><\/div><\/div><\/p>\n","protected":false},"excerpt":{"rendered":"","protected":false},"author":36,"featured_media":0,"parent":10923,"menu_order":0,"comment_status":"closed","ping_status":"closed","template":"","meta":{"footnotes":""},"class_list":["post-11304","page","type-page","status-publish","hentry"],"yoast_head":"<!-- This site is optimized with the Yoast SEO plugin v27.4 - https:\/\/yoast.com\/product\/yoast-seo-wordpress\/ -->\n<title>Changements pour un groupe Al\u2011Anon d\u00e9j\u00e0 \u00e9tabli - Al-Anon Family Groups<\/title>\n<meta name=\"robots\" content=\"index, follow, max-snippet:-1, max-image-preview:large, max-video-preview:-1\" \/>\n<link rel=\"canonical\" href=\"https:\/\/staging.al-anon.org\/fr\/pour-les-membres\/ressources-pour-le-groupe\/fichiers-groupes\/changements-pour-un-groupe-al-anon-deja-etabli\/\" \/>\n<meta property=\"og:locale\" content=\"fr_FR\" \/>\n<meta property=\"og:type\" content=\"article\" \/>\n<meta property=\"og:title\" content=\"Changements pour un groupe Al\u2011Anon d\u00e9j\u00e0 \u00e9tabli - Al-Anon Family Groups\" \/>\n<meta property=\"og:url\" content=\"https:\/\/staging.al-anon.org\/fr\/pour-les-membres\/ressources-pour-le-groupe\/fichiers-groupes\/changements-pour-un-groupe-al-anon-deja-etabli\/\" \/>\n<meta property=\"og:site_name\" content=\"Al-Anon Family Groups\" \/>\n<meta property=\"article:publisher\" content=\"http:\/\/www.facebook.com\/AlAnonFamilyGroupsWSO\" \/>\n<meta property=\"article:modified_time\" content=\"2026-02-03T13:58:40+00:00\" \/>\n<meta name=\"twitter:card\" content=\"summary_large_image\" \/>\n<meta name=\"twitter:site\" content=\"@AlAnon_WSO\" \/>\n<meta name=\"twitter:label1\" content=\"Dur\u00e9e de lecture estim\u00e9e\" \/>\n\t<meta name=\"twitter:data1\" content=\"1 minute\" \/>\n<script type=\"application\/ld+json\" class=\"yoast-schema-graph\">{\"@context\":\"https:\\\/\\\/schema.org\",\"@graph\":[{\"@type\":\"WebPage\",\"@id\":\"https:\\\/\\\/staging.al-anon.org\\\/fr\\\/pour-les-membres\\\/ressources-pour-le-groupe\\\/fichiers-groupes\\\/changements-pour-un-groupe-al-anon-deja-etabli\\\/\",\"url\":\"https:\\\/\\\/staging.al-anon.org\\\/fr\\\/pour-les-membres\\\/ressources-pour-le-groupe\\\/fichiers-groupes\\\/changements-pour-un-groupe-al-anon-deja-etabli\\\/\",\"name\":\"Changements pour un groupe Al\u2011Anon d\u00e9j\u00e0 \u00e9tabli - Al-Anon Family Groups\",\"isPartOf\":{\"@id\":\"https:\\\/\\\/staging.al-anon.org\\\/fr\\\/#website\"},\"datePublished\":\"2017-10-26T14:11:32+00:00\",\"dateModified\":\"2026-02-03T13:58:40+00:00\",\"breadcrumb\":{\"@id\":\"https:\\\/\\\/staging.al-anon.org\\\/fr\\\/pour-les-membres\\\/ressources-pour-le-groupe\\\/fichiers-groupes\\\/changements-pour-un-groupe-al-anon-deja-etabli\\\/#breadcrumb\"},\"inLanguage\":\"fr-FR\",\"potentialAction\":[{\"@type\":\"ReadAction\",\"target\":[\"https:\\\/\\\/staging.al-anon.org\\\/fr\\\/pour-les-membres\\\/ressources-pour-le-groupe\\\/fichiers-groupes\\\/changements-pour-un-groupe-al-anon-deja-etabli\\\/\"]}]},{\"@type\":\"BreadcrumbList\",\"@id\":\"https:\\\/\\\/staging.al-anon.org\\\/fr\\\/pour-les-membres\\\/ressources-pour-le-groupe\\\/fichiers-groupes\\\/changements-pour-un-groupe-al-anon-deja-etabli\\\/#breadcrumb\",\"itemListElement\":[{\"@type\":\"ListItem\",\"position\":1,\"name\":\"Pour les membres\",\"item\":\"https:\\\/\\\/staging.al-anon.org\\\/fr\\\/pour-les-membres\\\/\"},{\"@type\":\"ListItem\",\"position\":2,\"name\":\"Ressources pour le groupe\",\"item\":\"https:\\\/\\\/staging.al-anon.org\\\/fr\\\/pour-les-membres\\\/ressources-pour-le-groupe\\\/\"},{\"@type\":\"ListItem\",\"position\":3,\"name\":\"Fichiers groupes\",\"item\":\"https:\\\/\\\/staging.al-anon.org\\\/fr\\\/pour-les-membres\\\/ressources-pour-le-groupe\\\/fichiers-groupes\\\/\"},{\"@type\":\"ListItem\",\"position\":4,\"name\":\"Changements pour un groupe Al\u2011Anon d\u00e9j\u00e0 \u00e9tabli\"}]},{\"@type\":\"WebSite\",\"@id\":\"https:\\\/\\\/staging.al-anon.org\\\/fr\\\/#website\",\"url\":\"https:\\\/\\\/staging.al-anon.org\\\/fr\\\/\",\"name\":\"Al-Anon Family Groups\",\"description\":\"Help and hope for families and friends of alcoholics\",\"publisher\":{\"@id\":\"https:\\\/\\\/staging.al-anon.org\\\/fr\\\/#organization\"},\"potentialAction\":[{\"@type\":\"SearchAction\",\"target\":{\"@type\":\"EntryPoint\",\"urlTemplate\":\"https:\\\/\\\/staging.al-anon.org\\\/fr\\\/?s={search_term_string}\"},\"query-input\":{\"@type\":\"PropertyValueSpecification\",\"valueRequired\":true,\"valueName\":\"search_term_string\"}}],\"inLanguage\":\"fr-FR\"},{\"@type\":\"Organization\",\"@id\":\"https:\\\/\\\/staging.al-anon.org\\\/fr\\\/#organization\",\"name\":\"Al-Anon Family Group Headquarters, Inc.\",\"url\":\"https:\\\/\\\/staging.al-anon.org\\\/fr\\\/\",\"logo\":{\"@type\":\"ImageObject\",\"inLanguage\":\"fr-FR\",\"@id\":\"https:\\\/\\\/staging.al-anon.org\\\/fr\\\/#\\\/schema\\\/logo\\\/image\\\/\",\"url\":\"https:\\\/\\\/staging.al-anon.org\\\/wp-content\\\/uploads\\\/2017\\\/04\\\/AFGlogo-e1492189694634.jpg\",\"contentUrl\":\"https:\\\/\\\/staging.al-anon.org\\\/wp-content\\\/uploads\\\/2017\\\/04\\\/AFGlogo-e1492189694634.jpg\",\"width\":167,\"height\":50,\"caption\":\"Al-Anon Family Group Headquarters, Inc.\"},\"image\":{\"@id\":\"https:\\\/\\\/staging.al-anon.org\\\/fr\\\/#\\\/schema\\\/logo\\\/image\\\/\"},\"sameAs\":[\"http:\\\/\\\/www.facebook.com\\\/AlAnonFamilyGroupsWSO\",\"https:\\\/\\\/x.com\\\/AlAnon_WSO\",\"http:\\\/\\\/www.instagram.com\\\/alanon_wso\",\"https:\\\/\\\/www.linkedin.com\\\/company\\\/al-anon-wso\\\/\",\"https:\\\/\\\/www.youtube.com\\\/user\\\/AlAnonFamilyGroupHQ\\\/\"]}]}<\/script>\n<!-- \/ Yoast SEO plugin. -->","yoast_head_json":{"title":"Changements pour un groupe Al\u2011Anon d\u00e9j\u00e0 \u00e9tabli - Al-Anon Family Groups","robots":{"index":"index","follow":"follow","max-snippet":"max-snippet:-1","max-image-preview":"max-image-preview:large","max-video-preview":"max-video-preview:-1"},"canonical":"https:\/\/staging.al-anon.org\/fr\/pour-les-membres\/ressources-pour-le-groupe\/fichiers-groupes\/changements-pour-un-groupe-al-anon-deja-etabli\/","og_locale":"fr_FR","og_type":"article","og_title":"Changements pour un groupe Al\u2011Anon d\u00e9j\u00e0 \u00e9tabli - Al-Anon Family Groups","og_url":"https:\/\/staging.al-anon.org\/fr\/pour-les-membres\/ressources-pour-le-groupe\/fichiers-groupes\/changements-pour-un-groupe-al-anon-deja-etabli\/","og_site_name":"Al-Anon Family Groups","article_publisher":"http:\/\/www.facebook.com\/AlAnonFamilyGroupsWSO","article_modified_time":"2026-02-03T13:58:40+00:00","twitter_card":"summary_large_image","twitter_site":"@AlAnon_WSO","twitter_misc":{"Dur\u00e9e de lecture estim\u00e9e":"1 minute"},"schema":{"@context":"https:\/\/schema.org","@graph":[{"@type":"WebPage","@id":"https:\/\/staging.al-anon.org\/fr\/pour-les-membres\/ressources-pour-le-groupe\/fichiers-groupes\/changements-pour-un-groupe-al-anon-deja-etabli\/","url":"https:\/\/staging.al-anon.org\/fr\/pour-les-membres\/ressources-pour-le-groupe\/fichiers-groupes\/changements-pour-un-groupe-al-anon-deja-etabli\/","name":"Changements pour un groupe Al\u2011Anon d\u00e9j\u00e0 \u00e9tabli - Al-Anon Family Groups","isPartOf":{"@id":"https:\/\/staging.al-anon.org\/fr\/#website"},"datePublished":"2017-10-26T14:11:32+00:00","dateModified":"2026-02-03T13:58:40+00:00","breadcrumb":{"@id":"https:\/\/staging.al-anon.org\/fr\/pour-les-membres\/ressources-pour-le-groupe\/fichiers-groupes\/changements-pour-un-groupe-al-anon-deja-etabli\/#breadcrumb"},"inLanguage":"fr-FR","potentialAction":[{"@type":"ReadAction","target":["https:\/\/staging.al-anon.org\/fr\/pour-les-membres\/ressources-pour-le-groupe\/fichiers-groupes\/changements-pour-un-groupe-al-anon-deja-etabli\/"]}]},{"@type":"BreadcrumbList","@id":"https:\/\/staging.al-anon.org\/fr\/pour-les-membres\/ressources-pour-le-groupe\/fichiers-groupes\/changements-pour-un-groupe-al-anon-deja-etabli\/#breadcrumb","itemListElement":[{"@type":"ListItem","position":1,"name":"Pour les membres","item":"https:\/\/staging.al-anon.org\/fr\/pour-les-membres\/"},{"@type":"ListItem","position":2,"name":"Ressources pour le groupe","item":"https:\/\/staging.al-anon.org\/fr\/pour-les-membres\/ressources-pour-le-groupe\/"},{"@type":"ListItem","position":3,"name":"Fichiers groupes","item":"https:\/\/staging.al-anon.org\/fr\/pour-les-membres\/ressources-pour-le-groupe\/fichiers-groupes\/"},{"@type":"ListItem","position":4,"name":"Changements pour un groupe Al\u2011Anon d\u00e9j\u00e0 \u00e9tabli"}]},{"@type":"WebSite","@id":"https:\/\/staging.al-anon.org\/fr\/#website","url":"https:\/\/staging.al-anon.org\/fr\/","name":"Al-Anon Family Groups","description":"Help and hope for families and friends of alcoholics","publisher":{"@id":"https:\/\/staging.al-anon.org\/fr\/#organization"},"potentialAction":[{"@type":"SearchAction","target":{"@type":"EntryPoint","urlTemplate":"https:\/\/staging.al-anon.org\/fr\/?s={search_term_string}"},"query-input":{"@type":"PropertyValueSpecification","valueRequired":true,"valueName":"search_term_string"}}],"inLanguage":"fr-FR"},{"@type":"Organization","@id":"https:\/\/staging.al-anon.org\/fr\/#organization","name":"Al-Anon Family Group Headquarters, Inc.","url":"https:\/\/staging.al-anon.org\/fr\/","logo":{"@type":"ImageObject","inLanguage":"fr-FR","@id":"https:\/\/staging.al-anon.org\/fr\/#\/schema\/logo\/image\/","url":"https:\/\/staging.al-anon.org\/wp-content\/uploads\/2017\/04\/AFGlogo-e1492189694634.jpg","contentUrl":"https:\/\/staging.al-anon.org\/wp-content\/uploads\/2017\/04\/AFGlogo-e1492189694634.jpg","width":167,"height":50,"caption":"Al-Anon Family Group Headquarters, Inc."},"image":{"@id":"https:\/\/staging.al-anon.org\/fr\/#\/schema\/logo\/image\/"},"sameAs":["http:\/\/www.facebook.com\/AlAnonFamilyGroupsWSO","https:\/\/x.com\/AlAnon_WSO","http:\/\/www.instagram.com\/alanon_wso","https:\/\/www.linkedin.com\/company\/al-anon-wso\/","https:\/\/www.youtube.com\/user\/AlAnonFamilyGroupHQ\/"]}]}},"_links":{"self":[{"href":"https:\/\/staging.al-anon.org\/fr\/wp-json\/wp\/v2\/pages\/11304","targetHints":{"allow":["GET"]}}],"collection":[{"href":"https:\/\/staging.al-anon.org\/fr\/wp-json\/wp\/v2\/pages"}],"about":[{"href":"https:\/\/staging.al-anon.org\/fr\/wp-json\/wp\/v2\/types\/page"}],"author":[{"embeddable":true,"href":"https:\/\/staging.al-anon.org\/fr\/wp-json\/wp\/v2\/users\/36"}],"replies":[{"embeddable":true,"href":"https:\/\/staging.al-anon.org\/fr\/wp-json\/wp\/v2\/comments?post=11304"}],"version-history":[{"count":19,"href":"https:\/\/staging.al-anon.org\/fr\/wp-json\/wp\/v2\/pages\/11304\/revisions"}],"predecessor-version":[{"id":46844,"href":"https:\/\/staging.al-anon.org\/fr\/wp-json\/wp\/v2\/pages\/11304\/revisions\/46844"}],"up":[{"embeddable":true,"href":"https:\/\/staging.al-anon.org\/fr\/wp-json\/wp\/v2\/pages\/10923"}],"wp:attachment":[{"href":"https:\/\/staging.al-anon.org\/fr\/wp-json\/wp\/v2\/media?parent=11304"}],"curies":[{"name":"wp","href":"https:\/\/api.w.org\/{rel}","templated":true}]}}