{"id":10744,"date":"2017-10-26T09:53:44","date_gmt":"2017-10-26T13:53:44","guid":{"rendered":"https:\/\/staging.al-anon.org\/?page_id=10744\/"},"modified":"2024-05-01T14:47:27","modified_gmt":"2024-05-01T18:47:27","slug":"inscriptionmise-jour-des-nouveaux-groupes","status":"publish","type":"page","link":"https:\/\/staging.al-anon.org\/fr\/pour-les-membres\/ressources-pour-le-groupe\/fichiers-groupes\/inscriptionmise-jour-des-nouveaux-groupes\/","title":{"rendered":"Inscription\/mise \u00e0 jour des nouveaux groupes"},"content":{"rendered":"<p><div class=\"fusion-fullwidth fullwidth-box fusion-builder-row-1 nonhundred-percent-fullwidth non-hundred-percent-height-scrolling\" style=\"--awb-border-radius-top-left:0px;--awb-border-radius-top-right:0px;--awb-border-radius-bottom-right:0px;--awb-border-radius-bottom-left:0px;--awb-flex-wrap:wrap;\" ><div class=\"fusion-builder-row fusion-row\"><div class=\"fusion-layout-column fusion_builder_column fusion-builder-column-0 fusion_builder_column_1_1 1_1 fusion-one-full fusion-column-first fusion-column-last\" style=\"--awb-bg-size:cover;\"><div class=\"fusion-column-wrapper fusion-flex-column-wrapper-legacy\"><div class=\"fusion-title title fusion-title-1 fusion-sep-none fusion-title-center fusion-title-text fusion-title-size-two\" style=\"--awb-margin-top-small:0px;--awb-margin-right-small:0px;--awb-margin-bottom-small:20px;--awb-margin-left-small:0px;\"><h2 class=\"fusion-title-heading title-heading-center fusion-responsive-typography-calculated\" style=\"margin:0;--fontSize:35;line-height:1.29;\"><h2>Inscription d\u2019un nouveau groupe Al\u2011Anon<\/h2><\/h2><\/div><div class=\"fusion-text fusion-text-1\"><p>L\u2019inscription au BSM assure le lien avec la fraternit\u00e9 mondiale Al\u2011Anon. Le BSM inscrira n\u2019importe quel groupe avec l\u2019entente tacite qu\u2019il respectera les Traditions Al\u2011Anon et qu\u2019il n\u2019appuie ni n\u2019est affili\u00e9 \u00e0 aucune entit\u00e9 ou pratique de l\u2019ext\u00e9rieur. Au moment de s\u2019inscrire, le groupe peut compter sur le BSM pour un soutien continu, y compris des correspondances mensuelles, trimestrielles et \u00e9lectroniques.<\/p>\n<\/div><div class=\"fusion-clearfix\"><\/div><\/div><\/div><\/div><\/div><div class=\"fusion-fullwidth fullwidth-box fusion-builder-row-2 nonhundred-percent-fullwidth non-hundred-percent-height-scrolling\" style=\"--awb-background-position:left top;--awb-border-sizes-top:0px;--awb-border-sizes-bottom:0px;--awb-border-sizes-left:0px;--awb-border-sizes-right:0px;--awb-border-radius-top-left:0px;--awb-border-radius-top-right:0px;--awb-border-radius-bottom-right:0px;--awb-border-radius-bottom-left:0px;--awb-padding-top:20px;--awb-padding-bottom:20px;--awb-flex-wrap:wrap;\" ><div class=\"fusion-builder-row fusion-row\"><div class=\"fusion-layout-column fusion_builder_column fusion-builder-column-1 fusion_builder_column_1_1 1_1 fusion-one-full fusion-column-first fusion-column-last\" style=\"--awb-bg-size:cover;\"><div class=\"fusion-column-wrapper fusion-flex-column-wrapper-legacy\"><div class=\"fusion-button-wrapper fusion-aligncenter\"><a class=\"fusion-button button-3d button-medium button-default fusion-button-default button-1 fusion-button-span-no \" target=\"_blank\" rel=\"noopener noreferrer\" href=\"\/fr\/pour-les-membres\/ressources-pour-le-groupe\/fichiers-groupes\/inscriptionmise-jour-des-nouveaux-groupes\/formulaire-dinscription-en-ligne-pour-les-nouveaux-groupes-al-anon\/\"><span class=\"fusion-button-text awb-button__text awb-button__text--default\">INSCRIPTION EN LIGNE<\/span><\/a><\/div><div class=\"fusion-sep-clear\"><\/div><div class=\"fusion-separator fusion-full-width-sep\" style=\"margin-left: auto;margin-right: auto;margin-top:10px;margin-bottom:10px;width:100%;\"><\/div><div class=\"fusion-sep-clear\"><\/div><div class=\"fusion-clearfix\"><\/div><\/div><\/div><div class=\"fusion-layout-column fusion_builder_column fusion-builder-column-2 fusion_builder_column_1_4 1_4 fusion-one-fourth fusion-column-first\" style=\"--awb-bg-size:cover;width:22%; margin-right: 4%;\"><div class=\"fusion-column-wrapper fusion-flex-column-wrapper-legacy\"><div class=\"fusion-title title fusion-title-2 fusion-sep-none fusion-title-center fusion-title-text fusion-title-size-three\" style=\"--awb-margin-top-small:0px;--awb-margin-right-small:0px;--awb-margin-bottom-small:20px;--awb-margin-left-small:0px;\"><h3 class=\"fusion-title-heading title-heading-center fusion-responsive-typography-calculated\" style=\"margin:0;--fontSize:26;line-height:1.62;\"><h3><a href=\"\/pdf\/New-Group-Registration-FR.pdf\">Formulaire imprim\u00e9<\/a><\/h3><\/h3><\/div><div class=\"fusion-clearfix\"><\/div><\/div><\/div><div class=\"fusion-layout-column fusion_builder_column fusion-builder-column-3 fusion_builder_column_1_4 1_4 fusion-one-fourth\" style=\"--awb-bg-size:cover;width:22%; margin-right: 4%;\"><div class=\"fusion-column-wrapper fusion-flex-column-wrapper-legacy\"><div class=\"fusion-title title fusion-title-3 fusion-sep-none fusion-title-center fusion-title-text fusion-title-size-three\" style=\"--awb-margin-top-small:0px;--awb-margin-right-small:0px;--awb-margin-bottom-small:20px;--awb-margin-left-small:0px;\"><h3 class=\"fusion-title-heading title-heading-center fusion-responsive-typography-calculated\" style=\"margin:0;--fontSize:26;line-height:1.62;\"><h3><a href=\"\/pdf\/New-Group-Registration-Instructions-FR.pdf\">Instructions<\/a><\/h3>\n<h3><\/h3><\/h3><\/div><div class=\"fusion-clearfix\"><\/div><\/div><\/div><div class=\"fusion-layout-column fusion_builder_column fusion-builder-column-4 fusion_builder_column_1_4 1_4 fusion-one-fourth\" style=\"--awb-bg-size:cover;width:22%; margin-right: 4%;\"><div class=\"fusion-column-wrapper fusion-flex-column-wrapper-legacy\"><div class=\"fusion-title title fusion-title-4 fusion-sep-none fusion-title-center fusion-title-text fusion-title-size-three\" style=\"--awb-margin-top-small:0px;--awb-margin-right-small:0px;--awb-margin-bottom-small:20px;--awb-margin-left-small:0px;\"><h3 class=\"fusion-title-heading title-heading-center fusion-responsive-typography-calculated\" style=\"margin:0;--fontSize:26;line-height:1.62;\"><h3><a href=\"\/pdf\/FG-12.pdf\"><em>Former un groupe <\/em><\/a><a href=\"\/pdf\/FG-12.pdf\"><em>Al\u2011Anon<\/em> (FG-12)<\/a><\/h3>\n<h3><\/h3><\/h3><\/div><div class=\"fusion-clearfix\"><\/div><\/div><\/div><div class=\"fusion-layout-column fusion_builder_column fusion-builder-column-5 fusion_builder_column_1_4 1_4 fusion-one-fourth fusion-column-last\" style=\"--awb-bg-size:cover;width:22%;\"><div class=\"fusion-column-wrapper fusion-flex-column-wrapper-legacy\"><div class=\"fusion-title title fusion-title-5 fusion-sep-none fusion-title-center fusion-title-text fusion-title-size-three\" style=\"--awb-margin-top-small:0px;--awb-margin-right-small:0px;--awb-margin-bottom-small:20px;--awb-margin-left-small:0px;\"><h3 class=\"fusion-title-heading title-heading-center fusion-responsive-typography-calculated\" style=\"margin:0;--fontSize:26;line-height:1.62;\"><h3><a href=\"\/fr\/pour-les-membres\/ressources-pour-le-groupe\/fichiers-groupes\/inscriptionmise-jour-des-nouveaux-groupes\/questions-frequemment-posees\/\">Questions fr\u00e9quemment pos\u00e9es<\/a><\/h3>\n<h3><\/h3><\/h3><\/div><div class=\"fusion-clearfix\"><\/div><\/div><\/div><\/div><\/div><\/p>\n","protected":false},"excerpt":{"rendered":"","protected":false},"author":36,"featured_media":0,"parent":10923,"menu_order":0,"comment_status":"closed","ping_status":"closed","template":"","meta":{"footnotes":""},"class_list":["post-10744","page","type-page","status-publish","hentry"],"yoast_head":"<!-- This site is optimized with the Yoast SEO plugin v27.4 - https:\/\/yoast.com\/product\/yoast-seo-wordpress\/ -->\n<title>Inscription\/mise \u00e0 jour des nouveaux groupes - Al-Anon Family Groups<\/title>\n<meta name=\"robots\" content=\"index, follow, max-snippet:-1, max-image-preview:large, max-video-preview:-1\" \/>\n<link rel=\"canonical\" href=\"https:\/\/staging.al-anon.org\/fr\/pour-les-membres\/ressources-pour-le-groupe\/fichiers-groupes\/inscriptionmise-jour-des-nouveaux-groupes\/\" \/>\n<meta property=\"og:locale\" content=\"fr_FR\" \/>\n<meta property=\"og:type\" content=\"article\" \/>\n<meta property=\"og:title\" content=\"Inscription\/mise \u00e0 jour des nouveaux groupes - Al-Anon Family Groups\" \/>\n<meta property=\"og:url\" content=\"https:\/\/staging.al-anon.org\/fr\/pour-les-membres\/ressources-pour-le-groupe\/fichiers-groupes\/inscriptionmise-jour-des-nouveaux-groupes\/\" \/>\n<meta property=\"og:site_name\" content=\"Al-Anon Family Groups\" \/>\n<meta property=\"article:publisher\" content=\"http:\/\/www.facebook.com\/AlAnonFamilyGroupsWSO\" \/>\n<meta property=\"article:modified_time\" content=\"2024-05-01T18:47:27+00:00\" \/>\n<meta name=\"twitter:card\" content=\"summary_large_image\" \/>\n<meta name=\"twitter:site\" content=\"@AlAnon_WSO\" \/>\n<script type=\"application\/ld+json\" class=\"yoast-schema-graph\">{\"@context\":\"https:\\\/\\\/schema.org\",\"@graph\":[{\"@type\":\"WebPage\",\"@id\":\"https:\\\/\\\/staging.al-anon.org\\\/fr\\\/pour-les-membres\\\/ressources-pour-le-groupe\\\/fichiers-groupes\\\/inscriptionmise-jour-des-nouveaux-groupes\\\/\",\"url\":\"https:\\\/\\\/staging.al-anon.org\\\/fr\\\/pour-les-membres\\\/ressources-pour-le-groupe\\\/fichiers-groupes\\\/inscriptionmise-jour-des-nouveaux-groupes\\\/\",\"name\":\"Inscription\\\/mise \u00e0 jour des nouveaux groupes - Al-Anon Family Groups\",\"isPartOf\":{\"@id\":\"https:\\\/\\\/staging.al-anon.org\\\/fr\\\/#website\"},\"datePublished\":\"2017-10-26T13:53:44+00:00\",\"dateModified\":\"2024-05-01T18:47:27+00:00\",\"breadcrumb\":{\"@id\":\"https:\\\/\\\/staging.al-anon.org\\\/fr\\\/pour-les-membres\\\/ressources-pour-le-groupe\\\/fichiers-groupes\\\/inscriptionmise-jour-des-nouveaux-groupes\\\/#breadcrumb\"},\"inLanguage\":\"fr-FR\",\"potentialAction\":[{\"@type\":\"ReadAction\",\"target\":[\"https:\\\/\\\/staging.al-anon.org\\\/fr\\\/pour-les-membres\\\/ressources-pour-le-groupe\\\/fichiers-groupes\\\/inscriptionmise-jour-des-nouveaux-groupes\\\/\"]}]},{\"@type\":\"BreadcrumbList\",\"@id\":\"https:\\\/\\\/staging.al-anon.org\\\/fr\\\/pour-les-membres\\\/ressources-pour-le-groupe\\\/fichiers-groupes\\\/inscriptionmise-jour-des-nouveaux-groupes\\\/#breadcrumb\",\"itemListElement\":[{\"@type\":\"ListItem\",\"position\":1,\"name\":\"Pour les membres\",\"item\":\"https:\\\/\\\/staging.al-anon.org\\\/fr\\\/pour-les-membres\\\/\"},{\"@type\":\"ListItem\",\"position\":2,\"name\":\"Ressources pour le groupe\",\"item\":\"https:\\\/\\\/staging.al-anon.org\\\/fr\\\/pour-les-membres\\\/ressources-pour-le-groupe\\\/\"},{\"@type\":\"ListItem\",\"position\":3,\"name\":\"Fichiers groupes\",\"item\":\"https:\\\/\\\/staging.al-anon.org\\\/fr\\\/pour-les-membres\\\/ressources-pour-le-groupe\\\/fichiers-groupes\\\/\"},{\"@type\":\"ListItem\",\"position\":4,\"name\":\"Inscription\\\/mise \u00e0 jour des nouveaux groupes\"}]},{\"@type\":\"WebSite\",\"@id\":\"https:\\\/\\\/staging.al-anon.org\\\/fr\\\/#website\",\"url\":\"https:\\\/\\\/staging.al-anon.org\\\/fr\\\/\",\"name\":\"Al-Anon Family Groups\",\"description\":\"Help and hope for families and friends of alcoholics\",\"publisher\":{\"@id\":\"https:\\\/\\\/staging.al-anon.org\\\/fr\\\/#organization\"},\"potentialAction\":[{\"@type\":\"SearchAction\",\"target\":{\"@type\":\"EntryPoint\",\"urlTemplate\":\"https:\\\/\\\/staging.al-anon.org\\\/fr\\\/?s={search_term_string}\"},\"query-input\":{\"@type\":\"PropertyValueSpecification\",\"valueRequired\":true,\"valueName\":\"search_term_string\"}}],\"inLanguage\":\"fr-FR\"},{\"@type\":\"Organization\",\"@id\":\"https:\\\/\\\/staging.al-anon.org\\\/fr\\\/#organization\",\"name\":\"Al-Anon Family Group Headquarters, Inc.\",\"url\":\"https:\\\/\\\/staging.al-anon.org\\\/fr\\\/\",\"logo\":{\"@type\":\"ImageObject\",\"inLanguage\":\"fr-FR\",\"@id\":\"https:\\\/\\\/staging.al-anon.org\\\/fr\\\/#\\\/schema\\\/logo\\\/image\\\/\",\"url\":\"https:\\\/\\\/staging.al-anon.org\\\/wp-content\\\/uploads\\\/2017\\\/04\\\/AFGlogo-e1492189694634.jpg\",\"contentUrl\":\"https:\\\/\\\/staging.al-anon.org\\\/wp-content\\\/uploads\\\/2017\\\/04\\\/AFGlogo-e1492189694634.jpg\",\"width\":167,\"height\":50,\"caption\":\"Al-Anon Family Group Headquarters, Inc.\"},\"image\":{\"@id\":\"https:\\\/\\\/staging.al-anon.org\\\/fr\\\/#\\\/schema\\\/logo\\\/image\\\/\"},\"sameAs\":[\"http:\\\/\\\/www.facebook.com\\\/AlAnonFamilyGroupsWSO\",\"https:\\\/\\\/x.com\\\/AlAnon_WSO\",\"http:\\\/\\\/www.instagram.com\\\/alanon_wso\",\"https:\\\/\\\/www.linkedin.com\\\/company\\\/al-anon-wso\\\/\",\"https:\\\/\\\/www.youtube.com\\\/user\\\/AlAnonFamilyGroupHQ\\\/\"]}]}<\/script>\n<!-- \/ Yoast SEO plugin. -->","yoast_head_json":{"title":"Inscription\/mise \u00e0 jour des nouveaux groupes - Al-Anon Family Groups","robots":{"index":"index","follow":"follow","max-snippet":"max-snippet:-1","max-image-preview":"max-image-preview:large","max-video-preview":"max-video-preview:-1"},"canonical":"https:\/\/staging.al-anon.org\/fr\/pour-les-membres\/ressources-pour-le-groupe\/fichiers-groupes\/inscriptionmise-jour-des-nouveaux-groupes\/","og_locale":"fr_FR","og_type":"article","og_title":"Inscription\/mise \u00e0 jour des nouveaux groupes - Al-Anon Family Groups","og_url":"https:\/\/staging.al-anon.org\/fr\/pour-les-membres\/ressources-pour-le-groupe\/fichiers-groupes\/inscriptionmise-jour-des-nouveaux-groupes\/","og_site_name":"Al-Anon Family Groups","article_publisher":"http:\/\/www.facebook.com\/AlAnonFamilyGroupsWSO","article_modified_time":"2024-05-01T18:47:27+00:00","twitter_card":"summary_large_image","twitter_site":"@AlAnon_WSO","schema":{"@context":"https:\/\/schema.org","@graph":[{"@type":"WebPage","@id":"https:\/\/staging.al-anon.org\/fr\/pour-les-membres\/ressources-pour-le-groupe\/fichiers-groupes\/inscriptionmise-jour-des-nouveaux-groupes\/","url":"https:\/\/staging.al-anon.org\/fr\/pour-les-membres\/ressources-pour-le-groupe\/fichiers-groupes\/inscriptionmise-jour-des-nouveaux-groupes\/","name":"Inscription\/mise \u00e0 jour des nouveaux groupes - Al-Anon Family Groups","isPartOf":{"@id":"https:\/\/staging.al-anon.org\/fr\/#website"},"datePublished":"2017-10-26T13:53:44+00:00","dateModified":"2024-05-01T18:47:27+00:00","breadcrumb":{"@id":"https:\/\/staging.al-anon.org\/fr\/pour-les-membres\/ressources-pour-le-groupe\/fichiers-groupes\/inscriptionmise-jour-des-nouveaux-groupes\/#breadcrumb"},"inLanguage":"fr-FR","potentialAction":[{"@type":"ReadAction","target":["https:\/\/staging.al-anon.org\/fr\/pour-les-membres\/ressources-pour-le-groupe\/fichiers-groupes\/inscriptionmise-jour-des-nouveaux-groupes\/"]}]},{"@type":"BreadcrumbList","@id":"https:\/\/staging.al-anon.org\/fr\/pour-les-membres\/ressources-pour-le-groupe\/fichiers-groupes\/inscriptionmise-jour-des-nouveaux-groupes\/#breadcrumb","itemListElement":[{"@type":"ListItem","position":1,"name":"Pour les membres","item":"https:\/\/staging.al-anon.org\/fr\/pour-les-membres\/"},{"@type":"ListItem","position":2,"name":"Ressources pour le groupe","item":"https:\/\/staging.al-anon.org\/fr\/pour-les-membres\/ressources-pour-le-groupe\/"},{"@type":"ListItem","position":3,"name":"Fichiers groupes","item":"https:\/\/staging.al-anon.org\/fr\/pour-les-membres\/ressources-pour-le-groupe\/fichiers-groupes\/"},{"@type":"ListItem","position":4,"name":"Inscription\/mise \u00e0 jour des nouveaux groupes"}]},{"@type":"WebSite","@id":"https:\/\/staging.al-anon.org\/fr\/#website","url":"https:\/\/staging.al-anon.org\/fr\/","name":"Al-Anon Family Groups","description":"Help and hope for families and friends of alcoholics","publisher":{"@id":"https:\/\/staging.al-anon.org\/fr\/#organization"},"potentialAction":[{"@type":"SearchAction","target":{"@type":"EntryPoint","urlTemplate":"https:\/\/staging.al-anon.org\/fr\/?s={search_term_string}"},"query-input":{"@type":"PropertyValueSpecification","valueRequired":true,"valueName":"search_term_string"}}],"inLanguage":"fr-FR"},{"@type":"Organization","@id":"https:\/\/staging.al-anon.org\/fr\/#organization","name":"Al-Anon Family Group Headquarters, Inc.","url":"https:\/\/staging.al-anon.org\/fr\/","logo":{"@type":"ImageObject","inLanguage":"fr-FR","@id":"https:\/\/staging.al-anon.org\/fr\/#\/schema\/logo\/image\/","url":"https:\/\/staging.al-anon.org\/wp-content\/uploads\/2017\/04\/AFGlogo-e1492189694634.jpg","contentUrl":"https:\/\/staging.al-anon.org\/wp-content\/uploads\/2017\/04\/AFGlogo-e1492189694634.jpg","width":167,"height":50,"caption":"Al-Anon Family Group Headquarters, Inc."},"image":{"@id":"https:\/\/staging.al-anon.org\/fr\/#\/schema\/logo\/image\/"},"sameAs":["http:\/\/www.facebook.com\/AlAnonFamilyGroupsWSO","https:\/\/x.com\/AlAnon_WSO","http:\/\/www.instagram.com\/alanon_wso","https:\/\/www.linkedin.com\/company\/al-anon-wso\/","https:\/\/www.youtube.com\/user\/AlAnonFamilyGroupHQ\/"]}]}},"_links":{"self":[{"href":"https:\/\/staging.al-anon.org\/fr\/wp-json\/wp\/v2\/pages\/10744","targetHints":{"allow":["GET"]}}],"collection":[{"href":"https:\/\/staging.al-anon.org\/fr\/wp-json\/wp\/v2\/pages"}],"about":[{"href":"https:\/\/staging.al-anon.org\/fr\/wp-json\/wp\/v2\/types\/page"}],"author":[{"embeddable":true,"href":"https:\/\/staging.al-anon.org\/fr\/wp-json\/wp\/v2\/users\/36"}],"replies":[{"embeddable":true,"href":"https:\/\/staging.al-anon.org\/fr\/wp-json\/wp\/v2\/comments?post=10744"}],"version-history":[{"count":22,"href":"https:\/\/staging.al-anon.org\/fr\/wp-json\/wp\/v2\/pages\/10744\/revisions"}],"predecessor-version":[{"id":42171,"href":"https:\/\/staging.al-anon.org\/fr\/wp-json\/wp\/v2\/pages\/10744\/revisions\/42171"}],"up":[{"embeddable":true,"href":"https:\/\/staging.al-anon.org\/fr\/wp-json\/wp\/v2\/pages\/10923"}],"wp:attachment":[{"href":"https:\/\/staging.al-anon.org\/fr\/wp-json\/wp\/v2\/media?parent=10744"}],"curies":[{"name":"wp","href":"https:\/\/api.w.org\/{rel}","templated":true}]}}