{"id":5756,"date":"2017-06-27T15:54:55","date_gmt":"2017-06-27T19:54:55","guid":{"rendered":"https:\/\/staging.al-anon.org\/miembros\/contribuciones\/al-anon-miembro\/"},"modified":"2025-03-12T15:37:43","modified_gmt":"2025-03-12T19:37:43","slug":"al-anon-miembro","status":"publish","type":"page","link":"https:\/\/staging.al-anon.org\/es\/contribuciones\/al-anon-miembro\/","title":{"rendered":"Al-Anon Miembro"},"content":{"rendered":"<div class=\"fusion-fullwidth fullwidth-box fusion-builder-row-1 nonhundred-percent-fullwidth non-hundred-percent-height-scrolling\" style=\"--awb-border-radius-top-left:0px;--awb-border-radius-top-right:0px;--awb-border-radius-bottom-right:0px;--awb-border-radius-bottom-left:0px;--awb-padding-top:20px;--awb-padding-bottom:20px;--awb-flex-wrap:wrap;\" ><div class=\"fusion-builder-row fusion-row\"><div class=\"fusion-layout-column fusion_builder_column fusion-builder-column-0 fusion_builder_column_1_1 1_1 fusion-one-full fusion-column-first fusion-column-last\" style=\"--awb-bg-size:cover;\"><div class=\"fusion-column-wrapper fusion-flex-column-wrapper-legacy\"><div class=\"fusion-title title fusion-title-1 fusion-sep-none fusion-title-center fusion-title-text fusion-title-size-two\" style=\"--awb-margin-top-small:0px;--awb-margin-right-small:0px;--awb-margin-bottom-small:20px;--awb-margin-left-small:0px;\"><h2 class=\"fusion-title-heading title-heading-center fusion-responsive-typography-calculated\" style=\"margin:0;--fontSize:35;line-height:1.29;\"><h2>Contribuya con la Oficina de Servicio Mundial de Al-Anon<\/h2><\/h2><\/div><div class=\"fusion-text fusion-text-1\"><h4 style=\"text-align: center;\">Existen varias formas en que un miembro de Al-Anon puede darle una contribuci\u00f3n a la Oficina de Servicio Mundial:<\/h4>\n<\/div><div class=\"fusion-sep-clear\"><\/div><div class=\"fusion-separator fusion-full-width-sep\" style=\"margin-left: auto;margin-right: auto;margin-top:20px;margin-bottom:20px;width:100%;\"><\/div><div class=\"fusion-sep-clear\"><\/div><div class=\"fusion-clearfix\"><\/div><\/div><\/div><div class=\"fusion-layout-column fusion_builder_column fusion-builder-column-1 fusion_builder_column_1_1 1_1 fusion-one-full fusion-column-first fusion-column-last\" style=\"--awb-bg-size:cover;\"><div class=\"fusion-column-wrapper fusion-flex-column-wrapper-legacy\"><div class=\"fusion-text fusion-text-2\"><p><strong><a href=\"https:\/\/ecomm.al-anon.org\/ES\/Contribuciones\/ES\/RiSE\/Contributions\/Donate_00_Landing.aspx\" target=\"_blank\" rel=\"noopener noreferrer\">Contribuciones en l\u00ednea:<\/a><\/strong>\u00a0Los miembros pueden designar su contribuci\u00f3n por una sola vez como grupo, petici\u00f3n, en memoria, cumplea\u00f1os, o como persona en particular. La Oficina de Servicio Mundial le enviar\u00e1 un recibo al donante reconociendo su obsequio. Los miembros tambi\u00e9n pueden comprar literatura de Al Anon o una suscripci\u00f3n a la revista The Forum cuando est\u00e9n en este sitio web.<\/p>\n<\/div><div class=\"fusion-sep-clear\"><\/div><div class=\"fusion-separator fusion-full-width-sep\" style=\"margin-left: auto;margin-right: auto;margin-top:5px;margin-bottom:5px;width:100%;\"><\/div><div class=\"fusion-sep-clear\"><\/div><div class=\"fusion-button-wrapper fusion-aligncenter\"><a class=\"fusion-button button-3d button-small button-default fusion-button-default button-1 fusion-button-span-no \" style=\"--button-border-radius-top-left:25px;--button-border-radius-top-right:25px;--button-border-radius-bottom-right:25px;--button-border-radius-bottom-left:25px;\" target=\"_blank\" rel=\"noopener noreferrer\" href=\"https:\/\/ecomm.al-anon.org\/ES\/Contribuciones\/ES\/RiSE\/Contributions\/Donate_00_Landing.aspx\"><i class=\"fa-play fas awb-button__icon awb-button__icon--default button-icon-left\" aria-hidden=\"true\"><\/i><span class=\"fusion-button-text awb-button__text awb-button__text--default\">Contribuciones por medio de tarjeta de cr\u00e9dito <\/span><\/a><\/div><div class=\"fusion-sep-clear\"><\/div><div class=\"fusion-separator fusion-full-width-sep\" style=\"margin-left: auto;margin-right: auto;margin-top:5px;margin-bottom:5px;width:100%;\"><\/div><div class=\"fusion-sep-clear\"><\/div><div class=\"fusion-sep-clear\"><\/div><div class=\"fusion-separator fusion-full-width-sep\" style=\"margin-left: auto;margin-right: auto;margin-top:5px;margin-bottom:10px;width:100%;\"><div class=\"fusion-separator-border sep-single sep-solid\" style=\"--awb-height:20px;--awb-amount:20px;--awb-sep-color:var(--awb-custom13);border-color:var(--awb-custom13);border-top-width:5px;\"><\/div><\/div><div class=\"fusion-sep-clear\"><\/div><div class=\"fusion-text fusion-text-3\"><p><strong><a href=\"https:\/\/www.paypal.com\/cgi-bin\/webscr?cmd=_s-xclick&amp;hosted_button_id=F3H2LE8FUQEP6\" target=\"_blank\" rel=\"noopener noreferrer\">PayPal:\u00a0<\/a><\/strong>Los miembros pueden hacer una contribuci\u00f3n individualmente por una sola vez o programar contribuciones mensuales recurrentes. En pocos minutos de haber extra\u00eddo cada contribuci\u00f3n de su tarjeta de cr\u00e9dito o d\u00e9bito, o de su cuenta bancaria, se le enviar\u00e1 un recibo por correo electr\u00f3nico. No se requiere tener una cuenta de PayPal para hacer una contribuci\u00f3n por una sola vez; sin embargo, se requiere tener una cuenta de PayPal para programar contribuciones recurrentes. Aunque PayPal mantiene este portal de pagos, Al-Anon no apoya a PayPal ni a ning\u00fan proveedor comercial electr\u00f3nico. El nuevo portal para pagos lo mantiene PayPal; sin embargo, Al-Anon no apoya a PayPal ni a ning\u00fan otro proveedor de comercio electr\u00f3nico.<\/p>\n<p><strong>***Actualmente, las contribuciones que se hagan por medio de PayPal son deducibles de los impuestos <u>\u00fanicamente para los miembros de los EE. UU.<\/u> A los miembros del Canad\u00e1 se les sugiere utilizar la tienda en l\u00ednea o giros bancarios para hacer contribuciones deducibles de sus impuestos. <\/strong><\/p>\n<\/div><div class=\"fusion-image-element fusion-image-align-center in-legacy-container\" style=\"text-align:center;--awb-caption-title-font-family:var(--h2_typography-font-family);--awb-caption-title-font-weight:var(--h2_typography-font-weight);--awb-caption-title-font-style:var(--h2_typography-font-style);--awb-caption-title-size:var(--h2_typography-font-size);--awb-caption-title-transform:var(--h2_typography-text-transform);--awb-caption-title-line-height:var(--h2_typography-line-height);--awb-caption-title-letter-spacing:var(--h2_typography-letter-spacing);\"><div class=\"imageframe-align-center\"><span class=\" fusion-imageframe imageframe-none imageframe-1 hover-type-none\"><a class=\"fusion-no-lightbox\" href=\"https:\/\/www.paypal.com\/cgi-bin\/webscr?cmd=_s-xclick&amp;hosted_button_id=F3H2LE8FUQEP6\" target=\"_blank\" aria-label=\"PayPalLogoEs\" rel=\"noopener noreferrer\"><img decoding=\"async\" width=\"300\" height=\"70\" src=\"\/wp-content\/uploads\/PayPalLogoEs-300x70.jpg\" alt class=\"img-responsive wp-image-24167\" srcset=\"https:\/\/staging.al-anon.org\/wp-content\/uploads\/PayPalLogoEs-200x47.jpg 200w, https:\/\/staging.al-anon.org\/wp-content\/uploads\/PayPalLogoEs.jpg 300w\" sizes=\"(max-width: 950px) 100vw, 300px\" \/><\/a><\/span><\/div><\/div><div class=\"fusion-sep-clear\"><\/div><div class=\"fusion-separator fusion-full-width-sep\" style=\"margin-left: auto;margin-right: auto;margin-top:5px;margin-bottom:5px;width:100%;\"><\/div><div class=\"fusion-sep-clear\"><\/div><div class=\"fusion-sep-clear\"><\/div><div class=\"fusion-separator fusion-full-width-sep\" style=\"margin-left: auto;margin-right: auto;margin-top:5px;margin-bottom:10px;width:100%;\"><div class=\"fusion-separator-border sep-single sep-solid\" style=\"--awb-height:20px;--awb-amount:20px;--awb-sep-color:var(--awb-custom13);border-color:var(--awb-custom13);border-top-width:5px;\"><\/div><\/div><div class=\"fusion-sep-clear\"><\/div><div class=\"fusion-text fusion-text-4\"><p><strong>Por correo:<\/strong> Haga sus cheques o giros postales a nombre de AFG y env\u00edelos a:<\/p>\n<p style=\"margin: 0in; margin-bottom: .0001pt;\"><span style=\"font-family: 'Georgia',serif; color: #333333;\">AFG Inc.<\/span><\/p>\n<p style=\"margin: 0in; margin-bottom: .0001pt; font-variant-ligatures: normal; font-variant-caps: normal; orphans: 2; text-align: start; widows: 2; -webkit-text-stroke-width: 0px; text-decoration-style: initial; text-decoration-color: initial; word-spacing: 0px;\"><span style=\"font-family: 'Georgia',serif; color: #333333;\">1600 Corporate Landing Parkway<\/span><\/p>\n<p style=\"margin: 0in; margin-bottom: .0001pt; font-variant-ligatures: normal; font-variant-caps: normal; orphans: 2; text-align: start; widows: 2; -webkit-text-stroke-width: 0px; text-decoration-style: initial; text-decoration-color: initial; word-spacing: 0px;\"><span style=\"font-family: 'Georgia',serif; color: #333333;\">Virginia Beach, VA 23454<\/span><\/p>\n<p>Si hace una contribuci\u00f3n de grupo, por favor aseg\u00farese de anotar claramente <u>el nombre o el n\u00famero de su grupo<\/u> en su pago. Se enviar\u00e1 un recibo de su contribuci\u00f3n a la direcci\u00f3n provista.<\/p>\n<p>*Las contribuciones individuales pueden deducirle de los impuestos en los Estados Unidos y en el Canad\u00e1. Por favor consulte el <a href=\"\/es\/para-los-miembros\/recursos-para-los-miembros\/manuales-y-guias\/manual-de-servicio\/\"><em>Manual<\/em> <em>de Servicio<\/em><\/a> para las cantidades l\u00edmites en las contribuciones.<\/p>\n<\/div><div class=\"fusion-clearfix\"><\/div><\/div><\/div><\/div><\/div>\n","protected":false},"excerpt":{"rendered":"","protected":false},"author":36,"featured_media":0,"parent":5695,"menu_order":1,"comment_status":"closed","ping_status":"closed","template":"","meta":{"footnotes":""},"class_list":["post-5756","page","type-page","status-publish","hentry"],"yoast_head":"<!-- This site is optimized with the Yoast SEO plugin v27.5 - https:\/\/yoast.com\/product\/yoast-seo-wordpress\/ -->\n<title>Al-Anon Miembro - Al-Anon Family Groups<\/title>\n<meta name=\"robots\" content=\"noindex, nofollow\" \/>\n<meta property=\"og:locale\" content=\"es_ES\" \/>\n<meta property=\"og:type\" content=\"article\" \/>\n<meta property=\"og:title\" content=\"Al-Anon Miembro - Al-Anon Family Groups\" \/>\n<meta property=\"og:url\" content=\"https:\/\/staging.al-anon.org\/es\/contribuciones\/al-anon-miembro\/\" \/>\n<meta property=\"og:site_name\" content=\"Al-Anon Family Groups\" \/>\n<meta property=\"article:publisher\" content=\"http:\/\/www.facebook.com\/AlAnonFamilyGroupsWSO\" \/>\n<meta property=\"article:modified_time\" content=\"2025-03-12T19:37:43+00:00\" \/>\n<meta name=\"twitter:card\" content=\"summary_large_image\" \/>\n<meta name=\"twitter:site\" content=\"@AlAnon_WSO\" \/>\n<meta name=\"twitter:label1\" content=\"Tiempo de lectura\" \/>\n\t<meta name=\"twitter:data1\" content=\"2 minutos\" \/>\n<script type=\"application\/ld+json\" class=\"yoast-schema-graph\">{\"@context\":\"https:\\\/\\\/schema.org\",\"@graph\":[{\"@type\":\"WebPage\",\"@id\":\"https:\\\/\\\/staging.al-anon.org\\\/es\\\/contribuciones\\\/al-anon-miembro\\\/\",\"url\":\"https:\\\/\\\/staging.al-anon.org\\\/es\\\/contribuciones\\\/al-anon-miembro\\\/\",\"name\":\"Al-Anon Miembro - Al-Anon Family Groups\",\"isPartOf\":{\"@id\":\"https:\\\/\\\/staging.al-anon.org\\\/es\\\/#website\"},\"datePublished\":\"2017-06-27T19:54:55+00:00\",\"dateModified\":\"2025-03-12T19:37:43+00:00\",\"breadcrumb\":{\"@id\":\"https:\\\/\\\/staging.al-anon.org\\\/es\\\/contribuciones\\\/al-anon-miembro\\\/#breadcrumb\"},\"inLanguage\":\"es\",\"potentialAction\":[{\"@type\":\"ReadAction\",\"target\":[\"https:\\\/\\\/staging.al-anon.org\\\/es\\\/contribuciones\\\/al-anon-miembro\\\/\"]}]},{\"@type\":\"BreadcrumbList\",\"@id\":\"https:\\\/\\\/staging.al-anon.org\\\/es\\\/contribuciones\\\/al-anon-miembro\\\/#breadcrumb\",\"itemListElement\":[{\"@type\":\"ListItem\",\"position\":1,\"name\":\"Contribuciones\",\"item\":\"https:\\\/\\\/staging.al-anon.org\\\/es\\\/contribuciones\\\/\"},{\"@type\":\"ListItem\",\"position\":2,\"name\":\"Al-Anon Miembro\"}]},{\"@type\":\"WebSite\",\"@id\":\"https:\\\/\\\/staging.al-anon.org\\\/es\\\/#website\",\"url\":\"https:\\\/\\\/staging.al-anon.org\\\/es\\\/\",\"name\":\"Al-Anon Family Groups\",\"description\":\"Help and hope for families and friends of alcoholics\",\"publisher\":{\"@id\":\"https:\\\/\\\/staging.al-anon.org\\\/es\\\/#organization\"},\"potentialAction\":[{\"@type\":\"SearchAction\",\"target\":{\"@type\":\"EntryPoint\",\"urlTemplate\":\"https:\\\/\\\/staging.al-anon.org\\\/es\\\/?s={search_term_string}\"},\"query-input\":{\"@type\":\"PropertyValueSpecification\",\"valueRequired\":true,\"valueName\":\"search_term_string\"}}],\"inLanguage\":\"es\"},{\"@type\":\"Organization\",\"@id\":\"https:\\\/\\\/staging.al-anon.org\\\/es\\\/#organization\",\"name\":\"Al-Anon Family Group Headquarters, Inc.\",\"url\":\"https:\\\/\\\/staging.al-anon.org\\\/es\\\/\",\"logo\":{\"@type\":\"ImageObject\",\"inLanguage\":\"es\",\"@id\":\"https:\\\/\\\/staging.al-anon.org\\\/es\\\/#\\\/schema\\\/logo\\\/image\\\/\",\"url\":\"https:\\\/\\\/staging.al-anon.org\\\/wp-content\\\/uploads\\\/2017\\\/04\\\/AFGlogo-e1492189694634.jpg\",\"contentUrl\":\"https:\\\/\\\/staging.al-anon.org\\\/wp-content\\\/uploads\\\/2017\\\/04\\\/AFGlogo-e1492189694634.jpg\",\"width\":167,\"height\":50,\"caption\":\"Al-Anon Family Group Headquarters, Inc.\"},\"image\":{\"@id\":\"https:\\\/\\\/staging.al-anon.org\\\/es\\\/#\\\/schema\\\/logo\\\/image\\\/\"},\"sameAs\":[\"http:\\\/\\\/www.facebook.com\\\/AlAnonFamilyGroupsWSO\",\"https:\\\/\\\/x.com\\\/AlAnon_WSO\",\"http:\\\/\\\/www.instagram.com\\\/alanon_wso\",\"https:\\\/\\\/www.linkedin.com\\\/company\\\/al-anon-wso\\\/\",\"https:\\\/\\\/www.youtube.com\\\/user\\\/AlAnonFamilyGroupHQ\\\/\"]}]}<\/script>\n<!-- \/ Yoast SEO plugin. -->","yoast_head_json":{"title":"Al-Anon Miembro - Al-Anon Family Groups","robots":{"index":"noindex","follow":"nofollow"},"og_locale":"es_ES","og_type":"article","og_title":"Al-Anon Miembro - Al-Anon Family Groups","og_url":"https:\/\/staging.al-anon.org\/es\/contribuciones\/al-anon-miembro\/","og_site_name":"Al-Anon Family Groups","article_publisher":"http:\/\/www.facebook.com\/AlAnonFamilyGroupsWSO","article_modified_time":"2025-03-12T19:37:43+00:00","twitter_card":"summary_large_image","twitter_site":"@AlAnon_WSO","twitter_misc":{"Tiempo de lectura":"2 minutos"},"schema":{"@context":"https:\/\/schema.org","@graph":[{"@type":"WebPage","@id":"https:\/\/staging.al-anon.org\/es\/contribuciones\/al-anon-miembro\/","url":"https:\/\/staging.al-anon.org\/es\/contribuciones\/al-anon-miembro\/","name":"Al-Anon Miembro - Al-Anon Family Groups","isPartOf":{"@id":"https:\/\/staging.al-anon.org\/es\/#website"},"datePublished":"2017-06-27T19:54:55+00:00","dateModified":"2025-03-12T19:37:43+00:00","breadcrumb":{"@id":"https:\/\/staging.al-anon.org\/es\/contribuciones\/al-anon-miembro\/#breadcrumb"},"inLanguage":"es","potentialAction":[{"@type":"ReadAction","target":["https:\/\/staging.al-anon.org\/es\/contribuciones\/al-anon-miembro\/"]}]},{"@type":"BreadcrumbList","@id":"https:\/\/staging.al-anon.org\/es\/contribuciones\/al-anon-miembro\/#breadcrumb","itemListElement":[{"@type":"ListItem","position":1,"name":"Contribuciones","item":"https:\/\/staging.al-anon.org\/es\/contribuciones\/"},{"@type":"ListItem","position":2,"name":"Al-Anon Miembro"}]},{"@type":"WebSite","@id":"https:\/\/staging.al-anon.org\/es\/#website","url":"https:\/\/staging.al-anon.org\/es\/","name":"Al-Anon Family Groups","description":"Help and hope for families and friends of alcoholics","publisher":{"@id":"https:\/\/staging.al-anon.org\/es\/#organization"},"potentialAction":[{"@type":"SearchAction","target":{"@type":"EntryPoint","urlTemplate":"https:\/\/staging.al-anon.org\/es\/?s={search_term_string}"},"query-input":{"@type":"PropertyValueSpecification","valueRequired":true,"valueName":"search_term_string"}}],"inLanguage":"es"},{"@type":"Organization","@id":"https:\/\/staging.al-anon.org\/es\/#organization","name":"Al-Anon Family Group Headquarters, Inc.","url":"https:\/\/staging.al-anon.org\/es\/","logo":{"@type":"ImageObject","inLanguage":"es","@id":"https:\/\/staging.al-anon.org\/es\/#\/schema\/logo\/image\/","url":"https:\/\/staging.al-anon.org\/wp-content\/uploads\/2017\/04\/AFGlogo-e1492189694634.jpg","contentUrl":"https:\/\/staging.al-anon.org\/wp-content\/uploads\/2017\/04\/AFGlogo-e1492189694634.jpg","width":167,"height":50,"caption":"Al-Anon Family Group Headquarters, Inc."},"image":{"@id":"https:\/\/staging.al-anon.org\/es\/#\/schema\/logo\/image\/"},"sameAs":["http:\/\/www.facebook.com\/AlAnonFamilyGroupsWSO","https:\/\/x.com\/AlAnon_WSO","http:\/\/www.instagram.com\/alanon_wso","https:\/\/www.linkedin.com\/company\/al-anon-wso\/","https:\/\/www.youtube.com\/user\/AlAnonFamilyGroupHQ\/"]}]}},"_links":{"self":[{"href":"https:\/\/staging.al-anon.org\/es\/wp-json\/wp\/v2\/pages\/5756","targetHints":{"allow":["GET"]}}],"collection":[{"href":"https:\/\/staging.al-anon.org\/es\/wp-json\/wp\/v2\/pages"}],"about":[{"href":"https:\/\/staging.al-anon.org\/es\/wp-json\/wp\/v2\/types\/page"}],"author":[{"embeddable":true,"href":"https:\/\/staging.al-anon.org\/es\/wp-json\/wp\/v2\/users\/36"}],"replies":[{"embeddable":true,"href":"https:\/\/staging.al-anon.org\/es\/wp-json\/wp\/v2\/comments?post=5756"}],"version-history":[{"count":21,"href":"https:\/\/staging.al-anon.org\/es\/wp-json\/wp\/v2\/pages\/5756\/revisions"}],"predecessor-version":[{"id":44752,"href":"https:\/\/staging.al-anon.org\/es\/wp-json\/wp\/v2\/pages\/5756\/revisions\/44752"}],"up":[{"embeddable":true,"href":"https:\/\/staging.al-anon.org\/es\/wp-json\/wp\/v2\/pages\/5695"}],"wp:attachment":[{"href":"https:\/\/staging.al-anon.org\/es\/wp-json\/wp\/v2\/media?parent=5756"}],"curies":[{"name":"wp","href":"https:\/\/api.w.org\/{rel}","templated":true}]}}