{"id":5690,"date":"2017-06-27T12:51:46","date_gmt":"2017-06-27T16:51:46","guid":{"rendered":"https:\/\/staging.al-anon.org\/los-doce-conceptos-de-servicio\/"},"modified":"2017-07-27T10:29:11","modified_gmt":"2017-07-27T14:29:11","slug":"los-doce-conceptos-de-servicio","status":"publish","type":"page","link":"https:\/\/staging.al-anon.org\/es\/para-los-miembros\/los-legados\/los-doce-conceptos-de-servicio\/","title":{"rendered":"Los Doce Conceptos de Servicio"},"content":{"rendered":"<div class=\"fusion-fullwidth fullwidth-box fusion-builder-row-1 nonhundred-percent-fullwidth non-hundred-percent-height-scrolling\" style=\"--awb-background-position:left top;--awb-border-radius-top-left:0px;--awb-border-radius-top-right:0px;--awb-border-radius-bottom-right:0px;--awb-border-radius-bottom-left:0px;--awb-padding-top:20px;--awb-padding-bottom:20px;--awb-border-sizes-top:0px;--awb-border-sizes-bottom:0px;--awb-flex-wrap:wrap;\" ><div class=\"fusion-builder-row fusion-row\"><div class=\"fusion-layout-column fusion_builder_column fusion-builder-column-0 fusion_builder_column_1_6 1_6 fusion-one-sixth fusion-column-first\" style=\"--awb-bg-size:cover;width:13.3333%; margin-right: 4%;\"><div class=\"fusion-column-wrapper fusion-flex-column-wrapper-legacy\"><div class=\"fusion-clearfix\"><\/div><\/div><\/div><div class=\"fusion-layout-column fusion_builder_column fusion-builder-column-1 fusion_builder_column_2_3 2_3 fusion-two-third\" style=\"--awb-bg-size:cover;width:65.3333%; margin-right: 4%;\"><div class=\"fusion-column-wrapper fusion-flex-column-wrapper-legacy\"><div class=\"fusion-title title fusion-title-1 fusion-sep-none fusion-title-center fusion-title-text fusion-title-size-two\" style=\"--awb-margin-top-small:0px;--awb-margin-right-small:0px;--awb-margin-bottom-small:20px;--awb-margin-left-small:0px;\"><h2 class=\"fusion-title-heading title-heading-center fusion-responsive-typography-calculated\" style=\"margin:0;--fontSize:35;line-height:1.29;\"><strong data-redactor-tag=\"strong\">Los Doce Conceptos de Servicio<\/strong><\/h2><\/div><div class=\"fusion-text fusion-text-1\"><p>Los Doce Conceptos de Servicio resumen los principios de Al-Anon que han demostrado que ayudan a que las organizaciones de servicio de Al-Anon juntas funcionen eficientemente.<\/p>\n<p><strong data-redactor-tag=\"strong\">Los Doce Conceptos de Servicio<\/strong><\/p>\n<ol>\n<li>La responsabilidad y autoridad fundamentales de los servicios mundiales de Al-Anon corresponde a los grupos de Al-Anon.<\/li>\n<li>Los Grupos de Familia Al-Anon han delegado por entero la autoridad administrativa y de funcionamiento a su Conferencia y sus ramas de servicio.<\/li>\n<li>El Derecho de Decisi\u00f3n hace posible el liderazgo eficaz.<\/li>\n<li>La participaci\u00f3n es la clave de la armon\u00eda.<\/li>\n<li>Los Derechos de Apelaci\u00f3n y Petici\u00f3n protegen a las minor\u00edas y garantizan que \u00e9stas ser\u00e1n escuchadas.<\/li>\n<li>La Conferencia reconoce la responsabilidad administrativa primordial de los administradores (custodios).<\/li>\n<li>Los administradores (custodios) tienen derechos legales, mientras que los derechos de la Conferencia son tradicionales.<\/li>\n<li>La Junta de Administradores (custodios) delega total autoridad a sus comit\u00e9s ejecutivos para la administraci\u00f3n de rutina de la Sede de Al-Anon.<\/li>\n<li>Un buen liderazgo personal es una necesidad a todos los niveles de servicio. En el campo del servicio mundial, la Junta de Administradores (custodios) asume la direcci\u00f3n principal.<\/li>\n<li>La responsabilidad de servicio est\u00e1 equilibrada por una autoridad de servicio definida cuidadosamente para evitar la doble direcci\u00f3n de administraci\u00f3n.<\/li>\n<li>La Oficina de Servicio Mundial est\u00e1 compuesta de comit\u00e9s selectos, ejecutivos y miembros del personal.<\/li>\n<li>Las Garant\u00edas Generales de la Conferencia contienen la base espiritual del servicio mundial de Al-Anon, Art\u00edculo 12 de la Carta.<\/li>\n<\/ol>\n<p>\u00a9 <em data-redactor-tag=\"em\">Los Doce Conceptos de Servicio de Al-Anon, copyright 1996 por Al-Anon Family Group Headquarters, Inc. Reimpreso con el permiso de Al-Anon Family Group Headquarters, Inc. <\/em><\/p>\n<\/div><div class=\"fusion-title title fusion-title-2 fusion-sep-none fusion-title-center fusion-title-text fusion-title-size-two\" style=\"--awb-margin-top-small:0px;--awb-margin-right-small:0px;--awb-margin-bottom-small:20px;--awb-margin-left-small:0px;\"><h2 class=\"fusion-title-heading title-heading-center fusion-responsive-typography-calculated\" style=\"margin:0;--fontSize:35;line-height:1.29;\"><strong data-redactor-tag=\"strong\">Las Garant\u00edas Generales de la Conferencia<\/strong><\/h2><\/div><div class=\"fusion-text fusion-text-2\"><p><strong data-redactor-tag=\"strong\">Las Garant\u00edas Generales de la Conferencia<br \/>\n<\/strong>En todos los procedimientos, la Conferencia de Servicio Mundial de Al-Anon observar\u00e1 el esp\u00edritu de las Tradiciones:<\/p>\n<ol>\n<li>que s\u00f3lo suficientes fondos de funcionamiento en los que se incluya una amplia reserva, sea su principio financiero prudente;<\/li>\n<li>que ning\u00fan miembro de la Conferencia sea puesto con autoridad absoluta sobre otros miembros;<\/li>\n<li>que todas las decisiones se tomen mediante discusi\u00f3n, voto y, siempre que sea posible, por unanimidad;<\/li>\n<li>que ninguna acci\u00f3n de la Conferencia sea personalmente punitiva ni incite a la controversia p\u00fablica;<\/li>\n<li>que, aunque la Conferencia sirve a Al-Anon, nunca ejecutar\u00e1 ninguna acci\u00f3n autoritaria y como la hermandad de los Grupos de Familia Al-Anon a la cual sirve, permanecer\u00e1 siempre democr\u00e1tica en pensamiento y acci\u00f3n.<\/li>\n<\/ol>\n<p>\u00a9 <em data-redactor-tag=\"em\">Las Garant\u00edas Generales de la Conferencia de Al-Anon, copyright 1996 por Al-Anon Family Group Headquarters, Inc. Reimpreso con el permiso de Al-Anon Family Group Headquarters, Inc. <\/em><\/p>\n<\/div><div class=\"fusion-clearfix\"><\/div><\/div><\/div><div class=\"fusion-layout-column fusion_builder_column fusion-builder-column-2 fusion_builder_column_1_6 1_6 fusion-one-sixth fusion-column-last\" style=\"--awb-bg-size:cover;width:13.3333%;\"><div class=\"fusion-column-wrapper fusion-flex-column-wrapper-legacy\"><div class=\"fusion-clearfix\"><\/div><\/div><\/div><\/div><\/div>\n","protected":false},"excerpt":{"rendered":"","protected":false},"author":36,"featured_media":0,"parent":6540,"menu_order":3,"comment_status":"closed","ping_status":"closed","template":"","meta":{"footnotes":""},"class_list":["post-5690","page","type-page","status-publish","hentry"],"yoast_head":"<!-- This site is optimized with the Yoast SEO plugin v27.5 - https:\/\/yoast.com\/product\/yoast-seo-wordpress\/ -->\n<title>Doce Conceptos de Servicio | Grupos familiares de Al-Anon<\/title>\n<meta name=\"robots\" content=\"index, follow, max-snippet:-1, max-image-preview:large, max-video-preview:-1\" \/>\n<link rel=\"canonical\" href=\"https:\/\/staging.al-anon.org\/es\/para-los-miembros\/los-legados\/los-doce-conceptos-de-servicio\/\" \/>\n<meta property=\"og:locale\" content=\"es_ES\" \/>\n<meta property=\"og:type\" content=\"article\" \/>\n<meta property=\"og:title\" content=\"Doce Conceptos de Servicio | Grupos familiares de Al-Anon\" \/>\n<meta property=\"og:url\" content=\"https:\/\/staging.al-anon.org\/es\/para-los-miembros\/los-legados\/los-doce-conceptos-de-servicio\/\" \/>\n<meta property=\"og:site_name\" content=\"Al-Anon Family Groups\" \/>\n<meta property=\"article:publisher\" content=\"http:\/\/www.facebook.com\/AlAnonFamilyGroupsWSO\" \/>\n<meta property=\"article:modified_time\" content=\"2017-07-27T14:29:11+00:00\" \/>\n<meta name=\"twitter:card\" content=\"summary_large_image\" \/>\n<meta name=\"twitter:site\" content=\"@AlAnon_WSO\" \/>\n<meta name=\"twitter:label1\" content=\"Tiempo de lectura\" \/>\n\t<meta name=\"twitter:data1\" content=\"4 minutos\" \/>\n<script type=\"application\/ld+json\" class=\"yoast-schema-graph\">{\"@context\":\"https:\\\/\\\/schema.org\",\"@graph\":[{\"@type\":\"WebPage\",\"@id\":\"https:\\\/\\\/staging.al-anon.org\\\/es\\\/para-los-miembros\\\/los-legados\\\/los-doce-conceptos-de-servicio\\\/\",\"url\":\"https:\\\/\\\/staging.al-anon.org\\\/es\\\/para-los-miembros\\\/los-legados\\\/los-doce-conceptos-de-servicio\\\/\",\"name\":\"Doce Conceptos de Servicio | Grupos familiares de Al-Anon\",\"isPartOf\":{\"@id\":\"https:\\\/\\\/staging.al-anon.org\\\/es\\\/#website\"},\"datePublished\":\"2017-06-27T16:51:46+00:00\",\"dateModified\":\"2017-07-27T14:29:11+00:00\",\"breadcrumb\":{\"@id\":\"https:\\\/\\\/staging.al-anon.org\\\/es\\\/para-los-miembros\\\/los-legados\\\/los-doce-conceptos-de-servicio\\\/#breadcrumb\"},\"inLanguage\":\"es\",\"potentialAction\":[{\"@type\":\"ReadAction\",\"target\":[\"https:\\\/\\\/staging.al-anon.org\\\/es\\\/para-los-miembros\\\/los-legados\\\/los-doce-conceptos-de-servicio\\\/\"]}]},{\"@type\":\"BreadcrumbList\",\"@id\":\"https:\\\/\\\/staging.al-anon.org\\\/es\\\/para-los-miembros\\\/los-legados\\\/los-doce-conceptos-de-servicio\\\/#breadcrumb\",\"itemListElement\":[{\"@type\":\"ListItem\",\"position\":1,\"name\":\"Para los miembros\",\"item\":\"https:\\\/\\\/staging.al-anon.org\\\/es\\\/para-los-miembros\\\/\"},{\"@type\":\"ListItem\",\"position\":2,\"name\":\"Los Legados\",\"item\":\"https:\\\/\\\/staging.al-anon.org\\\/es\\\/para-los-miembros\\\/los-legados\\\/\"},{\"@type\":\"ListItem\",\"position\":3,\"name\":\"Los Doce Conceptos de Servicio\"}]},{\"@type\":\"WebSite\",\"@id\":\"https:\\\/\\\/staging.al-anon.org\\\/es\\\/#website\",\"url\":\"https:\\\/\\\/staging.al-anon.org\\\/es\\\/\",\"name\":\"Al-Anon Family Groups\",\"description\":\"Help and hope for families and friends of alcoholics\",\"publisher\":{\"@id\":\"https:\\\/\\\/staging.al-anon.org\\\/es\\\/#organization\"},\"potentialAction\":[{\"@type\":\"SearchAction\",\"target\":{\"@type\":\"EntryPoint\",\"urlTemplate\":\"https:\\\/\\\/staging.al-anon.org\\\/es\\\/?s={search_term_string}\"},\"query-input\":{\"@type\":\"PropertyValueSpecification\",\"valueRequired\":true,\"valueName\":\"search_term_string\"}}],\"inLanguage\":\"es\"},{\"@type\":\"Organization\",\"@id\":\"https:\\\/\\\/staging.al-anon.org\\\/es\\\/#organization\",\"name\":\"Al-Anon Family Group Headquarters, Inc.\",\"url\":\"https:\\\/\\\/staging.al-anon.org\\\/es\\\/\",\"logo\":{\"@type\":\"ImageObject\",\"inLanguage\":\"es\",\"@id\":\"https:\\\/\\\/staging.al-anon.org\\\/es\\\/#\\\/schema\\\/logo\\\/image\\\/\",\"url\":\"https:\\\/\\\/staging.al-anon.org\\\/wp-content\\\/uploads\\\/2017\\\/04\\\/AFGlogo-e1492189694634.jpg\",\"contentUrl\":\"https:\\\/\\\/staging.al-anon.org\\\/wp-content\\\/uploads\\\/2017\\\/04\\\/AFGlogo-e1492189694634.jpg\",\"width\":167,\"height\":50,\"caption\":\"Al-Anon Family Group Headquarters, Inc.\"},\"image\":{\"@id\":\"https:\\\/\\\/staging.al-anon.org\\\/es\\\/#\\\/schema\\\/logo\\\/image\\\/\"},\"sameAs\":[\"http:\\\/\\\/www.facebook.com\\\/AlAnonFamilyGroupsWSO\",\"https:\\\/\\\/x.com\\\/AlAnon_WSO\",\"http:\\\/\\\/www.instagram.com\\\/alanon_wso\",\"https:\\\/\\\/www.linkedin.com\\\/company\\\/al-anon-wso\\\/\",\"https:\\\/\\\/www.youtube.com\\\/user\\\/AlAnonFamilyGroupHQ\\\/\"]}]}<\/script>\n<!-- \/ Yoast SEO plugin. -->","yoast_head_json":{"title":"Doce Conceptos de Servicio | Grupos familiares de Al-Anon","robots":{"index":"index","follow":"follow","max-snippet":"max-snippet:-1","max-image-preview":"max-image-preview:large","max-video-preview":"max-video-preview:-1"},"canonical":"https:\/\/staging.al-anon.org\/es\/para-los-miembros\/los-legados\/los-doce-conceptos-de-servicio\/","og_locale":"es_ES","og_type":"article","og_title":"Doce Conceptos de Servicio | Grupos familiares de Al-Anon","og_url":"https:\/\/staging.al-anon.org\/es\/para-los-miembros\/los-legados\/los-doce-conceptos-de-servicio\/","og_site_name":"Al-Anon Family Groups","article_publisher":"http:\/\/www.facebook.com\/AlAnonFamilyGroupsWSO","article_modified_time":"2017-07-27T14:29:11+00:00","twitter_card":"summary_large_image","twitter_site":"@AlAnon_WSO","twitter_misc":{"Tiempo de lectura":"4 minutos"},"schema":{"@context":"https:\/\/schema.org","@graph":[{"@type":"WebPage","@id":"https:\/\/staging.al-anon.org\/es\/para-los-miembros\/los-legados\/los-doce-conceptos-de-servicio\/","url":"https:\/\/staging.al-anon.org\/es\/para-los-miembros\/los-legados\/los-doce-conceptos-de-servicio\/","name":"Doce Conceptos de Servicio | Grupos familiares de Al-Anon","isPartOf":{"@id":"https:\/\/staging.al-anon.org\/es\/#website"},"datePublished":"2017-06-27T16:51:46+00:00","dateModified":"2017-07-27T14:29:11+00:00","breadcrumb":{"@id":"https:\/\/staging.al-anon.org\/es\/para-los-miembros\/los-legados\/los-doce-conceptos-de-servicio\/#breadcrumb"},"inLanguage":"es","potentialAction":[{"@type":"ReadAction","target":["https:\/\/staging.al-anon.org\/es\/para-los-miembros\/los-legados\/los-doce-conceptos-de-servicio\/"]}]},{"@type":"BreadcrumbList","@id":"https:\/\/staging.al-anon.org\/es\/para-los-miembros\/los-legados\/los-doce-conceptos-de-servicio\/#breadcrumb","itemListElement":[{"@type":"ListItem","position":1,"name":"Para los miembros","item":"https:\/\/staging.al-anon.org\/es\/para-los-miembros\/"},{"@type":"ListItem","position":2,"name":"Los Legados","item":"https:\/\/staging.al-anon.org\/es\/para-los-miembros\/los-legados\/"},{"@type":"ListItem","position":3,"name":"Los Doce Conceptos de Servicio"}]},{"@type":"WebSite","@id":"https:\/\/staging.al-anon.org\/es\/#website","url":"https:\/\/staging.al-anon.org\/es\/","name":"Al-Anon Family Groups","description":"Help and hope for families and friends of alcoholics","publisher":{"@id":"https:\/\/staging.al-anon.org\/es\/#organization"},"potentialAction":[{"@type":"SearchAction","target":{"@type":"EntryPoint","urlTemplate":"https:\/\/staging.al-anon.org\/es\/?s={search_term_string}"},"query-input":{"@type":"PropertyValueSpecification","valueRequired":true,"valueName":"search_term_string"}}],"inLanguage":"es"},{"@type":"Organization","@id":"https:\/\/staging.al-anon.org\/es\/#organization","name":"Al-Anon Family Group Headquarters, Inc.","url":"https:\/\/staging.al-anon.org\/es\/","logo":{"@type":"ImageObject","inLanguage":"es","@id":"https:\/\/staging.al-anon.org\/es\/#\/schema\/logo\/image\/","url":"https:\/\/staging.al-anon.org\/wp-content\/uploads\/2017\/04\/AFGlogo-e1492189694634.jpg","contentUrl":"https:\/\/staging.al-anon.org\/wp-content\/uploads\/2017\/04\/AFGlogo-e1492189694634.jpg","width":167,"height":50,"caption":"Al-Anon Family Group Headquarters, Inc."},"image":{"@id":"https:\/\/staging.al-anon.org\/es\/#\/schema\/logo\/image\/"},"sameAs":["http:\/\/www.facebook.com\/AlAnonFamilyGroupsWSO","https:\/\/x.com\/AlAnon_WSO","http:\/\/www.instagram.com\/alanon_wso","https:\/\/www.linkedin.com\/company\/al-anon-wso\/","https:\/\/www.youtube.com\/user\/AlAnonFamilyGroupHQ\/"]}]}},"_links":{"self":[{"href":"https:\/\/staging.al-anon.org\/es\/wp-json\/wp\/v2\/pages\/5690","targetHints":{"allow":["GET"]}}],"collection":[{"href":"https:\/\/staging.al-anon.org\/es\/wp-json\/wp\/v2\/pages"}],"about":[{"href":"https:\/\/staging.al-anon.org\/es\/wp-json\/wp\/v2\/types\/page"}],"author":[{"embeddable":true,"href":"https:\/\/staging.al-anon.org\/es\/wp-json\/wp\/v2\/users\/36"}],"replies":[{"embeddable":true,"href":"https:\/\/staging.al-anon.org\/es\/wp-json\/wp\/v2\/comments?post=5690"}],"version-history":[{"count":0,"href":"https:\/\/staging.al-anon.org\/es\/wp-json\/wp\/v2\/pages\/5690\/revisions"}],"up":[{"embeddable":true,"href":"https:\/\/staging.al-anon.org\/es\/wp-json\/wp\/v2\/pages\/6540"}],"wp:attachment":[{"href":"https:\/\/staging.al-anon.org\/es\/wp-json\/wp\/v2\/media?parent=5690"}],"curies":[{"name":"wp","href":"https:\/\/api.w.org\/{rel}","templated":true}]}}