{"id":5254,"date":"2017-06-19T12:18:08","date_gmt":"2017-06-19T16:18:08","guid":{"rendered":"https:\/\/staging.al-anon.org\/renuncia\/"},"modified":"2019-09-30T16:01:18","modified_gmt":"2019-09-30T20:01:18","slug":"exencion-de-responsabilidad","status":"publish","type":"page","link":"https:\/\/staging.al-anon.org\/es\/exencion-de-responsabilidad\/","title":{"rendered":"Exenci\u00f3n de responsabilidad"},"content":{"rendered":"<div class=\"fusion-fullwidth fullwidth-box fusion-builder-row-1 nonhundred-percent-fullwidth non-hundred-percent-height-scrolling\" style=\"--awb-background-position:left top;--awb-border-radius-top-left:0px;--awb-border-radius-top-right:0px;--awb-border-radius-bottom-right:0px;--awb-border-radius-bottom-left:0px;--awb-padding-top:0px;--awb-padding-right:15%;--awb-padding-bottom:20px;--awb-padding-left:15%;--awb-border-sizes-top:0px;--awb-border-sizes-bottom:0px;--awb-flex-wrap:wrap;\" ><div class=\"fusion-builder-row fusion-row\"><div class=\"fusion-layout-column fusion_builder_column fusion-builder-column-0 fusion_builder_column_1_1 1_1 fusion-one-full fusion-column-first fusion-column-last fusion-column-no-min-height\" style=\"--awb-bg-size:cover;\"><div class=\"fusion-column-wrapper fusion-flex-column-wrapper-legacy\"><div class=\"fusion-text fusion-text-1\"><p>En apego a las Tradiciones Und\u00e9cima y Duod\u00e9cima, los Grupos de Familia Al-Anon respetan el anonimato de todos los miembros de Al-Anon, Alateen y Alcoh\u00f3licos An\u00f3nimos. Cuando la imagen de la cara completa de alguien es publicada, la persona en esa imagen no es miembro de Al-Anon ni de Alateen, ni de A.A.<\/p>\n<\/div><div class=\"fusion-text fusion-text-2\"><p>No se permite la reproducci\u00f3n de ninguna parte de este texto, ni su tratamiento informativo, ni la transmisi\u00f3n de ninguna forma o por cualquier medio, ya sea electr\u00f3nico, mec\u00e1nico o por fotocopia, por registro u otros m\u00e9todos, sin el permiso previo y por escrito de Al-Anon Family Group Headquarters, Inc.<\/p>\n<\/div><div class=\"fusion-text fusion-text-3\"><p>Los enlaces a vendedores indirectos de literatura de Al-Anon se dan \u00fanicamente con fines informativos, y no constituyen apoyo a ning\u00fan proveedor de medios electr\u00f3nicos, lector, ni ning\u00fan otro producto vendido por proveedores de medios electr\u00f3nicos.<\/p>\n<\/div><div class=\"fusion-clearfix\"><\/div><\/div><\/div><\/div><\/div>\n","protected":false},"excerpt":{"rendered":"","protected":false},"author":36,"featured_media":0,"parent":0,"menu_order":12,"comment_status":"closed","ping_status":"closed","template":"","meta":{"footnotes":""},"class_list":["post-5254","page","type-page","status-publish","hentry"],"yoast_head":"<!-- This site is optimized with the Yoast SEO plugin v27.4 - https:\/\/yoast.com\/product\/yoast-seo-wordpress\/ -->\n<title>Al-Anon Descargo de responsabilidad | Reuniones: 888-425-2666 | Grupos familiares de Al-Anon<\/title>\n<meta name=\"description\" content=\"Los grupos familiares Al-Anon, para familias y amigos de alcoh\u00f3licos, respetan el anonimato de todos los Al-Anon, Alateen y A.A. Miembros. Para reuniones llame al 888-425-2666\" \/>\n<meta name=\"robots\" content=\"index, follow, max-snippet:-1, max-image-preview:large, max-video-preview:-1\" \/>\n<link rel=\"canonical\" href=\"https:\/\/staging.al-anon.org\/es\/exencion-de-responsabilidad\/\" \/>\n<meta property=\"og:locale\" content=\"es_ES\" \/>\n<meta property=\"og:type\" content=\"article\" \/>\n<meta property=\"og:title\" content=\"Al-Anon Descargo de responsabilidad | Reuniones: 888-425-2666 | Grupos familiares de Al-Anon\" \/>\n<meta property=\"og:description\" content=\"Los grupos familiares Al-Anon, para familias y amigos de alcoh\u00f3licos, respetan el anonimato de todos los Al-Anon, Alateen y A.A. Miembros. Para reuniones llame al 888-425-2666\" \/>\n<meta property=\"og:url\" content=\"https:\/\/staging.al-anon.org\/es\/exencion-de-responsabilidad\/\" \/>\n<meta property=\"og:site_name\" content=\"Al-Anon Family Groups\" \/>\n<meta property=\"article:publisher\" content=\"http:\/\/www.facebook.com\/AlAnonFamilyGroupsWSO\" \/>\n<meta property=\"article:modified_time\" content=\"2019-09-30T20:01:18+00:00\" \/>\n<meta name=\"twitter:card\" content=\"summary_large_image\" \/>\n<meta name=\"twitter:site\" content=\"@AlAnon_WSO\" \/>\n<meta name=\"twitter:label1\" content=\"Tiempo de lectura\" \/>\n\t<meta name=\"twitter:data1\" content=\"1 minuto\" \/>\n<script type=\"application\/ld+json\" class=\"yoast-schema-graph\">{\"@context\":\"https:\\\/\\\/schema.org\",\"@graph\":[{\"@type\":\"WebPage\",\"@id\":\"https:\\\/\\\/staging.al-anon.org\\\/es\\\/exencion-de-responsabilidad\\\/\",\"url\":\"https:\\\/\\\/staging.al-anon.org\\\/es\\\/exencion-de-responsabilidad\\\/\",\"name\":\"Al-Anon Descargo de responsabilidad | Reuniones: 888-425-2666 | Grupos familiares de Al-Anon\",\"isPartOf\":{\"@id\":\"https:\\\/\\\/staging.al-anon.org\\\/es\\\/#website\"},\"datePublished\":\"2017-06-19T16:18:08+00:00\",\"dateModified\":\"2019-09-30T20:01:18+00:00\",\"description\":\"Los grupos familiares Al-Anon, para familias y amigos de alcoh\u00f3licos, respetan el anonimato de todos los Al-Anon, Alateen y A.A. Miembros. Para reuniones llame al 888-425-2666\",\"inLanguage\":\"es\",\"potentialAction\":[{\"@type\":\"ReadAction\",\"target\":[\"https:\\\/\\\/staging.al-anon.org\\\/es\\\/exencion-de-responsabilidad\\\/\"]}]},{\"@type\":\"WebSite\",\"@id\":\"https:\\\/\\\/staging.al-anon.org\\\/es\\\/#website\",\"url\":\"https:\\\/\\\/staging.al-anon.org\\\/es\\\/\",\"name\":\"Al-Anon Family Groups\",\"description\":\"Help and hope for families and friends of alcoholics\",\"publisher\":{\"@id\":\"https:\\\/\\\/staging.al-anon.org\\\/es\\\/#organization\"},\"potentialAction\":[{\"@type\":\"SearchAction\",\"target\":{\"@type\":\"EntryPoint\",\"urlTemplate\":\"https:\\\/\\\/staging.al-anon.org\\\/es\\\/?s={search_term_string}\"},\"query-input\":{\"@type\":\"PropertyValueSpecification\",\"valueRequired\":true,\"valueName\":\"search_term_string\"}}],\"inLanguage\":\"es\"},{\"@type\":\"Organization\",\"@id\":\"https:\\\/\\\/staging.al-anon.org\\\/es\\\/#organization\",\"name\":\"Al-Anon Family Group Headquarters, Inc.\",\"url\":\"https:\\\/\\\/staging.al-anon.org\\\/es\\\/\",\"logo\":{\"@type\":\"ImageObject\",\"inLanguage\":\"es\",\"@id\":\"https:\\\/\\\/staging.al-anon.org\\\/es\\\/#\\\/schema\\\/logo\\\/image\\\/\",\"url\":\"https:\\\/\\\/staging.al-anon.org\\\/wp-content\\\/uploads\\\/2017\\\/04\\\/AFGlogo-e1492189694634.jpg\",\"contentUrl\":\"https:\\\/\\\/staging.al-anon.org\\\/wp-content\\\/uploads\\\/2017\\\/04\\\/AFGlogo-e1492189694634.jpg\",\"width\":167,\"height\":50,\"caption\":\"Al-Anon Family Group Headquarters, Inc.\"},\"image\":{\"@id\":\"https:\\\/\\\/staging.al-anon.org\\\/es\\\/#\\\/schema\\\/logo\\\/image\\\/\"},\"sameAs\":[\"http:\\\/\\\/www.facebook.com\\\/AlAnonFamilyGroupsWSO\",\"https:\\\/\\\/x.com\\\/AlAnon_WSO\",\"http:\\\/\\\/www.instagram.com\\\/alanon_wso\",\"https:\\\/\\\/www.linkedin.com\\\/company\\\/al-anon-wso\\\/\",\"https:\\\/\\\/www.youtube.com\\\/user\\\/AlAnonFamilyGroupHQ\\\/\"]}]}<\/script>\n<!-- \/ Yoast SEO plugin. -->","yoast_head_json":{"title":"Al-Anon Descargo de responsabilidad | Reuniones: 888-425-2666 | Grupos familiares de Al-Anon","description":"Los grupos familiares Al-Anon, para familias y amigos de alcoh\u00f3licos, respetan el anonimato de todos los Al-Anon, Alateen y A.A. Miembros. Para reuniones llame al 888-425-2666","robots":{"index":"index","follow":"follow","max-snippet":"max-snippet:-1","max-image-preview":"max-image-preview:large","max-video-preview":"max-video-preview:-1"},"canonical":"https:\/\/staging.al-anon.org\/es\/exencion-de-responsabilidad\/","og_locale":"es_ES","og_type":"article","og_title":"Al-Anon Descargo de responsabilidad | Reuniones: 888-425-2666 | Grupos familiares de Al-Anon","og_description":"Los grupos familiares Al-Anon, para familias y amigos de alcoh\u00f3licos, respetan el anonimato de todos los Al-Anon, Alateen y A.A. Miembros. Para reuniones llame al 888-425-2666","og_url":"https:\/\/staging.al-anon.org\/es\/exencion-de-responsabilidad\/","og_site_name":"Al-Anon Family Groups","article_publisher":"http:\/\/www.facebook.com\/AlAnonFamilyGroupsWSO","article_modified_time":"2019-09-30T20:01:18+00:00","twitter_card":"summary_large_image","twitter_site":"@AlAnon_WSO","twitter_misc":{"Tiempo de lectura":"1 minuto"},"schema":{"@context":"https:\/\/schema.org","@graph":[{"@type":"WebPage","@id":"https:\/\/staging.al-anon.org\/es\/exencion-de-responsabilidad\/","url":"https:\/\/staging.al-anon.org\/es\/exencion-de-responsabilidad\/","name":"Al-Anon Descargo de responsabilidad | Reuniones: 888-425-2666 | Grupos familiares de Al-Anon","isPartOf":{"@id":"https:\/\/staging.al-anon.org\/es\/#website"},"datePublished":"2017-06-19T16:18:08+00:00","dateModified":"2019-09-30T20:01:18+00:00","description":"Los grupos familiares Al-Anon, para familias y amigos de alcoh\u00f3licos, respetan el anonimato de todos los Al-Anon, Alateen y A.A. Miembros. Para reuniones llame al 888-425-2666","inLanguage":"es","potentialAction":[{"@type":"ReadAction","target":["https:\/\/staging.al-anon.org\/es\/exencion-de-responsabilidad\/"]}]},{"@type":"WebSite","@id":"https:\/\/staging.al-anon.org\/es\/#website","url":"https:\/\/staging.al-anon.org\/es\/","name":"Al-Anon Family Groups","description":"Help and hope for families and friends of alcoholics","publisher":{"@id":"https:\/\/staging.al-anon.org\/es\/#organization"},"potentialAction":[{"@type":"SearchAction","target":{"@type":"EntryPoint","urlTemplate":"https:\/\/staging.al-anon.org\/es\/?s={search_term_string}"},"query-input":{"@type":"PropertyValueSpecification","valueRequired":true,"valueName":"search_term_string"}}],"inLanguage":"es"},{"@type":"Organization","@id":"https:\/\/staging.al-anon.org\/es\/#organization","name":"Al-Anon Family Group Headquarters, Inc.","url":"https:\/\/staging.al-anon.org\/es\/","logo":{"@type":"ImageObject","inLanguage":"es","@id":"https:\/\/staging.al-anon.org\/es\/#\/schema\/logo\/image\/","url":"https:\/\/staging.al-anon.org\/wp-content\/uploads\/2017\/04\/AFGlogo-e1492189694634.jpg","contentUrl":"https:\/\/staging.al-anon.org\/wp-content\/uploads\/2017\/04\/AFGlogo-e1492189694634.jpg","width":167,"height":50,"caption":"Al-Anon Family Group Headquarters, Inc."},"image":{"@id":"https:\/\/staging.al-anon.org\/es\/#\/schema\/logo\/image\/"},"sameAs":["http:\/\/www.facebook.com\/AlAnonFamilyGroupsWSO","https:\/\/x.com\/AlAnon_WSO","http:\/\/www.instagram.com\/alanon_wso","https:\/\/www.linkedin.com\/company\/al-anon-wso\/","https:\/\/www.youtube.com\/user\/AlAnonFamilyGroupHQ\/"]}]}},"_links":{"self":[{"href":"https:\/\/staging.al-anon.org\/es\/wp-json\/wp\/v2\/pages\/5254","targetHints":{"allow":["GET"]}}],"collection":[{"href":"https:\/\/staging.al-anon.org\/es\/wp-json\/wp\/v2\/pages"}],"about":[{"href":"https:\/\/staging.al-anon.org\/es\/wp-json\/wp\/v2\/types\/page"}],"author":[{"embeddable":true,"href":"https:\/\/staging.al-anon.org\/es\/wp-json\/wp\/v2\/users\/36"}],"replies":[{"embeddable":true,"href":"https:\/\/staging.al-anon.org\/es\/wp-json\/wp\/v2\/comments?post=5254"}],"version-history":[{"count":3,"href":"https:\/\/staging.al-anon.org\/es\/wp-json\/wp\/v2\/pages\/5254\/revisions"}],"predecessor-version":[{"id":26312,"href":"https:\/\/staging.al-anon.org\/es\/wp-json\/wp\/v2\/pages\/5254\/revisions\/26312"}],"wp:attachment":[{"href":"https:\/\/staging.al-anon.org\/es\/wp-json\/wp\/v2\/media?parent=5254"}],"curies":[{"name":"wp","href":"https:\/\/api.w.org\/{rel}","templated":true}]}}