{"id":5059,"date":"2017-06-16T08:08:43","date_gmt":"2017-06-16T12:08:43","guid":{"rendered":"https:\/\/staging.al-anon.org\/reuniones-de-al-anon\/contactos-de-al-anon-a-nivel-mundial\/"},"modified":"2025-05-20T13:07:02","modified_gmt":"2025-05-20T17:07:02","slug":"contactos-de-al-anon-a-nivel-mundial","status":"publish","type":"page","link":"https:\/\/staging.al-anon.org\/es\/reuniones-de-al-anon\/contactos-de-al-anon-a-nivel-mundial\/","title":{"rendered":"Contactos de Al-Anon a nivel mundial"},"content":{"rendered":"<div class=\"fusion-fullwidth fullwidth-box fusion-builder-row-1 nonhundred-percent-fullwidth non-hundred-percent-height-scrolling\" style=\"--awb-border-radius-top-left:0px;--awb-border-radius-top-right:0px;--awb-border-radius-bottom-right:0px;--awb-border-radius-bottom-left:0px;--awb-padding-top:20px;--awb-padding-bottom:20px;--awb-flex-wrap:wrap;\" ><div class=\"fusion-builder-row fusion-row\"><div class=\"fusion-layout-column fusion_builder_column fusion-builder-column-0 fusion_builder_column_1_1 1_1 fusion-one-full fusion-column-first fusion-column-last\" style=\"--awb-bg-size:cover;\"><div class=\"fusion-column-wrapper fusion-flex-column-wrapper-legacy\"><div class=\"fusion-title title fusion-title-1 fusion-sep-none fusion-title-center fusion-title-text fusion-title-size-two\" style=\"--awb-margin-top-small:0px;--awb-margin-right-small:0px;--awb-margin-bottom-small:20px;--awb-margin-left-small:0px;\"><h2 class=\"fusion-title-heading title-heading-center fusion-responsive-typography-calculated\" style=\"margin:0;--fontSize:35;line-height:1.29;\">Comun\u00edquese con Al-Anon\/Alateen<\/h2><\/div><div class=\"fusion-text fusion-text-1\"><p>Informaci\u00f3n de contacto de oficinas de Al-Anon a nivel mundial y de Servicios de Informaci\u00f3n de Al-Anon. Para encontrar un contacto local; introduzca su ciudad, estado o provincia, y pa\u00eds.<\/p>\n<\/div><div class=\"fusion-text fusion-text-2\"><div id=\"storelocatorwidget\" style=\"width: 100%;\">\n<p>Cargando contactos&#8230;<\/p>\n<\/div>\n<p><script type=\"text\/javascript\" id=\"storelocatorscript\" data-uid=\"a6d3e2f212d608b8e55eada2475ec517\" data-language=\"Spanish\" src=\"\/\/cdn.storelocatorwidgets.com\/widget\/widget.js\"><\/script><br \/>\n<script type=\"text\/javascript\" id=\"googlemapsscript\" src=\"\/\/maps.googleapis.com\/maps\/api\/js?key=AIzaSyC3xbIGfnsTzS5e9aDoKMZPIQo7V-Ehl-k&#038;libraries=places&#038;callback=storeLocatorGoogleMapsCallback\"><\/script><\/p>\n<\/div><div class=\"fusion-clearfix\"><\/div><\/div><\/div><\/div><\/div>\n","protected":false},"excerpt":{"rendered":"","protected":false},"author":36,"featured_media":0,"parent":4811,"menu_order":3,"comment_status":"closed","ping_status":"closed","template":"","meta":{"footnotes":""},"class_list":["post-5059","page","type-page","status-publish","hentry"],"yoast_head":"<!-- This site is optimized with the Yoast SEO plugin v27.5 - https:\/\/yoast.com\/product\/yoast-seo-wordpress\/ -->\n<title>Contactos de Al-Anon a nivel mundial - Al-Anon Family Groups<\/title>\n<meta name=\"robots\" content=\"index, follow, max-snippet:-1, max-image-preview:large, max-video-preview:-1\" \/>\n<link rel=\"canonical\" href=\"https:\/\/staging.al-anon.org\/es\/reuniones-de-al-anon\/contactos-de-al-anon-a-nivel-mundial\/\" \/>\n<meta property=\"og:locale\" content=\"es_ES\" \/>\n<meta property=\"og:type\" content=\"article\" \/>\n<meta property=\"og:title\" content=\"Contactos de Al-Anon a nivel mundial - Al-Anon Family Groups\" \/>\n<meta property=\"og:url\" content=\"https:\/\/staging.al-anon.org\/es\/reuniones-de-al-anon\/contactos-de-al-anon-a-nivel-mundial\/\" \/>\n<meta property=\"og:site_name\" content=\"Al-Anon Family Groups\" \/>\n<meta property=\"article:publisher\" content=\"http:\/\/www.facebook.com\/AlAnonFamilyGroupsWSO\" \/>\n<meta property=\"article:modified_time\" content=\"2025-05-20T17:07:02+00:00\" \/>\n<meta name=\"twitter:card\" content=\"summary_large_image\" \/>\n<meta name=\"twitter:site\" content=\"@AlAnon_WSO\" \/>\n<meta name=\"twitter:label1\" content=\"Tiempo de lectura\" \/>\n\t<meta name=\"twitter:data1\" content=\"1 minuto\" \/>\n<script type=\"application\/ld+json\" class=\"yoast-schema-graph\">{\"@context\":\"https:\\\/\\\/schema.org\",\"@graph\":[{\"@type\":\"WebPage\",\"@id\":\"https:\\\/\\\/staging.al-anon.org\\\/es\\\/reuniones-de-al-anon\\\/contactos-de-al-anon-a-nivel-mundial\\\/\",\"url\":\"https:\\\/\\\/staging.al-anon.org\\\/es\\\/reuniones-de-al-anon\\\/contactos-de-al-anon-a-nivel-mundial\\\/\",\"name\":\"Contactos de Al-Anon a nivel mundial - Al-Anon Family Groups\",\"isPartOf\":{\"@id\":\"https:\\\/\\\/staging.al-anon.org\\\/es\\\/#website\"},\"datePublished\":\"2017-06-16T12:08:43+00:00\",\"dateModified\":\"2025-05-20T17:07:02+00:00\",\"breadcrumb\":{\"@id\":\"https:\\\/\\\/staging.al-anon.org\\\/es\\\/reuniones-de-al-anon\\\/contactos-de-al-anon-a-nivel-mundial\\\/#breadcrumb\"},\"inLanguage\":\"es\",\"potentialAction\":[{\"@type\":\"ReadAction\",\"target\":[\"https:\\\/\\\/staging.al-anon.org\\\/es\\\/reuniones-de-al-anon\\\/contactos-de-al-anon-a-nivel-mundial\\\/\"]}]},{\"@type\":\"BreadcrumbList\",\"@id\":\"https:\\\/\\\/staging.al-anon.org\\\/es\\\/reuniones-de-al-anon\\\/contactos-de-al-anon-a-nivel-mundial\\\/#breadcrumb\",\"itemListElement\":[{\"@type\":\"ListItem\",\"position\":1,\"name\":\"Reuniones de Al-Anon\",\"item\":\"https:\\\/\\\/staging.al-anon.org\\\/es\\\/reuniones-de-al-anon\\\/\"},{\"@type\":\"ListItem\",\"position\":2,\"name\":\"Contactos de Al-Anon a nivel mundial\"}]},{\"@type\":\"WebSite\",\"@id\":\"https:\\\/\\\/staging.al-anon.org\\\/es\\\/#website\",\"url\":\"https:\\\/\\\/staging.al-anon.org\\\/es\\\/\",\"name\":\"Al-Anon Family Groups\",\"description\":\"Help and hope for families and friends of alcoholics\",\"publisher\":{\"@id\":\"https:\\\/\\\/staging.al-anon.org\\\/es\\\/#organization\"},\"potentialAction\":[{\"@type\":\"SearchAction\",\"target\":{\"@type\":\"EntryPoint\",\"urlTemplate\":\"https:\\\/\\\/staging.al-anon.org\\\/es\\\/?s={search_term_string}\"},\"query-input\":{\"@type\":\"PropertyValueSpecification\",\"valueRequired\":true,\"valueName\":\"search_term_string\"}}],\"inLanguage\":\"es\"},{\"@type\":\"Organization\",\"@id\":\"https:\\\/\\\/staging.al-anon.org\\\/es\\\/#organization\",\"name\":\"Al-Anon Family Group Headquarters, Inc.\",\"url\":\"https:\\\/\\\/staging.al-anon.org\\\/es\\\/\",\"logo\":{\"@type\":\"ImageObject\",\"inLanguage\":\"es\",\"@id\":\"https:\\\/\\\/staging.al-anon.org\\\/es\\\/#\\\/schema\\\/logo\\\/image\\\/\",\"url\":\"https:\\\/\\\/staging.al-anon.org\\\/wp-content\\\/uploads\\\/2017\\\/04\\\/AFGlogo-e1492189694634.jpg\",\"contentUrl\":\"https:\\\/\\\/staging.al-anon.org\\\/wp-content\\\/uploads\\\/2017\\\/04\\\/AFGlogo-e1492189694634.jpg\",\"width\":167,\"height\":50,\"caption\":\"Al-Anon Family Group Headquarters, Inc.\"},\"image\":{\"@id\":\"https:\\\/\\\/staging.al-anon.org\\\/es\\\/#\\\/schema\\\/logo\\\/image\\\/\"},\"sameAs\":[\"http:\\\/\\\/www.facebook.com\\\/AlAnonFamilyGroupsWSO\",\"https:\\\/\\\/x.com\\\/AlAnon_WSO\",\"http:\\\/\\\/www.instagram.com\\\/alanon_wso\",\"https:\\\/\\\/www.linkedin.com\\\/company\\\/al-anon-wso\\\/\",\"https:\\\/\\\/www.youtube.com\\\/user\\\/AlAnonFamilyGroupHQ\\\/\"]}]}<\/script>\n<!-- \/ Yoast SEO plugin. -->","yoast_head_json":{"title":"Contactos de Al-Anon a nivel mundial - Al-Anon Family Groups","robots":{"index":"index","follow":"follow","max-snippet":"max-snippet:-1","max-image-preview":"max-image-preview:large","max-video-preview":"max-video-preview:-1"},"canonical":"https:\/\/staging.al-anon.org\/es\/reuniones-de-al-anon\/contactos-de-al-anon-a-nivel-mundial\/","og_locale":"es_ES","og_type":"article","og_title":"Contactos de Al-Anon a nivel mundial - Al-Anon Family Groups","og_url":"https:\/\/staging.al-anon.org\/es\/reuniones-de-al-anon\/contactos-de-al-anon-a-nivel-mundial\/","og_site_name":"Al-Anon Family Groups","article_publisher":"http:\/\/www.facebook.com\/AlAnonFamilyGroupsWSO","article_modified_time":"2025-05-20T17:07:02+00:00","twitter_card":"summary_large_image","twitter_site":"@AlAnon_WSO","twitter_misc":{"Tiempo de lectura":"1 minuto"},"schema":{"@context":"https:\/\/schema.org","@graph":[{"@type":"WebPage","@id":"https:\/\/staging.al-anon.org\/es\/reuniones-de-al-anon\/contactos-de-al-anon-a-nivel-mundial\/","url":"https:\/\/staging.al-anon.org\/es\/reuniones-de-al-anon\/contactos-de-al-anon-a-nivel-mundial\/","name":"Contactos de Al-Anon a nivel mundial - Al-Anon Family Groups","isPartOf":{"@id":"https:\/\/staging.al-anon.org\/es\/#website"},"datePublished":"2017-06-16T12:08:43+00:00","dateModified":"2025-05-20T17:07:02+00:00","breadcrumb":{"@id":"https:\/\/staging.al-anon.org\/es\/reuniones-de-al-anon\/contactos-de-al-anon-a-nivel-mundial\/#breadcrumb"},"inLanguage":"es","potentialAction":[{"@type":"ReadAction","target":["https:\/\/staging.al-anon.org\/es\/reuniones-de-al-anon\/contactos-de-al-anon-a-nivel-mundial\/"]}]},{"@type":"BreadcrumbList","@id":"https:\/\/staging.al-anon.org\/es\/reuniones-de-al-anon\/contactos-de-al-anon-a-nivel-mundial\/#breadcrumb","itemListElement":[{"@type":"ListItem","position":1,"name":"Reuniones de Al-Anon","item":"https:\/\/staging.al-anon.org\/es\/reuniones-de-al-anon\/"},{"@type":"ListItem","position":2,"name":"Contactos de Al-Anon a nivel mundial"}]},{"@type":"WebSite","@id":"https:\/\/staging.al-anon.org\/es\/#website","url":"https:\/\/staging.al-anon.org\/es\/","name":"Al-Anon Family Groups","description":"Help and hope for families and friends of alcoholics","publisher":{"@id":"https:\/\/staging.al-anon.org\/es\/#organization"},"potentialAction":[{"@type":"SearchAction","target":{"@type":"EntryPoint","urlTemplate":"https:\/\/staging.al-anon.org\/es\/?s={search_term_string}"},"query-input":{"@type":"PropertyValueSpecification","valueRequired":true,"valueName":"search_term_string"}}],"inLanguage":"es"},{"@type":"Organization","@id":"https:\/\/staging.al-anon.org\/es\/#organization","name":"Al-Anon Family Group Headquarters, Inc.","url":"https:\/\/staging.al-anon.org\/es\/","logo":{"@type":"ImageObject","inLanguage":"es","@id":"https:\/\/staging.al-anon.org\/es\/#\/schema\/logo\/image\/","url":"https:\/\/staging.al-anon.org\/wp-content\/uploads\/2017\/04\/AFGlogo-e1492189694634.jpg","contentUrl":"https:\/\/staging.al-anon.org\/wp-content\/uploads\/2017\/04\/AFGlogo-e1492189694634.jpg","width":167,"height":50,"caption":"Al-Anon Family Group Headquarters, Inc."},"image":{"@id":"https:\/\/staging.al-anon.org\/es\/#\/schema\/logo\/image\/"},"sameAs":["http:\/\/www.facebook.com\/AlAnonFamilyGroupsWSO","https:\/\/x.com\/AlAnon_WSO","http:\/\/www.instagram.com\/alanon_wso","https:\/\/www.linkedin.com\/company\/al-anon-wso\/","https:\/\/www.youtube.com\/user\/AlAnonFamilyGroupHQ\/"]}]}},"_links":{"self":[{"href":"https:\/\/staging.al-anon.org\/es\/wp-json\/wp\/v2\/pages\/5059","targetHints":{"allow":["GET"]}}],"collection":[{"href":"https:\/\/staging.al-anon.org\/es\/wp-json\/wp\/v2\/pages"}],"about":[{"href":"https:\/\/staging.al-anon.org\/es\/wp-json\/wp\/v2\/types\/page"}],"author":[{"embeddable":true,"href":"https:\/\/staging.al-anon.org\/es\/wp-json\/wp\/v2\/users\/36"}],"replies":[{"embeddable":true,"href":"https:\/\/staging.al-anon.org\/es\/wp-json\/wp\/v2\/comments?post=5059"}],"version-history":[{"count":9,"href":"https:\/\/staging.al-anon.org\/es\/wp-json\/wp\/v2\/pages\/5059\/revisions"}],"predecessor-version":[{"id":45243,"href":"https:\/\/staging.al-anon.org\/es\/wp-json\/wp\/v2\/pages\/5059\/revisions\/45243"}],"up":[{"embeddable":true,"href":"https:\/\/staging.al-anon.org\/es\/wp-json\/wp\/v2\/pages\/4811"}],"wp:attachment":[{"href":"https:\/\/staging.al-anon.org\/es\/wp-json\/wp\/v2\/media?parent=5059"}],"curies":[{"name":"wp","href":"https:\/\/api.w.org\/{rel}","templated":true}]}}