{"id":4933,"date":"2017-06-15T08:59:43","date_gmt":"2017-06-15T12:59:43","guid":{"rendered":"https:\/\/staging.al-anon.org\/recien-llegados\/como-puedo-ayudar-a\/"},"modified":"2017-07-24T13:16:54","modified_gmt":"2017-07-24T17:16:54","slug":"como-puedo-ayudar-a","status":"publish","type":"page","link":"https:\/\/staging.al-anon.org\/es\/recien-llegados\/como-puedo-ayudar-a\/","title":{"rendered":"\u00bfC\u00f3mo puedo ayudar a\u2026?"},"content":{"rendered":"<div class=\"fusion-fullwidth fullwidth-box fusion-builder-row-1 nonhundred-percent-fullwidth non-hundred-percent-height-scrolling\" style=\"--awb-background-position:left top;--awb-border-radius-top-left:0px;--awb-border-radius-top-right:0px;--awb-border-radius-bottom-right:0px;--awb-border-radius-bottom-left:0px;--awb-padding-top:20px;--awb-padding-bottom:20px;--awb-border-sizes-top:0px;--awb-border-sizes-bottom:0px;--awb-flex-wrap:wrap;\" ><div class=\"fusion-builder-row fusion-row\"><div class=\"fusion-layout-column fusion_builder_column fusion-builder-column-0 fusion_builder_column_1_1 1_1 fusion-one-full fusion-column-first fusion-column-last\" style=\"--awb-bg-size:cover;\"><div class=\"fusion-column-wrapper fusion-flex-column-wrapper-legacy\"><div class=\"fusion-title title fusion-title-1 fusion-sep-none fusion-title-center fusion-title-text fusion-title-size-two\" style=\"--awb-margin-top-small:0px;--awb-margin-right-small:0px;--awb-margin-bottom-small:20px;--awb-margin-left-small:0px;\"><h2 class=\"fusion-title-heading title-heading-center fusion-responsive-typography-calculated\" style=\"margin:0;--fontSize:35;line-height:1.29;\"><h2 class=\"itemTitle\">\u00bfC\u00f3mo puedo ayudarle a mi bebedor problema a que deje de beber?<\/h2><\/h2><\/div><div class=\"fusion-clearfix\"><\/div><\/div><\/div><div class=\"fusion-layout-column fusion_builder_column fusion-builder-column-1 fusion_builder_column_2_3 2_3 fusion-two-third fusion-column-first\" style=\"--awb-bg-size:cover;width:65.3333%; margin-right: 4%;\"><div class=\"fusion-column-wrapper fusion-flex-column-wrapper-legacy\"><div class=\"fusion-text fusion-text-1\"><h3>\u00bfC\u00f3mo ayuda Al-Anon?<\/h3>\n<p>No existe f\u00f3rmula m\u00e1gica que le permita a usted ayudarle a alguien a que deje \u2015ni a que disminuya\u2015 la bebida. El alcoholismo es un problema complejo en el que existen muchos asuntos que se relacionan. Sin embargo, Al-Anon le puede ayudar a que aprenda la forma de enfrentar las dificultades de la bebida de otra persona.<\/p>\n<p>Quiz\u00e1s usted podr\u00eda ayudar en los asuntos por medio del cambio en algunas de las formas en que se comporta, que son las que hacen que las cosas empeoren. Tal vez le sea posible encontrar una forma m\u00e1s saludable de responder a estas dificultades. De nuevo, no hay respuestas f\u00e1ciles. Pero las reuniones de Al-Anon ofrecen la oportunidad de aprender de las experiencias de otras personas que han enfrentado problemas similares.<\/p>\n<p>Mientras puede ser que los problemas simples tengan soluciones simples, la soluci\u00f3n a problemas complejos es m\u00e1s dif\u00edcil de explicar. Al-Anon simplifica un problema complejo al sugerir el enfoque de \u00abUn d\u00eda a la vez\u00bb, el cual lleva las cosas un paso a la vez.<\/p>\n<p>En cada reuni\u00f3n de Al-Anon, puede escuchar a las personas explicar c\u00f3mo les ha ayudado Al-Anon. Ese es quiz\u00e1s el mejor lugar para empezar a enterarse de Al-Anon \u2015Un d\u00eda a la vez\u2015.<\/p>\n<p>Los miembros de Al-Anon llegan a comprender que la bebida excesiva es una enfermedad de la familia que afecta a cada uno de sus miembros. Al escuchar a todos los miembros de Al-Anon hablar en las reuniones de Al-Anon, usted puede o\u00edr c\u00f3mo ellos llegaron a comprender el papel que han desempe\u00f1ado en esta enfermedad de la familia. Esta comprensi\u00f3n los ha puesto en un mejor lugar para desempe\u00f1ar un papel positivo en el futuro de la familia.<\/p>\n<p>Algunas investigaciones muestran que cuando los bebedores problema ingresan a un programa de recuperaci\u00f3n, las posibilidades de tener \u00e9xito aumentan cuando reciben apoyo por parte de miembros de la familia que se encuentran en un programa de recuperaci\u00f3n de la familia tal como Al-Anon.<\/p>\n<\/div><div class=\"fusion-clearfix\"><\/div><\/div><\/div><div class=\"fusion-layout-column fusion_builder_column fusion-builder-column-2 fusion_builder_column_1_3 1_3 fusion-one-third fusion-column-last\" style=\"--awb-bg-size:cover;width:30.6666%;\"><div class=\"fusion-column-wrapper fusion-flex-column-wrapper-legacy\"><div class=\"fusion-sep-clear\"><\/div><div class=\"fusion-separator fusion-no-small-visibility fusion-no-medium-visibility fusion-full-width-sep\" style=\"margin-left: auto;margin-right: auto;margin-top:100px;margin-bottom:100px;width:100%;\"><\/div><div class=\"fusion-sep-clear\"><\/div><div class=\"fusion-title title fusion-title-2 fusion-sep-none fusion-title-center fusion-title-text fusion-title-size-three\" style=\"--awb-margin-top-small:0px;--awb-margin-right-small:0px;--awb-margin-bottom-small:20px;--awb-margin-left-small:0px;\"><h3 class=\"fusion-title-heading title-heading-center fusion-responsive-typography-calculated\" style=\"margin:0;--fontSize:26;line-height:1.62;\"><p><a href=\"\/es\/recien-llegados\/como-puedo-ayudar-a\/conyuge-alcoholicopareja-alcoholica\/\">C\u00f3nyuge alcoh\u00f3lico\/Pareja alcoh\u00f3lica<\/a><\/p>\n<p><a href=\"\/es\/recien-llegados\/como-puedo-ayudar-a\/se-siente-preocupado-por-un-hijo-alcoholico\/\">Hijo alcoh\u00f3lico<\/a><\/p>\n<p><a href=\"\/es\/recien-llegados\/como-puedo-ayudar-a\/padre-alcoholico\/\">Padre alcoh\u00f3lico<\/a><\/p>\n<p><a href=\"\/es\/recien-llegados\/como-puedo-ayudar-a\/hermano-alcoholico\/\">Hermano alcoh\u00f3lico<\/a><\/p>\n<p><a href=\"\/es\/recien-llegados\/como-puedo-ayudar-a\/nieto-en-un-hogar-alcoholico\/\">Nieto en un hogar alcoh\u00f3lico<\/a><\/p>\n<p><a href=\"\/es\/recien-llegados\/como-puedo-ayudar-a\/amigo-alcoholico\/\">Amigo alcoh\u00f3lico<\/a><\/p><\/h3><\/div><div class=\"fusion-clearfix\"><\/div><\/div><\/div><\/div><\/div>\n","protected":false},"excerpt":{"rendered":"","protected":false},"author":36,"featured_media":20812,"parent":4828,"menu_order":0,"comment_status":"closed","ping_status":"closed","template":"","meta":{"footnotes":""},"class_list":["post-4933","page","type-page","status-publish","has-post-thumbnail","hentry"],"yoast_head":"<!-- This site is optimized with the Yoast SEO plugin v27.3 - https:\/\/yoast.com\/product\/yoast-seo-wordpress\/ -->\n<title>\u00bfC\u00f3mo le ayudo al miembro de mi familia o a mi amigo alcoh\u00f3lico? | Grupos de Familia Al-Anon<\/title>\n<meta name=\"description\" content=\"Al-Anon le ofrece apoyo y comprensi\u00f3n a cualquier persona que haya sido afectada por el alcoholismo de otra persona.\" \/>\n<meta name=\"robots\" content=\"index, follow, max-snippet:-1, max-image-preview:large, max-video-preview:-1\" \/>\n<link rel=\"canonical\" href=\"https:\/\/staging.al-anon.org\/es\/recien-llegados\/como-puedo-ayudar-a\/\" \/>\n<meta property=\"og:locale\" content=\"es_ES\" \/>\n<meta property=\"og:type\" content=\"article\" \/>\n<meta property=\"og:title\" content=\"\u00bfC\u00f3mo le ayudo al miembro de mi familia o a mi amigo alcoh\u00f3lico? | Grupos de Familia Al-Anon\" \/>\n<meta property=\"og:description\" content=\"Al-Anon le ofrece apoyo y comprensi\u00f3n a cualquier persona que haya sido afectada por el alcoholismo de otra persona.\" \/>\n<meta property=\"og:url\" content=\"https:\/\/staging.al-anon.org\/es\/recien-llegados\/como-puedo-ayudar-a\/\" \/>\n<meta property=\"og:site_name\" content=\"Al-Anon Family Groups\" \/>\n<meta property=\"article:publisher\" content=\"http:\/\/www.facebook.com\/AlAnonFamilyGroupsWSO\" \/>\n<meta property=\"article:modified_time\" content=\"2017-07-24T17:16:54+00:00\" \/>\n<meta property=\"og:image\" content=\"https:\/\/staging.al-anon.org\/wp-content\/uploads\/how_can_i_help.jpg\" \/>\n\t<meta property=\"og:image:width\" content=\"1200\" \/>\n\t<meta property=\"og:image:height\" content=\"450\" \/>\n\t<meta property=\"og:image:type\" content=\"image\/jpeg\" \/>\n<meta name=\"twitter:card\" content=\"summary_large_image\" \/>\n<meta name=\"twitter:site\" content=\"@AlAnon_WSO\" \/>\n<meta name=\"twitter:label1\" content=\"Tiempo de lectura\" \/>\n\t<meta name=\"twitter:data1\" content=\"4 minutos\" \/>\n<script type=\"application\/ld+json\" class=\"yoast-schema-graph\">{\"@context\":\"https:\\\/\\\/schema.org\",\"@graph\":[{\"@type\":\"WebPage\",\"@id\":\"https:\\\/\\\/staging.al-anon.org\\\/es\\\/recien-llegados\\\/como-puedo-ayudar-a\\\/\",\"url\":\"https:\\\/\\\/staging.al-anon.org\\\/es\\\/recien-llegados\\\/como-puedo-ayudar-a\\\/\",\"name\":\"\u00bfC\u00f3mo le ayudo al miembro de mi familia o a mi amigo alcoh\u00f3lico? | Grupos de Familia Al-Anon\",\"isPartOf\":{\"@id\":\"https:\\\/\\\/staging.al-anon.org\\\/es\\\/#website\"},\"primaryImageOfPage\":{\"@id\":\"https:\\\/\\\/staging.al-anon.org\\\/es\\\/recien-llegados\\\/como-puedo-ayudar-a\\\/#primaryimage\"},\"image\":{\"@id\":\"https:\\\/\\\/staging.al-anon.org\\\/es\\\/recien-llegados\\\/como-puedo-ayudar-a\\\/#primaryimage\"},\"thumbnailUrl\":\"https:\\\/\\\/staging.al-anon.org\\\/wp-content\\\/uploads\\\/how_can_i_help.jpg\",\"datePublished\":\"2017-06-15T12:59:43+00:00\",\"dateModified\":\"2017-07-24T17:16:54+00:00\",\"description\":\"Al-Anon le ofrece apoyo y comprensi\u00f3n a cualquier persona que haya sido afectada por el alcoholismo de otra persona.\",\"breadcrumb\":{\"@id\":\"https:\\\/\\\/staging.al-anon.org\\\/es\\\/recien-llegados\\\/como-puedo-ayudar-a\\\/#breadcrumb\"},\"inLanguage\":\"es\",\"potentialAction\":[{\"@type\":\"ReadAction\",\"target\":[\"https:\\\/\\\/staging.al-anon.org\\\/es\\\/recien-llegados\\\/como-puedo-ayudar-a\\\/\"]}]},{\"@type\":\"ImageObject\",\"inLanguage\":\"es\",\"@id\":\"https:\\\/\\\/staging.al-anon.org\\\/es\\\/recien-llegados\\\/como-puedo-ayudar-a\\\/#primaryimage\",\"url\":\"https:\\\/\\\/staging.al-anon.org\\\/wp-content\\\/uploads\\\/how_can_i_help.jpg\",\"contentUrl\":\"https:\\\/\\\/staging.al-anon.org\\\/wp-content\\\/uploads\\\/how_can_i_help.jpg\",\"width\":1200,\"height\":450},{\"@type\":\"BreadcrumbList\",\"@id\":\"https:\\\/\\\/staging.al-anon.org\\\/es\\\/recien-llegados\\\/como-puedo-ayudar-a\\\/#breadcrumb\",\"itemListElement\":[{\"@type\":\"ListItem\",\"position\":1,\"name\":\"Reci\u00e9n Llegados\",\"item\":\"https:\\\/\\\/staging.al-anon.org\\\/es\\\/recien-llegados\\\/\"},{\"@type\":\"ListItem\",\"position\":2,\"name\":\"\u00bfC\u00f3mo puedo ayudar a\u2026?\"}]},{\"@type\":\"WebSite\",\"@id\":\"https:\\\/\\\/staging.al-anon.org\\\/es\\\/#website\",\"url\":\"https:\\\/\\\/staging.al-anon.org\\\/es\\\/\",\"name\":\"Al-Anon Family Groups\",\"description\":\"Help and hope for families and friends of alcoholics\",\"publisher\":{\"@id\":\"https:\\\/\\\/staging.al-anon.org\\\/es\\\/#organization\"},\"potentialAction\":[{\"@type\":\"SearchAction\",\"target\":{\"@type\":\"EntryPoint\",\"urlTemplate\":\"https:\\\/\\\/staging.al-anon.org\\\/es\\\/?s={search_term_string}\"},\"query-input\":{\"@type\":\"PropertyValueSpecification\",\"valueRequired\":true,\"valueName\":\"search_term_string\"}}],\"inLanguage\":\"es\"},{\"@type\":\"Organization\",\"@id\":\"https:\\\/\\\/staging.al-anon.org\\\/es\\\/#organization\",\"name\":\"Al-Anon Family Group Headquarters, Inc.\",\"url\":\"https:\\\/\\\/staging.al-anon.org\\\/es\\\/\",\"logo\":{\"@type\":\"ImageObject\",\"inLanguage\":\"es\",\"@id\":\"https:\\\/\\\/staging.al-anon.org\\\/es\\\/#\\\/schema\\\/logo\\\/image\\\/\",\"url\":\"https:\\\/\\\/staging.al-anon.org\\\/wp-content\\\/uploads\\\/2017\\\/04\\\/AFGlogo-e1492189694634.jpg\",\"contentUrl\":\"https:\\\/\\\/staging.al-anon.org\\\/wp-content\\\/uploads\\\/2017\\\/04\\\/AFGlogo-e1492189694634.jpg\",\"width\":167,\"height\":50,\"caption\":\"Al-Anon Family Group Headquarters, Inc.\"},\"image\":{\"@id\":\"https:\\\/\\\/staging.al-anon.org\\\/es\\\/#\\\/schema\\\/logo\\\/image\\\/\"},\"sameAs\":[\"http:\\\/\\\/www.facebook.com\\\/AlAnonFamilyGroupsWSO\",\"https:\\\/\\\/x.com\\\/AlAnon_WSO\",\"http:\\\/\\\/www.instagram.com\\\/alanon_wso\",\"https:\\\/\\\/www.linkedin.com\\\/company\\\/al-anon-wso\\\/\",\"https:\\\/\\\/www.youtube.com\\\/user\\\/AlAnonFamilyGroupHQ\\\/\"]}]}<\/script>\n<!-- \/ Yoast SEO plugin. -->","yoast_head_json":{"title":"\u00bfC\u00f3mo le ayudo al miembro de mi familia o a mi amigo alcoh\u00f3lico? | Grupos de Familia Al-Anon","description":"Al-Anon le ofrece apoyo y comprensi\u00f3n a cualquier persona que haya sido afectada por el alcoholismo de otra persona.","robots":{"index":"index","follow":"follow","max-snippet":"max-snippet:-1","max-image-preview":"max-image-preview:large","max-video-preview":"max-video-preview:-1"},"canonical":"https:\/\/staging.al-anon.org\/es\/recien-llegados\/como-puedo-ayudar-a\/","og_locale":"es_ES","og_type":"article","og_title":"\u00bfC\u00f3mo le ayudo al miembro de mi familia o a mi amigo alcoh\u00f3lico? | Grupos de Familia Al-Anon","og_description":"Al-Anon le ofrece apoyo y comprensi\u00f3n a cualquier persona que haya sido afectada por el alcoholismo de otra persona.","og_url":"https:\/\/staging.al-anon.org\/es\/recien-llegados\/como-puedo-ayudar-a\/","og_site_name":"Al-Anon Family Groups","article_publisher":"http:\/\/www.facebook.com\/AlAnonFamilyGroupsWSO","article_modified_time":"2017-07-24T17:16:54+00:00","og_image":[{"width":1200,"height":450,"url":"https:\/\/staging.al-anon.org\/wp-content\/uploads\/how_can_i_help.jpg","type":"image\/jpeg"}],"twitter_card":"summary_large_image","twitter_site":"@AlAnon_WSO","twitter_misc":{"Tiempo de lectura":"4 minutos"},"schema":{"@context":"https:\/\/schema.org","@graph":[{"@type":"WebPage","@id":"https:\/\/staging.al-anon.org\/es\/recien-llegados\/como-puedo-ayudar-a\/","url":"https:\/\/staging.al-anon.org\/es\/recien-llegados\/como-puedo-ayudar-a\/","name":"\u00bfC\u00f3mo le ayudo al miembro de mi familia o a mi amigo alcoh\u00f3lico? | Grupos de Familia Al-Anon","isPartOf":{"@id":"https:\/\/staging.al-anon.org\/es\/#website"},"primaryImageOfPage":{"@id":"https:\/\/staging.al-anon.org\/es\/recien-llegados\/como-puedo-ayudar-a\/#primaryimage"},"image":{"@id":"https:\/\/staging.al-anon.org\/es\/recien-llegados\/como-puedo-ayudar-a\/#primaryimage"},"thumbnailUrl":"https:\/\/staging.al-anon.org\/wp-content\/uploads\/how_can_i_help.jpg","datePublished":"2017-06-15T12:59:43+00:00","dateModified":"2017-07-24T17:16:54+00:00","description":"Al-Anon le ofrece apoyo y comprensi\u00f3n a cualquier persona que haya sido afectada por el alcoholismo de otra persona.","breadcrumb":{"@id":"https:\/\/staging.al-anon.org\/es\/recien-llegados\/como-puedo-ayudar-a\/#breadcrumb"},"inLanguage":"es","potentialAction":[{"@type":"ReadAction","target":["https:\/\/staging.al-anon.org\/es\/recien-llegados\/como-puedo-ayudar-a\/"]}]},{"@type":"ImageObject","inLanguage":"es","@id":"https:\/\/staging.al-anon.org\/es\/recien-llegados\/como-puedo-ayudar-a\/#primaryimage","url":"https:\/\/staging.al-anon.org\/wp-content\/uploads\/how_can_i_help.jpg","contentUrl":"https:\/\/staging.al-anon.org\/wp-content\/uploads\/how_can_i_help.jpg","width":1200,"height":450},{"@type":"BreadcrumbList","@id":"https:\/\/staging.al-anon.org\/es\/recien-llegados\/como-puedo-ayudar-a\/#breadcrumb","itemListElement":[{"@type":"ListItem","position":1,"name":"Reci\u00e9n Llegados","item":"https:\/\/staging.al-anon.org\/es\/recien-llegados\/"},{"@type":"ListItem","position":2,"name":"\u00bfC\u00f3mo puedo ayudar a\u2026?"}]},{"@type":"WebSite","@id":"https:\/\/staging.al-anon.org\/es\/#website","url":"https:\/\/staging.al-anon.org\/es\/","name":"Al-Anon Family Groups","description":"Help and hope for families and friends of alcoholics","publisher":{"@id":"https:\/\/staging.al-anon.org\/es\/#organization"},"potentialAction":[{"@type":"SearchAction","target":{"@type":"EntryPoint","urlTemplate":"https:\/\/staging.al-anon.org\/es\/?s={search_term_string}"},"query-input":{"@type":"PropertyValueSpecification","valueRequired":true,"valueName":"search_term_string"}}],"inLanguage":"es"},{"@type":"Organization","@id":"https:\/\/staging.al-anon.org\/es\/#organization","name":"Al-Anon Family Group Headquarters, Inc.","url":"https:\/\/staging.al-anon.org\/es\/","logo":{"@type":"ImageObject","inLanguage":"es","@id":"https:\/\/staging.al-anon.org\/es\/#\/schema\/logo\/image\/","url":"https:\/\/staging.al-anon.org\/wp-content\/uploads\/2017\/04\/AFGlogo-e1492189694634.jpg","contentUrl":"https:\/\/staging.al-anon.org\/wp-content\/uploads\/2017\/04\/AFGlogo-e1492189694634.jpg","width":167,"height":50,"caption":"Al-Anon Family Group Headquarters, Inc."},"image":{"@id":"https:\/\/staging.al-anon.org\/es\/#\/schema\/logo\/image\/"},"sameAs":["http:\/\/www.facebook.com\/AlAnonFamilyGroupsWSO","https:\/\/x.com\/AlAnon_WSO","http:\/\/www.instagram.com\/alanon_wso","https:\/\/www.linkedin.com\/company\/al-anon-wso\/","https:\/\/www.youtube.com\/user\/AlAnonFamilyGroupHQ\/"]}]}},"_links":{"self":[{"href":"https:\/\/staging.al-anon.org\/es\/wp-json\/wp\/v2\/pages\/4933","targetHints":{"allow":["GET"]}}],"collection":[{"href":"https:\/\/staging.al-anon.org\/es\/wp-json\/wp\/v2\/pages"}],"about":[{"href":"https:\/\/staging.al-anon.org\/es\/wp-json\/wp\/v2\/types\/page"}],"author":[{"embeddable":true,"href":"https:\/\/staging.al-anon.org\/es\/wp-json\/wp\/v2\/users\/36"}],"replies":[{"embeddable":true,"href":"https:\/\/staging.al-anon.org\/es\/wp-json\/wp\/v2\/comments?post=4933"}],"version-history":[{"count":0,"href":"https:\/\/staging.al-anon.org\/es\/wp-json\/wp\/v2\/pages\/4933\/revisions"}],"up":[{"embeddable":true,"href":"https:\/\/staging.al-anon.org\/es\/wp-json\/wp\/v2\/pages\/4828"}],"wp:featuredmedia":[{"embeddable":true,"href":"https:\/\/staging.al-anon.org\/es\/wp-json\/wp\/v2\/media\/20812"}],"wp:attachment":[{"href":"https:\/\/staging.al-anon.org\/es\/wp-json\/wp\/v2\/media?parent=4933"}],"curies":[{"name":"wp","href":"https:\/\/api.w.org\/{rel}","templated":true}]}}