{"id":4929,"date":"2017-06-15T08:53:44","date_gmt":"2017-06-15T12:53:44","guid":{"rendered":"https:\/\/staging.al-anon.org\/recien-llegados\/descubra-si-al-anonalateen-le-puede-ayudar\/examen-para-quienes-crecieron-junto-a-una-persona-alcoholica\/"},"modified":"2021-03-30T09:25:06","modified_gmt":"2021-03-30T13:25:06","slug":"examen-para-quienes-crecieron-junto-a-una-persona-alcoholica","status":"publish","type":"page","link":"https:\/\/staging.al-anon.org\/es\/recien-llegados\/descubra-si-al-anonalateen-le-puede-ayudar\/examen-para-quienes-crecieron-junto-a-una-persona-alcoholica\/","title":{"rendered":"Examen para quienes crecieron junto a una persona alcoh\u00f3lica"},"content":{"rendered":"<div class=\"fusion-fullwidth fullwidth-box fusion-builder-row-1 nonhundred-percent-fullwidth non-hundred-percent-height-scrolling\" style=\"--awb-background-position:left top;--awb-border-sizes-top:0px;--awb-border-sizes-bottom:0px;--awb-border-sizes-left:0px;--awb-border-sizes-right:0px;--awb-border-radius-top-left:0px;--awb-border-radius-top-right:0px;--awb-border-radius-bottom-right:0px;--awb-border-radius-bottom-left:0px;--awb-padding-top:20px;--awb-padding-bottom:20px;--awb-flex-wrap:wrap;\" ><div class=\"fusion-builder-row fusion-row\"><div class=\"fusion-layout-column fusion_builder_column fusion-builder-column-0 fusion_builder_column_1_1 1_1 fusion-one-full fusion-column-first fusion-column-last\" style=\"--awb-bg-size:cover;\"><div class=\"fusion-column-wrapper fusion-flex-column-wrapper-legacy\"><div class=\"fusion-title title fusion-title-1 fusion-sep-none fusion-title-center fusion-title-text fusion-title-size-two\" style=\"--awb-margin-top-small:0px;--awb-margin-right-small:0px;--awb-margin-bottom-small:20px;--awb-margin-left-small:0px;\"><h2 class=\"fusion-title-heading title-heading-center fusion-responsive-typography-calculated\" style=\"margin:0;--fontSize:35;line-height:1.29;\">\u00bfSe cri\u00f3 junto a un bebedor problema?<\/p><\/h2><\/div><div class=\"fusion-clearfix\"><\/div><\/div><\/div><div class=\"fusion-layout-column fusion_builder_column fusion-builder-column-1 fusion_builder_column_1_6 1_6 fusion-one-sixth fusion-column-first\" style=\"--awb-bg-size:cover;width:13.3333%; margin-right: 4%;\"><div class=\"fusion-column-wrapper fusion-flex-column-wrapper-legacy\"><div class=\"fusion-clearfix\"><\/div><\/div><\/div><div class=\"fusion-layout-column fusion_builder_column fusion-builder-column-2 fusion_builder_column_2_3 2_3 fusion-two-third\" style=\"--awb-bg-size:cover;width:65.3333%; margin-right: 4%;\"><div class=\"fusion-column-wrapper fusion-flex-column-wrapper-legacy\"><div class=\"fusion-text fusion-text-1\"><p>Si alguien cercano a usted, tal como un miembro de la familia, un amigo, un compa\u00f1ero de trabajo o un vecino, tiene o ha tenido un problema con la bebida, las siguientes preguntas le pueden ayudar a decidir si Al-Anon es para usted:<\/p>\n<ol>\n<li>\u00bfBusca constantemente aprobaci\u00f3n y afirmaci\u00f3n?<\/li>\n<li>\u00bfDeja de reconocer sus propios logros?<\/li>\n<li>\u00bfLe inspira temor la cr\u00edtica?<\/li>\n<li>\u00bfSe desvive por todo?<\/li>\n<li>\u00bfHa experimentado dificultades con su propio comportamiento compulsivo?<\/li>\n<li>\u00bfPrecisa la perfecci\u00f3n?<\/li>\n<li>\u00bfSe inquieta aun cuando su vida transcurre serenamente, anticipando problemas continuamente?<\/li>\n<li>\u00bfSe siente m\u00e1s en\u00e9rgico en medio de una crisis?<\/li>\n<li>\u00bfSe cree a\u00fan responsable por los dem\u00e1s, como lo fue por su ser querido alcoh\u00f3lico?<\/li>\n<li>\u00bfLe es f\u00e1cil ocuparse de los dem\u00e1s, pero le resulta dif\u00edcil ocuparse de s\u00ed mismo?<\/li>\n<li>\u00bfSe a\u00edsla de las\u00a0dem\u00e1s personas?<\/li>\n<li>\u00bfResponde usted con miedo ante autoridades y personas enfadadas?<\/li>\n<li>\u00bfCree que las personas y la sociedad en general se aprovechan de usted?<\/li>\n<li>\u00bfExperimenta dificultades con las relaciones \u00edntimas?<\/li>\n<li>\u00bfConfunde la piedad con el amor, como le sucedi\u00f3 con el bebedor con problemas?<\/li>\n<li>\u00bfAtrae y\/o busca gente que tiende a ser compulsiva y\/o abusiva?<\/li>\n<li>\u00bfSe ata a relaciones por temor a estar solo?<\/li>\n<li>\u00bfSuele desconfiar de sus propios sentimientos y de los sentimientos expresados por los dem\u00e1s?<\/li>\n<li>\u00bfSe le hace dif\u00edcil identificar y expresar sus emociones?<\/li>\n<li>\u00bfCree usted que la forma de beber de otra persona puede haberle afectado?<\/li>\n<\/ol>\n<p><strong data-redactor-tag=\"strong\">Si ha contestado <em data-redactor-tag=\"em\">S\u00ed<\/em> a cualquiera de las preguntas anteriores,quiz\u00e1 Al-Anon le puede ayudar.<\/strong><\/p>\n<p>El alcoholismo es una enfermedad de la familia. Aquellos que hemos vivido con esta enfermedad desde que \u00e9ramos ni\u00f1os, a veces tenemos problemas que el programa de Al-Anon nos pueda ayudar a resolver.<\/p>\n<\/div><div class=\"fusion-button-wrapper fusion-aligncenter\"><a class=\"fusion-button button-flat fusion-button-default-size button-default fusion-button-default button-1 fusion-button-span-no fusion-button-default-type\" style=\"--button-border-radius-top-left:25px;--button-border-radius-top-right:25px;--button-border-radius-bottom-right:25px;--button-border-radius-bottom-left:25px;\" target=\"_blank\" rel=\"noopener noreferrer\" href=\"\/es\/reuniones-de-al-anon\/localizar-una-reuniones-de-al-anon\/\"><span class=\"fusion-button-text awb-button__text awb-button__text--default\">Encuentre una reuni\u00f3n de Al-Anon<\/span><\/a><\/div><div class=\"fusion-clearfix\"><\/div><\/div><\/div><div class=\"fusion-layout-column fusion_builder_column fusion-builder-column-3 fusion_builder_column_1_6 1_6 fusion-one-sixth fusion-column-last\" style=\"--awb-bg-size:cover;width:13.3333%;\"><div class=\"fusion-column-wrapper fusion-flex-column-wrapper-legacy\"><div class=\"fusion-clearfix\"><\/div><\/div><\/div><\/div><\/div>\n","protected":false},"excerpt":{"rendered":"","protected":false},"author":36,"featured_media":20831,"parent":4876,"menu_order":1,"comment_status":"closed","ping_status":"closed","template":"","meta":{"footnotes":""},"class_list":["post-4929","page","type-page","status-publish","has-post-thumbnail","hentry"],"yoast_head":"<!-- This site is optimized with the Yoast SEO plugin v27.4 - https:\/\/yoast.com\/product\/yoast-seo-wordpress\/ -->\n<title>El adulto creci\u00f3 con el Quiz Alcoh\u00f3lico | Grupos familiares de Al-Anon<\/title>\n<meta name=\"description\" content=\"Este auto cuestionario est\u00e1 dise\u00f1ado para ayudar a los hijos adultos de alcoh\u00f3licos decidir si Al-Anon puede ayudar a mejorar sus vidas. Para las reuniones locales de Al-Anon, llame al 888-425-2666.\" \/>\n<meta name=\"robots\" content=\"index, follow, max-snippet:-1, max-image-preview:large, max-video-preview:-1\" \/>\n<link rel=\"canonical\" href=\"https:\/\/staging.al-anon.org\/es\/recien-llegados\/descubra-si-al-anonalateen-le-puede-ayudar\/examen-para-quienes-crecieron-junto-a-una-persona-alcoholica\/\" \/>\n<meta property=\"og:locale\" content=\"es_ES\" \/>\n<meta property=\"og:type\" content=\"article\" \/>\n<meta property=\"og:title\" content=\"El adulto creci\u00f3 con el Quiz Alcoh\u00f3lico | Grupos familiares de Al-Anon\" \/>\n<meta property=\"og:description\" content=\"Este auto cuestionario est\u00e1 dise\u00f1ado para ayudar a los hijos adultos de alcoh\u00f3licos decidir si Al-Anon puede ayudar a mejorar sus vidas. Para las reuniones locales de Al-Anon, llame al 888-425-2666.\" \/>\n<meta property=\"og:url\" content=\"https:\/\/staging.al-anon.org\/es\/recien-llegados\/descubra-si-al-anonalateen-le-puede-ayudar\/examen-para-quienes-crecieron-junto-a-una-persona-alcoholica\/\" \/>\n<meta property=\"og:site_name\" content=\"Al-Anon Family Groups\" \/>\n<meta property=\"article:publisher\" content=\"http:\/\/www.facebook.com\/AlAnonFamilyGroupsWSO\" \/>\n<meta property=\"article:modified_time\" content=\"2021-03-30T13:25:06+00:00\" \/>\n<meta property=\"og:image\" content=\"https:\/\/staging.al-anon.org\/wp-content\/uploads\/adult_child.jpg\" \/>\n\t<meta property=\"og:image:width\" content=\"1200\" \/>\n\t<meta property=\"og:image:height\" content=\"450\" \/>\n\t<meta property=\"og:image:type\" content=\"image\/jpeg\" \/>\n<meta name=\"twitter:card\" content=\"summary_large_image\" \/>\n<meta name=\"twitter:site\" content=\"@AlAnon_WSO\" \/>\n<meta name=\"twitter:label1\" content=\"Tiempo de lectura\" \/>\n\t<meta name=\"twitter:data1\" content=\"4 minutos\" \/>\n<script type=\"application\/ld+json\" class=\"yoast-schema-graph\">{\"@context\":\"https:\\\/\\\/schema.org\",\"@graph\":[{\"@type\":\"WebPage\",\"@id\":\"https:\\\/\\\/staging.al-anon.org\\\/es\\\/recien-llegados\\\/descubra-si-al-anonalateen-le-puede-ayudar\\\/examen-para-quienes-crecieron-junto-a-una-persona-alcoholica\\\/\",\"url\":\"https:\\\/\\\/staging.al-anon.org\\\/es\\\/recien-llegados\\\/descubra-si-al-anonalateen-le-puede-ayudar\\\/examen-para-quienes-crecieron-junto-a-una-persona-alcoholica\\\/\",\"name\":\"El adulto creci\u00f3 con el Quiz Alcoh\u00f3lico | Grupos familiares de Al-Anon\",\"isPartOf\":{\"@id\":\"https:\\\/\\\/staging.al-anon.org\\\/es\\\/#website\"},\"primaryImageOfPage\":{\"@id\":\"https:\\\/\\\/staging.al-anon.org\\\/es\\\/recien-llegados\\\/descubra-si-al-anonalateen-le-puede-ayudar\\\/examen-para-quienes-crecieron-junto-a-una-persona-alcoholica\\\/#primaryimage\"},\"image\":{\"@id\":\"https:\\\/\\\/staging.al-anon.org\\\/es\\\/recien-llegados\\\/descubra-si-al-anonalateen-le-puede-ayudar\\\/examen-para-quienes-crecieron-junto-a-una-persona-alcoholica\\\/#primaryimage\"},\"thumbnailUrl\":\"https:\\\/\\\/staging.al-anon.org\\\/wp-content\\\/uploads\\\/adult_child.jpg\",\"datePublished\":\"2017-06-15T12:53:44+00:00\",\"dateModified\":\"2021-03-30T13:25:06+00:00\",\"description\":\"Este auto cuestionario est\u00e1 dise\u00f1ado para ayudar a los hijos adultos de alcoh\u00f3licos decidir si Al-Anon puede ayudar a mejorar sus vidas. Para las reuniones locales de Al-Anon, llame al 888-425-2666.\",\"breadcrumb\":{\"@id\":\"https:\\\/\\\/staging.al-anon.org\\\/es\\\/recien-llegados\\\/descubra-si-al-anonalateen-le-puede-ayudar\\\/examen-para-quienes-crecieron-junto-a-una-persona-alcoholica\\\/#breadcrumb\"},\"inLanguage\":\"es\",\"potentialAction\":[{\"@type\":\"ReadAction\",\"target\":[\"https:\\\/\\\/staging.al-anon.org\\\/es\\\/recien-llegados\\\/descubra-si-al-anonalateen-le-puede-ayudar\\\/examen-para-quienes-crecieron-junto-a-una-persona-alcoholica\\\/\"]}]},{\"@type\":\"ImageObject\",\"inLanguage\":\"es\",\"@id\":\"https:\\\/\\\/staging.al-anon.org\\\/es\\\/recien-llegados\\\/descubra-si-al-anonalateen-le-puede-ayudar\\\/examen-para-quienes-crecieron-junto-a-una-persona-alcoholica\\\/#primaryimage\",\"url\":\"https:\\\/\\\/staging.al-anon.org\\\/wp-content\\\/uploads\\\/adult_child.jpg\",\"contentUrl\":\"https:\\\/\\\/staging.al-anon.org\\\/wp-content\\\/uploads\\\/adult_child.jpg\",\"width\":1200,\"height\":450},{\"@type\":\"BreadcrumbList\",\"@id\":\"https:\\\/\\\/staging.al-anon.org\\\/es\\\/recien-llegados\\\/descubra-si-al-anonalateen-le-puede-ayudar\\\/examen-para-quienes-crecieron-junto-a-una-persona-alcoholica\\\/#breadcrumb\",\"itemListElement\":[{\"@type\":\"ListItem\",\"position\":1,\"name\":\"Reci\u00e9n Llegados\",\"item\":\"https:\\\/\\\/staging.al-anon.org\\\/es\\\/recien-llegados\\\/\"},{\"@type\":\"ListItem\",\"position\":2,\"name\":\"Descubra si Al-Anon\\\/Alateen le puede ayudar\",\"item\":\"https:\\\/\\\/staging.al-anon.org\\\/es\\\/recien-llegados\\\/descubra-si-al-anonalateen-le-puede-ayudar\\\/\"},{\"@type\":\"ListItem\",\"position\":3,\"name\":\"Examen para quienes crecieron junto a una persona alcoh\u00f3lica\"}]},{\"@type\":\"WebSite\",\"@id\":\"https:\\\/\\\/staging.al-anon.org\\\/es\\\/#website\",\"url\":\"https:\\\/\\\/staging.al-anon.org\\\/es\\\/\",\"name\":\"Al-Anon Family Groups\",\"description\":\"Help and hope for families and friends of alcoholics\",\"publisher\":{\"@id\":\"https:\\\/\\\/staging.al-anon.org\\\/es\\\/#organization\"},\"potentialAction\":[{\"@type\":\"SearchAction\",\"target\":{\"@type\":\"EntryPoint\",\"urlTemplate\":\"https:\\\/\\\/staging.al-anon.org\\\/es\\\/?s={search_term_string}\"},\"query-input\":{\"@type\":\"PropertyValueSpecification\",\"valueRequired\":true,\"valueName\":\"search_term_string\"}}],\"inLanguage\":\"es\"},{\"@type\":\"Organization\",\"@id\":\"https:\\\/\\\/staging.al-anon.org\\\/es\\\/#organization\",\"name\":\"Al-Anon Family Group Headquarters, Inc.\",\"url\":\"https:\\\/\\\/staging.al-anon.org\\\/es\\\/\",\"logo\":{\"@type\":\"ImageObject\",\"inLanguage\":\"es\",\"@id\":\"https:\\\/\\\/staging.al-anon.org\\\/es\\\/#\\\/schema\\\/logo\\\/image\\\/\",\"url\":\"https:\\\/\\\/staging.al-anon.org\\\/wp-content\\\/uploads\\\/2017\\\/04\\\/AFGlogo-e1492189694634.jpg\",\"contentUrl\":\"https:\\\/\\\/staging.al-anon.org\\\/wp-content\\\/uploads\\\/2017\\\/04\\\/AFGlogo-e1492189694634.jpg\",\"width\":167,\"height\":50,\"caption\":\"Al-Anon Family Group Headquarters, Inc.\"},\"image\":{\"@id\":\"https:\\\/\\\/staging.al-anon.org\\\/es\\\/#\\\/schema\\\/logo\\\/image\\\/\"},\"sameAs\":[\"http:\\\/\\\/www.facebook.com\\\/AlAnonFamilyGroupsWSO\",\"https:\\\/\\\/x.com\\\/AlAnon_WSO\",\"http:\\\/\\\/www.instagram.com\\\/alanon_wso\",\"https:\\\/\\\/www.linkedin.com\\\/company\\\/al-anon-wso\\\/\",\"https:\\\/\\\/www.youtube.com\\\/user\\\/AlAnonFamilyGroupHQ\\\/\"]}]}<\/script>\n<!-- \/ Yoast SEO plugin. -->","yoast_head_json":{"title":"El adulto creci\u00f3 con el Quiz Alcoh\u00f3lico | Grupos familiares de Al-Anon","description":"Este auto cuestionario est\u00e1 dise\u00f1ado para ayudar a los hijos adultos de alcoh\u00f3licos decidir si Al-Anon puede ayudar a mejorar sus vidas. Para las reuniones locales de Al-Anon, llame al 888-425-2666.","robots":{"index":"index","follow":"follow","max-snippet":"max-snippet:-1","max-image-preview":"max-image-preview:large","max-video-preview":"max-video-preview:-1"},"canonical":"https:\/\/staging.al-anon.org\/es\/recien-llegados\/descubra-si-al-anonalateen-le-puede-ayudar\/examen-para-quienes-crecieron-junto-a-una-persona-alcoholica\/","og_locale":"es_ES","og_type":"article","og_title":"El adulto creci\u00f3 con el Quiz Alcoh\u00f3lico | Grupos familiares de Al-Anon","og_description":"Este auto cuestionario est\u00e1 dise\u00f1ado para ayudar a los hijos adultos de alcoh\u00f3licos decidir si Al-Anon puede ayudar a mejorar sus vidas. Para las reuniones locales de Al-Anon, llame al 888-425-2666.","og_url":"https:\/\/staging.al-anon.org\/es\/recien-llegados\/descubra-si-al-anonalateen-le-puede-ayudar\/examen-para-quienes-crecieron-junto-a-una-persona-alcoholica\/","og_site_name":"Al-Anon Family Groups","article_publisher":"http:\/\/www.facebook.com\/AlAnonFamilyGroupsWSO","article_modified_time":"2021-03-30T13:25:06+00:00","og_image":[{"width":1200,"height":450,"url":"https:\/\/staging.al-anon.org\/wp-content\/uploads\/adult_child.jpg","type":"image\/jpeg"}],"twitter_card":"summary_large_image","twitter_site":"@AlAnon_WSO","twitter_misc":{"Tiempo de lectura":"4 minutos"},"schema":{"@context":"https:\/\/schema.org","@graph":[{"@type":"WebPage","@id":"https:\/\/staging.al-anon.org\/es\/recien-llegados\/descubra-si-al-anonalateen-le-puede-ayudar\/examen-para-quienes-crecieron-junto-a-una-persona-alcoholica\/","url":"https:\/\/staging.al-anon.org\/es\/recien-llegados\/descubra-si-al-anonalateen-le-puede-ayudar\/examen-para-quienes-crecieron-junto-a-una-persona-alcoholica\/","name":"El adulto creci\u00f3 con el Quiz Alcoh\u00f3lico | Grupos familiares de Al-Anon","isPartOf":{"@id":"https:\/\/staging.al-anon.org\/es\/#website"},"primaryImageOfPage":{"@id":"https:\/\/staging.al-anon.org\/es\/recien-llegados\/descubra-si-al-anonalateen-le-puede-ayudar\/examen-para-quienes-crecieron-junto-a-una-persona-alcoholica\/#primaryimage"},"image":{"@id":"https:\/\/staging.al-anon.org\/es\/recien-llegados\/descubra-si-al-anonalateen-le-puede-ayudar\/examen-para-quienes-crecieron-junto-a-una-persona-alcoholica\/#primaryimage"},"thumbnailUrl":"https:\/\/staging.al-anon.org\/wp-content\/uploads\/adult_child.jpg","datePublished":"2017-06-15T12:53:44+00:00","dateModified":"2021-03-30T13:25:06+00:00","description":"Este auto cuestionario est\u00e1 dise\u00f1ado para ayudar a los hijos adultos de alcoh\u00f3licos decidir si Al-Anon puede ayudar a mejorar sus vidas. Para las reuniones locales de Al-Anon, llame al 888-425-2666.","breadcrumb":{"@id":"https:\/\/staging.al-anon.org\/es\/recien-llegados\/descubra-si-al-anonalateen-le-puede-ayudar\/examen-para-quienes-crecieron-junto-a-una-persona-alcoholica\/#breadcrumb"},"inLanguage":"es","potentialAction":[{"@type":"ReadAction","target":["https:\/\/staging.al-anon.org\/es\/recien-llegados\/descubra-si-al-anonalateen-le-puede-ayudar\/examen-para-quienes-crecieron-junto-a-una-persona-alcoholica\/"]}]},{"@type":"ImageObject","inLanguage":"es","@id":"https:\/\/staging.al-anon.org\/es\/recien-llegados\/descubra-si-al-anonalateen-le-puede-ayudar\/examen-para-quienes-crecieron-junto-a-una-persona-alcoholica\/#primaryimage","url":"https:\/\/staging.al-anon.org\/wp-content\/uploads\/adult_child.jpg","contentUrl":"https:\/\/staging.al-anon.org\/wp-content\/uploads\/adult_child.jpg","width":1200,"height":450},{"@type":"BreadcrumbList","@id":"https:\/\/staging.al-anon.org\/es\/recien-llegados\/descubra-si-al-anonalateen-le-puede-ayudar\/examen-para-quienes-crecieron-junto-a-una-persona-alcoholica\/#breadcrumb","itemListElement":[{"@type":"ListItem","position":1,"name":"Reci\u00e9n Llegados","item":"https:\/\/staging.al-anon.org\/es\/recien-llegados\/"},{"@type":"ListItem","position":2,"name":"Descubra si Al-Anon\/Alateen le puede ayudar","item":"https:\/\/staging.al-anon.org\/es\/recien-llegados\/descubra-si-al-anonalateen-le-puede-ayudar\/"},{"@type":"ListItem","position":3,"name":"Examen para quienes crecieron junto a una persona alcoh\u00f3lica"}]},{"@type":"WebSite","@id":"https:\/\/staging.al-anon.org\/es\/#website","url":"https:\/\/staging.al-anon.org\/es\/","name":"Al-Anon Family Groups","description":"Help and hope for families and friends of alcoholics","publisher":{"@id":"https:\/\/staging.al-anon.org\/es\/#organization"},"potentialAction":[{"@type":"SearchAction","target":{"@type":"EntryPoint","urlTemplate":"https:\/\/staging.al-anon.org\/es\/?s={search_term_string}"},"query-input":{"@type":"PropertyValueSpecification","valueRequired":true,"valueName":"search_term_string"}}],"inLanguage":"es"},{"@type":"Organization","@id":"https:\/\/staging.al-anon.org\/es\/#organization","name":"Al-Anon Family Group Headquarters, Inc.","url":"https:\/\/staging.al-anon.org\/es\/","logo":{"@type":"ImageObject","inLanguage":"es","@id":"https:\/\/staging.al-anon.org\/es\/#\/schema\/logo\/image\/","url":"https:\/\/staging.al-anon.org\/wp-content\/uploads\/2017\/04\/AFGlogo-e1492189694634.jpg","contentUrl":"https:\/\/staging.al-anon.org\/wp-content\/uploads\/2017\/04\/AFGlogo-e1492189694634.jpg","width":167,"height":50,"caption":"Al-Anon Family Group Headquarters, Inc."},"image":{"@id":"https:\/\/staging.al-anon.org\/es\/#\/schema\/logo\/image\/"},"sameAs":["http:\/\/www.facebook.com\/AlAnonFamilyGroupsWSO","https:\/\/x.com\/AlAnon_WSO","http:\/\/www.instagram.com\/alanon_wso","https:\/\/www.linkedin.com\/company\/al-anon-wso\/","https:\/\/www.youtube.com\/user\/AlAnonFamilyGroupHQ\/"]}]}},"_links":{"self":[{"href":"https:\/\/staging.al-anon.org\/es\/wp-json\/wp\/v2\/pages\/4929","targetHints":{"allow":["GET"]}}],"collection":[{"href":"https:\/\/staging.al-anon.org\/es\/wp-json\/wp\/v2\/pages"}],"about":[{"href":"https:\/\/staging.al-anon.org\/es\/wp-json\/wp\/v2\/types\/page"}],"author":[{"embeddable":true,"href":"https:\/\/staging.al-anon.org\/es\/wp-json\/wp\/v2\/users\/36"}],"replies":[{"embeddable":true,"href":"https:\/\/staging.al-anon.org\/es\/wp-json\/wp\/v2\/comments?post=4929"}],"version-history":[{"count":1,"href":"https:\/\/staging.al-anon.org\/es\/wp-json\/wp\/v2\/pages\/4929\/revisions"}],"predecessor-version":[{"id":32189,"href":"https:\/\/staging.al-anon.org\/es\/wp-json\/wp\/v2\/pages\/4929\/revisions\/32189"}],"up":[{"embeddable":true,"href":"https:\/\/staging.al-anon.org\/es\/wp-json\/wp\/v2\/pages\/4876"}],"wp:featuredmedia":[{"embeddable":true,"href":"https:\/\/staging.al-anon.org\/es\/wp-json\/wp\/v2\/media\/20831"}],"wp:attachment":[{"href":"https:\/\/staging.al-anon.org\/es\/wp-json\/wp\/v2\/media?parent=4929"}],"curies":[{"name":"wp","href":"https:\/\/api.w.org\/{rel}","templated":true}]}}