{"id":4910,"date":"2017-06-14T15:57:42","date_gmt":"2017-06-14T19:57:42","guid":{"rendered":"https:\/\/staging.al-anon.org\/recien-llegados\/descubra-si-al-anonalateen-le-puede-ayudar\/examen-para-adolescentes\/"},"modified":"2017-07-24T13:21:34","modified_gmt":"2017-07-24T17:21:34","slug":"examen-para-adolescentes","status":"publish","type":"page","link":"https:\/\/staging.al-anon.org\/es\/recien-llegados\/descubra-si-al-anonalateen-le-puede-ayudar\/examen-para-adolescentes\/","title":{"rendered":"Examen para adolescentes"},"content":{"rendered":"<div class=\"fusion-fullwidth fullwidth-box fusion-builder-row-1 nonhundred-percent-fullwidth non-hundred-percent-height-scrolling\" style=\"--awb-background-position:left top;--awb-border-radius-top-left:0px;--awb-border-radius-top-right:0px;--awb-border-radius-bottom-right:0px;--awb-border-radius-bottom-left:0px;--awb-padding-top:20px;--awb-padding-bottom:20px;--awb-border-sizes-top:0px;--awb-border-sizes-bottom:0px;--awb-flex-wrap:wrap;\" ><div class=\"fusion-builder-row fusion-row\"><div class=\"fusion-layout-column fusion_builder_column fusion-builder-column-0 fusion_builder_column_1_1 1_1 fusion-one-full fusion-column-first fusion-column-last\" style=\"--awb-bg-size:cover;\"><div class=\"fusion-column-wrapper fusion-flex-column-wrapper-legacy\"><div class=\"fusion-title title fusion-title-1 fusion-sep-none fusion-title-center fusion-title-text fusion-title-size-two\" style=\"--awb-margin-top-small:0px;--awb-margin-right-small:0px;--awb-margin-bottom-small:20px;--awb-margin-left-small:0px;\"><h2 class=\"fusion-title-heading title-heading-center fusion-responsive-typography-calculated\" style=\"margin:0;--fontSize:35;line-height:1.29;\">\u00bfHa sido afectada tu vida por la bebida de otra persona?<\/h2><\/div><div class=\"fusion-clearfix\"><\/div><\/div><\/div><div class=\"fusion-layout-column fusion_builder_column fusion-builder-column-1 fusion_builder_column_1_6 1_6 fusion-one-sixth fusion-column-first\" style=\"--awb-bg-size:cover;width:13.3333%; margin-right: 4%;\"><div class=\"fusion-column-wrapper fusion-flex-column-wrapper-legacy\"><div class=\"fusion-clearfix\"><\/div><\/div><\/div><div class=\"fusion-layout-column fusion_builder_column fusion-builder-column-2 fusion_builder_column_2_3 2_3 fusion-two-third\" style=\"--awb-bg-size:cover;width:65.3333%; margin-right: 4%;\"><div class=\"fusion-column-wrapper fusion-flex-column-wrapper-legacy\"><div class=\"fusion-text fusion-text-1\"><p>Alateen es para personas j\u00f3venes cuya vida ha sido afectada por la bebida de otra persona. A veces la bebida activa ha cesado, o el bebedor en fase activa ya no vive con nosotros. Aunque el alcohol ya no est\u00e9 presente y la persona alcoh\u00f3lica se haya ido o est\u00e9 recuper\u00e1ndose en A.A., a\u00fan estamos afectados. Muchos de nosotros hemos recibido ayuda de Alateen o Al-Anon. Las siguientes preguntas son para ayudarte a decidir si Alateen es o no es para ti.<\/p>\n<p>1. \u00bfCrees que nadie podr\u00eda entender lo que sientes?<\/p>\n<p>2. \u00bfOcultas tus verdaderos sentimientos fingiendo que no te importa?<\/p>\n<p>3. \u00bfSientes que te abandonan, que no se preocupan por ti y que no te quieren?<\/p>\n<p>4. \u00bfMientes para encubrir que otra persona bebe o para ocultar lo que ocurre en tu casa?<\/p>\n<p>5. \u00bfPasas fuera de tu casa todo el tiempo que puedes porque detestas estar all\u00ed?<\/p>\n<p>Si has contestado \u00abS\u00ed\u00bb a cualquiera de estas preguntas, Alateen quiz\u00e1 te pueda ayudar.<\/p>\n<\/div><div class=\"fusion-button-wrapper fusion-aligncenter\"><a class=\"fusion-button button-flat fusion-button-default-size button-default fusion-button-default button-1 fusion-button-span-no fusion-button-default-type\" style=\"--button-border-radius-top-left:25px;--button-border-radius-top-right:25px;--button-border-radius-bottom-right:25px;--button-border-radius-bottom-left:25px;\" target=\"_blank\" rel=\"noopener noreferrer\" href=\"\/es\/reuniones-de-al-anon\/localizar-una-reuniones-de-alateen\/\"><span class=\"fusion-button-text awb-button__text awb-button__text--default\">Localizar una reunion de Alateen<\/span><\/a><\/div><div class=\"fusion-clearfix\"><\/div><\/div><\/div><div class=\"fusion-layout-column fusion_builder_column fusion-builder-column-3 fusion_builder_column_1_6 1_6 fusion-one-sixth fusion-column-last\" style=\"--awb-bg-size:cover;width:13.3333%;\"><div class=\"fusion-column-wrapper fusion-flex-column-wrapper-legacy\"><div class=\"fusion-clearfix\"><\/div><\/div><\/div><\/div><\/div>\n","protected":false},"excerpt":{"rendered":"","protected":false},"author":36,"featured_media":20763,"parent":4876,"menu_order":2,"comment_status":"closed","ping_status":"closed","template":"","meta":{"footnotes":""},"class_list":["post-4910","page","type-page","status-publish","has-post-thumbnail","hentry"],"yoast_head":"<!-- This site is optimized with the Yoast SEO plugin v27.6 - https:\/\/yoast.com\/product\/yoast-seo-wordpress\/ -->\n<title>Tome una prueba y averig\u00fce si Alateen podr\u00eda ser para usted<\/title>\n<meta name=\"description\" content=\"Este breve cuestionario de 20 preguntas est\u00e1 dise\u00f1ado para ayudarle a decidir si Alateen es adecuado para usted.\" \/>\n<meta name=\"robots\" content=\"index, follow, max-snippet:-1, max-image-preview:large, max-video-preview:-1\" \/>\n<link rel=\"canonical\" href=\"https:\/\/staging.al-anon.org\/es\/recien-llegados\/descubra-si-al-anonalateen-le-puede-ayudar\/examen-para-adolescentes\/\" \/>\n<meta property=\"og:locale\" content=\"es_ES\" \/>\n<meta property=\"og:type\" content=\"article\" \/>\n<meta property=\"og:title\" content=\"Tome una prueba y averig\u00fce si Alateen podr\u00eda ser para usted\" \/>\n<meta property=\"og:description\" content=\"Este breve cuestionario de 20 preguntas est\u00e1 dise\u00f1ado para ayudarle a decidir si Alateen es adecuado para usted.\" \/>\n<meta property=\"og:url\" content=\"https:\/\/staging.al-anon.org\/es\/recien-llegados\/descubra-si-al-anonalateen-le-puede-ayudar\/examen-para-adolescentes\/\" \/>\n<meta property=\"og:site_name\" content=\"Al-Anon Family Groups\" \/>\n<meta property=\"article:publisher\" content=\"http:\/\/www.facebook.com\/AlAnonFamilyGroupsWSO\" \/>\n<meta property=\"article:modified_time\" content=\"2017-07-24T17:21:34+00:00\" \/>\n<meta property=\"og:image\" content=\"https:\/\/staging.al-anon.org\/wp-content\/uploads\/alateen_questions.jpg\" \/>\n\t<meta property=\"og:image:width\" content=\"1200\" \/>\n\t<meta property=\"og:image:height\" content=\"450\" \/>\n\t<meta property=\"og:image:type\" content=\"image\/jpeg\" \/>\n<meta name=\"twitter:card\" content=\"summary_large_image\" \/>\n<meta name=\"twitter:site\" content=\"@AlAnon_WSO\" \/>\n<meta name=\"twitter:label1\" content=\"Tiempo de lectura\" \/>\n\t<meta name=\"twitter:data1\" content=\"3 minutos\" \/>\n<script type=\"application\/ld+json\" class=\"yoast-schema-graph\">{\"@context\":\"https:\\\/\\\/schema.org\",\"@graph\":[{\"@type\":\"WebPage\",\"@id\":\"https:\\\/\\\/staging.al-anon.org\\\/es\\\/recien-llegados\\\/descubra-si-al-anonalateen-le-puede-ayudar\\\/examen-para-adolescentes\\\/\",\"url\":\"https:\\\/\\\/staging.al-anon.org\\\/es\\\/recien-llegados\\\/descubra-si-al-anonalateen-le-puede-ayudar\\\/examen-para-adolescentes\\\/\",\"name\":\"Tome una prueba y averig\u00fce si Alateen podr\u00eda ser para usted\",\"isPartOf\":{\"@id\":\"https:\\\/\\\/staging.al-anon.org\\\/es\\\/#website\"},\"primaryImageOfPage\":{\"@id\":\"https:\\\/\\\/staging.al-anon.org\\\/es\\\/recien-llegados\\\/descubra-si-al-anonalateen-le-puede-ayudar\\\/examen-para-adolescentes\\\/#primaryimage\"},\"image\":{\"@id\":\"https:\\\/\\\/staging.al-anon.org\\\/es\\\/recien-llegados\\\/descubra-si-al-anonalateen-le-puede-ayudar\\\/examen-para-adolescentes\\\/#primaryimage\"},\"thumbnailUrl\":\"https:\\\/\\\/staging.al-anon.org\\\/wp-content\\\/uploads\\\/alateen_questions.jpg\",\"datePublished\":\"2017-06-14T19:57:42+00:00\",\"dateModified\":\"2017-07-24T17:21:34+00:00\",\"description\":\"Este breve cuestionario de 20 preguntas est\u00e1 dise\u00f1ado para ayudarle a decidir si Alateen es adecuado para usted.\",\"breadcrumb\":{\"@id\":\"https:\\\/\\\/staging.al-anon.org\\\/es\\\/recien-llegados\\\/descubra-si-al-anonalateen-le-puede-ayudar\\\/examen-para-adolescentes\\\/#breadcrumb\"},\"inLanguage\":\"es\",\"potentialAction\":[{\"@type\":\"ReadAction\",\"target\":[\"https:\\\/\\\/staging.al-anon.org\\\/es\\\/recien-llegados\\\/descubra-si-al-anonalateen-le-puede-ayudar\\\/examen-para-adolescentes\\\/\"]}]},{\"@type\":\"ImageObject\",\"inLanguage\":\"es\",\"@id\":\"https:\\\/\\\/staging.al-anon.org\\\/es\\\/recien-llegados\\\/descubra-si-al-anonalateen-le-puede-ayudar\\\/examen-para-adolescentes\\\/#primaryimage\",\"url\":\"https:\\\/\\\/staging.al-anon.org\\\/wp-content\\\/uploads\\\/alateen_questions.jpg\",\"contentUrl\":\"https:\\\/\\\/staging.al-anon.org\\\/wp-content\\\/uploads\\\/alateen_questions.jpg\",\"width\":1200,\"height\":450},{\"@type\":\"BreadcrumbList\",\"@id\":\"https:\\\/\\\/staging.al-anon.org\\\/es\\\/recien-llegados\\\/descubra-si-al-anonalateen-le-puede-ayudar\\\/examen-para-adolescentes\\\/#breadcrumb\",\"itemListElement\":[{\"@type\":\"ListItem\",\"position\":1,\"name\":\"Reci\u00e9n Llegados\",\"item\":\"https:\\\/\\\/staging.al-anon.org\\\/es\\\/recien-llegados\\\/\"},{\"@type\":\"ListItem\",\"position\":2,\"name\":\"Descubra si Al-Anon\\\/Alateen le puede ayudar\",\"item\":\"https:\\\/\\\/staging.al-anon.org\\\/es\\\/recien-llegados\\\/descubra-si-al-anonalateen-le-puede-ayudar\\\/\"},{\"@type\":\"ListItem\",\"position\":3,\"name\":\"Examen para adolescentes\"}]},{\"@type\":\"WebSite\",\"@id\":\"https:\\\/\\\/staging.al-anon.org\\\/es\\\/#website\",\"url\":\"https:\\\/\\\/staging.al-anon.org\\\/es\\\/\",\"name\":\"Al-Anon Family Groups\",\"description\":\"Help and hope for families and friends of alcoholics\",\"publisher\":{\"@id\":\"https:\\\/\\\/staging.al-anon.org\\\/es\\\/#organization\"},\"potentialAction\":[{\"@type\":\"SearchAction\",\"target\":{\"@type\":\"EntryPoint\",\"urlTemplate\":\"https:\\\/\\\/staging.al-anon.org\\\/es\\\/?s={search_term_string}\"},\"query-input\":{\"@type\":\"PropertyValueSpecification\",\"valueRequired\":true,\"valueName\":\"search_term_string\"}}],\"inLanguage\":\"es\"},{\"@type\":\"Organization\",\"@id\":\"https:\\\/\\\/staging.al-anon.org\\\/es\\\/#organization\",\"name\":\"Al-Anon Family Group Headquarters, Inc.\",\"url\":\"https:\\\/\\\/staging.al-anon.org\\\/es\\\/\",\"logo\":{\"@type\":\"ImageObject\",\"inLanguage\":\"es\",\"@id\":\"https:\\\/\\\/staging.al-anon.org\\\/es\\\/#\\\/schema\\\/logo\\\/image\\\/\",\"url\":\"https:\\\/\\\/staging.al-anon.org\\\/wp-content\\\/uploads\\\/2017\\\/04\\\/AFGlogo-e1492189694634.jpg\",\"contentUrl\":\"https:\\\/\\\/staging.al-anon.org\\\/wp-content\\\/uploads\\\/2017\\\/04\\\/AFGlogo-e1492189694634.jpg\",\"width\":167,\"height\":50,\"caption\":\"Al-Anon Family Group Headquarters, Inc.\"},\"image\":{\"@id\":\"https:\\\/\\\/staging.al-anon.org\\\/es\\\/#\\\/schema\\\/logo\\\/image\\\/\"},\"sameAs\":[\"http:\\\/\\\/www.facebook.com\\\/AlAnonFamilyGroupsWSO\",\"https:\\\/\\\/x.com\\\/AlAnon_WSO\",\"http:\\\/\\\/www.instagram.com\\\/alanon_wso\",\"https:\\\/\\\/www.linkedin.com\\\/company\\\/al-anon-wso\\\/\",\"https:\\\/\\\/www.youtube.com\\\/user\\\/AlAnonFamilyGroupHQ\\\/\"]}]}<\/script>\n<!-- \/ Yoast SEO plugin. -->","yoast_head_json":{"title":"Tome una prueba y averig\u00fce si Alateen podr\u00eda ser para usted","description":"Este breve cuestionario de 20 preguntas est\u00e1 dise\u00f1ado para ayudarle a decidir si Alateen es adecuado para usted.","robots":{"index":"index","follow":"follow","max-snippet":"max-snippet:-1","max-image-preview":"max-image-preview:large","max-video-preview":"max-video-preview:-1"},"canonical":"https:\/\/staging.al-anon.org\/es\/recien-llegados\/descubra-si-al-anonalateen-le-puede-ayudar\/examen-para-adolescentes\/","og_locale":"es_ES","og_type":"article","og_title":"Tome una prueba y averig\u00fce si Alateen podr\u00eda ser para usted","og_description":"Este breve cuestionario de 20 preguntas est\u00e1 dise\u00f1ado para ayudarle a decidir si Alateen es adecuado para usted.","og_url":"https:\/\/staging.al-anon.org\/es\/recien-llegados\/descubra-si-al-anonalateen-le-puede-ayudar\/examen-para-adolescentes\/","og_site_name":"Al-Anon Family Groups","article_publisher":"http:\/\/www.facebook.com\/AlAnonFamilyGroupsWSO","article_modified_time":"2017-07-24T17:21:34+00:00","og_image":[{"width":1200,"height":450,"url":"https:\/\/staging.al-anon.org\/wp-content\/uploads\/alateen_questions.jpg","type":"image\/jpeg"}],"twitter_card":"summary_large_image","twitter_site":"@AlAnon_WSO","twitter_misc":{"Tiempo de lectura":"3 minutos"},"schema":{"@context":"https:\/\/schema.org","@graph":[{"@type":"WebPage","@id":"https:\/\/staging.al-anon.org\/es\/recien-llegados\/descubra-si-al-anonalateen-le-puede-ayudar\/examen-para-adolescentes\/","url":"https:\/\/staging.al-anon.org\/es\/recien-llegados\/descubra-si-al-anonalateen-le-puede-ayudar\/examen-para-adolescentes\/","name":"Tome una prueba y averig\u00fce si Alateen podr\u00eda ser para usted","isPartOf":{"@id":"https:\/\/staging.al-anon.org\/es\/#website"},"primaryImageOfPage":{"@id":"https:\/\/staging.al-anon.org\/es\/recien-llegados\/descubra-si-al-anonalateen-le-puede-ayudar\/examen-para-adolescentes\/#primaryimage"},"image":{"@id":"https:\/\/staging.al-anon.org\/es\/recien-llegados\/descubra-si-al-anonalateen-le-puede-ayudar\/examen-para-adolescentes\/#primaryimage"},"thumbnailUrl":"https:\/\/staging.al-anon.org\/wp-content\/uploads\/alateen_questions.jpg","datePublished":"2017-06-14T19:57:42+00:00","dateModified":"2017-07-24T17:21:34+00:00","description":"Este breve cuestionario de 20 preguntas est\u00e1 dise\u00f1ado para ayudarle a decidir si Alateen es adecuado para usted.","breadcrumb":{"@id":"https:\/\/staging.al-anon.org\/es\/recien-llegados\/descubra-si-al-anonalateen-le-puede-ayudar\/examen-para-adolescentes\/#breadcrumb"},"inLanguage":"es","potentialAction":[{"@type":"ReadAction","target":["https:\/\/staging.al-anon.org\/es\/recien-llegados\/descubra-si-al-anonalateen-le-puede-ayudar\/examen-para-adolescentes\/"]}]},{"@type":"ImageObject","inLanguage":"es","@id":"https:\/\/staging.al-anon.org\/es\/recien-llegados\/descubra-si-al-anonalateen-le-puede-ayudar\/examen-para-adolescentes\/#primaryimage","url":"https:\/\/staging.al-anon.org\/wp-content\/uploads\/alateen_questions.jpg","contentUrl":"https:\/\/staging.al-anon.org\/wp-content\/uploads\/alateen_questions.jpg","width":1200,"height":450},{"@type":"BreadcrumbList","@id":"https:\/\/staging.al-anon.org\/es\/recien-llegados\/descubra-si-al-anonalateen-le-puede-ayudar\/examen-para-adolescentes\/#breadcrumb","itemListElement":[{"@type":"ListItem","position":1,"name":"Reci\u00e9n Llegados","item":"https:\/\/staging.al-anon.org\/es\/recien-llegados\/"},{"@type":"ListItem","position":2,"name":"Descubra si Al-Anon\/Alateen le puede ayudar","item":"https:\/\/staging.al-anon.org\/es\/recien-llegados\/descubra-si-al-anonalateen-le-puede-ayudar\/"},{"@type":"ListItem","position":3,"name":"Examen para adolescentes"}]},{"@type":"WebSite","@id":"https:\/\/staging.al-anon.org\/es\/#website","url":"https:\/\/staging.al-anon.org\/es\/","name":"Al-Anon Family Groups","description":"Help and hope for families and friends of alcoholics","publisher":{"@id":"https:\/\/staging.al-anon.org\/es\/#organization"},"potentialAction":[{"@type":"SearchAction","target":{"@type":"EntryPoint","urlTemplate":"https:\/\/staging.al-anon.org\/es\/?s={search_term_string}"},"query-input":{"@type":"PropertyValueSpecification","valueRequired":true,"valueName":"search_term_string"}}],"inLanguage":"es"},{"@type":"Organization","@id":"https:\/\/staging.al-anon.org\/es\/#organization","name":"Al-Anon Family Group Headquarters, Inc.","url":"https:\/\/staging.al-anon.org\/es\/","logo":{"@type":"ImageObject","inLanguage":"es","@id":"https:\/\/staging.al-anon.org\/es\/#\/schema\/logo\/image\/","url":"https:\/\/staging.al-anon.org\/wp-content\/uploads\/2017\/04\/AFGlogo-e1492189694634.jpg","contentUrl":"https:\/\/staging.al-anon.org\/wp-content\/uploads\/2017\/04\/AFGlogo-e1492189694634.jpg","width":167,"height":50,"caption":"Al-Anon Family Group Headquarters, Inc."},"image":{"@id":"https:\/\/staging.al-anon.org\/es\/#\/schema\/logo\/image\/"},"sameAs":["http:\/\/www.facebook.com\/AlAnonFamilyGroupsWSO","https:\/\/x.com\/AlAnon_WSO","http:\/\/www.instagram.com\/alanon_wso","https:\/\/www.linkedin.com\/company\/al-anon-wso\/","https:\/\/www.youtube.com\/user\/AlAnonFamilyGroupHQ\/"]}]}},"_links":{"self":[{"href":"https:\/\/staging.al-anon.org\/es\/wp-json\/wp\/v2\/pages\/4910","targetHints":{"allow":["GET"]}}],"collection":[{"href":"https:\/\/staging.al-anon.org\/es\/wp-json\/wp\/v2\/pages"}],"about":[{"href":"https:\/\/staging.al-anon.org\/es\/wp-json\/wp\/v2\/types\/page"}],"author":[{"embeddable":true,"href":"https:\/\/staging.al-anon.org\/es\/wp-json\/wp\/v2\/users\/36"}],"replies":[{"embeddable":true,"href":"https:\/\/staging.al-anon.org\/es\/wp-json\/wp\/v2\/comments?post=4910"}],"version-history":[{"count":0,"href":"https:\/\/staging.al-anon.org\/es\/wp-json\/wp\/v2\/pages\/4910\/revisions"}],"up":[{"embeddable":true,"href":"https:\/\/staging.al-anon.org\/es\/wp-json\/wp\/v2\/pages\/4876"}],"wp:featuredmedia":[{"embeddable":true,"href":"https:\/\/staging.al-anon.org\/es\/wp-json\/wp\/v2\/media\/20763"}],"wp:attachment":[{"href":"https:\/\/staging.al-anon.org\/es\/wp-json\/wp\/v2\/media?parent=4910"}],"curies":[{"name":"wp","href":"https:\/\/api.w.org\/{rel}","templated":true}]}}