{"id":4876,"date":"2017-06-14T12:08:56","date_gmt":"2017-06-14T16:08:56","guid":{"rendered":"https:\/\/staging.al-anon.org\/recien-llegados\/descubra-si-al-anonalateen-le-puede-ayudar\/"},"modified":"2017-07-25T11:29:12","modified_gmt":"2017-07-25T15:29:12","slug":"descubra-si-al-anonalateen-le-puede-ayudar","status":"publish","type":"page","link":"https:\/\/staging.al-anon.org\/es\/recien-llegados\/descubra-si-al-anonalateen-le-puede-ayudar\/","title":{"rendered":"Descubra si Al-Anon\/Alateen le puede ayudar"},"content":{"rendered":"<div class=\"fusion-fullwidth fullwidth-box fusion-builder-row-1 nonhundred-percent-fullwidth non-hundred-percent-height-scrolling\" style=\"--awb-background-position:left top;--awb-border-radius-top-left:0px;--awb-border-radius-top-right:0px;--awb-border-radius-bottom-right:0px;--awb-border-radius-bottom-left:0px;--awb-padding-top:20px;--awb-padding-bottom:20px;--awb-border-sizes-top:0px;--awb-border-sizes-bottom:0px;--awb-flex-wrap:wrap;\" ><div class=\"fusion-builder-row fusion-row\"><div class=\"fusion-layout-column fusion_builder_column fusion-builder-column-0 fusion_builder_column_1_1 1_1 fusion-one-full fusion-column-first fusion-column-last\" style=\"--awb-bg-size:cover;\"><div class=\"fusion-column-wrapper fusion-flex-column-wrapper-legacy\"><div class=\"fusion-title title fusion-title-1 fusion-sep-none fusion-title-center fusion-title-text fusion-title-size-two\" style=\"--awb-margin-top-small:0px;--awb-margin-right-small:0px;--awb-margin-bottom-small:20px;--awb-margin-left-small:0px;\"><h2 class=\"fusion-title-heading title-heading-center fusion-responsive-typography-calculated\" style=\"margin:0;--fontSize:35;line-height:1.29;\"><h2>\u00bfHa sido afectada su vida por la bebida de otra persona?<\/h2><\/h2><\/div><div class=\"fusion-clearfix\"><\/div><\/div><\/div><div class=\"fusion-layout-column fusion_builder_column fusion-builder-column-1 fusion_builder_column_1_1 1_1 fusion-one-full fusion-column-first fusion-column-last\" style=\"--awb-bg-size:cover;\"><div class=\"fusion-column-wrapper fusion-flex-column-wrapper-legacy\"><div class=\"fusion-text fusion-text-1\"><p>Si alguien cercano a usted, tal como un miembro de la familia, un amigo, un compa\u00f1ero de trabajo o un vecino, tiene o ha tenido un problema con la bebida, Al-Anon le puede ayudar.<\/p>\n<p><strong data-redactor-tag=\"strong\">Para ayudarle a decidir si Al-Anon le puede ayudar, ofrecemos tres ex\u00e1menes de autoevaluaci\u00f3n:<\/strong><\/p>\n<ol>\n<li>Para\u00a0<strong data-redactor-tag=\"strong\">adultos<\/strong> que han sido afectados por el alcoholismo de otra persona<\/li>\n<li>Para <strong data-redactor-tag=\"strong\">adultos que crecieron junto <\/strong>al alcoholismo de otra persona y est\u00e1n afectados por este<\/li>\n<li>Para <strong data-redactor-tag=\"strong\">adolescentes<\/strong> que han sido afectados por el alcoholismo de otra persona<\/li>\n<\/ol>\n<p>La intenci\u00f3n de las preguntas en estos ex\u00e1menes no es juzgar a nadie ni ponerles etiquetas a personas importantes en nuestra vida. El prop\u00f3sito de las preguntas es simplemente ayudar a decidir si Al-Anon o Alateen podr\u00eda ayudar.<\/p>\n<\/div><div class=\"fusion-clearfix\"><\/div><\/div><\/div><div class=\"fusion-layout-column fusion_builder_column fusion-builder-column-2 fusion_builder_column_1_4 1_4 fusion-one-fourth fusion-column-first\" style=\"--awb-padding-bottom:10px;--awb-bg-size:cover;width:25%;width:calc(25% - ( ( 4% + 4% ) * 0.25 ) );margin-right: 4%;\"><div class=\"fusion-column-wrapper fusion-flex-column-wrapper-legacy\"><div class=\"fusion-button-wrapper fusion-aligncenter\"><a class=\"fusion-button button-flat fusion-button-default-size button-default fusion-button-default button-1 fusion-button-span-no fusion-button-default-type\" style=\"--button-border-radius-top-left:25px;--button-border-radius-top-right:25px;--button-border-radius-bottom-right:25px;--button-border-radius-bottom-left:25px;\" target=\"_blank\" rel=\"noopener noreferrer\" href=\"\/es\/recien-llegados\/descubra-si-al-anonalateen-le-puede-ayudar\/examen-para-adultos\/\"><span class=\"fusion-button-text awb-button__text awb-button__text--default\">Adultos<\/span><\/a><\/div><div class=\"fusion-clearfix\"><\/div><\/div><\/div><div class=\"fusion-layout-column fusion_builder_column fusion-builder-column-3 fusion_builder_column_1_2 1_2 fusion-one-half\" style=\"--awb-padding-bottom:10px;--awb-bg-size:cover;width:50%;width:calc(50% - ( ( 4% + 4% ) * 0.5 ) );margin-right: 4%;\"><div class=\"fusion-column-wrapper fusion-flex-column-wrapper-legacy\"><div class=\"fusion-button-wrapper fusion-aligncenter\"><a class=\"fusion-button button-flat fusion-button-default-size button-default fusion-button-default button-2 fusion-button-span-no fusion-button-default-type\" style=\"--button-border-radius-top-left:25px;--button-border-radius-top-right:25px;--button-border-radius-bottom-right:25px;--button-border-radius-bottom-left:25px;\" target=\"_blank\" rel=\"noopener noreferrer\" href=\"\/es\/recien-llegados\/descubra-si-al-anonalateen-le-puede-ayudar\/examen-para-quienes-crecieron-junto-a-una-persona-alcoholica\/\"><span class=\"fusion-button-text awb-button__text awb-button__text--default\">Adultos que crecieron junto a una persona alcoh\u00f3lica<\/span><\/a><\/div><div class=\"fusion-clearfix\"><\/div><\/div><\/div><div class=\"fusion-layout-column fusion_builder_column fusion-builder-column-4 fusion_builder_column_1_4 1_4 fusion-one-fourth fusion-column-last\" style=\"--awb-bg-size:cover;width:25%;width:calc(25% - ( ( 4% + 4% ) * 0.25 ) );\"><div class=\"fusion-column-wrapper fusion-flex-column-wrapper-legacy\"><div class=\"fusion-button-wrapper fusion-aligncenter\"><a class=\"fusion-button button-flat fusion-button-default-size button-default fusion-button-default button-3 fusion-button-span-no fusion-button-default-type\" style=\"--button-border-radius-top-left:25px;--button-border-radius-top-right:25px;--button-border-radius-bottom-right:25px;--button-border-radius-bottom-left:25px;\" target=\"_blank\" rel=\"noopener noreferrer\" href=\"\/es\/recien-llegados\/descubra-si-al-anonalateen-le-puede-ayudar\/examen-para-adolescentes\/\"><span class=\"fusion-button-text awb-button__text awb-button__text--default\">Adolescentes<\/span><\/a><\/div><div class=\"fusion-clearfix\"><\/div><\/div><\/div><\/div><\/div>\n","protected":false},"excerpt":{"rendered":"","protected":false},"author":36,"featured_media":20760,"parent":4828,"menu_order":2,"comment_status":"closed","ping_status":"closed","template":"","meta":{"footnotes":""},"class_list":["post-4876","page","type-page","status-publish","has-post-thumbnail","hentry"],"yoast_head":"<!-- This site is optimized with the Yoast SEO plugin v27.4 - https:\/\/yoast.com\/product\/yoast-seo-wordpress\/ -->\n<title>20 Cuestiones de pregunta para cualquier persona afectada por un alcoh\u00f3lico | Reuniones: 888-425-2666 | Grupos familiares de Al-Anon<\/title>\n<meta name=\"description\" content=\"Seleccione un cuestionario autom\u00e1tico y conteste las preguntas para ayudarle a decidir si su vida ha sido profundamente afectada por el alcoholismo de otra persona, y si Al-Anon puede ayudar.\" \/>\n<meta name=\"robots\" content=\"index, follow, max-snippet:-1, max-image-preview:large, max-video-preview:-1\" \/>\n<link rel=\"canonical\" href=\"https:\/\/staging.al-anon.org\/es\/recien-llegados\/descubra-si-al-anonalateen-le-puede-ayudar\/\" \/>\n<meta property=\"og:locale\" content=\"es_ES\" \/>\n<meta property=\"og:type\" content=\"article\" \/>\n<meta property=\"og:title\" content=\"20 Cuestiones de pregunta para cualquier persona afectada por un alcoh\u00f3lico | Reuniones: 888-425-2666 | Grupos familiares de Al-Anon\" \/>\n<meta property=\"og:description\" content=\"Seleccione un cuestionario autom\u00e1tico y conteste las preguntas para ayudarle a decidir si su vida ha sido profundamente afectada por el alcoholismo de otra persona, y si Al-Anon puede ayudar.\" \/>\n<meta property=\"og:url\" content=\"https:\/\/staging.al-anon.org\/es\/recien-llegados\/descubra-si-al-anonalateen-le-puede-ayudar\/\" \/>\n<meta property=\"og:site_name\" content=\"Al-Anon Family Groups\" \/>\n<meta property=\"article:publisher\" content=\"http:\/\/www.facebook.com\/AlAnonFamilyGroupsWSO\" \/>\n<meta property=\"article:modified_time\" content=\"2017-07-25T15:29:12+00:00\" \/>\n<meta property=\"og:image\" content=\"https:\/\/staging.al-anon.org\/wp-content\/uploads\/is_for_you-1.jpg\" \/>\n\t<meta property=\"og:image:width\" content=\"1200\" \/>\n\t<meta property=\"og:image:height\" content=\"450\" \/>\n\t<meta property=\"og:image:type\" content=\"image\/jpeg\" \/>\n<meta name=\"twitter:card\" content=\"summary_large_image\" \/>\n<meta name=\"twitter:site\" content=\"@AlAnon_WSO\" \/>\n<meta name=\"twitter:label1\" content=\"Tiempo de lectura\" \/>\n\t<meta name=\"twitter:data1\" content=\"4 minutos\" \/>\n<script type=\"application\/ld+json\" class=\"yoast-schema-graph\">{\"@context\":\"https:\\\/\\\/schema.org\",\"@graph\":[{\"@type\":\"WebPage\",\"@id\":\"https:\\\/\\\/staging.al-anon.org\\\/es\\\/recien-llegados\\\/descubra-si-al-anonalateen-le-puede-ayudar\\\/\",\"url\":\"https:\\\/\\\/staging.al-anon.org\\\/es\\\/recien-llegados\\\/descubra-si-al-anonalateen-le-puede-ayudar\\\/\",\"name\":\"20 Cuestiones de pregunta para cualquier persona afectada por un alcoh\u00f3lico | Reuniones: 888-425-2666 | Grupos familiares de Al-Anon\",\"isPartOf\":{\"@id\":\"https:\\\/\\\/staging.al-anon.org\\\/es\\\/#website\"},\"primaryImageOfPage\":{\"@id\":\"https:\\\/\\\/staging.al-anon.org\\\/es\\\/recien-llegados\\\/descubra-si-al-anonalateen-le-puede-ayudar\\\/#primaryimage\"},\"image\":{\"@id\":\"https:\\\/\\\/staging.al-anon.org\\\/es\\\/recien-llegados\\\/descubra-si-al-anonalateen-le-puede-ayudar\\\/#primaryimage\"},\"thumbnailUrl\":\"https:\\\/\\\/staging.al-anon.org\\\/wp-content\\\/uploads\\\/is_for_you-1.jpg\",\"datePublished\":\"2017-06-14T16:08:56+00:00\",\"dateModified\":\"2017-07-25T15:29:12+00:00\",\"description\":\"Seleccione un cuestionario autom\u00e1tico y conteste las preguntas para ayudarle a decidir si su vida ha sido profundamente afectada por el alcoholismo de otra persona, y si Al-Anon puede ayudar.\",\"breadcrumb\":{\"@id\":\"https:\\\/\\\/staging.al-anon.org\\\/es\\\/recien-llegados\\\/descubra-si-al-anonalateen-le-puede-ayudar\\\/#breadcrumb\"},\"inLanguage\":\"es\",\"potentialAction\":[{\"@type\":\"ReadAction\",\"target\":[\"https:\\\/\\\/staging.al-anon.org\\\/es\\\/recien-llegados\\\/descubra-si-al-anonalateen-le-puede-ayudar\\\/\"]}]},{\"@type\":\"ImageObject\",\"inLanguage\":\"es\",\"@id\":\"https:\\\/\\\/staging.al-anon.org\\\/es\\\/recien-llegados\\\/descubra-si-al-anonalateen-le-puede-ayudar\\\/#primaryimage\",\"url\":\"https:\\\/\\\/staging.al-anon.org\\\/wp-content\\\/uploads\\\/is_for_you-1.jpg\",\"contentUrl\":\"https:\\\/\\\/staging.al-anon.org\\\/wp-content\\\/uploads\\\/is_for_you-1.jpg\",\"width\":1200,\"height\":450},{\"@type\":\"BreadcrumbList\",\"@id\":\"https:\\\/\\\/staging.al-anon.org\\\/es\\\/recien-llegados\\\/descubra-si-al-anonalateen-le-puede-ayudar\\\/#breadcrumb\",\"itemListElement\":[{\"@type\":\"ListItem\",\"position\":1,\"name\":\"Reci\u00e9n Llegados\",\"item\":\"https:\\\/\\\/staging.al-anon.org\\\/es\\\/recien-llegados\\\/\"},{\"@type\":\"ListItem\",\"position\":2,\"name\":\"Descubra si Al-Anon\\\/Alateen le puede ayudar\"}]},{\"@type\":\"WebSite\",\"@id\":\"https:\\\/\\\/staging.al-anon.org\\\/es\\\/#website\",\"url\":\"https:\\\/\\\/staging.al-anon.org\\\/es\\\/\",\"name\":\"Al-Anon Family Groups\",\"description\":\"Help and hope for families and friends of alcoholics\",\"publisher\":{\"@id\":\"https:\\\/\\\/staging.al-anon.org\\\/es\\\/#organization\"},\"potentialAction\":[{\"@type\":\"SearchAction\",\"target\":{\"@type\":\"EntryPoint\",\"urlTemplate\":\"https:\\\/\\\/staging.al-anon.org\\\/es\\\/?s={search_term_string}\"},\"query-input\":{\"@type\":\"PropertyValueSpecification\",\"valueRequired\":true,\"valueName\":\"search_term_string\"}}],\"inLanguage\":\"es\"},{\"@type\":\"Organization\",\"@id\":\"https:\\\/\\\/staging.al-anon.org\\\/es\\\/#organization\",\"name\":\"Al-Anon Family Group Headquarters, Inc.\",\"url\":\"https:\\\/\\\/staging.al-anon.org\\\/es\\\/\",\"logo\":{\"@type\":\"ImageObject\",\"inLanguage\":\"es\",\"@id\":\"https:\\\/\\\/staging.al-anon.org\\\/es\\\/#\\\/schema\\\/logo\\\/image\\\/\",\"url\":\"https:\\\/\\\/staging.al-anon.org\\\/wp-content\\\/uploads\\\/2017\\\/04\\\/AFGlogo-e1492189694634.jpg\",\"contentUrl\":\"https:\\\/\\\/staging.al-anon.org\\\/wp-content\\\/uploads\\\/2017\\\/04\\\/AFGlogo-e1492189694634.jpg\",\"width\":167,\"height\":50,\"caption\":\"Al-Anon Family Group Headquarters, Inc.\"},\"image\":{\"@id\":\"https:\\\/\\\/staging.al-anon.org\\\/es\\\/#\\\/schema\\\/logo\\\/image\\\/\"},\"sameAs\":[\"http:\\\/\\\/www.facebook.com\\\/AlAnonFamilyGroupsWSO\",\"https:\\\/\\\/x.com\\\/AlAnon_WSO\",\"http:\\\/\\\/www.instagram.com\\\/alanon_wso\",\"https:\\\/\\\/www.linkedin.com\\\/company\\\/al-anon-wso\\\/\",\"https:\\\/\\\/www.youtube.com\\\/user\\\/AlAnonFamilyGroupHQ\\\/\"]}]}<\/script>\n<!-- \/ Yoast SEO plugin. -->","yoast_head_json":{"title":"20 Cuestiones de pregunta para cualquier persona afectada por un alcoh\u00f3lico | Reuniones: 888-425-2666 | Grupos familiares de Al-Anon","description":"Seleccione un cuestionario autom\u00e1tico y conteste las preguntas para ayudarle a decidir si su vida ha sido profundamente afectada por el alcoholismo de otra persona, y si Al-Anon puede ayudar.","robots":{"index":"index","follow":"follow","max-snippet":"max-snippet:-1","max-image-preview":"max-image-preview:large","max-video-preview":"max-video-preview:-1"},"canonical":"https:\/\/staging.al-anon.org\/es\/recien-llegados\/descubra-si-al-anonalateen-le-puede-ayudar\/","og_locale":"es_ES","og_type":"article","og_title":"20 Cuestiones de pregunta para cualquier persona afectada por un alcoh\u00f3lico | Reuniones: 888-425-2666 | Grupos familiares de Al-Anon","og_description":"Seleccione un cuestionario autom\u00e1tico y conteste las preguntas para ayudarle a decidir si su vida ha sido profundamente afectada por el alcoholismo de otra persona, y si Al-Anon puede ayudar.","og_url":"https:\/\/staging.al-anon.org\/es\/recien-llegados\/descubra-si-al-anonalateen-le-puede-ayudar\/","og_site_name":"Al-Anon Family Groups","article_publisher":"http:\/\/www.facebook.com\/AlAnonFamilyGroupsWSO","article_modified_time":"2017-07-25T15:29:12+00:00","og_image":[{"width":1200,"height":450,"url":"https:\/\/staging.al-anon.org\/wp-content\/uploads\/is_for_you-1.jpg","type":"image\/jpeg"}],"twitter_card":"summary_large_image","twitter_site":"@AlAnon_WSO","twitter_misc":{"Tiempo de lectura":"4 minutos"},"schema":{"@context":"https:\/\/schema.org","@graph":[{"@type":"WebPage","@id":"https:\/\/staging.al-anon.org\/es\/recien-llegados\/descubra-si-al-anonalateen-le-puede-ayudar\/","url":"https:\/\/staging.al-anon.org\/es\/recien-llegados\/descubra-si-al-anonalateen-le-puede-ayudar\/","name":"20 Cuestiones de pregunta para cualquier persona afectada por un alcoh\u00f3lico | Reuniones: 888-425-2666 | Grupos familiares de Al-Anon","isPartOf":{"@id":"https:\/\/staging.al-anon.org\/es\/#website"},"primaryImageOfPage":{"@id":"https:\/\/staging.al-anon.org\/es\/recien-llegados\/descubra-si-al-anonalateen-le-puede-ayudar\/#primaryimage"},"image":{"@id":"https:\/\/staging.al-anon.org\/es\/recien-llegados\/descubra-si-al-anonalateen-le-puede-ayudar\/#primaryimage"},"thumbnailUrl":"https:\/\/staging.al-anon.org\/wp-content\/uploads\/is_for_you-1.jpg","datePublished":"2017-06-14T16:08:56+00:00","dateModified":"2017-07-25T15:29:12+00:00","description":"Seleccione un cuestionario autom\u00e1tico y conteste las preguntas para ayudarle a decidir si su vida ha sido profundamente afectada por el alcoholismo de otra persona, y si Al-Anon puede ayudar.","breadcrumb":{"@id":"https:\/\/staging.al-anon.org\/es\/recien-llegados\/descubra-si-al-anonalateen-le-puede-ayudar\/#breadcrumb"},"inLanguage":"es","potentialAction":[{"@type":"ReadAction","target":["https:\/\/staging.al-anon.org\/es\/recien-llegados\/descubra-si-al-anonalateen-le-puede-ayudar\/"]}]},{"@type":"ImageObject","inLanguage":"es","@id":"https:\/\/staging.al-anon.org\/es\/recien-llegados\/descubra-si-al-anonalateen-le-puede-ayudar\/#primaryimage","url":"https:\/\/staging.al-anon.org\/wp-content\/uploads\/is_for_you-1.jpg","contentUrl":"https:\/\/staging.al-anon.org\/wp-content\/uploads\/is_for_you-1.jpg","width":1200,"height":450},{"@type":"BreadcrumbList","@id":"https:\/\/staging.al-anon.org\/es\/recien-llegados\/descubra-si-al-anonalateen-le-puede-ayudar\/#breadcrumb","itemListElement":[{"@type":"ListItem","position":1,"name":"Reci\u00e9n Llegados","item":"https:\/\/staging.al-anon.org\/es\/recien-llegados\/"},{"@type":"ListItem","position":2,"name":"Descubra si Al-Anon\/Alateen le puede ayudar"}]},{"@type":"WebSite","@id":"https:\/\/staging.al-anon.org\/es\/#website","url":"https:\/\/staging.al-anon.org\/es\/","name":"Al-Anon Family Groups","description":"Help and hope for families and friends of alcoholics","publisher":{"@id":"https:\/\/staging.al-anon.org\/es\/#organization"},"potentialAction":[{"@type":"SearchAction","target":{"@type":"EntryPoint","urlTemplate":"https:\/\/staging.al-anon.org\/es\/?s={search_term_string}"},"query-input":{"@type":"PropertyValueSpecification","valueRequired":true,"valueName":"search_term_string"}}],"inLanguage":"es"},{"@type":"Organization","@id":"https:\/\/staging.al-anon.org\/es\/#organization","name":"Al-Anon Family Group Headquarters, Inc.","url":"https:\/\/staging.al-anon.org\/es\/","logo":{"@type":"ImageObject","inLanguage":"es","@id":"https:\/\/staging.al-anon.org\/es\/#\/schema\/logo\/image\/","url":"https:\/\/staging.al-anon.org\/wp-content\/uploads\/2017\/04\/AFGlogo-e1492189694634.jpg","contentUrl":"https:\/\/staging.al-anon.org\/wp-content\/uploads\/2017\/04\/AFGlogo-e1492189694634.jpg","width":167,"height":50,"caption":"Al-Anon Family Group Headquarters, Inc."},"image":{"@id":"https:\/\/staging.al-anon.org\/es\/#\/schema\/logo\/image\/"},"sameAs":["http:\/\/www.facebook.com\/AlAnonFamilyGroupsWSO","https:\/\/x.com\/AlAnon_WSO","http:\/\/www.instagram.com\/alanon_wso","https:\/\/www.linkedin.com\/company\/al-anon-wso\/","https:\/\/www.youtube.com\/user\/AlAnonFamilyGroupHQ\/"]}]}},"_links":{"self":[{"href":"https:\/\/staging.al-anon.org\/es\/wp-json\/wp\/v2\/pages\/4876","targetHints":{"allow":["GET"]}}],"collection":[{"href":"https:\/\/staging.al-anon.org\/es\/wp-json\/wp\/v2\/pages"}],"about":[{"href":"https:\/\/staging.al-anon.org\/es\/wp-json\/wp\/v2\/types\/page"}],"author":[{"embeddable":true,"href":"https:\/\/staging.al-anon.org\/es\/wp-json\/wp\/v2\/users\/36"}],"replies":[{"embeddable":true,"href":"https:\/\/staging.al-anon.org\/es\/wp-json\/wp\/v2\/comments?post=4876"}],"version-history":[{"count":0,"href":"https:\/\/staging.al-anon.org\/es\/wp-json\/wp\/v2\/pages\/4876\/revisions"}],"up":[{"embeddable":true,"href":"https:\/\/staging.al-anon.org\/es\/wp-json\/wp\/v2\/pages\/4828"}],"wp:featuredmedia":[{"embeddable":true,"href":"https:\/\/staging.al-anon.org\/es\/wp-json\/wp\/v2\/media\/20760"}],"wp:attachment":[{"href":"https:\/\/staging.al-anon.org\/es\/wp-json\/wp\/v2\/media?parent=4876"}],"curies":[{"name":"wp","href":"https:\/\/api.w.org\/{rel}","templated":true}]}}