{"id":38518,"date":"2023-03-03T16:01:24","date_gmt":"2023-03-03T21:01:24","guid":{"rendered":"https:\/\/staging.al-anon.org\/?page_id=38518"},"modified":"2023-03-03T16:01:24","modified_gmt":"2023-03-03T21:01:24","slug":"transferir-un-grupo-electronico-del-area-geografica-a-aeg","status":"publish","type":"page","link":"https:\/\/staging.al-anon.org\/es\/para-los-miembros\/recursos-para-los-grupos\/registro-de-grupo\/solicitud-de-transferencia-de-area-para-un-grupo-electronico-de-al-anon\/transferir-un-grupo-electronico-del-area-geografica-a-aeg\/","title":{"rendered":"Transferir un grupo electr\u00f3nico del \u00c1rea Geogr\u00e1fica a AEG"},"content":{"rendered":"<div class=\"fusion-fullwidth fullwidth-box fusion-builder-row-1 fusion-flex-container has-pattern-background has-mask-background nonhundred-percent-fullwidth non-hundred-percent-height-scrolling\" style=\"--awb-border-radius-top-left:0px;--awb-border-radius-top-right:0px;--awb-border-radius-bottom-right:0px;--awb-border-radius-bottom-left:0px;--awb-flex-wrap:wrap;\" ><div class=\"fusion-builder-row fusion-row fusion-flex-align-items-flex-start fusion-flex-content-wrap\" style=\"max-width:1414.4px;margin-left: calc(-4% \/ 2 );margin-right: calc(-4% \/ 2 );\"><div class=\"fusion-layout-column fusion_builder_column fusion-builder-column-0 fusion_builder_column_1_1 1_1 fusion-flex-column\" style=\"--awb-bg-size:cover;--awb-width-large:100%;--awb-margin-top-large:0px;--awb-spacing-right-large:1.92%;--awb-margin-bottom-large:0px;--awb-spacing-left-large:1.92%;--awb-width-medium:100%;--awb-order-medium:0;--awb-spacing-right-medium:1.92%;--awb-spacing-left-medium:1.92%;--awb-width-small:100%;--awb-order-small:0;--awb-spacing-right-small:1.92%;--awb-spacing-left-small:1.92%;\"><div class=\"fusion-column-wrapper fusion-column-has-shadow fusion-flex-justify-content-flex-start fusion-content-layout-column\"><script type=\"text\/javascript\" src=\"https:\/\/form.jotform.com\/jsform\/230403738047149\"><\/script><\/div><\/div><\/div><\/div>\n","protected":false},"excerpt":{"rendered":"","protected":false},"author":36,"featured_media":0,"parent":38530,"menu_order":0,"comment_status":"closed","ping_status":"closed","template":"","meta":{"footnotes":""},"class_list":["post-38518","page","type-page","status-publish","hentry"],"yoast_head":"<!-- This site is optimized with the Yoast SEO plugin v27.4 - https:\/\/yoast.com\/product\/yoast-seo-wordpress\/ -->\n<title>Transferir un grupo electr\u00f3nico del \u00c1rea Geogr\u00e1fica a AEG - Al-Anon Family Groups<\/title>\n<meta name=\"robots\" content=\"index, follow, max-snippet:-1, max-image-preview:large, max-video-preview:-1\" \/>\n<link rel=\"canonical\" href=\"https:\/\/staging.al-anon.org\/es\/para-los-miembros\/recursos-para-los-grupos\/registro-de-grupo\/solicitud-de-transferencia-de-area-para-un-grupo-electronico-de-al-anon\/transferir-un-grupo-electronico-del-area-geografica-a-aeg\/\" \/>\n<meta property=\"og:locale\" content=\"es_ES\" \/>\n<meta property=\"og:type\" content=\"article\" \/>\n<meta property=\"og:title\" content=\"Transferir un grupo electr\u00f3nico del \u00c1rea Geogr\u00e1fica a AEG - Al-Anon Family Groups\" \/>\n<meta property=\"og:url\" content=\"https:\/\/staging.al-anon.org\/es\/para-los-miembros\/recursos-para-los-grupos\/registro-de-grupo\/solicitud-de-transferencia-de-area-para-un-grupo-electronico-de-al-anon\/transferir-un-grupo-electronico-del-area-geografica-a-aeg\/\" \/>\n<meta property=\"og:site_name\" content=\"Al-Anon Family Groups\" \/>\n<meta property=\"article:publisher\" content=\"http:\/\/www.facebook.com\/AlAnonFamilyGroupsWSO\" \/>\n<meta name=\"twitter:card\" content=\"summary_large_image\" \/>\n<meta name=\"twitter:site\" content=\"@AlAnon_WSO\" \/>\n<meta name=\"twitter:label1\" content=\"Tiempo de lectura\" \/>\n\t<meta name=\"twitter:data1\" content=\"2 minutos\" \/>\n<script type=\"application\/ld+json\" class=\"yoast-schema-graph\">{\"@context\":\"https:\\\/\\\/schema.org\",\"@graph\":[{\"@type\":\"WebPage\",\"@id\":\"https:\\\/\\\/staging.al-anon.org\\\/es\\\/para-los-miembros\\\/recursos-para-los-grupos\\\/registro-de-grupo\\\/solicitud-de-transferencia-de-area-para-un-grupo-electronico-de-al-anon\\\/transferir-un-grupo-electronico-del-area-geografica-a-aeg\\\/\",\"url\":\"https:\\\/\\\/staging.al-anon.org\\\/es\\\/para-los-miembros\\\/recursos-para-los-grupos\\\/registro-de-grupo\\\/solicitud-de-transferencia-de-area-para-un-grupo-electronico-de-al-anon\\\/transferir-un-grupo-electronico-del-area-geografica-a-aeg\\\/\",\"name\":\"Transferir un grupo electr\u00f3nico del \u00c1rea Geogr\u00e1fica a AEG - Al-Anon Family Groups\",\"isPartOf\":{\"@id\":\"https:\\\/\\\/staging.al-anon.org\\\/es\\\/#website\"},\"datePublished\":\"2023-03-03T21:01:24+00:00\",\"breadcrumb\":{\"@id\":\"https:\\\/\\\/staging.al-anon.org\\\/es\\\/para-los-miembros\\\/recursos-para-los-grupos\\\/registro-de-grupo\\\/solicitud-de-transferencia-de-area-para-un-grupo-electronico-de-al-anon\\\/transferir-un-grupo-electronico-del-area-geografica-a-aeg\\\/#breadcrumb\"},\"inLanguage\":\"es\",\"potentialAction\":[{\"@type\":\"ReadAction\",\"target\":[\"https:\\\/\\\/staging.al-anon.org\\\/es\\\/para-los-miembros\\\/recursos-para-los-grupos\\\/registro-de-grupo\\\/solicitud-de-transferencia-de-area-para-un-grupo-electronico-de-al-anon\\\/transferir-un-grupo-electronico-del-area-geografica-a-aeg\\\/\"]}]},{\"@type\":\"BreadcrumbList\",\"@id\":\"https:\\\/\\\/staging.al-anon.org\\\/es\\\/para-los-miembros\\\/recursos-para-los-grupos\\\/registro-de-grupo\\\/solicitud-de-transferencia-de-area-para-un-grupo-electronico-de-al-anon\\\/transferir-un-grupo-electronico-del-area-geografica-a-aeg\\\/#breadcrumb\",\"itemListElement\":[{\"@type\":\"ListItem\",\"position\":1,\"name\":\"Para los miembros\",\"item\":\"https:\\\/\\\/staging.al-anon.org\\\/es\\\/para-los-miembros\\\/\"},{\"@type\":\"ListItem\",\"position\":2,\"name\":\"Recursos para los grupos\",\"item\":\"https:\\\/\\\/staging.al-anon.org\\\/es\\\/para-los-miembros\\\/recursos-para-los-grupos\\\/\"},{\"@type\":\"ListItem\",\"position\":3,\"name\":\"Registro de Grupo\",\"item\":\"https:\\\/\\\/staging.al-anon.org\\\/es\\\/para-los-miembros\\\/recursos-para-los-grupos\\\/registro-de-grupo\\\/\"},{\"@type\":\"ListItem\",\"position\":4,\"name\":\"Solicitud de transferencia de \u00c1rea para un grupo electr\u00f3nico de Al-Anon\",\"item\":\"https:\\\/\\\/staging.al-anon.org\\\/es\\\/para-los-miembros\\\/recursos-para-los-grupos\\\/registro-de-grupo\\\/solicitud-de-transferencia-de-area-para-un-grupo-electronico-de-al-anon\\\/\"},{\"@type\":\"ListItem\",\"position\":5,\"name\":\"Transferir un grupo electr\u00f3nico del \u00c1rea Geogr\u00e1fica a AEG\"}]},{\"@type\":\"WebSite\",\"@id\":\"https:\\\/\\\/staging.al-anon.org\\\/es\\\/#website\",\"url\":\"https:\\\/\\\/staging.al-anon.org\\\/es\\\/\",\"name\":\"Al-Anon Family Groups\",\"description\":\"Help and hope for families and friends of alcoholics\",\"publisher\":{\"@id\":\"https:\\\/\\\/staging.al-anon.org\\\/es\\\/#organization\"},\"potentialAction\":[{\"@type\":\"SearchAction\",\"target\":{\"@type\":\"EntryPoint\",\"urlTemplate\":\"https:\\\/\\\/staging.al-anon.org\\\/es\\\/?s={search_term_string}\"},\"query-input\":{\"@type\":\"PropertyValueSpecification\",\"valueRequired\":true,\"valueName\":\"search_term_string\"}}],\"inLanguage\":\"es\"},{\"@type\":\"Organization\",\"@id\":\"https:\\\/\\\/staging.al-anon.org\\\/es\\\/#organization\",\"name\":\"Al-Anon Family Group Headquarters, Inc.\",\"url\":\"https:\\\/\\\/staging.al-anon.org\\\/es\\\/\",\"logo\":{\"@type\":\"ImageObject\",\"inLanguage\":\"es\",\"@id\":\"https:\\\/\\\/staging.al-anon.org\\\/es\\\/#\\\/schema\\\/logo\\\/image\\\/\",\"url\":\"https:\\\/\\\/staging.al-anon.org\\\/wp-content\\\/uploads\\\/2017\\\/04\\\/AFGlogo-e1492189694634.jpg\",\"contentUrl\":\"https:\\\/\\\/staging.al-anon.org\\\/wp-content\\\/uploads\\\/2017\\\/04\\\/AFGlogo-e1492189694634.jpg\",\"width\":167,\"height\":50,\"caption\":\"Al-Anon Family Group Headquarters, Inc.\"},\"image\":{\"@id\":\"https:\\\/\\\/staging.al-anon.org\\\/es\\\/#\\\/schema\\\/logo\\\/image\\\/\"},\"sameAs\":[\"http:\\\/\\\/www.facebook.com\\\/AlAnonFamilyGroupsWSO\",\"https:\\\/\\\/x.com\\\/AlAnon_WSO\",\"http:\\\/\\\/www.instagram.com\\\/alanon_wso\",\"https:\\\/\\\/www.linkedin.com\\\/company\\\/al-anon-wso\\\/\",\"https:\\\/\\\/www.youtube.com\\\/user\\\/AlAnonFamilyGroupHQ\\\/\"]}]}<\/script>\n<!-- \/ Yoast SEO plugin. -->","yoast_head_json":{"title":"Transferir un grupo electr\u00f3nico del \u00c1rea Geogr\u00e1fica a AEG - Al-Anon Family Groups","robots":{"index":"index","follow":"follow","max-snippet":"max-snippet:-1","max-image-preview":"max-image-preview:large","max-video-preview":"max-video-preview:-1"},"canonical":"https:\/\/staging.al-anon.org\/es\/para-los-miembros\/recursos-para-los-grupos\/registro-de-grupo\/solicitud-de-transferencia-de-area-para-un-grupo-electronico-de-al-anon\/transferir-un-grupo-electronico-del-area-geografica-a-aeg\/","og_locale":"es_ES","og_type":"article","og_title":"Transferir un grupo electr\u00f3nico del \u00c1rea Geogr\u00e1fica a AEG - Al-Anon Family Groups","og_url":"https:\/\/staging.al-anon.org\/es\/para-los-miembros\/recursos-para-los-grupos\/registro-de-grupo\/solicitud-de-transferencia-de-area-para-un-grupo-electronico-de-al-anon\/transferir-un-grupo-electronico-del-area-geografica-a-aeg\/","og_site_name":"Al-Anon Family Groups","article_publisher":"http:\/\/www.facebook.com\/AlAnonFamilyGroupsWSO","twitter_card":"summary_large_image","twitter_site":"@AlAnon_WSO","twitter_misc":{"Tiempo de lectura":"2 minutos"},"schema":{"@context":"https:\/\/schema.org","@graph":[{"@type":"WebPage","@id":"https:\/\/staging.al-anon.org\/es\/para-los-miembros\/recursos-para-los-grupos\/registro-de-grupo\/solicitud-de-transferencia-de-area-para-un-grupo-electronico-de-al-anon\/transferir-un-grupo-electronico-del-area-geografica-a-aeg\/","url":"https:\/\/staging.al-anon.org\/es\/para-los-miembros\/recursos-para-los-grupos\/registro-de-grupo\/solicitud-de-transferencia-de-area-para-un-grupo-electronico-de-al-anon\/transferir-un-grupo-electronico-del-area-geografica-a-aeg\/","name":"Transferir un grupo electr\u00f3nico del \u00c1rea Geogr\u00e1fica a AEG - Al-Anon Family Groups","isPartOf":{"@id":"https:\/\/staging.al-anon.org\/es\/#website"},"datePublished":"2023-03-03T21:01:24+00:00","breadcrumb":{"@id":"https:\/\/staging.al-anon.org\/es\/para-los-miembros\/recursos-para-los-grupos\/registro-de-grupo\/solicitud-de-transferencia-de-area-para-un-grupo-electronico-de-al-anon\/transferir-un-grupo-electronico-del-area-geografica-a-aeg\/#breadcrumb"},"inLanguage":"es","potentialAction":[{"@type":"ReadAction","target":["https:\/\/staging.al-anon.org\/es\/para-los-miembros\/recursos-para-los-grupos\/registro-de-grupo\/solicitud-de-transferencia-de-area-para-un-grupo-electronico-de-al-anon\/transferir-un-grupo-electronico-del-area-geografica-a-aeg\/"]}]},{"@type":"BreadcrumbList","@id":"https:\/\/staging.al-anon.org\/es\/para-los-miembros\/recursos-para-los-grupos\/registro-de-grupo\/solicitud-de-transferencia-de-area-para-un-grupo-electronico-de-al-anon\/transferir-un-grupo-electronico-del-area-geografica-a-aeg\/#breadcrumb","itemListElement":[{"@type":"ListItem","position":1,"name":"Para los miembros","item":"https:\/\/staging.al-anon.org\/es\/para-los-miembros\/"},{"@type":"ListItem","position":2,"name":"Recursos para los grupos","item":"https:\/\/staging.al-anon.org\/es\/para-los-miembros\/recursos-para-los-grupos\/"},{"@type":"ListItem","position":3,"name":"Registro de Grupo","item":"https:\/\/staging.al-anon.org\/es\/para-los-miembros\/recursos-para-los-grupos\/registro-de-grupo\/"},{"@type":"ListItem","position":4,"name":"Solicitud de transferencia de \u00c1rea para un grupo electr\u00f3nico de Al-Anon","item":"https:\/\/staging.al-anon.org\/es\/para-los-miembros\/recursos-para-los-grupos\/registro-de-grupo\/solicitud-de-transferencia-de-area-para-un-grupo-electronico-de-al-anon\/"},{"@type":"ListItem","position":5,"name":"Transferir un grupo electr\u00f3nico del \u00c1rea Geogr\u00e1fica a AEG"}]},{"@type":"WebSite","@id":"https:\/\/staging.al-anon.org\/es\/#website","url":"https:\/\/staging.al-anon.org\/es\/","name":"Al-Anon Family Groups","description":"Help and hope for families and friends of alcoholics","publisher":{"@id":"https:\/\/staging.al-anon.org\/es\/#organization"},"potentialAction":[{"@type":"SearchAction","target":{"@type":"EntryPoint","urlTemplate":"https:\/\/staging.al-anon.org\/es\/?s={search_term_string}"},"query-input":{"@type":"PropertyValueSpecification","valueRequired":true,"valueName":"search_term_string"}}],"inLanguage":"es"},{"@type":"Organization","@id":"https:\/\/staging.al-anon.org\/es\/#organization","name":"Al-Anon Family Group Headquarters, Inc.","url":"https:\/\/staging.al-anon.org\/es\/","logo":{"@type":"ImageObject","inLanguage":"es","@id":"https:\/\/staging.al-anon.org\/es\/#\/schema\/logo\/image\/","url":"https:\/\/staging.al-anon.org\/wp-content\/uploads\/2017\/04\/AFGlogo-e1492189694634.jpg","contentUrl":"https:\/\/staging.al-anon.org\/wp-content\/uploads\/2017\/04\/AFGlogo-e1492189694634.jpg","width":167,"height":50,"caption":"Al-Anon Family Group Headquarters, Inc."},"image":{"@id":"https:\/\/staging.al-anon.org\/es\/#\/schema\/logo\/image\/"},"sameAs":["http:\/\/www.facebook.com\/AlAnonFamilyGroupsWSO","https:\/\/x.com\/AlAnon_WSO","http:\/\/www.instagram.com\/alanon_wso","https:\/\/www.linkedin.com\/company\/al-anon-wso\/","https:\/\/www.youtube.com\/user\/AlAnonFamilyGroupHQ\/"]}]}},"_links":{"self":[{"href":"https:\/\/staging.al-anon.org\/es\/wp-json\/wp\/v2\/pages\/38518","targetHints":{"allow":["GET"]}}],"collection":[{"href":"https:\/\/staging.al-anon.org\/es\/wp-json\/wp\/v2\/pages"}],"about":[{"href":"https:\/\/staging.al-anon.org\/es\/wp-json\/wp\/v2\/types\/page"}],"author":[{"embeddable":true,"href":"https:\/\/staging.al-anon.org\/es\/wp-json\/wp\/v2\/users\/36"}],"replies":[{"embeddable":true,"href":"https:\/\/staging.al-anon.org\/es\/wp-json\/wp\/v2\/comments?post=38518"}],"version-history":[{"count":4,"href":"https:\/\/staging.al-anon.org\/es\/wp-json\/wp\/v2\/pages\/38518\/revisions"}],"predecessor-version":[{"id":38524,"href":"https:\/\/staging.al-anon.org\/es\/wp-json\/wp\/v2\/pages\/38518\/revisions\/38524"}],"up":[{"embeddable":true,"href":"https:\/\/staging.al-anon.org\/es\/wp-json\/wp\/v2\/pages\/38530"}],"wp:attachment":[{"href":"https:\/\/staging.al-anon.org\/es\/wp-json\/wp\/v2\/media?parent=38518"}],"curies":[{"name":"wp","href":"https:\/\/api.w.org\/{rel}","templated":true}]}}