{"id":38370,"date":"2023-03-15T11:25:52","date_gmt":"2023-03-15T15:25:52","guid":{"rendered":"https:\/\/staging.al-anon.org\/?page_id=38370"},"modified":"2023-03-15T11:25:53","modified_gmt":"2023-03-15T15:25:53","slug":"el-dilema-del-matrimonio-con-un-alcoholico","status":"publish","type":"page","link":"https:\/\/staging.al-anon.org\/es\/para-los-miembros\/recursos-para-los-miembros\/literatura\/literatura-al-anon-y-alateen\/el-dilema-del-matrimonio-con-un-alcoholico\/","title":{"rendered":"El dilema del matrimonio con un alcoh\u00f3lico"},"content":{"rendered":"<p><div class=\"fusion-fullwidth fullwidth-box fusion-builder-row-1 nonhundred-percent-fullwidth non-hundred-percent-height-scrolling\" style=\"--awb-border-radius-top-left:0px;--awb-border-radius-top-right:0px;--awb-border-radius-bottom-right:0px;--awb-border-radius-bottom-left:0px;--awb-flex-wrap:wrap;\" ><div class=\"fusion-builder-row fusion-row\"><div class=\"fusion-layout-column fusion_builder_column fusion-builder-column-0 fusion_builder_column_1_6 1_6 fusion-one-sixth fusion-column-first\" style=\"--awb-bg-size:cover;width:16.666666666667%;width:calc(16.666666666667% - ( ( 4% + 4% ) * 0.16666666666667 ) );margin-right: 4%;\"><div class=\"fusion-column-wrapper fusion-column-has-shadow fusion-flex-column-wrapper-legacy\"><div class=\"fusion-column-content-centered\"><div class=\"fusion-column-content\"><\/div><\/div><div class=\"fusion-clearfix\"><\/div><\/div><\/div><div class=\"fusion-layout-column fusion_builder_column fusion-builder-column-1 fusion_builder_column_1_5 1_5 fusion-one-fifth\" style=\"--awb-bg-size:cover;width:20%;width:calc(20% - ( ( 4% + 4% ) * 0.2 ) );margin-right: 4%;\"><div class=\"fusion-column-wrapper fusion-column-has-shadow fusion-flex-column-wrapper-legacy\"><div class=\"fusion-column-content-centered\"><div class=\"fusion-column-content\"><div class=\"fusion-sep-clear\"><\/div><div class=\"fusion-separator fusion-full-width-sep\" style=\"margin-left: auto;margin-right: auto;margin-top:10px;margin-bottom:10px;width:100%;\"><\/div><div class=\"fusion-sep-clear\"><\/div><div class=\"fusion-image-element fusion-image-align-center in-legacy-container\" style=\"text-align:center;--awb-caption-title-font-family:var(--h2_typography-font-family);--awb-caption-title-font-weight:var(--h2_typography-font-weight);--awb-caption-title-font-style:var(--h2_typography-font-style);--awb-caption-title-size:var(--h2_typography-font-size);--awb-caption-title-transform:var(--h2_typography-text-transform);--awb-caption-title-line-height:var(--h2_typography-line-height);--awb-caption-title-letter-spacing:var(--h2_typography-letter-spacing);\"><div class=\"imageframe-align-center\"><span class=\" fusion-imageframe imageframe-none imageframe-1 hover-type-none\"><a class=\"fusion-no-lightbox\" href=\"\/es\/blog\/el-dilema-del-matrimonio-con-un-alcoholico\/\" target=\"_self\" aria-label=\"SB4\"><img decoding=\"async\" width=\"198\" height=\"300\" alt=\"El dilema del matrimonio con un alcoh\u00f3lico (SB-4)\" src=\"https:\/\/staging.al-anon.org\/wp-content\/uploads\/\/SB4-198x300.jpg\" class=\"img-responsive wp-image-38378\" srcset=\"https:\/\/staging.al-anon.org\/wp-content\/uploads\/SB4-200x303.jpg 200w, https:\/\/staging.al-anon.org\/wp-content\/uploads\/SB4-400x605.jpg 400w, https:\/\/staging.al-anon.org\/wp-content\/uploads\/SB4-600x908.jpg 600w, https:\/\/staging.al-anon.org\/wp-content\/uploads\/SB4.jpg 793w\" sizes=\"(max-width: 950px) 100vw, 400px\" \/><\/a><\/span><\/div><\/div><div class=\"fusion-sep-clear\"><\/div><div class=\"fusion-separator fusion-full-width-sep\" style=\"margin-left: auto;margin-right: auto;margin-top:10px;margin-bottom:10px;width:100%;\"><\/div><div class=\"fusion-sep-clear\"><\/div><\/div><\/div><div class=\"fusion-clearfix\"><\/div><\/div><\/div><div class=\"fusion-layout-column fusion_builder_column fusion-builder-column-2 fusion_builder_column_3_5 3_5 fusion-three-fifth fusion-column-last\" style=\"--awb-bg-size:cover;width:60%;width:calc(60% - ( ( 4% + 4% ) * 0.6 ) );\"><div class=\"fusion-column-wrapper fusion-column-has-shadow fusion-flex-column-wrapper-legacy\"><div class=\"fusion-title title fusion-title-1 fusion-sep-none fusion-title-center fusion-title-text fusion-title-size-three\" style=\"--awb-margin-top-small:0px;--awb-margin-right-small:0px;--awb-margin-bottom-small:20px;--awb-margin-left-small:0px;\"><h3 class=\"fusion-title-heading title-heading-center fusion-responsive-typography-calculated\" style=\"margin:0;--fontSize:26;line-height:1.62;\">El dilema del matrimonio con un alcoh\u00f3lico<\/h3><\/div><div class=\"fusion-sep-clear\"><\/div><div class=\"fusion-separator fusion-full-width-sep\" style=\"margin-left: auto;margin-right: auto;margin-top:10px;margin-bottom:10px;width:100%;\"><\/div><div class=\"fusion-sep-clear\"><\/div><div class=\"fusion-text fusion-text-1\"><p>Le ayuda al c\u00f3nyuge a enfrentar los problemas que surgen de su relaci\u00f3n con la persona alcoh\u00f3lica. Discute los temas de la ira, la comunicaci\u00f3n, el sexo y otros m\u00e1s.<\/p>\n<\/div><div class=\"fusion-sep-clear\"><\/div><div class=\"fusion-separator fusion-full-width-sep\" style=\"margin-left: auto;margin-right: auto;margin-top:10px;margin-bottom:10px;width:100%;\"><\/div><div class=\"fusion-sep-clear\"><\/div><div class=\"fusion-builder-row fusion-builder-row-inner fusion-row\"><div class=\"fusion-layout-column fusion_builder_column_inner fusion-builder-nested-column-0 fusion_builder_column_inner_1_2 1_2 fusion-one-half fusion-column-first\" style=\"--awb-bg-size:cover;width:50%;width:calc(50% - ( ( 4% ) * 0.5 ) );margin-right: 4%;\"><div class=\"fusion-column-wrapper fusion-column-has-shadow fusion-flex-column-wrapper-legacy\"><div class=\"fusion-button-wrapper fusion-aligncenter\"><a class=\"fusion-button button-3d button-medium button-default fusion-button-default button-1 fusion-button-span-no \" style=\"--button-border-radius-top-left:50px;--button-border-radius-top-right:50px;--button-border-radius-bottom-right:50px;--button-border-radius-bottom-left:50px;\" target=\"_self\" href=\"\/pdf\/SB4-Pr\u00f3logo.pdf\"><span class=\"fusion-button-text awb-button__text awb-button__text--default\">Pr\u00f3logo<\/span><\/a><\/div><div class=\"fusion-sep-clear\"><\/div><div class=\"fusion-separator fusion-full-width-sep\" style=\"margin-left: auto;margin-right: auto;margin-top:10px;margin-bottom:10px;width:100%;\"><\/div><div class=\"fusion-sep-clear\"><\/div><div class=\"fusion-clearfix\"><\/div><\/div><\/div><div class=\"fusion-layout-column fusion_builder_column_inner fusion-builder-nested-column-1 fusion_builder_column_inner_1_2 1_2 fusion-one-half fusion-column-last\" style=\"--awb-bg-size:cover;width:50%;width:calc(50% - ( ( 4% ) * 0.5 ) );\"><div class=\"fusion-column-wrapper fusion-column-has-shadow fusion-flex-column-wrapper-legacy\"><div class=\"fusion-button-wrapper fusion-aligncenter\"><a class=\"fusion-button button-3d button-medium button-default fusion-button-default button-2 fusion-button-span-no \" style=\"--button-border-radius-top-left:50px;--button-border-radius-top-right:50px;--button-border-radius-bottom-right:50px;--button-border-radius-bottom-left:50px;\" target=\"_self\" href=\"\/es\/blog\/el-dilema-del-matrimonio-con-un-alcoholico\/\"><span class=\"fusion-button-text awb-button__text awb-button__text--default\">Lee una muestra<\/span><\/a><\/div><div class=\"fusion-sep-clear\"><\/div><div class=\"fusion-separator fusion-full-width-sep\" style=\"margin-left: auto;margin-right: auto;margin-top:10px;margin-bottom:10px;width:100%;\"><\/div><div class=\"fusion-sep-clear\"><\/div><div class=\"fusion-clearfix\"><\/div><\/div><\/div><\/div><div class=\"fusion-sep-clear\"><\/div><div class=\"fusion-separator fusion-full-width-sep\" style=\"margin-left: auto;margin-right: auto;margin-top:10px;margin-bottom:10px;width:100%;\"><\/div><div class=\"fusion-sep-clear\"><\/div><div class=\"fusion-clearfix\"><\/div><\/div><\/div><\/div><\/div><div class=\"fusion-fullwidth fullwidth-box fusion-builder-row-2 nonhundred-percent-fullwidth non-hundred-percent-height-scrolling\" style=\"--awb-border-radius-top-left:0px;--awb-border-radius-top-right:0px;--awb-border-radius-bottom-right:0px;--awb-border-radius-bottom-left:0px;--awb-flex-wrap:wrap;\" ><div class=\"fusion-builder-row fusion-row\"><div class=\"fusion-layout-column fusion_builder_column fusion-builder-column-3 fusion_builder_column_1_1 1_1 fusion-one-full fusion-column-first fusion-column-last\" style=\"--awb-bg-size:cover;\"><div class=\"fusion-column-wrapper fusion-column-has-shadow fusion-flex-column-wrapper-legacy\"><div class=\"fusion-tabs fusion-tabs-1 classic nav-is-justified horizontal-tabs icon-position-left mobile-mode-accordion\" style=\"--awb-title-border-radius-top-left:0px;--awb-title-border-radius-top-right:0px;--awb-title-border-radius-bottom-right:0px;--awb-title-border-radius-bottom-left:0px;--awb-alignment:start;--awb-inactive-color:rgba(0,32,102,0.44);--awb-background-color:#f4f4f4;--awb-border-color:#000000;--awb-active-border-color:#3f7ccd;\"><div class=\"nav\"><ul class=\"nav-tabs nav-justified\" role=\"tablist\" aria-orientation=\"horizontal\"><li class=\"active\" role=\"presentation\"><a class=\"tab-link\" data-toggle=\"tab\" role=\"tab\" aria-controls=\"tab-99ce32a0af199a1f7ca\" aria-selected=\"true\" tabindex=\"0\" id=\"fusion-tab-99ce32a0af199a1f7ca\" href=\"#tab-99ce32a0af199a1f7ca\"><h4 class=\"fusion-tab-heading\">Libro impreso<\/h4><\/a><\/li><\/ul><\/div><div class=\"tab-content\"><div class=\"nav fusion-mobile-tab-nav\"><ul class=\"nav-tabs nav-justified\" role=\"tablist\" aria-orientation=\"horizontal\"><li class=\"active\" role=\"presentation\"><a class=\"tab-link\" data-toggle=\"tab\" role=\"tab\" aria-controls=\"tab-99ce32a0af199a1f7ca\" aria-selected=\"true\" tabindex=\"0\" id=\"mobile-fusion-tab-99ce32a0af199a1f7ca\" href=\"#tab-99ce32a0af199a1f7ca\"><h4 class=\"fusion-tab-heading\">Libro impreso<\/h4><\/a><\/li><\/ul><\/div><div class=\"tab-pane fade fusion-clearfix in active\" role=\"tabpanel\" tabindex=\"0\" aria-labelledby=\"fusion-tab-99ce32a0af199a1f7ca\" id=\"tab-99ce32a0af199a1f7ca\"><div class=\"fusion-button-wrapper fusion-aligncenter\"><a class=\"fusion-button button-3d fusion-button-default-size button-default fusion-button-default button-3 fusion-button-span-no \" style=\"--button-border-radius-top-left:50px;--button-border-radius-top-right:50px;--button-border-radius-bottom-right:50px;--button-border-radius-bottom-left:50px;\" target=\"_self\" href=\"https:\/\/ecomm.al-anon.org\/es\/ItemDetail?iProductCode=SB4\"><span class=\"fusion-button-text awb-button__text awb-button__text--default\">Libro impreso<\/span><\/a><\/div><\/div><\/div><\/div><div class=\"fusion-clearfix\"><\/div><\/div><\/div><\/div><\/div><\/p>\n","protected":false},"excerpt":{"rendered":"","protected":false},"author":36,"featured_media":38378,"parent":4960,"menu_order":0,"comment_status":"closed","ping_status":"closed","template":"","meta":{"footnotes":""},"class_list":["post-38370","page","type-page","status-publish","has-post-thumbnail","hentry"],"yoast_head":"<!-- This site is optimized with the Yoast SEO plugin v27.6 - https:\/\/yoast.com\/product\/yoast-seo-wordpress\/ -->\n<title>El dilema del matrimonio con un alcoh\u00f3lico - Al-Anon Family Groups<\/title>\n<meta name=\"description\" content=\"Le ayuda al c\u00f3nyuge a enfrentar los problemas que surgen de su relaci\u00f3n con la persona alcoh\u00f3lica. Discute los temas de la ira, la comunicaci\u00f3n, el sexo y otros m\u00e1s.\" \/>\n<meta name=\"robots\" content=\"index, follow, max-snippet:-1, max-image-preview:large, max-video-preview:-1\" \/>\n<link rel=\"canonical\" href=\"https:\/\/staging.al-anon.org\/es\/para-los-miembros\/recursos-para-los-miembros\/literatura\/literatura-al-anon-y-alateen\/el-dilema-del-matrimonio-con-un-alcoholico\/\" \/>\n<meta property=\"og:locale\" content=\"es_ES\" \/>\n<meta property=\"og:type\" content=\"article\" \/>\n<meta property=\"og:title\" content=\"El dilema del matrimonio con un alcoh\u00f3lico - Al-Anon Family Groups\" \/>\n<meta property=\"og:description\" content=\"Le ayuda al c\u00f3nyuge a enfrentar los problemas que surgen de su relaci\u00f3n con la persona alcoh\u00f3lica. Discute los temas de la ira, la comunicaci\u00f3n, el sexo y otros m\u00e1s.\" \/>\n<meta property=\"og:url\" content=\"https:\/\/staging.al-anon.org\/es\/para-los-miembros\/recursos-para-los-miembros\/literatura\/literatura-al-anon-y-alateen\/el-dilema-del-matrimonio-con-un-alcoholico\/\" \/>\n<meta property=\"og:site_name\" content=\"Al-Anon Family Groups\" \/>\n<meta property=\"article:publisher\" content=\"http:\/\/www.facebook.com\/AlAnonFamilyGroupsWSO\" \/>\n<meta property=\"article:modified_time\" content=\"2023-03-15T15:25:53+00:00\" \/>\n<meta property=\"og:image\" content=\"https:\/\/staging.al-anon.org\/wp-content\/uploads\/SB4.jpg\" \/>\n\t<meta property=\"og:image:width\" content=\"793\" \/>\n\t<meta property=\"og:image:height\" content=\"1200\" \/>\n\t<meta property=\"og:image:type\" content=\"image\/jpeg\" \/>\n<meta name=\"twitter:card\" content=\"summary_large_image\" \/>\n<meta name=\"twitter:site\" content=\"@AlAnon_WSO\" \/>\n<meta name=\"twitter:label1\" content=\"Tiempo de lectura\" \/>\n\t<meta name=\"twitter:data1\" content=\"6 minutos\" \/>\n<script type=\"application\/ld+json\" class=\"yoast-schema-graph\">{\"@context\":\"https:\\\/\\\/schema.org\",\"@graph\":[{\"@type\":\"WebPage\",\"@id\":\"https:\\\/\\\/staging.al-anon.org\\\/es\\\/para-los-miembros\\\/recursos-para-los-miembros\\\/literatura\\\/literatura-al-anon-y-alateen\\\/el-dilema-del-matrimonio-con-un-alcoholico\\\/\",\"url\":\"https:\\\/\\\/staging.al-anon.org\\\/es\\\/para-los-miembros\\\/recursos-para-los-miembros\\\/literatura\\\/literatura-al-anon-y-alateen\\\/el-dilema-del-matrimonio-con-un-alcoholico\\\/\",\"name\":\"El dilema del matrimonio con un alcoh\u00f3lico - Al-Anon Family Groups\",\"isPartOf\":{\"@id\":\"https:\\\/\\\/staging.al-anon.org\\\/es\\\/#website\"},\"primaryImageOfPage\":{\"@id\":\"https:\\\/\\\/staging.al-anon.org\\\/es\\\/para-los-miembros\\\/recursos-para-los-miembros\\\/literatura\\\/literatura-al-anon-y-alateen\\\/el-dilema-del-matrimonio-con-un-alcoholico\\\/#primaryimage\"},\"image\":{\"@id\":\"https:\\\/\\\/staging.al-anon.org\\\/es\\\/para-los-miembros\\\/recursos-para-los-miembros\\\/literatura\\\/literatura-al-anon-y-alateen\\\/el-dilema-del-matrimonio-con-un-alcoholico\\\/#primaryimage\"},\"thumbnailUrl\":\"https:\\\/\\\/staging.al-anon.org\\\/wp-content\\\/uploads\\\/SB4.jpg\",\"datePublished\":\"2023-03-15T15:25:52+00:00\",\"dateModified\":\"2023-03-15T15:25:53+00:00\",\"description\":\"Le ayuda al c\u00f3nyuge a enfrentar los problemas que surgen de su relaci\u00f3n con la persona alcoh\u00f3lica. Discute los temas de la ira, la comunicaci\u00f3n, el sexo y otros m\u00e1s.\",\"breadcrumb\":{\"@id\":\"https:\\\/\\\/staging.al-anon.org\\\/es\\\/para-los-miembros\\\/recursos-para-los-miembros\\\/literatura\\\/literatura-al-anon-y-alateen\\\/el-dilema-del-matrimonio-con-un-alcoholico\\\/#breadcrumb\"},\"inLanguage\":\"es\",\"potentialAction\":[{\"@type\":\"ReadAction\",\"target\":[\"https:\\\/\\\/staging.al-anon.org\\\/es\\\/para-los-miembros\\\/recursos-para-los-miembros\\\/literatura\\\/literatura-al-anon-y-alateen\\\/el-dilema-del-matrimonio-con-un-alcoholico\\\/\"]}]},{\"@type\":\"ImageObject\",\"inLanguage\":\"es\",\"@id\":\"https:\\\/\\\/staging.al-anon.org\\\/es\\\/para-los-miembros\\\/recursos-para-los-miembros\\\/literatura\\\/literatura-al-anon-y-alateen\\\/el-dilema-del-matrimonio-con-un-alcoholico\\\/#primaryimage\",\"url\":\"https:\\\/\\\/staging.al-anon.org\\\/wp-content\\\/uploads\\\/SB4.jpg\",\"contentUrl\":\"https:\\\/\\\/staging.al-anon.org\\\/wp-content\\\/uploads\\\/SB4.jpg\",\"width\":793,\"height\":1200,\"caption\":\"El dilema del matrimonio con un alcoh\u00f3lico (SB-4)\"},{\"@type\":\"BreadcrumbList\",\"@id\":\"https:\\\/\\\/staging.al-anon.org\\\/es\\\/para-los-miembros\\\/recursos-para-los-miembros\\\/literatura\\\/literatura-al-anon-y-alateen\\\/el-dilema-del-matrimonio-con-un-alcoholico\\\/#breadcrumb\",\"itemListElement\":[{\"@type\":\"ListItem\",\"position\":1,\"name\":\"Para los miembros\",\"item\":\"https:\\\/\\\/staging.al-anon.org\\\/es\\\/para-los-miembros\\\/\"},{\"@type\":\"ListItem\",\"position\":2,\"name\":\"Recursos para los miembros\",\"item\":\"https:\\\/\\\/staging.al-anon.org\\\/es\\\/para-los-miembros\\\/recursos-para-los-miembros\\\/\"},{\"@type\":\"ListItem\",\"position\":3,\"name\":\"Literatura\",\"item\":\"https:\\\/\\\/staging.al-anon.org\\\/es\\\/para-los-miembros\\\/recursos-para-los-miembros\\\/literatura\\\/\"},{\"@type\":\"ListItem\",\"position\":4,\"name\":\"Literatura Al-Anon y Alateen\",\"item\":\"https:\\\/\\\/staging.al-anon.org\\\/es\\\/para-los-miembros\\\/recursos-para-los-miembros\\\/literatura\\\/literatura-al-anon-y-alateen\\\/\"},{\"@type\":\"ListItem\",\"position\":5,\"name\":\"El dilema del matrimonio con un alcoh\u00f3lico\"}]},{\"@type\":\"WebSite\",\"@id\":\"https:\\\/\\\/staging.al-anon.org\\\/es\\\/#website\",\"url\":\"https:\\\/\\\/staging.al-anon.org\\\/es\\\/\",\"name\":\"Al-Anon Family Groups\",\"description\":\"Help and hope for families and friends of alcoholics\",\"publisher\":{\"@id\":\"https:\\\/\\\/staging.al-anon.org\\\/es\\\/#organization\"},\"potentialAction\":[{\"@type\":\"SearchAction\",\"target\":{\"@type\":\"EntryPoint\",\"urlTemplate\":\"https:\\\/\\\/staging.al-anon.org\\\/es\\\/?s={search_term_string}\"},\"query-input\":{\"@type\":\"PropertyValueSpecification\",\"valueRequired\":true,\"valueName\":\"search_term_string\"}}],\"inLanguage\":\"es\"},{\"@type\":\"Organization\",\"@id\":\"https:\\\/\\\/staging.al-anon.org\\\/es\\\/#organization\",\"name\":\"Al-Anon Family Group Headquarters, Inc.\",\"url\":\"https:\\\/\\\/staging.al-anon.org\\\/es\\\/\",\"logo\":{\"@type\":\"ImageObject\",\"inLanguage\":\"es\",\"@id\":\"https:\\\/\\\/staging.al-anon.org\\\/es\\\/#\\\/schema\\\/logo\\\/image\\\/\",\"url\":\"https:\\\/\\\/staging.al-anon.org\\\/wp-content\\\/uploads\\\/2017\\\/04\\\/AFGlogo-e1492189694634.jpg\",\"contentUrl\":\"https:\\\/\\\/staging.al-anon.org\\\/wp-content\\\/uploads\\\/2017\\\/04\\\/AFGlogo-e1492189694634.jpg\",\"width\":167,\"height\":50,\"caption\":\"Al-Anon Family Group Headquarters, Inc.\"},\"image\":{\"@id\":\"https:\\\/\\\/staging.al-anon.org\\\/es\\\/#\\\/schema\\\/logo\\\/image\\\/\"},\"sameAs\":[\"http:\\\/\\\/www.facebook.com\\\/AlAnonFamilyGroupsWSO\",\"https:\\\/\\\/x.com\\\/AlAnon_WSO\",\"http:\\\/\\\/www.instagram.com\\\/alanon_wso\",\"https:\\\/\\\/www.linkedin.com\\\/company\\\/al-anon-wso\\\/\",\"https:\\\/\\\/www.youtube.com\\\/user\\\/AlAnonFamilyGroupHQ\\\/\"]}]}<\/script>\n<!-- \/ Yoast SEO plugin. -->","yoast_head_json":{"title":"El dilema del matrimonio con un alcoh\u00f3lico - Al-Anon Family Groups","description":"Le ayuda al c\u00f3nyuge a enfrentar los problemas que surgen de su relaci\u00f3n con la persona alcoh\u00f3lica. Discute los temas de la ira, la comunicaci\u00f3n, el sexo y otros m\u00e1s.","robots":{"index":"index","follow":"follow","max-snippet":"max-snippet:-1","max-image-preview":"max-image-preview:large","max-video-preview":"max-video-preview:-1"},"canonical":"https:\/\/staging.al-anon.org\/es\/para-los-miembros\/recursos-para-los-miembros\/literatura\/literatura-al-anon-y-alateen\/el-dilema-del-matrimonio-con-un-alcoholico\/","og_locale":"es_ES","og_type":"article","og_title":"El dilema del matrimonio con un alcoh\u00f3lico - Al-Anon Family Groups","og_description":"Le ayuda al c\u00f3nyuge a enfrentar los problemas que surgen de su relaci\u00f3n con la persona alcoh\u00f3lica. Discute los temas de la ira, la comunicaci\u00f3n, el sexo y otros m\u00e1s.","og_url":"https:\/\/staging.al-anon.org\/es\/para-los-miembros\/recursos-para-los-miembros\/literatura\/literatura-al-anon-y-alateen\/el-dilema-del-matrimonio-con-un-alcoholico\/","og_site_name":"Al-Anon Family Groups","article_publisher":"http:\/\/www.facebook.com\/AlAnonFamilyGroupsWSO","article_modified_time":"2023-03-15T15:25:53+00:00","og_image":[{"width":793,"height":1200,"url":"https:\/\/staging.al-anon.org\/wp-content\/uploads\/SB4.jpg","type":"image\/jpeg"}],"twitter_card":"summary_large_image","twitter_site":"@AlAnon_WSO","twitter_misc":{"Tiempo de lectura":"6 minutos"},"schema":{"@context":"https:\/\/schema.org","@graph":[{"@type":"WebPage","@id":"https:\/\/staging.al-anon.org\/es\/para-los-miembros\/recursos-para-los-miembros\/literatura\/literatura-al-anon-y-alateen\/el-dilema-del-matrimonio-con-un-alcoholico\/","url":"https:\/\/staging.al-anon.org\/es\/para-los-miembros\/recursos-para-los-miembros\/literatura\/literatura-al-anon-y-alateen\/el-dilema-del-matrimonio-con-un-alcoholico\/","name":"El dilema del matrimonio con un alcoh\u00f3lico - Al-Anon Family Groups","isPartOf":{"@id":"https:\/\/staging.al-anon.org\/es\/#website"},"primaryImageOfPage":{"@id":"https:\/\/staging.al-anon.org\/es\/para-los-miembros\/recursos-para-los-miembros\/literatura\/literatura-al-anon-y-alateen\/el-dilema-del-matrimonio-con-un-alcoholico\/#primaryimage"},"image":{"@id":"https:\/\/staging.al-anon.org\/es\/para-los-miembros\/recursos-para-los-miembros\/literatura\/literatura-al-anon-y-alateen\/el-dilema-del-matrimonio-con-un-alcoholico\/#primaryimage"},"thumbnailUrl":"https:\/\/staging.al-anon.org\/wp-content\/uploads\/SB4.jpg","datePublished":"2023-03-15T15:25:52+00:00","dateModified":"2023-03-15T15:25:53+00:00","description":"Le ayuda al c\u00f3nyuge a enfrentar los problemas que surgen de su relaci\u00f3n con la persona alcoh\u00f3lica. Discute los temas de la ira, la comunicaci\u00f3n, el sexo y otros m\u00e1s.","breadcrumb":{"@id":"https:\/\/staging.al-anon.org\/es\/para-los-miembros\/recursos-para-los-miembros\/literatura\/literatura-al-anon-y-alateen\/el-dilema-del-matrimonio-con-un-alcoholico\/#breadcrumb"},"inLanguage":"es","potentialAction":[{"@type":"ReadAction","target":["https:\/\/staging.al-anon.org\/es\/para-los-miembros\/recursos-para-los-miembros\/literatura\/literatura-al-anon-y-alateen\/el-dilema-del-matrimonio-con-un-alcoholico\/"]}]},{"@type":"ImageObject","inLanguage":"es","@id":"https:\/\/staging.al-anon.org\/es\/para-los-miembros\/recursos-para-los-miembros\/literatura\/literatura-al-anon-y-alateen\/el-dilema-del-matrimonio-con-un-alcoholico\/#primaryimage","url":"https:\/\/staging.al-anon.org\/wp-content\/uploads\/SB4.jpg","contentUrl":"https:\/\/staging.al-anon.org\/wp-content\/uploads\/SB4.jpg","width":793,"height":1200,"caption":"El dilema del matrimonio con un alcoh\u00f3lico (SB-4)"},{"@type":"BreadcrumbList","@id":"https:\/\/staging.al-anon.org\/es\/para-los-miembros\/recursos-para-los-miembros\/literatura\/literatura-al-anon-y-alateen\/el-dilema-del-matrimonio-con-un-alcoholico\/#breadcrumb","itemListElement":[{"@type":"ListItem","position":1,"name":"Para los miembros","item":"https:\/\/staging.al-anon.org\/es\/para-los-miembros\/"},{"@type":"ListItem","position":2,"name":"Recursos para los miembros","item":"https:\/\/staging.al-anon.org\/es\/para-los-miembros\/recursos-para-los-miembros\/"},{"@type":"ListItem","position":3,"name":"Literatura","item":"https:\/\/staging.al-anon.org\/es\/para-los-miembros\/recursos-para-los-miembros\/literatura\/"},{"@type":"ListItem","position":4,"name":"Literatura Al-Anon y Alateen","item":"https:\/\/staging.al-anon.org\/es\/para-los-miembros\/recursos-para-los-miembros\/literatura\/literatura-al-anon-y-alateen\/"},{"@type":"ListItem","position":5,"name":"El dilema del matrimonio con un alcoh\u00f3lico"}]},{"@type":"WebSite","@id":"https:\/\/staging.al-anon.org\/es\/#website","url":"https:\/\/staging.al-anon.org\/es\/","name":"Al-Anon Family Groups","description":"Help and hope for families and friends of alcoholics","publisher":{"@id":"https:\/\/staging.al-anon.org\/es\/#organization"},"potentialAction":[{"@type":"SearchAction","target":{"@type":"EntryPoint","urlTemplate":"https:\/\/staging.al-anon.org\/es\/?s={search_term_string}"},"query-input":{"@type":"PropertyValueSpecification","valueRequired":true,"valueName":"search_term_string"}}],"inLanguage":"es"},{"@type":"Organization","@id":"https:\/\/staging.al-anon.org\/es\/#organization","name":"Al-Anon Family Group Headquarters, Inc.","url":"https:\/\/staging.al-anon.org\/es\/","logo":{"@type":"ImageObject","inLanguage":"es","@id":"https:\/\/staging.al-anon.org\/es\/#\/schema\/logo\/image\/","url":"https:\/\/staging.al-anon.org\/wp-content\/uploads\/2017\/04\/AFGlogo-e1492189694634.jpg","contentUrl":"https:\/\/staging.al-anon.org\/wp-content\/uploads\/2017\/04\/AFGlogo-e1492189694634.jpg","width":167,"height":50,"caption":"Al-Anon Family Group Headquarters, Inc."},"image":{"@id":"https:\/\/staging.al-anon.org\/es\/#\/schema\/logo\/image\/"},"sameAs":["http:\/\/www.facebook.com\/AlAnonFamilyGroupsWSO","https:\/\/x.com\/AlAnon_WSO","http:\/\/www.instagram.com\/alanon_wso","https:\/\/www.linkedin.com\/company\/al-anon-wso\/","https:\/\/www.youtube.com\/user\/AlAnonFamilyGroupHQ\/"]}]}},"_links":{"self":[{"href":"https:\/\/staging.al-anon.org\/es\/wp-json\/wp\/v2\/pages\/38370","targetHints":{"allow":["GET"]}}],"collection":[{"href":"https:\/\/staging.al-anon.org\/es\/wp-json\/wp\/v2\/pages"}],"about":[{"href":"https:\/\/staging.al-anon.org\/es\/wp-json\/wp\/v2\/types\/page"}],"author":[{"embeddable":true,"href":"https:\/\/staging.al-anon.org\/es\/wp-json\/wp\/v2\/users\/36"}],"replies":[{"embeddable":true,"href":"https:\/\/staging.al-anon.org\/es\/wp-json\/wp\/v2\/comments?post=38370"}],"version-history":[{"count":13,"href":"https:\/\/staging.al-anon.org\/es\/wp-json\/wp\/v2\/pages\/38370\/revisions"}],"predecessor-version":[{"id":38714,"href":"https:\/\/staging.al-anon.org\/es\/wp-json\/wp\/v2\/pages\/38370\/revisions\/38714"}],"up":[{"embeddable":true,"href":"https:\/\/staging.al-anon.org\/es\/wp-json\/wp\/v2\/pages\/4960"}],"wp:featuredmedia":[{"embeddable":true,"href":"https:\/\/staging.al-anon.org\/es\/wp-json\/wp\/v2\/media\/38378"}],"wp:attachment":[{"href":"https:\/\/staging.al-anon.org\/es\/wp-json\/wp\/v2\/media?parent=38370"}],"curies":[{"name":"wp","href":"https:\/\/api.w.org\/{rel}","templated":true}]}}