{"id":12646,"date":"2017-11-28T16:37:44","date_gmt":"2017-11-28T21:37:44","guid":{"rendered":"https:\/\/al-anon.org\/?page_id=12646\/"},"modified":"2022-11-30T17:07:08","modified_gmt":"2022-11-30T22:07:08","slug":"recursos-de-literatura","status":"publish","type":"page","link":"https:\/\/staging.al-anon.org\/es\/para-los-miembros\/recursos-para-los-miembros\/literatura\/recursos-de-literatura\/","title":{"rendered":"Recursos de literatura"},"content":{"rendered":"<p><div class=\"fusion-fullwidth fullwidth-box fusion-builder-row-1 nonhundred-percent-fullwidth non-hundred-percent-height-scrolling\" style=\"--awb-border-radius-top-left:0px;--awb-border-radius-top-right:0px;--awb-border-radius-bottom-right:0px;--awb-border-radius-bottom-left:0px;--awb-flex-wrap:wrap;\" ><div class=\"fusion-builder-row fusion-row\"><div class=\"fusion-layout-column fusion_builder_column fusion-builder-column-0 fusion_builder_column_1_1 1_1 fusion-one-full fusion-column-first fusion-column-last\" style=\"--awb-bg-size:cover;\"><div class=\"fusion-column-wrapper fusion-flex-column-wrapper-legacy\"><div class=\"fusion-text fusion-text-1\"><h3 style=\"text-align: center;\">Recursos de literatura<\/h3>\n<\/div><div class=\"fusion-sep-clear\"><\/div><div class=\"fusion-separator fusion-full-width-sep\" style=\"margin-left: auto;margin-right: auto;margin-top:5px;margin-bottom:5px;width:100%;\"><\/div><div class=\"fusion-sep-clear\"><\/div><div class=\"fusion-clearfix\"><\/div><\/div><\/div><\/div><\/div><div class=\"fusion-fullwidth fullwidth-box fusion-builder-row-2 nonhundred-percent-fullwidth non-hundred-percent-height-scrolling\" style=\"--awb-border-radius-top-left:0px;--awb-border-radius-top-right:0px;--awb-border-radius-bottom-right:0px;--awb-border-radius-bottom-left:0px;--awb-flex-wrap:wrap;\" ><div class=\"fusion-builder-row fusion-row\"><div class=\"fusion-layout-column fusion_builder_column fusion-builder-column-1 fusion_builder_column_1_1 1_1 fusion-one-full fusion-column-first fusion-column-last\" style=\"--awb-bg-size:cover;\"><div class=\"fusion-column-wrapper fusion-flex-column-wrapper-legacy\"><div class=\"fusion-text fusion-text-2\"><p>Muestrario de publicaciones contiene fragmentos de Literatura Aprobada por la Conferencia y Alateen para ti, destaca nuevas publicaciones y brinda informaci\u00f3n oportuna acerca de materiales para la difusi\u00f3n p\u00fablica. Tambi\u00e9n ofrece informaci\u00f3n sobre lo que se debe hacer para enviar un relato.<\/p>\n<\/div><div class=\"fusion-clearfix\"><\/div><\/div><\/div><\/div><\/div><div class=\"fusion-fullwidth fullwidth-box fusion-builder-row-3 nonhundred-percent-fullwidth non-hundred-percent-height-scrolling\" style=\"--awb-border-radius-top-left:0px;--awb-border-radius-top-right:0px;--awb-border-radius-bottom-right:0px;--awb-border-radius-bottom-left:0px;--awb-flex-wrap:wrap;\" ><div class=\"fusion-builder-row fusion-row\"><div class=\"fusion-layout-column fusion_builder_column fusion-builder-column-2 fusion_builder_column_1_1 1_1 fusion-one-full fusion-column-first fusion-column-last\" style=\"--awb-bg-size:cover;\"><div class=\"fusion-column-wrapper fusion-flex-column-wrapper-legacy\"><div class=\"fusion-sep-clear\"><\/div><div class=\"fusion-separator fusion-full-width-sep\" style=\"margin-left: auto;margin-right: auto;margin-top:5px;margin-bottom:5px;width:100%;\"><\/div><div class=\"fusion-sep-clear\"><\/div><div class=\"fusion-aligncenter\"><a class=\"fusion-button button-3d fusion-button-default-size button-default fusion-button-default button-1 fusion-button-span-no \" style=\"--button-border-radius-top-left:50px;--button-border-radius-top-right:50px;--button-border-radius-bottom-right:50px;--button-border-radius-bottom-left:50px;\" target=\"_self\" href=\"\/es\/para-los-miembros\/recursos-para-los-miembros\/literatura\/recursos-de-literatura\/envie-su-relato-compartido\/\"><span class=\"fusion-button-text awb-button__text awb-button__text--default\">Env\u00ede su relato compartido<\/span><\/a><\/div><div class=\"fusion-clearfix\"><\/div><\/div><\/div><\/div><\/div><div class=\"fusion-fullwidth fullwidth-box fusion-builder-row-4 nonhundred-percent-fullwidth non-hundred-percent-height-scrolling\" style=\"--awb-border-radius-top-left:0px;--awb-border-radius-top-right:0px;--awb-border-radius-bottom-right:0px;--awb-border-radius-bottom-left:0px;--awb-flex-wrap:wrap;\" ><div class=\"fusion-builder-row fusion-row\"><div class=\"fusion-layout-column fusion_builder_column fusion-builder-column-3 fusion_builder_column_1_1 1_1 fusion-one-full fusion-column-first fusion-column-last\" style=\"--awb-bg-size:cover;\"><div class=\"fusion-column-wrapper fusion-flex-column-wrapper-legacy\"><div class=\"fusion-sep-clear\"><\/div><div class=\"fusion-separator fusion-full-width-sep\" style=\"margin-left: auto;margin-right: auto;margin-top:20px;margin-bottom:20px;width:100%;\"><\/div><div class=\"fusion-sep-clear\"><\/div><div class=\"fusion-title title fusion-title-1 fusion-sep-none fusion-title-center fusion-title-text fusion-title-size-three\" style=\"--awb-margin-top-small:0px;--awb-margin-right-small:0px;--awb-margin-bottom-small:20px;--awb-margin-left-small:0px;\"><h3 class=\"fusion-title-heading title-heading-center fusion-responsive-typography-calculated\" style=\"margin:0;--fontSize:26;line-height:1.62;\">Preguntas frecuentes<br \/>sobre las colaboraciones en espa\u00f1ol o franc\u00e9s<\/h3><\/div><div class=\"accordian fusion-accordian\" style=\"--awb-border-size:1px;--awb-icon-size:13px;--awb-content-font-size:15px;--awb-icon-alignment:left;--awb-hover-color:#f9f9f9;--awb-border-color:#cccccc;--awb-background-color:#ffffff;--awb-divider-color:#e0dede;--awb-divider-hover-color:#e0dede;--awb-icon-color:#ffffff;--awb-title-color:#4286f4;--awb-content-color:#232323;--awb-icon-box-color:#333333;--awb-toggle-hover-accent-color:#3f7ccd;--awb-title-font-family:&quot;Raleway&quot;;--awb-title-font-weight:400;--awb-title-font-style:normal;--awb-title-font-size:22px;--awb-content-font-family:&quot;Open Sans&quot;;--awb-content-font-style:normal;--awb-content-font-weight:400;\"><div class=\"panel-group fusion-toggle-icon-boxed\" id=\"accordion-12646-1\"><div class=\"fusion-panel panel-default panel-a5d4b51e719bd99a6 fusion-toggle-no-divider\" style=\"--awb-title-color:#4286f4;--awb-content-color:#232323;\"><div class=\"panel-heading\"><h4 class=\"panel-title toggle\" id=\"toggle_a5d4b51e719bd99a6\"><a aria-expanded=\"false\" aria-controls=\"a5d4b51e719bd99a6\" role=\"button\" data-toggle=\"collapse\" data-parent=\"#accordion-12646-1\" data-target=\"#a5d4b51e719bd99a6\" href=\"#a5d4b51e719bd99a6\"><span class=\"fusion-toggle-icon-wrapper\" aria-hidden=\"true\"><i class=\"fa-fusion-box active-icon awb-icon-minus\" aria-hidden=\"true\"><\/i><i class=\"fa-fusion-box inactive-icon awb-icon-plus\" aria-hidden=\"true\"><\/i><\/span><span class=\"fusion-toggle-heading\">\u00bfPuedo enviar un relato compartido en espa\u00f1ol?<\/span><\/a><\/h4><\/div><div id=\"a5d4b51e719bd99a6\" class=\"panel-collapse collapse \" aria-labelledby=\"toggle_a5d4b51e719bd99a6\"><div class=\"panel-body toggle-content fusion-clearfix\">S\u00ed, siempre y cuando su relato compartido vaya acompa\u00f1ado de una traducci\u00f3n al ingl\u00e9s.<\/div><\/div><\/div><div class=\"fusion-panel panel-default panel-b768e007f6b03fd81 fusion-toggle-no-divider\" style=\"--awb-title-color:#4286f4;--awb-content-color:#232323;\"><div class=\"panel-heading\"><h4 class=\"panel-title toggle\" id=\"toggle_b768e007f6b03fd81\"><a aria-expanded=\"false\" aria-controls=\"b768e007f6b03fd81\" role=\"button\" data-toggle=\"collapse\" data-parent=\"#accordion-12646-1\" data-target=\"#b768e007f6b03fd81\" href=\"#b768e007f6b03fd81\"><span class=\"fusion-toggle-icon-wrapper\" aria-hidden=\"true\"><i class=\"fa-fusion-box active-icon awb-icon-minus\" aria-hidden=\"true\"><\/i><i class=\"fa-fusion-box inactive-icon awb-icon-plus\" aria-hidden=\"true\"><\/i><\/span><span class=\"fusion-toggle-heading\">\u00bfDebo enviar mi relato compartido en espa\u00f1ol y su traducci\u00f3n al ingl\u00e9s como un solo documento o dos documentos separados?<\/span><\/a><\/h4><\/div><div id=\"b768e007f6b03fd81\" class=\"panel-collapse collapse \" aria-labelledby=\"toggle_b768e007f6b03fd81\"><div class=\"panel-body toggle-content fusion-clearfix\">\n<p>Para evitar separar su relato compartido en espa\u00f1ol de su traducci\u00f3n al ingl\u00e9s, env\u00edelos juntos en un solo documento.<\/p>\n<\/div><\/div><\/div><div class=\"fusion-panel panel-default panel-7ee42137ced1d91f1 fusion-toggle-no-divider\" style=\"--awb-title-color:#4286f4;--awb-content-color:#232323;\"><div class=\"panel-heading\"><h4 class=\"panel-title toggle\" id=\"toggle_7ee42137ced1d91f1\"><a aria-expanded=\"false\" aria-controls=\"7ee42137ced1d91f1\" role=\"button\" data-toggle=\"collapse\" data-parent=\"#accordion-12646-1\" data-target=\"#7ee42137ced1d91f1\" href=\"#7ee42137ced1d91f1\"><span class=\"fusion-toggle-icon-wrapper\" aria-hidden=\"true\"><i class=\"fa-fusion-box active-icon awb-icon-minus\" aria-hidden=\"true\"><\/i><i class=\"fa-fusion-box inactive-icon awb-icon-plus\" aria-hidden=\"true\"><\/i><\/span><span class=\"fusion-toggle-heading\">\u00bfSe considerar\u00e1 mi relato compartido tanto para The Forum como para  Al-Anon y Alateen en acci\u00f3n?<\/span><\/a><\/h4><\/div><div id=\"7ee42137ced1d91f1\" class=\"panel-collapse collapse \" aria-labelledby=\"toggle_7ee42137ced1d91f1\"><div class=\"panel-body toggle-content fusion-clearfix\">S\u00ed, su relato compartido ser\u00e1 considerado para ambas y cada una de nuestras publicaciones. Todas las colaboraciones pasan a ser propiedad de Al\u2011Anon Family Group Headquarters, Inc., y pueden usarse en su totalidad o en parte para desarrollar material impreso o electr\u00f3nico de Al\u2011Anon o Alateen.<\/div><\/div><\/div><div class=\"fusion-panel panel-default panel-bd356285adb4bd0ee fusion-toggle-no-divider\" style=\"--awb-title-color:#4286f4;--awb-content-color:#232323;\"><div class=\"panel-heading\"><h4 class=\"panel-title toggle\" id=\"toggle_bd356285adb4bd0ee\"><a aria-expanded=\"false\" aria-controls=\"bd356285adb4bd0ee\" role=\"button\" data-toggle=\"collapse\" data-parent=\"#accordion-12646-1\" data-target=\"#bd356285adb4bd0ee\" href=\"#bd356285adb4bd0ee\"><span class=\"fusion-toggle-icon-wrapper\" aria-hidden=\"true\"><i class=\"fa-fusion-box active-icon awb-icon-minus\" aria-hidden=\"true\"><\/i><i class=\"fa-fusion-box inactive-icon awb-icon-plus\" aria-hidden=\"true\"><\/i><\/span><span class=\"fusion-toggle-heading\">\u00bfQu\u00e9 pasa si no conozco a nadie que pueda traducir mi relato compartido? \u00bfA\u00fan puedo enviarlo?<\/span><\/a><\/h4><\/div><div id=\"bd356285adb4bd0ee\" class=\"panel-collapse collapse \" aria-labelledby=\"toggle_bd356285adb4bd0ee\"><div class=\"panel-body toggle-content fusion-clearfix\">En este momento, la Oficina de Servicio Mundial no tiene los recursos para traducir las presentaciones de los miembros. Sin embargo, consulte con su oficina de Servicios de Informaci\u00f3n del Distrito o \u00c1rea para ver si ofrecen traducciones o si pueden conectarlo con un miembro biling\u00fce que pueda ayudarlo.<\/div><\/div><\/div><div class=\"fusion-panel panel-default panel-fe8919d17b872997d fusion-toggle-no-divider\" style=\"--awb-title-color:#4286f4;--awb-content-color:#232323;\"><div class=\"panel-heading\"><h4 class=\"panel-title toggle\" id=\"toggle_fe8919d17b872997d\"><a aria-expanded=\"false\" aria-controls=\"fe8919d17b872997d\" role=\"button\" data-toggle=\"collapse\" data-parent=\"#accordion-12646-1\" data-target=\"#fe8919d17b872997d\" href=\"#fe8919d17b872997d\"><span class=\"fusion-toggle-icon-wrapper\" aria-hidden=\"true\"><i class=\"fa-fusion-box active-icon awb-icon-minus\" aria-hidden=\"true\"><\/i><i class=\"fa-fusion-box inactive-icon awb-icon-plus\" aria-hidden=\"true\"><\/i><\/span><span class=\"fusion-toggle-heading\">\u00bfDe qu\u00e9 largo debe ser mi relato compartido?<\/span><\/a><\/h4><\/div><div id=\"fe8919d17b872997d\" class=\"panel-collapse collapse \" aria-labelledby=\"toggle_fe8919d17b872997d\"><div class=\"panel-body toggle-content fusion-clearfix\">La mayor\u00eda de los relatos compartidos tienen de 300 a 400 palabras, pero pueden variar de una oraci\u00f3n o dos a una historia de recuperaci\u00f3n personal de 1.200 palabras. Los relatos compartidos sobre uno de los Doce Pasos, Tradiciones o Conceptos de Servicio deben tener entre 200 y 400 palabras.<\/div><\/div><\/div><div class=\"fusion-panel panel-default panel-de6914fc5c44772b5 fusion-toggle-no-divider\" style=\"--awb-title-color:#4286f4;--awb-content-color:#232323;\"><div class=\"panel-heading\"><h4 class=\"panel-title toggle\" id=\"toggle_de6914fc5c44772b5\"><a aria-expanded=\"false\" aria-controls=\"de6914fc5c44772b5\" role=\"button\" data-toggle=\"collapse\" data-parent=\"#accordion-12646-1\" data-target=\"#de6914fc5c44772b5\" href=\"#de6914fc5c44772b5\"><span class=\"fusion-toggle-icon-wrapper\" aria-hidden=\"true\"><i class=\"fa-fusion-box active-icon awb-icon-minus\" aria-hidden=\"true\"><\/i><i class=\"fa-fusion-box inactive-icon awb-icon-plus\" aria-hidden=\"true\"><\/i><\/span><span class=\"fusion-toggle-heading\">\u00bfSobre qu\u00e9 puedo escribir?<\/span><\/a><\/h4><\/div><div id=\"de6914fc5c44772b5\" class=\"panel-collapse collapse \" aria-labelledby=\"toggle_de6914fc5c44772b5\"><div class=\"panel-body toggle-content fusion-clearfix\">Cualquier tema relacionado con Al\u2011Anon es bienvenido, por ejemplo: conceptos de recuperaci\u00f3n como el desapego con amor o mantener el enfoque en m\u00ed mismo; c\u00f3mo un lema de Al\u2011Anon como \u00abUn d\u00eda a la vez\u00bb o \u00abMantenlo simple\u00bb me ayuda; tener o ser un Padrino; c\u00f3mo el servicio contribuye a mi recuperaci\u00f3n; un libro favorito de la Literatura Aprobada por la Conferencia; c\u00f3mo he aplicado uno de nuestros Tres Legados a mi vida personal, etc.<\/div><\/div><\/div><div class=\"fusion-panel panel-default panel-df282126d5f3425a6 fusion-toggle-no-divider\" style=\"--awb-title-color:#4286f4;--awb-content-color:#232323;\"><div class=\"panel-heading\"><h4 class=\"panel-title toggle\" id=\"toggle_df282126d5f3425a6\"><a aria-expanded=\"false\" aria-controls=\"df282126d5f3425a6\" role=\"button\" data-toggle=\"collapse\" data-parent=\"#accordion-12646-1\" data-target=\"#df282126d5f3425a6\" href=\"#df282126d5f3425a6\"><span class=\"fusion-toggle-icon-wrapper\" aria-hidden=\"true\"><i class=\"fa-fusion-box active-icon awb-icon-minus\" aria-hidden=\"true\"><\/i><i class=\"fa-fusion-box inactive-icon awb-icon-plus\" aria-hidden=\"true\"><\/i><\/span><span class=\"fusion-toggle-heading\">No soy un escritor profesional. \u00bfMe pueden dar alg\u00fan consejo? \u00bfEditar\u00e1 alguien mi relato compartido?<\/span><\/a><\/h4><\/div><div id=\"df282126d5f3425a6\" class=\"panel-collapse collapse \" aria-labelledby=\"toggle_df282126d5f3425a6\"><div class=\"panel-body toggle-content fusion-clearfix\">\u00a1No tiene que ser un escritor profesional! Solo comparta de coraz\u00f3n. Los relatos compartidos deben ser sobre y desde la perspectiva de Al\u2011Anon, manteniendo el enfoque en su experiencia utilizando declaraciones propias, con \u00abyo\u00bb o \u00abm\u00ed\u00bb. Evite ense\u00f1ar o dar consejos, temas externos, filosof\u00edas religiosas y lenguaje terap\u00e9utico o de un centro de tratamiento. Observe las Doce Tradiciones de Al\u2011Anon cuando prepare su relato compartido. El personal de la Oficina de Servicio Mundial editar\u00e1 la traducci\u00f3n al ingl\u00e9s de su relato compartido en lo que se refiere a ortograf\u00eda, puntuaci\u00f3n, gram\u00e1tica, claridad y extensi\u00f3n.<\/div><\/div><\/div><div class=\"fusion-panel panel-default panel-920876541fd26d60b fusion-toggle-no-divider\" style=\"--awb-title-color:#4286f4;--awb-content-color:#232323;\"><div class=\"panel-heading\"><h4 class=\"panel-title toggle\" id=\"toggle_920876541fd26d60b\"><a aria-expanded=\"false\" aria-controls=\"920876541fd26d60b\" role=\"button\" data-toggle=\"collapse\" data-parent=\"#accordion-12646-1\" data-target=\"#920876541fd26d60b\" href=\"#920876541fd26d60b\"><span class=\"fusion-toggle-icon-wrapper\" aria-hidden=\"true\"><i class=\"fa-fusion-box active-icon awb-icon-minus\" aria-hidden=\"true\"><\/i><i class=\"fa-fusion-box inactive-icon awb-icon-plus\" aria-hidden=\"true\"><\/i><\/span><span class=\"fusion-toggle-heading\">\u00bfQu\u00e9 sucede con mi relato compartido despu\u00e9s de que lo env\u00edo?<\/span><\/a><\/h4><\/div><div id=\"920876541fd26d60b\" class=\"panel-collapse collapse \" aria-labelledby=\"toggle_920876541fd26d60b\"><div class=\"panel-body toggle-content fusion-clearfix\">\n<p>Los relatos compartidos son revisados por el Comit\u00e9 Asesor Editorial de la revista <em>The Forum<\/em>, que hace recomendaciones para su publicaci\u00f3n. Si se publica su relato compartido, recibir\u00e1 un ejemplar de cortes\u00eda de la edici\u00f3n en la que aparece. Todos los relatos compartidos pasan a ser propiedad de Al\u2011Anon Family Group Headquarters, Inc., y pueden usarse en su totalidad o en parte para desarrollar material impreso o electr\u00f3nico de Al\u2011Anon o Alateen.<\/p>\n<\/div><\/div><\/div><\/div><\/div><div class=\"fusion-clearfix\"><\/div><\/div><\/div><\/div><\/div><\/p>\n","protected":false},"excerpt":{"rendered":"","protected":false},"author":36,"featured_media":0,"parent":13865,"menu_order":0,"comment_status":"closed","ping_status":"closed","template":"","meta":{"footnotes":""},"class_list":["post-12646","page","type-page","status-publish","hentry"],"yoast_head":"<!-- This site is optimized with the Yoast SEO plugin v27.3 - https:\/\/yoast.com\/product\/yoast-seo-wordpress\/ -->\n<title>Recursos de literatura - Al-Anon Family Groups<\/title>\n<meta name=\"robots\" content=\"noindex, follow, max-snippet:-1, max-image-preview:large, max-video-preview:-1\" \/>\n<meta property=\"og:locale\" content=\"es_ES\" \/>\n<meta property=\"og:type\" content=\"article\" \/>\n<meta property=\"og:title\" content=\"Recursos de literatura - Al-Anon Family Groups\" \/>\n<meta property=\"og:url\" content=\"https:\/\/staging.al-anon.org\/es\/para-los-miembros\/recursos-para-los-miembros\/literatura\/recursos-de-literatura\/\" \/>\n<meta property=\"og:site_name\" content=\"Al-Anon Family Groups\" \/>\n<meta property=\"article:publisher\" content=\"http:\/\/www.facebook.com\/AlAnonFamilyGroupsWSO\" \/>\n<meta property=\"article:modified_time\" content=\"2022-11-30T22:07:08+00:00\" \/>\n<meta name=\"twitter:card\" content=\"summary_large_image\" \/>\n<meta name=\"twitter:site\" content=\"@AlAnon_WSO\" \/>\n<meta name=\"twitter:label1\" content=\"Tiempo de lectura\" \/>\n\t<meta name=\"twitter:data1\" content=\"6 minutos\" \/>\n<script type=\"application\/ld+json\" class=\"yoast-schema-graph\">{\"@context\":\"https:\\\/\\\/schema.org\",\"@graph\":[{\"@type\":\"WebPage\",\"@id\":\"https:\\\/\\\/staging.al-anon.org\\\/es\\\/para-los-miembros\\\/recursos-para-los-miembros\\\/literatura\\\/recursos-de-literatura\\\/\",\"url\":\"https:\\\/\\\/staging.al-anon.org\\\/es\\\/para-los-miembros\\\/recursos-para-los-miembros\\\/literatura\\\/recursos-de-literatura\\\/\",\"name\":\"Recursos de literatura - Al-Anon Family Groups\",\"isPartOf\":{\"@id\":\"https:\\\/\\\/staging.al-anon.org\\\/es\\\/#website\"},\"datePublished\":\"2017-11-28T21:37:44+00:00\",\"dateModified\":\"2022-11-30T22:07:08+00:00\",\"breadcrumb\":{\"@id\":\"https:\\\/\\\/staging.al-anon.org\\\/es\\\/para-los-miembros\\\/recursos-para-los-miembros\\\/literatura\\\/recursos-de-literatura\\\/#breadcrumb\"},\"inLanguage\":\"es\",\"potentialAction\":[{\"@type\":\"ReadAction\",\"target\":[\"https:\\\/\\\/staging.al-anon.org\\\/es\\\/para-los-miembros\\\/recursos-para-los-miembros\\\/literatura\\\/recursos-de-literatura\\\/\"]}]},{\"@type\":\"BreadcrumbList\",\"@id\":\"https:\\\/\\\/staging.al-anon.org\\\/es\\\/para-los-miembros\\\/recursos-para-los-miembros\\\/literatura\\\/recursos-de-literatura\\\/#breadcrumb\",\"itemListElement\":[{\"@type\":\"ListItem\",\"position\":1,\"name\":\"Para los miembros\",\"item\":\"https:\\\/\\\/staging.al-anon.org\\\/es\\\/para-los-miembros\\\/\"},{\"@type\":\"ListItem\",\"position\":2,\"name\":\"Recursos para los miembros\",\"item\":\"https:\\\/\\\/staging.al-anon.org\\\/es\\\/para-los-miembros\\\/recursos-para-los-miembros\\\/\"},{\"@type\":\"ListItem\",\"position\":3,\"name\":\"Literatura\",\"item\":\"https:\\\/\\\/staging.al-anon.org\\\/es\\\/para-los-miembros\\\/recursos-para-los-miembros\\\/literatura\\\/\"},{\"@type\":\"ListItem\",\"position\":4,\"name\":\"Recursos de literatura\"}]},{\"@type\":\"WebSite\",\"@id\":\"https:\\\/\\\/staging.al-anon.org\\\/es\\\/#website\",\"url\":\"https:\\\/\\\/staging.al-anon.org\\\/es\\\/\",\"name\":\"Al-Anon Family Groups\",\"description\":\"Help and hope for families and friends of alcoholics\",\"publisher\":{\"@id\":\"https:\\\/\\\/staging.al-anon.org\\\/es\\\/#organization\"},\"potentialAction\":[{\"@type\":\"SearchAction\",\"target\":{\"@type\":\"EntryPoint\",\"urlTemplate\":\"https:\\\/\\\/staging.al-anon.org\\\/es\\\/?s={search_term_string}\"},\"query-input\":{\"@type\":\"PropertyValueSpecification\",\"valueRequired\":true,\"valueName\":\"search_term_string\"}}],\"inLanguage\":\"es\"},{\"@type\":\"Organization\",\"@id\":\"https:\\\/\\\/staging.al-anon.org\\\/es\\\/#organization\",\"name\":\"Al-Anon Family Group Headquarters, Inc.\",\"url\":\"https:\\\/\\\/staging.al-anon.org\\\/es\\\/\",\"logo\":{\"@type\":\"ImageObject\",\"inLanguage\":\"es\",\"@id\":\"https:\\\/\\\/staging.al-anon.org\\\/es\\\/#\\\/schema\\\/logo\\\/image\\\/\",\"url\":\"https:\\\/\\\/staging.al-anon.org\\\/wp-content\\\/uploads\\\/2017\\\/04\\\/AFGlogo-e1492189694634.jpg\",\"contentUrl\":\"https:\\\/\\\/staging.al-anon.org\\\/wp-content\\\/uploads\\\/2017\\\/04\\\/AFGlogo-e1492189694634.jpg\",\"width\":167,\"height\":50,\"caption\":\"Al-Anon Family Group Headquarters, Inc.\"},\"image\":{\"@id\":\"https:\\\/\\\/staging.al-anon.org\\\/es\\\/#\\\/schema\\\/logo\\\/image\\\/\"},\"sameAs\":[\"http:\\\/\\\/www.facebook.com\\\/AlAnonFamilyGroupsWSO\",\"https:\\\/\\\/x.com\\\/AlAnon_WSO\",\"http:\\\/\\\/www.instagram.com\\\/alanon_wso\",\"https:\\\/\\\/www.linkedin.com\\\/company\\\/al-anon-wso\\\/\",\"https:\\\/\\\/www.youtube.com\\\/user\\\/AlAnonFamilyGroupHQ\\\/\"]}]}<\/script>\n<!-- \/ Yoast SEO plugin. -->","yoast_head_json":{"title":"Recursos de literatura - Al-Anon Family Groups","robots":{"index":"noindex","follow":"follow","max-snippet":"max-snippet:-1","max-image-preview":"max-image-preview:large","max-video-preview":"max-video-preview:-1"},"og_locale":"es_ES","og_type":"article","og_title":"Recursos de literatura - Al-Anon Family Groups","og_url":"https:\/\/staging.al-anon.org\/es\/para-los-miembros\/recursos-para-los-miembros\/literatura\/recursos-de-literatura\/","og_site_name":"Al-Anon Family Groups","article_publisher":"http:\/\/www.facebook.com\/AlAnonFamilyGroupsWSO","article_modified_time":"2022-11-30T22:07:08+00:00","twitter_card":"summary_large_image","twitter_site":"@AlAnon_WSO","twitter_misc":{"Tiempo de lectura":"6 minutos"},"schema":{"@context":"https:\/\/schema.org","@graph":[{"@type":"WebPage","@id":"https:\/\/staging.al-anon.org\/es\/para-los-miembros\/recursos-para-los-miembros\/literatura\/recursos-de-literatura\/","url":"https:\/\/staging.al-anon.org\/es\/para-los-miembros\/recursos-para-los-miembros\/literatura\/recursos-de-literatura\/","name":"Recursos de literatura - Al-Anon Family Groups","isPartOf":{"@id":"https:\/\/staging.al-anon.org\/es\/#website"},"datePublished":"2017-11-28T21:37:44+00:00","dateModified":"2022-11-30T22:07:08+00:00","breadcrumb":{"@id":"https:\/\/staging.al-anon.org\/es\/para-los-miembros\/recursos-para-los-miembros\/literatura\/recursos-de-literatura\/#breadcrumb"},"inLanguage":"es","potentialAction":[{"@type":"ReadAction","target":["https:\/\/staging.al-anon.org\/es\/para-los-miembros\/recursos-para-los-miembros\/literatura\/recursos-de-literatura\/"]}]},{"@type":"BreadcrumbList","@id":"https:\/\/staging.al-anon.org\/es\/para-los-miembros\/recursos-para-los-miembros\/literatura\/recursos-de-literatura\/#breadcrumb","itemListElement":[{"@type":"ListItem","position":1,"name":"Para los miembros","item":"https:\/\/staging.al-anon.org\/es\/para-los-miembros\/"},{"@type":"ListItem","position":2,"name":"Recursos para los miembros","item":"https:\/\/staging.al-anon.org\/es\/para-los-miembros\/recursos-para-los-miembros\/"},{"@type":"ListItem","position":3,"name":"Literatura","item":"https:\/\/staging.al-anon.org\/es\/para-los-miembros\/recursos-para-los-miembros\/literatura\/"},{"@type":"ListItem","position":4,"name":"Recursos de literatura"}]},{"@type":"WebSite","@id":"https:\/\/staging.al-anon.org\/es\/#website","url":"https:\/\/staging.al-anon.org\/es\/","name":"Al-Anon Family Groups","description":"Help and hope for families and friends of alcoholics","publisher":{"@id":"https:\/\/staging.al-anon.org\/es\/#organization"},"potentialAction":[{"@type":"SearchAction","target":{"@type":"EntryPoint","urlTemplate":"https:\/\/staging.al-anon.org\/es\/?s={search_term_string}"},"query-input":{"@type":"PropertyValueSpecification","valueRequired":true,"valueName":"search_term_string"}}],"inLanguage":"es"},{"@type":"Organization","@id":"https:\/\/staging.al-anon.org\/es\/#organization","name":"Al-Anon Family Group Headquarters, Inc.","url":"https:\/\/staging.al-anon.org\/es\/","logo":{"@type":"ImageObject","inLanguage":"es","@id":"https:\/\/staging.al-anon.org\/es\/#\/schema\/logo\/image\/","url":"https:\/\/staging.al-anon.org\/wp-content\/uploads\/2017\/04\/AFGlogo-e1492189694634.jpg","contentUrl":"https:\/\/staging.al-anon.org\/wp-content\/uploads\/2017\/04\/AFGlogo-e1492189694634.jpg","width":167,"height":50,"caption":"Al-Anon Family Group Headquarters, Inc."},"image":{"@id":"https:\/\/staging.al-anon.org\/es\/#\/schema\/logo\/image\/"},"sameAs":["http:\/\/www.facebook.com\/AlAnonFamilyGroupsWSO","https:\/\/x.com\/AlAnon_WSO","http:\/\/www.instagram.com\/alanon_wso","https:\/\/www.linkedin.com\/company\/al-anon-wso\/","https:\/\/www.youtube.com\/user\/AlAnonFamilyGroupHQ\/"]}]}},"_links":{"self":[{"href":"https:\/\/staging.al-anon.org\/es\/wp-json\/wp\/v2\/pages\/12646","targetHints":{"allow":["GET"]}}],"collection":[{"href":"https:\/\/staging.al-anon.org\/es\/wp-json\/wp\/v2\/pages"}],"about":[{"href":"https:\/\/staging.al-anon.org\/es\/wp-json\/wp\/v2\/types\/page"}],"author":[{"embeddable":true,"href":"https:\/\/staging.al-anon.org\/es\/wp-json\/wp\/v2\/users\/36"}],"replies":[{"embeddable":true,"href":"https:\/\/staging.al-anon.org\/es\/wp-json\/wp\/v2\/comments?post=12646"}],"version-history":[{"count":11,"href":"https:\/\/staging.al-anon.org\/es\/wp-json\/wp\/v2\/pages\/12646\/revisions"}],"predecessor-version":[{"id":37876,"href":"https:\/\/staging.al-anon.org\/es\/wp-json\/wp\/v2\/pages\/12646\/revisions\/37876"}],"up":[{"embeddable":true,"href":"https:\/\/staging.al-anon.org\/es\/wp-json\/wp\/v2\/pages\/13865"}],"wp:attachment":[{"href":"https:\/\/staging.al-anon.org\/es\/wp-json\/wp\/v2\/media?parent=12646"}],"curies":[{"name":"wp","href":"https:\/\/api.w.org\/{rel}","templated":true}]}}