{"id":11906,"date":"2017-11-07T15:01:06","date_gmt":"2017-11-07T20:01:06","guid":{"rendered":"https:\/\/staging.al-anon.org\/?page_id=11906\/"},"modified":"2022-06-27T11:02:43","modified_gmt":"2022-06-27T15:02:43","slug":"difusion-al-publico-y-los-medios-de-comunicacion","status":"publish","type":"page","link":"https:\/\/staging.al-anon.org\/es\/para-los-miembros\/difusion-publica\/difusion-al-publico-y-los-medios-de-comunicacion\/","title":{"rendered":"Difusi\u00f3n al p\u00fablico y a los medios de comunicaci\u00f3n"},"content":{"rendered":"<p><div class=\"fusion-fullwidth fullwidth-box fusion-builder-row-1 nonhundred-percent-fullwidth non-hundred-percent-height-scrolling\" style=\"--awb-border-radius-top-left:0px;--awb-border-radius-top-right:0px;--awb-border-radius-bottom-right:0px;--awb-border-radius-bottom-left:0px;--awb-flex-wrap:wrap;\" ><div class=\"fusion-builder-row fusion-row\"><div class=\"fusion-layout-column fusion_builder_column fusion-builder-column-0 fusion_builder_column_1_1 1_1 fusion-one-full fusion-column-first fusion-column-last\" style=\"--awb-bg-size:cover;\"><div class=\"fusion-column-wrapper fusion-flex-column-wrapper-legacy\"><div class=\"fusion-text fusion-text-1\"><h3 style=\"text-align: center;\">Difusi\u00f3n al p\u00fablico y a los medios de comunicaci\u00f3n<\/h3>\n<\/div><div class=\"fusion-text fusion-text-2\"><p>Los diarios, la televisi\u00f3n, la radio y la Internet constituyen medios para transmitirles el mensaje de Al\u2011Anon y Alateen a los familiares y amigos de los alcoh\u00f3licos. Mediante los anuncios de servicio p\u00fablico, los comunicados de prensa y los sitios de la Internet, los miembros de Al\u2011Anon y Alateen pueden mantener informados a los medios de comunicaci\u00f3n y al p\u00fablico en general sobre qui\u00e9nes somos y lo que hacemos, y c\u00f3mo comunicarse con nosotros. La distribuci\u00f3n de carteles, de volantes en murales p\u00fablicos, de libros en las bibliotecas y la participaci\u00f3n en las actividades comunitarias son otras de las opciones del servicio de difusi\u00f3n p\u00fablica.<\/p>\n<p>A continuaci\u00f3n le ofrecemos una lista con algunos de los instrumentos de servicio disponibles para su uso. Por favor observe que algunos de los instrumentos en la lista est\u00e1n disponibles en l\u00ednea; los dem\u00e1s puede pedirlos por medio de su Centro de Distribuci\u00f3n de Publicaciones (CDP) o de la Oficina de Servicio Mundial (OSM).<\/p>\n<\/div><div class=\"fusion-clearfix\"><\/div><\/div><\/div><\/div><\/div><div class=\"fusion-fullwidth fullwidth-box fusion-builder-row-2 nonhundred-percent-fullwidth non-hundred-percent-height-scrolling\" style=\"--awb-border-radius-top-left:0px;--awb-border-radius-top-right:0px;--awb-border-radius-bottom-right:0px;--awb-border-radius-bottom-left:0px;--awb-flex-wrap:wrap;\" ><div class=\"fusion-builder-row fusion-row\"><div class=\"fusion-layout-column fusion_builder_column fusion-builder-column-1 fusion_builder_column_1_6 1_6 fusion-one-sixth fusion-column-first\" style=\"--awb-bg-size:cover;width:16.666666666667%;width:calc(16.666666666667% - ( ( 4% + 4% ) * 0.16666666666667 ) );margin-right: 4%;\"><div class=\"fusion-column-wrapper fusion-flex-column-wrapper-legacy\"><div class=\"fusion-clearfix\"><\/div><\/div><\/div><div class=\"fusion-layout-column fusion_builder_column fusion-builder-column-2 fusion_builder_column_2_3 2_3 fusion-two-third\" style=\"--awb-bg-size:cover;width:66.666666666667%;width:calc(66.666666666667% - ( ( 4% + 4% ) * 0.66666666666667 ) );margin-right: 4%;\"><div class=\"fusion-column-wrapper fusion-flex-column-wrapper-legacy\"><div class=\"fusion-text fusion-text-3\"><h3 style=\"text-align: center;\"><a href=\"https:\/\/staging.al-anon.org\/es\/juego-de-medios\/\">Centro de medios de comunicaci\u00f3n<\/a><\/h3>\n<\/div><div class=\"fusion-text fusion-text-4\"><p>En esta p\u00e1gina encontrar\u00e1 anuncios de servicio p\u00fablico (ASP), comunicados de prensa, entrevistas, videos, podcasts, la historia de Al\u2011Anon y resultados de encuestas.<\/p>\n<\/div><div class=\"fusion-clearfix\"><\/div><\/div><\/div><div class=\"fusion-layout-column fusion_builder_column fusion-builder-column-3 fusion_builder_column_1_6 1_6 fusion-one-sixth fusion-column-last\" style=\"--awb-bg-size:cover;width:16.666666666667%;width:calc(16.666666666667% - ( ( 4% + 4% ) * 0.16666666666667 ) );\"><div class=\"fusion-column-wrapper fusion-flex-column-wrapper-legacy\"><div class=\"fusion-clearfix\"><\/div><\/div><\/div><\/div><\/div><\/p>\n","protected":false},"excerpt":{"rendered":"","protected":false},"author":36,"featured_media":0,"parent":11575,"menu_order":0,"comment_status":"closed","ping_status":"closed","template":"","meta":{"footnotes":""},"class_list":["post-11906","page","type-page","status-publish","hentry"],"yoast_head":"<!-- This site is optimized with the Yoast SEO plugin v27.6 - https:\/\/yoast.com\/product\/yoast-seo-wordpress\/ -->\n<title>Difusi\u00f3n al p\u00fablico y a los medios de comunicaci\u00f3n - Al-Anon Family Groups<\/title>\n<meta name=\"robots\" content=\"index, follow, max-snippet:-1, max-image-preview:large, max-video-preview:-1\" \/>\n<link rel=\"canonical\" href=\"https:\/\/staging.al-anon.org\/es\/para-los-miembros\/difusion-publica\/difusion-al-publico-y-los-medios-de-comunicacion\/\" \/>\n<meta property=\"og:locale\" content=\"es_ES\" \/>\n<meta property=\"og:type\" content=\"article\" \/>\n<meta property=\"og:title\" content=\"Difusi\u00f3n al p\u00fablico y a los medios de comunicaci\u00f3n - Al-Anon Family Groups\" \/>\n<meta property=\"og:url\" content=\"https:\/\/staging.al-anon.org\/es\/para-los-miembros\/difusion-publica\/difusion-al-publico-y-los-medios-de-comunicacion\/\" \/>\n<meta property=\"og:site_name\" content=\"Al-Anon Family Groups\" \/>\n<meta property=\"article:publisher\" content=\"http:\/\/www.facebook.com\/AlAnonFamilyGroupsWSO\" \/>\n<meta property=\"article:modified_time\" content=\"2022-06-27T15:02:43+00:00\" \/>\n<meta name=\"twitter:card\" content=\"summary_large_image\" \/>\n<meta name=\"twitter:site\" content=\"@AlAnon_WSO\" \/>\n<meta name=\"twitter:label1\" content=\"Tiempo de lectura\" \/>\n\t<meta name=\"twitter:data1\" content=\"4 minutos\" \/>\n<script type=\"application\/ld+json\" class=\"yoast-schema-graph\">{\"@context\":\"https:\\\/\\\/schema.org\",\"@graph\":[{\"@type\":\"WebPage\",\"@id\":\"https:\\\/\\\/staging.al-anon.org\\\/es\\\/para-los-miembros\\\/difusion-publica\\\/difusion-al-publico-y-los-medios-de-comunicacion\\\/\",\"url\":\"https:\\\/\\\/staging.al-anon.org\\\/es\\\/para-los-miembros\\\/difusion-publica\\\/difusion-al-publico-y-los-medios-de-comunicacion\\\/\",\"name\":\"Difusi\u00f3n al p\u00fablico y a los medios de comunicaci\u00f3n - Al-Anon Family Groups\",\"isPartOf\":{\"@id\":\"https:\\\/\\\/staging.al-anon.org\\\/es\\\/#website\"},\"datePublished\":\"2017-11-07T20:01:06+00:00\",\"dateModified\":\"2022-06-27T15:02:43+00:00\",\"breadcrumb\":{\"@id\":\"https:\\\/\\\/staging.al-anon.org\\\/es\\\/para-los-miembros\\\/difusion-publica\\\/difusion-al-publico-y-los-medios-de-comunicacion\\\/#breadcrumb\"},\"inLanguage\":\"es\",\"potentialAction\":[{\"@type\":\"ReadAction\",\"target\":[\"https:\\\/\\\/staging.al-anon.org\\\/es\\\/para-los-miembros\\\/difusion-publica\\\/difusion-al-publico-y-los-medios-de-comunicacion\\\/\"]}]},{\"@type\":\"BreadcrumbList\",\"@id\":\"https:\\\/\\\/staging.al-anon.org\\\/es\\\/para-los-miembros\\\/difusion-publica\\\/difusion-al-publico-y-los-medios-de-comunicacion\\\/#breadcrumb\",\"itemListElement\":[{\"@type\":\"ListItem\",\"position\":1,\"name\":\"Para los miembros\",\"item\":\"https:\\\/\\\/staging.al-anon.org\\\/es\\\/para-los-miembros\\\/\"},{\"@type\":\"ListItem\",\"position\":2,\"name\":\"Difusi\u00f3n p\u00fablica\",\"item\":\"https:\\\/\\\/staging.al-anon.org\\\/es\\\/para-los-miembros\\\/difusion-publica\\\/\"},{\"@type\":\"ListItem\",\"position\":3,\"name\":\"Difusi\u00f3n al p\u00fablico y a los medios de comunicaci\u00f3n\"}]},{\"@type\":\"WebSite\",\"@id\":\"https:\\\/\\\/staging.al-anon.org\\\/es\\\/#website\",\"url\":\"https:\\\/\\\/staging.al-anon.org\\\/es\\\/\",\"name\":\"Al-Anon Family Groups\",\"description\":\"Help and hope for families and friends of alcoholics\",\"publisher\":{\"@id\":\"https:\\\/\\\/staging.al-anon.org\\\/es\\\/#organization\"},\"potentialAction\":[{\"@type\":\"SearchAction\",\"target\":{\"@type\":\"EntryPoint\",\"urlTemplate\":\"https:\\\/\\\/staging.al-anon.org\\\/es\\\/?s={search_term_string}\"},\"query-input\":{\"@type\":\"PropertyValueSpecification\",\"valueRequired\":true,\"valueName\":\"search_term_string\"}}],\"inLanguage\":\"es\"},{\"@type\":\"Organization\",\"@id\":\"https:\\\/\\\/staging.al-anon.org\\\/es\\\/#organization\",\"name\":\"Al-Anon Family Group Headquarters, Inc.\",\"url\":\"https:\\\/\\\/staging.al-anon.org\\\/es\\\/\",\"logo\":{\"@type\":\"ImageObject\",\"inLanguage\":\"es\",\"@id\":\"https:\\\/\\\/staging.al-anon.org\\\/es\\\/#\\\/schema\\\/logo\\\/image\\\/\",\"url\":\"https:\\\/\\\/staging.al-anon.org\\\/wp-content\\\/uploads\\\/2017\\\/04\\\/AFGlogo-e1492189694634.jpg\",\"contentUrl\":\"https:\\\/\\\/staging.al-anon.org\\\/wp-content\\\/uploads\\\/2017\\\/04\\\/AFGlogo-e1492189694634.jpg\",\"width\":167,\"height\":50,\"caption\":\"Al-Anon Family Group Headquarters, Inc.\"},\"image\":{\"@id\":\"https:\\\/\\\/staging.al-anon.org\\\/es\\\/#\\\/schema\\\/logo\\\/image\\\/\"},\"sameAs\":[\"http:\\\/\\\/www.facebook.com\\\/AlAnonFamilyGroupsWSO\",\"https:\\\/\\\/x.com\\\/AlAnon_WSO\",\"http:\\\/\\\/www.instagram.com\\\/alanon_wso\",\"https:\\\/\\\/www.linkedin.com\\\/company\\\/al-anon-wso\\\/\",\"https:\\\/\\\/www.youtube.com\\\/user\\\/AlAnonFamilyGroupHQ\\\/\"]}]}<\/script>\n<!-- \/ Yoast SEO plugin. -->","yoast_head_json":{"title":"Difusi\u00f3n al p\u00fablico y a los medios de comunicaci\u00f3n - Al-Anon Family Groups","robots":{"index":"index","follow":"follow","max-snippet":"max-snippet:-1","max-image-preview":"max-image-preview:large","max-video-preview":"max-video-preview:-1"},"canonical":"https:\/\/staging.al-anon.org\/es\/para-los-miembros\/difusion-publica\/difusion-al-publico-y-los-medios-de-comunicacion\/","og_locale":"es_ES","og_type":"article","og_title":"Difusi\u00f3n al p\u00fablico y a los medios de comunicaci\u00f3n - Al-Anon Family Groups","og_url":"https:\/\/staging.al-anon.org\/es\/para-los-miembros\/difusion-publica\/difusion-al-publico-y-los-medios-de-comunicacion\/","og_site_name":"Al-Anon Family Groups","article_publisher":"http:\/\/www.facebook.com\/AlAnonFamilyGroupsWSO","article_modified_time":"2022-06-27T15:02:43+00:00","twitter_card":"summary_large_image","twitter_site":"@AlAnon_WSO","twitter_misc":{"Tiempo de lectura":"4 minutos"},"schema":{"@context":"https:\/\/schema.org","@graph":[{"@type":"WebPage","@id":"https:\/\/staging.al-anon.org\/es\/para-los-miembros\/difusion-publica\/difusion-al-publico-y-los-medios-de-comunicacion\/","url":"https:\/\/staging.al-anon.org\/es\/para-los-miembros\/difusion-publica\/difusion-al-publico-y-los-medios-de-comunicacion\/","name":"Difusi\u00f3n al p\u00fablico y a los medios de comunicaci\u00f3n - Al-Anon Family Groups","isPartOf":{"@id":"https:\/\/staging.al-anon.org\/es\/#website"},"datePublished":"2017-11-07T20:01:06+00:00","dateModified":"2022-06-27T15:02:43+00:00","breadcrumb":{"@id":"https:\/\/staging.al-anon.org\/es\/para-los-miembros\/difusion-publica\/difusion-al-publico-y-los-medios-de-comunicacion\/#breadcrumb"},"inLanguage":"es","potentialAction":[{"@type":"ReadAction","target":["https:\/\/staging.al-anon.org\/es\/para-los-miembros\/difusion-publica\/difusion-al-publico-y-los-medios-de-comunicacion\/"]}]},{"@type":"BreadcrumbList","@id":"https:\/\/staging.al-anon.org\/es\/para-los-miembros\/difusion-publica\/difusion-al-publico-y-los-medios-de-comunicacion\/#breadcrumb","itemListElement":[{"@type":"ListItem","position":1,"name":"Para los miembros","item":"https:\/\/staging.al-anon.org\/es\/para-los-miembros\/"},{"@type":"ListItem","position":2,"name":"Difusi\u00f3n p\u00fablica","item":"https:\/\/staging.al-anon.org\/es\/para-los-miembros\/difusion-publica\/"},{"@type":"ListItem","position":3,"name":"Difusi\u00f3n al p\u00fablico y a los medios de comunicaci\u00f3n"}]},{"@type":"WebSite","@id":"https:\/\/staging.al-anon.org\/es\/#website","url":"https:\/\/staging.al-anon.org\/es\/","name":"Al-Anon Family Groups","description":"Help and hope for families and friends of alcoholics","publisher":{"@id":"https:\/\/staging.al-anon.org\/es\/#organization"},"potentialAction":[{"@type":"SearchAction","target":{"@type":"EntryPoint","urlTemplate":"https:\/\/staging.al-anon.org\/es\/?s={search_term_string}"},"query-input":{"@type":"PropertyValueSpecification","valueRequired":true,"valueName":"search_term_string"}}],"inLanguage":"es"},{"@type":"Organization","@id":"https:\/\/staging.al-anon.org\/es\/#organization","name":"Al-Anon Family Group Headquarters, Inc.","url":"https:\/\/staging.al-anon.org\/es\/","logo":{"@type":"ImageObject","inLanguage":"es","@id":"https:\/\/staging.al-anon.org\/es\/#\/schema\/logo\/image\/","url":"https:\/\/staging.al-anon.org\/wp-content\/uploads\/2017\/04\/AFGlogo-e1492189694634.jpg","contentUrl":"https:\/\/staging.al-anon.org\/wp-content\/uploads\/2017\/04\/AFGlogo-e1492189694634.jpg","width":167,"height":50,"caption":"Al-Anon Family Group Headquarters, Inc."},"image":{"@id":"https:\/\/staging.al-anon.org\/es\/#\/schema\/logo\/image\/"},"sameAs":["http:\/\/www.facebook.com\/AlAnonFamilyGroupsWSO","https:\/\/x.com\/AlAnon_WSO","http:\/\/www.instagram.com\/alanon_wso","https:\/\/www.linkedin.com\/company\/al-anon-wso\/","https:\/\/www.youtube.com\/user\/AlAnonFamilyGroupHQ\/"]}]}},"_links":{"self":[{"href":"https:\/\/staging.al-anon.org\/es\/wp-json\/wp\/v2\/pages\/11906","targetHints":{"allow":["GET"]}}],"collection":[{"href":"https:\/\/staging.al-anon.org\/es\/wp-json\/wp\/v2\/pages"}],"about":[{"href":"https:\/\/staging.al-anon.org\/es\/wp-json\/wp\/v2\/types\/page"}],"author":[{"embeddable":true,"href":"https:\/\/staging.al-anon.org\/es\/wp-json\/wp\/v2\/users\/36"}],"replies":[{"embeddable":true,"href":"https:\/\/staging.al-anon.org\/es\/wp-json\/wp\/v2\/comments?post=11906"}],"version-history":[{"count":8,"href":"https:\/\/staging.al-anon.org\/es\/wp-json\/wp\/v2\/pages\/11906\/revisions"}],"predecessor-version":[{"id":36828,"href":"https:\/\/staging.al-anon.org\/es\/wp-json\/wp\/v2\/pages\/11906\/revisions\/36828"}],"up":[{"embeddable":true,"href":"https:\/\/staging.al-anon.org\/es\/wp-json\/wp\/v2\/pages\/11575"}],"wp:attachment":[{"href":"https:\/\/staging.al-anon.org\/es\/wp-json\/wp\/v2\/media?parent=11906"}],"curies":[{"name":"wp","href":"https:\/\/api.w.org\/{rel}","templated":true}]}}