{"id":10739,"date":"2017-10-25T17:18:16","date_gmt":"2017-10-25T21:18:16","guid":{"rendered":"https:\/\/staging.al-anon.org\/?page_id=10739\/"},"modified":"2020-01-03T09:06:47","modified_gmt":"2020-01-03T14:06:47","slug":"inscripcion-de-grupos-y-actualizacion-de-informacion","status":"publish","type":"page","link":"https:\/\/staging.al-anon.org\/es\/para-los-miembros\/recursos-para-los-grupos\/registro-de-grupo\/inscripcion-de-grupos-y-actualizacion-de-informacion\/","title":{"rendered":"Inscripci\u00f3n de grupos y actualizaci\u00f3n de informaci\u00f3n"},"content":{"rendered":"<p><div class=\"fusion-fullwidth fullwidth-box fusion-builder-row-1 nonhundred-percent-fullwidth non-hundred-percent-height-scrolling\" style=\"--awb-border-radius-top-left:0px;--awb-border-radius-top-right:0px;--awb-border-radius-bottom-right:0px;--awb-border-radius-bottom-left:0px;--awb-flex-wrap:wrap;\" ><div class=\"fusion-builder-row fusion-row\"><div class=\"fusion-layout-column fusion_builder_column fusion-builder-column-0 fusion_builder_column_1_1 1_1 fusion-one-full fusion-column-first fusion-column-last\" style=\"--awb-bg-size:cover;\"><div class=\"fusion-column-wrapper fusion-flex-column-wrapper-legacy\"><div class=\"fusion-title title fusion-title-1 fusion-sep-none fusion-title-center fusion-title-text fusion-title-size-two\" style=\"--awb-margin-top-small:0px;--awb-margin-right-small:0px;--awb-margin-bottom-small:20px;--awb-margin-left-small:0px;\"><h2 class=\"fusion-title-heading title-heading-center fusion-responsive-typography-calculated\" style=\"margin:0;--fontSize:35;line-height:1.29;\"><h2>Inscripci\u00f3n de un nuevo grupo de Al\u2011Anon<\/h2>\n<p>&nbsp;<\/p><\/h2><\/div><div class=\"fusion-text fusion-text-1\"><p>La inscripci\u00f3n en la OSM garantiza una conexi\u00f3n con Al-Anon en todo el mundo. La OSM inscribir\u00e1 un grupo con el entendimiento de que el mismo respetar\u00e1 las Tradiciones de Al-Anon y no se afiliar\u00e1 ni apoyar\u00e1 a ninguna entidad ni pr\u00e1ctica externa. Al inscribirse, su grupo puede contar con el apoyo constante de la OSM, el cual incluye env\u00edos por correo postal y electr\u00f3nico mensual y trimestralmente.<\/p>\n<\/div><div class=\"fusion-clearfix\"><\/div><\/div><\/div><\/div><\/div><div class=\"fusion-fullwidth fullwidth-box fusion-builder-row-2 nonhundred-percent-fullwidth non-hundred-percent-height-scrolling\" style=\"--awb-background-position:left top;--awb-border-radius-top-left:0px;--awb-border-radius-top-right:0px;--awb-border-radius-bottom-right:0px;--awb-border-radius-bottom-left:0px;--awb-padding-top:20px;--awb-padding-bottom:20px;--awb-border-sizes-top:0px;--awb-border-sizes-bottom:0px;--awb-flex-wrap:wrap;\" ><div class=\"fusion-builder-row fusion-row\"><div class=\"fusion-layout-column fusion_builder_column fusion-builder-column-1 fusion_builder_column_1_1 1_1 fusion-one-full fusion-column-first fusion-column-last\" style=\"--awb-bg-size:cover;\"><div class=\"fusion-column-wrapper fusion-flex-column-wrapper-legacy\"><div class=\"fusion-button-wrapper fusion-aligncenter\"><a class=\"fusion-button button-flat button-medium button-default fusion-button-default button-1 fusion-button-span-no fusion-button-default-type\" style=\"--button-border-radius-top-left:25px;--button-border-radius-top-right:25px;--button-border-radius-bottom-right:25px;--button-border-radius-bottom-left:25px;\" target=\"_blank\" rel=\"noopener noreferrer\" href=\"\/es\/para-los-miembros\/recursos-para-los-grupos\/registro-de-grupo\/inscripcion-de-grupos-y-actualizacion-de-informacion\/formulario-web-para-inscribir-un-nuevo-grupo-de-al-anon\/\"><span class=\"fusion-button-text awb-button__text awb-button__text--default\">INSCRIPCI\u00d3N EN L\u00cdNEA<\/span><\/a><\/div><div class=\"fusion-sep-clear\"><\/div><div class=\"fusion-separator fusion-full-width-sep\" style=\"margin-left: auto;margin-right: auto;margin-top:10px;margin-bottom:10px;width:100%;\"><\/div><div class=\"fusion-sep-clear\"><\/div><div class=\"fusion-clearfix\"><\/div><\/div><\/div><div class=\"fusion-layout-column fusion_builder_column fusion-builder-column-2 fusion_builder_column_1_4 1_4 fusion-one-fourth fusion-column-first\" style=\"--awb-bg-size:cover;width:22%; margin-right: 4%;\"><div class=\"fusion-column-wrapper fusion-flex-column-wrapper-legacy\"><div class=\"fusion-title title fusion-title-2 fusion-sep-none fusion-title-center fusion-title-text fusion-title-size-three\" style=\"--awb-margin-top-small:0px;--awb-margin-right-small:0px;--awb-margin-bottom-small:20px;--awb-margin-left-small:0px;\"><h3 class=\"fusion-title-heading title-heading-center fusion-responsive-typography-calculated\" style=\"margin:0;--fontSize:26;line-height:1.62;\"><h3><a href=\"\/pdf\/New-Group-Registration-SP.pdf\">Formulario para imprimir<\/a><\/h3><\/h3><\/div><div class=\"fusion-clearfix\"><\/div><\/div><\/div><div class=\"fusion-layout-column fusion_builder_column fusion-builder-column-3 fusion_builder_column_1_4 1_4 fusion-one-fourth\" style=\"--awb-bg-size:cover;width:22%; margin-right: 4%;\"><div class=\"fusion-column-wrapper fusion-flex-column-wrapper-legacy\"><div class=\"fusion-title title fusion-title-3 fusion-sep-none fusion-title-center fusion-title-text fusion-title-size-three\" style=\"--awb-margin-top-small:0px;--awb-margin-right-small:0px;--awb-margin-bottom-small:20px;--awb-margin-left-small:0px;\"><h3 class=\"fusion-title-heading title-heading-center fusion-responsive-typography-calculated\" style=\"margin:0;--fontSize:26;line-height:1.62;\"><h3><a href=\"\/pdf\/New-Group-Registration-Instructions-SP.pdf\">Instrucciones<\/a><\/h3><\/h3><\/div><div class=\"fusion-clearfix\"><\/div><\/div><\/div><div class=\"fusion-layout-column fusion_builder_column fusion-builder-column-4 fusion_builder_column_1_4 1_4 fusion-one-fourth\" style=\"--awb-bg-size:cover;width:22%; margin-right: 4%;\"><div class=\"fusion-column-wrapper fusion-flex-column-wrapper-legacy\"><div class=\"fusion-title title fusion-title-4 fusion-sep-none fusion-title-center fusion-title-text fusion-title-size-three\" style=\"--awb-margin-top-small:0px;--awb-margin-right-small:0px;--awb-margin-bottom-small:20px;--awb-margin-left-small:0px;\"><h3 class=\"fusion-title-heading title-heading-center fusion-responsive-typography-calculated\" style=\"margin:0;--fontSize:26;line-height:1.62;\"><h3><a href=\"\/pdf\/SG12.pdf\"><strong><em>Para empezar un grupo de Al-Anon<\/em> (SG-12)<\/strong><\/a><\/h3><\/h3><\/div><div class=\"fusion-clearfix\"><\/div><\/div><\/div><div class=\"fusion-layout-column fusion_builder_column fusion-builder-column-5 fusion_builder_column_1_4 1_4 fusion-one-fourth fusion-column-last\" style=\"--awb-bg-size:cover;width:22%;\"><div class=\"fusion-column-wrapper fusion-flex-column-wrapper-legacy\"><div class=\"fusion-title title fusion-title-5 fusion-sep-none fusion-title-center fusion-title-text fusion-title-size-three\" style=\"--awb-margin-top-small:0px;--awb-margin-right-small:0px;--awb-margin-bottom-small:20px;--awb-margin-left-small:0px;\"><h3 class=\"fusion-title-heading title-heading-center fusion-responsive-typography-calculated\" style=\"margin:0;--fontSize:26;line-height:1.62;\"><h3><a href=\"https:\/\/staging.al-anon.org\/es\/para-los-miembros\/recursos-para-los-grupos\/registro-de-grupo\/inscripcion-de-grupos-y-actualizacion-de-informacion\/preguntas-mas-frecuentes\/\">Preguntas m\u00e1s frecuentes<\/a><\/h3><\/h3><\/div><div class=\"fusion-clearfix\"><\/div><\/div><\/div><\/div><\/div><\/p>\n","protected":false},"excerpt":{"rendered":"","protected":false},"author":36,"featured_media":0,"parent":10921,"menu_order":0,"comment_status":"closed","ping_status":"closed","template":"","meta":{"footnotes":""},"class_list":["post-10739","page","type-page","status-publish","hentry"],"yoast_head":"<!-- This site is optimized with the Yoast SEO plugin v27.4 - https:\/\/yoast.com\/product\/yoast-seo-wordpress\/ -->\n<title>Inscripci\u00f3n de grupos y actualizaci\u00f3n de informaci\u00f3n - Al-Anon Family Groups<\/title>\n<meta name=\"robots\" content=\"index, follow, max-snippet:-1, max-image-preview:large, max-video-preview:-1\" \/>\n<link rel=\"canonical\" href=\"https:\/\/staging.al-anon.org\/es\/para-los-miembros\/recursos-para-los-grupos\/registro-de-grupo\/inscripcion-de-grupos-y-actualizacion-de-informacion\/\" \/>\n<meta property=\"og:locale\" content=\"es_ES\" \/>\n<meta property=\"og:type\" content=\"article\" \/>\n<meta property=\"og:title\" content=\"Inscripci\u00f3n de grupos y actualizaci\u00f3n de informaci\u00f3n - Al-Anon Family Groups\" \/>\n<meta property=\"og:url\" content=\"https:\/\/staging.al-anon.org\/es\/para-los-miembros\/recursos-para-los-grupos\/registro-de-grupo\/inscripcion-de-grupos-y-actualizacion-de-informacion\/\" \/>\n<meta property=\"og:site_name\" content=\"Al-Anon Family Groups\" \/>\n<meta property=\"article:publisher\" content=\"http:\/\/www.facebook.com\/AlAnonFamilyGroupsWSO\" \/>\n<meta property=\"article:modified_time\" content=\"2020-01-03T14:06:47+00:00\" \/>\n<meta name=\"twitter:card\" content=\"summary_large_image\" \/>\n<meta name=\"twitter:site\" content=\"@AlAnon_WSO\" \/>\n<meta name=\"twitter:label1\" content=\"Tiempo de lectura\" \/>\n\t<meta name=\"twitter:data1\" content=\"5 minutos\" \/>\n<script type=\"application\/ld+json\" class=\"yoast-schema-graph\">{\"@context\":\"https:\\\/\\\/schema.org\",\"@graph\":[{\"@type\":\"WebPage\",\"@id\":\"https:\\\/\\\/staging.al-anon.org\\\/es\\\/para-los-miembros\\\/recursos-para-los-grupos\\\/registro-de-grupo\\\/inscripcion-de-grupos-y-actualizacion-de-informacion\\\/\",\"url\":\"https:\\\/\\\/staging.al-anon.org\\\/es\\\/para-los-miembros\\\/recursos-para-los-grupos\\\/registro-de-grupo\\\/inscripcion-de-grupos-y-actualizacion-de-informacion\\\/\",\"name\":\"Inscripci\u00f3n de grupos y actualizaci\u00f3n de informaci\u00f3n - Al-Anon Family Groups\",\"isPartOf\":{\"@id\":\"https:\\\/\\\/staging.al-anon.org\\\/es\\\/#website\"},\"datePublished\":\"2017-10-25T21:18:16+00:00\",\"dateModified\":\"2020-01-03T14:06:47+00:00\",\"breadcrumb\":{\"@id\":\"https:\\\/\\\/staging.al-anon.org\\\/es\\\/para-los-miembros\\\/recursos-para-los-grupos\\\/registro-de-grupo\\\/inscripcion-de-grupos-y-actualizacion-de-informacion\\\/#breadcrumb\"},\"inLanguage\":\"es\",\"potentialAction\":[{\"@type\":\"ReadAction\",\"target\":[\"https:\\\/\\\/staging.al-anon.org\\\/es\\\/para-los-miembros\\\/recursos-para-los-grupos\\\/registro-de-grupo\\\/inscripcion-de-grupos-y-actualizacion-de-informacion\\\/\"]}]},{\"@type\":\"BreadcrumbList\",\"@id\":\"https:\\\/\\\/staging.al-anon.org\\\/es\\\/para-los-miembros\\\/recursos-para-los-grupos\\\/registro-de-grupo\\\/inscripcion-de-grupos-y-actualizacion-de-informacion\\\/#breadcrumb\",\"itemListElement\":[{\"@type\":\"ListItem\",\"position\":1,\"name\":\"Para los miembros\",\"item\":\"https:\\\/\\\/staging.al-anon.org\\\/es\\\/para-los-miembros\\\/\"},{\"@type\":\"ListItem\",\"position\":2,\"name\":\"Recursos para los grupos\",\"item\":\"https:\\\/\\\/staging.al-anon.org\\\/es\\\/para-los-miembros\\\/recursos-para-los-grupos\\\/\"},{\"@type\":\"ListItem\",\"position\":3,\"name\":\"Registro de Grupo\",\"item\":\"https:\\\/\\\/staging.al-anon.org\\\/es\\\/para-los-miembros\\\/recursos-para-los-grupos\\\/registro-de-grupo\\\/\"},{\"@type\":\"ListItem\",\"position\":4,\"name\":\"Inscripci\u00f3n de grupos y actualizaci\u00f3n de informaci\u00f3n\"}]},{\"@type\":\"WebSite\",\"@id\":\"https:\\\/\\\/staging.al-anon.org\\\/es\\\/#website\",\"url\":\"https:\\\/\\\/staging.al-anon.org\\\/es\\\/\",\"name\":\"Al-Anon Family Groups\",\"description\":\"Help and hope for families and friends of alcoholics\",\"publisher\":{\"@id\":\"https:\\\/\\\/staging.al-anon.org\\\/es\\\/#organization\"},\"potentialAction\":[{\"@type\":\"SearchAction\",\"target\":{\"@type\":\"EntryPoint\",\"urlTemplate\":\"https:\\\/\\\/staging.al-anon.org\\\/es\\\/?s={search_term_string}\"},\"query-input\":{\"@type\":\"PropertyValueSpecification\",\"valueRequired\":true,\"valueName\":\"search_term_string\"}}],\"inLanguage\":\"es\"},{\"@type\":\"Organization\",\"@id\":\"https:\\\/\\\/staging.al-anon.org\\\/es\\\/#organization\",\"name\":\"Al-Anon Family Group Headquarters, Inc.\",\"url\":\"https:\\\/\\\/staging.al-anon.org\\\/es\\\/\",\"logo\":{\"@type\":\"ImageObject\",\"inLanguage\":\"es\",\"@id\":\"https:\\\/\\\/staging.al-anon.org\\\/es\\\/#\\\/schema\\\/logo\\\/image\\\/\",\"url\":\"https:\\\/\\\/staging.al-anon.org\\\/wp-content\\\/uploads\\\/2017\\\/04\\\/AFGlogo-e1492189694634.jpg\",\"contentUrl\":\"https:\\\/\\\/staging.al-anon.org\\\/wp-content\\\/uploads\\\/2017\\\/04\\\/AFGlogo-e1492189694634.jpg\",\"width\":167,\"height\":50,\"caption\":\"Al-Anon Family Group Headquarters, Inc.\"},\"image\":{\"@id\":\"https:\\\/\\\/staging.al-anon.org\\\/es\\\/#\\\/schema\\\/logo\\\/image\\\/\"},\"sameAs\":[\"http:\\\/\\\/www.facebook.com\\\/AlAnonFamilyGroupsWSO\",\"https:\\\/\\\/x.com\\\/AlAnon_WSO\",\"http:\\\/\\\/www.instagram.com\\\/alanon_wso\",\"https:\\\/\\\/www.linkedin.com\\\/company\\\/al-anon-wso\\\/\",\"https:\\\/\\\/www.youtube.com\\\/user\\\/AlAnonFamilyGroupHQ\\\/\"]}]}<\/script>\n<!-- \/ Yoast SEO plugin. -->","yoast_head_json":{"title":"Inscripci\u00f3n de grupos y actualizaci\u00f3n de informaci\u00f3n - Al-Anon Family Groups","robots":{"index":"index","follow":"follow","max-snippet":"max-snippet:-1","max-image-preview":"max-image-preview:large","max-video-preview":"max-video-preview:-1"},"canonical":"https:\/\/staging.al-anon.org\/es\/para-los-miembros\/recursos-para-los-grupos\/registro-de-grupo\/inscripcion-de-grupos-y-actualizacion-de-informacion\/","og_locale":"es_ES","og_type":"article","og_title":"Inscripci\u00f3n de grupos y actualizaci\u00f3n de informaci\u00f3n - Al-Anon Family Groups","og_url":"https:\/\/staging.al-anon.org\/es\/para-los-miembros\/recursos-para-los-grupos\/registro-de-grupo\/inscripcion-de-grupos-y-actualizacion-de-informacion\/","og_site_name":"Al-Anon Family Groups","article_publisher":"http:\/\/www.facebook.com\/AlAnonFamilyGroupsWSO","article_modified_time":"2020-01-03T14:06:47+00:00","twitter_card":"summary_large_image","twitter_site":"@AlAnon_WSO","twitter_misc":{"Tiempo de lectura":"5 minutos"},"schema":{"@context":"https:\/\/schema.org","@graph":[{"@type":"WebPage","@id":"https:\/\/staging.al-anon.org\/es\/para-los-miembros\/recursos-para-los-grupos\/registro-de-grupo\/inscripcion-de-grupos-y-actualizacion-de-informacion\/","url":"https:\/\/staging.al-anon.org\/es\/para-los-miembros\/recursos-para-los-grupos\/registro-de-grupo\/inscripcion-de-grupos-y-actualizacion-de-informacion\/","name":"Inscripci\u00f3n de grupos y actualizaci\u00f3n de informaci\u00f3n - Al-Anon Family Groups","isPartOf":{"@id":"https:\/\/staging.al-anon.org\/es\/#website"},"datePublished":"2017-10-25T21:18:16+00:00","dateModified":"2020-01-03T14:06:47+00:00","breadcrumb":{"@id":"https:\/\/staging.al-anon.org\/es\/para-los-miembros\/recursos-para-los-grupos\/registro-de-grupo\/inscripcion-de-grupos-y-actualizacion-de-informacion\/#breadcrumb"},"inLanguage":"es","potentialAction":[{"@type":"ReadAction","target":["https:\/\/staging.al-anon.org\/es\/para-los-miembros\/recursos-para-los-grupos\/registro-de-grupo\/inscripcion-de-grupos-y-actualizacion-de-informacion\/"]}]},{"@type":"BreadcrumbList","@id":"https:\/\/staging.al-anon.org\/es\/para-los-miembros\/recursos-para-los-grupos\/registro-de-grupo\/inscripcion-de-grupos-y-actualizacion-de-informacion\/#breadcrumb","itemListElement":[{"@type":"ListItem","position":1,"name":"Para los miembros","item":"https:\/\/staging.al-anon.org\/es\/para-los-miembros\/"},{"@type":"ListItem","position":2,"name":"Recursos para los grupos","item":"https:\/\/staging.al-anon.org\/es\/para-los-miembros\/recursos-para-los-grupos\/"},{"@type":"ListItem","position":3,"name":"Registro de Grupo","item":"https:\/\/staging.al-anon.org\/es\/para-los-miembros\/recursos-para-los-grupos\/registro-de-grupo\/"},{"@type":"ListItem","position":4,"name":"Inscripci\u00f3n de grupos y actualizaci\u00f3n de informaci\u00f3n"}]},{"@type":"WebSite","@id":"https:\/\/staging.al-anon.org\/es\/#website","url":"https:\/\/staging.al-anon.org\/es\/","name":"Al-Anon Family Groups","description":"Help and hope for families and friends of alcoholics","publisher":{"@id":"https:\/\/staging.al-anon.org\/es\/#organization"},"potentialAction":[{"@type":"SearchAction","target":{"@type":"EntryPoint","urlTemplate":"https:\/\/staging.al-anon.org\/es\/?s={search_term_string}"},"query-input":{"@type":"PropertyValueSpecification","valueRequired":true,"valueName":"search_term_string"}}],"inLanguage":"es"},{"@type":"Organization","@id":"https:\/\/staging.al-anon.org\/es\/#organization","name":"Al-Anon Family Group Headquarters, Inc.","url":"https:\/\/staging.al-anon.org\/es\/","logo":{"@type":"ImageObject","inLanguage":"es","@id":"https:\/\/staging.al-anon.org\/es\/#\/schema\/logo\/image\/","url":"https:\/\/staging.al-anon.org\/wp-content\/uploads\/2017\/04\/AFGlogo-e1492189694634.jpg","contentUrl":"https:\/\/staging.al-anon.org\/wp-content\/uploads\/2017\/04\/AFGlogo-e1492189694634.jpg","width":167,"height":50,"caption":"Al-Anon Family Group Headquarters, Inc."},"image":{"@id":"https:\/\/staging.al-anon.org\/es\/#\/schema\/logo\/image\/"},"sameAs":["http:\/\/www.facebook.com\/AlAnonFamilyGroupsWSO","https:\/\/x.com\/AlAnon_WSO","http:\/\/www.instagram.com\/alanon_wso","https:\/\/www.linkedin.com\/company\/al-anon-wso\/","https:\/\/www.youtube.com\/user\/AlAnonFamilyGroupHQ\/"]}]}},"_links":{"self":[{"href":"https:\/\/staging.al-anon.org\/es\/wp-json\/wp\/v2\/pages\/10739","targetHints":{"allow":["GET"]}}],"collection":[{"href":"https:\/\/staging.al-anon.org\/es\/wp-json\/wp\/v2\/pages"}],"about":[{"href":"https:\/\/staging.al-anon.org\/es\/wp-json\/wp\/v2\/types\/page"}],"author":[{"embeddable":true,"href":"https:\/\/staging.al-anon.org\/es\/wp-json\/wp\/v2\/users\/36"}],"replies":[{"embeddable":true,"href":"https:\/\/staging.al-anon.org\/es\/wp-json\/wp\/v2\/comments?post=10739"}],"version-history":[{"count":25,"href":"https:\/\/staging.al-anon.org\/es\/wp-json\/wp\/v2\/pages\/10739\/revisions"}],"predecessor-version":[{"id":11292,"href":"https:\/\/staging.al-anon.org\/es\/wp-json\/wp\/v2\/pages\/10739\/revisions\/11292"}],"up":[{"embeddable":true,"href":"https:\/\/staging.al-anon.org\/es\/wp-json\/wp\/v2\/pages\/10921"}],"wp:attachment":[{"href":"https:\/\/staging.al-anon.org\/es\/wp-json\/wp\/v2\/media?parent=10739"}],"curies":[{"name":"wp","href":"https:\/\/api.w.org\/{rel}","templated":true}]}}